{"id":996328,"date":"2025-10-09T13:14:11","date_gmt":"2025-10-09T10:14:11","guid":{"rendered":"https:\/\/langemaa.ee\/?post_type=product&#038;p=996328"},"modified":"2025-10-13T14:06:01","modified_gmt":"2025-10-13T11:06:01","slug":"gin-tihemetsa-100","status":"publish","type":"product","link":"https:\/\/langemaa.ee\/fi\/toode\/gin-tihemetsa-100\/","title":{"rendered":"Langemaa GIN Tihemetsa 100"},"content":{"rendered":"\t\t<div data-elementor-type=\"product-post\" data-elementor-id=\"996328\" class=\"elementor elementor-996328 elementor-996325\" data-elementor-post-type=\"product\">\n\t\t\t\t\t\t<section class=\"elementor-section elementor-top-section elementor-element elementor-element-639918c elementor-section-boxed elementor-section-height-default elementor-section-height-default\" data-id=\"639918c\" data-element_type=\"section\">\n\t\t\t\t\t\t<div class=\"elementor-container elementor-column-gap-default\">\n\t\t\t\t\t<div class=\"elementor-column elementor-col-100 elementor-top-column elementor-element elementor-element-2fc6197\" data-id=\"2fc6197\" data-element_type=\"column\">\n\t\t\t<div class=\"elementor-widget-wrap elementor-element-populated\">\n\t\t\t\t\t\t<div class=\"elementor-element elementor-element-f804516 elementor-widget elementor-widget-heading\" data-id=\"f804516\" data-element_type=\"widget\" data-widget_type=\"heading.default\">\n\t\t\t\t<div class=\"elementor-widget-container\">\n\t\t\t\t\t<h5 class=\"elementor-heading-title elementor-size-default\">Tuotetiedot<\/h5>\t\t\t\t<\/div>\n\t\t\t\t<\/div>\n\t\t\t\t<div class=\"elementor-element elementor-element-e2df166 elementor-widget elementor-widget-text-editor\" data-id=\"e2df166\" data-element_type=\"widget\" data-widget_type=\"text-editor.default\">\n\t\t\t\t<div class=\"elementor-widget-container\">\n\t\t\t\t\t\t\t\t\t<p><strong>Alkoholi:<\/strong> 45 % vol<br \/>\n<strong>Tilavuus:<\/strong> 500 ml<\/p>\n\t\t\t\t\t\t\t\t<\/div>\n\t\t\t\t<\/div>\n\t\t\t\t<div class=\"elementor-element elementor-element-0fa67e2 elementor-widget elementor-widget-heading\" data-id=\"0fa67e2\" data-element_type=\"widget\" data-widget_type=\"heading.default\">\n\t\t\t\t<div class=\"elementor-widget-container\">\n\t\t\t\t\t<h5 class=\"elementor-heading-title elementor-size-default\">Lis\u00e4tietoja<\/h5>\t\t\t\t<\/div>\n\t\t\t\t<\/div>\n\t\t\t\t<div class=\"elementor-element elementor-element-6a236f0 elementor-widget elementor-widget-text-editor\" data-id=\"6a236f0\" data-element_type=\"widget\" data-widget_type=\"text-editor.default\">\n\t\t\t\t<div class=\"elementor-widget-container\">\n\t\t\t\t\t\t\t\t\t<p>Langemaa Gin on ainutlaatuinen k\u00e4sity\u00f6gin, joka yhdist\u00e4\u00e4 paikallisen perinteen, korkean laadun ja t\u00e4ydellisesti tasapainotetun maun.<\/p>\n\t\t\t\t\t\t\t\t<\/div>\n\t\t\t\t<\/div>\n\t\t\t\t<section class=\"elementor-section elementor-inner-section elementor-element elementor-element-0c12511 elementor-section-boxed elementor-section-height-default elementor-section-height-default\" data-id=\"0c12511\" data-element_type=\"section\">\n\t\t\t\t\t\t<div class=\"elementor-container elementor-column-gap-default\">\n\t\t\t\t\t<div class=\"elementor-column elementor-col-100 elementor-inner-column elementor-element elementor-element-b4eb9d5\" data-id=\"b4eb9d5\" data-element_type=\"column\">\n\t\t\t<div class=\"elementor-widget-wrap elementor-element-populated\">\n\t\t\t\t\t\t<div class=\"elementor-element elementor-element-e07b62b elementor-widget__width-initial elementor-widget-mobile__width-initial elementor-fixed elementor-hidden-tablet elementor-hidden-mobile elementor-widget elementor-widget-image\" data-id=\"e07b62b\" data-element_type=\"widget\" data-settings=\"{&quot;_position&quot;:&quot;fixed&quot;}\" data-widget_type=\"image.default\">\n\t\t\t\t<div class=\"elementor-widget-container\">\n\t\t\t\t\t\t\t\t\t<div class=\"elementor-image\">\n\t\t\t\t\t\t\t\t\t\t\t\t\t\t\t\t\t\t\t\t\t<img fetchpriority=\"high\" decoding=\"async\" width=\"308\" height=\"444\" src=\"https:\/\/langemaa.ee\/wp-content\/uploads\/2020\/08\/juniper.webp\" class=\"attachment-large size-large wp-image-992578\" alt=\"\" srcset=\"https:\/\/langemaa.ee\/wp-content\/uploads\/2020\/08\/juniper.webp 308w, https:\/\/langemaa.ee\/wp-content\/uploads\/2020\/08\/juniper-252x363.webp 252w, https:\/\/langemaa.ee\/wp-content\/uploads\/2020\/08\/juniper-208x300.png 208w\" sizes=\"(max-width: 308px) 100vw, 308px\" \/>\t\t\t\t\t\t\t\t\t\t\t\t\t\t\t\t\t\t\t\t\t\t\t\t<\/div>\n\t\t\t\t\t\t\t\t<\/div>\n\t\t\t\t<\/div>\n\t\t\t\t\t<\/div>\n\t\t<\/div>\n\t\t\t\t\t<\/div>\n\t\t<\/section>\n\t\t\t\t\t<\/div>\n\t\t<\/div>\n\t\t\t\t\t<\/div>\n\t\t<\/section>\n\t\t\t\t<\/div>\n\t\t","protected":false},"excerpt":{"rendered":"<p>Langemaa Gin on Virossa valmistettu k\u00e4sity\u00f6gin, joka tuotetaan pieniss\u00e4 eriss\u00e4 k\u00e4ytt\u00e4en viinitilamme omaa alkoholia, virolaisia katajanmarjoja ja paikallisia yrttej\u00e4. Sen kirkas ja raikas maku yhdist\u00e4\u00e4 hienovaraiset sitruksiset ja mausteiset vivahteet.<\/p>\n<p>Nauti vastuullisesti \u2013 sellaisenaan j\u00e4iden kanssa, tonicin kera tai osana suosikkicocktailiasi.<\/p>\n","protected":false},"featured_media":996332,"template":"","meta":{"om_disable_all_campaigns":false,"_uf_show_specific_survey":0,"_uf_disable_surveys":false},"product_brand":[],"product_cat":[167],"product_tag":[],"class_list":{"0":"post-996328","1":"product","2":"type-product","3":"status-publish","4":"has-post-thumbnail","6":"product_cat-likoorit","8":"first","9":"instock","10":"taxable","11":"shipping-taxable","12":"purchasable","13":"product-type-simple"},"aioseo_notices":[],"_links":{"self":[{"href":"https:\/\/langemaa.ee\/fi\/wp-json\/wp\/v2\/product\/996328","targetHints":{"allow":["GET"]}}],"collection":[{"href":"https:\/\/langemaa.ee\/fi\/wp-json\/wp\/v2\/product"}],"about":[{"href":"https:\/\/langemaa.ee\/fi\/wp-json\/wp\/v2\/types\/product"}],"version-history":[{"count":1,"href":"https:\/\/langemaa.ee\/fi\/wp-json\/wp\/v2\/product\/996328\/revisions"}],"predecessor-version":[{"id":996417,"href":"https:\/\/langemaa.ee\/fi\/wp-json\/wp\/v2\/product\/996328\/revisions\/996417"}],"wp:featuredmedia":[{"embeddable":true,"href":"https:\/\/langemaa.ee\/fi\/wp-json\/wp\/v2\/media\/996332"}],"wp:attachment":[{"href":"https:\/\/langemaa.ee\/fi\/wp-json\/wp\/v2\/media?parent=996328"}],"wp:term":[{"taxonomy":"product_brand","embeddable":true,"href":"https:\/\/langemaa.ee\/fi\/wp-json\/wp\/v2\/product_brand?post=996328"},{"taxonomy":"product_cat","embeddable":true,"href":"https:\/\/langemaa.ee\/fi\/wp-json\/wp\/v2\/product_cat?post=996328"},{"taxonomy":"product_tag","embeddable":true,"href":"https:\/\/langemaa.ee\/fi\/wp-json\/wp\/v2\/product_tag?post=996328"}],"curies":[{"name":"wp","href":"https:\/\/api.w.org\/{rel}","templated":true}]}}