{"id":996254,"date":"2025-10-06T10:49:02","date_gmt":"2025-10-06T07:49:02","guid":{"rendered":"https:\/\/langemaa.ee\/?post_type=product&#038;p=996254"},"modified":"2025-10-13T14:10:56","modified_gmt":"2025-10-13T11:10:56","slug":"lastenkirja-paulan-pilvipaivakirja","status":"publish","type":"product","link":"https:\/\/langemaa.ee\/fi\/toode\/lastenkirja-paulan-pilvipaivakirja\/","title":{"rendered":"Lastenkirja PAULAN PILVIP\u00c4IV\u00c4KIRJA"},"content":{"rendered":"","protected":false},"excerpt":{"rendered":"<p>Lastenkirja PAULAN PILVIP\u00c4IV\u00c4KIRJA on viroinkielinen kirja, tarkoitettu ensisijaisesti lapsille, mutta siin\u00e4 on useita tasoja, jotka tekev\u00e4t siit\u00e4 nautittavan my\u00f6s vanhemmille. P\u00e4\u00e4henkil\u00f6 on 9-vuotias Paula, joka asuu pilvien yl\u00e4puolella ja kirjoittaa p\u00e4iv\u00e4kirjaansa. Paula on lapsi, joka tykk\u00e4\u00e4 kirjoittaa ja mietti\u00e4 syv\u00e4llisesti kaikkea, mit\u00e4 h\u00e4nen ymp\u00e4rill\u00e4\u00e4n tapahtuu. Kirjan ovat kirjoittaneet Pille-Riin Langeproon ja Karl Tipp. Kirja on 128-sivuinen ja kovakantinen. Kirjan mitat ovat 175 x 237 x 12 mm.<\/p>\n","protected":false},"featured_media":996269,"template":"","meta":{"om_disable_all_campaigns":false,"_uf_show_specific_survey":0,"_uf_disable_surveys":false},"product_brand":[],"product_cat":[166],"product_tag":[],"class_list":{"0":"post-996254","1":"product","2":"type-product","3":"status-publish","4":"has-post-thumbnail","6":"product_cat-lahjat","8":"first","9":"instock","10":"taxable","11":"shipping-taxable","12":"purchasable","13":"product-type-simple"},"aioseo_notices":[],"_links":{"self":[{"href":"https:\/\/langemaa.ee\/fi\/wp-json\/wp\/v2\/product\/996254","targetHints":{"allow":["GET"]}}],"collection":[{"href":"https:\/\/langemaa.ee\/fi\/wp-json\/wp\/v2\/product"}],"about":[{"href":"https:\/\/langemaa.ee\/fi\/wp-json\/wp\/v2\/types\/product"}],"version-history":[{"count":4,"href":"https:\/\/langemaa.ee\/fi\/wp-json\/wp\/v2\/product\/996254\/revisions"}],"predecessor-version":[{"id":996421,"href":"https:\/\/langemaa.ee\/fi\/wp-json\/wp\/v2\/product\/996254\/revisions\/996421"}],"wp:featuredmedia":[{"embeddable":true,"href":"https:\/\/langemaa.ee\/fi\/wp-json\/wp\/v2\/media\/996269"}],"wp:attachment":[{"href":"https:\/\/langemaa.ee\/fi\/wp-json\/wp\/v2\/media?parent=996254"}],"wp:term":[{"taxonomy":"product_brand","embeddable":true,"href":"https:\/\/langemaa.ee\/fi\/wp-json\/wp\/v2\/product_brand?post=996254"},{"taxonomy":"product_cat","embeddable":true,"href":"https:\/\/langemaa.ee\/fi\/wp-json\/wp\/v2\/product_cat?post=996254"},{"taxonomy":"product_tag","embeddable":true,"href":"https:\/\/langemaa.ee\/fi\/wp-json\/wp\/v2\/product_tag?post=996254"}],"curies":[{"name":"wp","href":"https:\/\/api.w.org\/{rel}","templated":true}]}}