{"id":996217,"date":"2020-04-19T17:13:55","date_gmt":"2020-04-19T14:13:55","guid":{"rendered":"https:\/\/langemaa.ee\/?post_type=product&#038;p=996217"},"modified":"2025-10-13T14:21:45","modified_gmt":"2025-10-13T11:21:45","slug":"langemaa-marie","status":"publish","type":"product","link":"https:\/\/langemaa.ee\/fi\/toode\/langemaa-marie\/","title":{"rendered":"Langemaa MARIE Hunajamarjaviini"},"content":{"rendered":"\t\t<div data-elementor-type=\"product-post\" data-elementor-id=\"996217\" class=\"elementor elementor-996217 elementor-996214\" data-elementor-post-type=\"product\">\n\t\t\t\t\t\t<section class=\"elementor-section elementor-top-section elementor-element elementor-element-a1bbab8 elementor-section-boxed elementor-section-height-default elementor-section-height-default\" data-id=\"a1bbab8\" data-element_type=\"section\">\n\t\t\t\t\t\t<div class=\"elementor-container elementor-column-gap-default\">\n\t\t\t\t\t<div class=\"elementor-column elementor-col-100 elementor-top-column elementor-element elementor-element-768461d\" data-id=\"768461d\" data-element_type=\"column\">\n\t\t\t<div class=\"elementor-widget-wrap elementor-element-populated\">\n\t\t\t\t\t\t<div class=\"elementor-element elementor-element-bc21abe elementor-widget elementor-widget-heading\" data-id=\"bc21abe\" data-element_type=\"widget\" data-widget_type=\"heading.default\">\n\t\t\t\t<div class=\"elementor-widget-container\">\n\t\t\t\t\t<h5 class=\"elementor-heading-title elementor-size-default\">Tuotetiedot<\/h5>\t\t\t\t<\/div>\n\t\t\t\t<\/div>\n\t\t\t\t<div class=\"elementor-element elementor-element-c34c874 elementor-widget elementor-widget-text-editor\" data-id=\"c34c874\" data-element_type=\"widget\" data-widget_type=\"text-editor.default\">\n\t\t\t\t<div class=\"elementor-widget-container\">\n\t\t\t\t\t\t\t\t\t<p>Sadonkorjuuaika: syyskuu<br data-start=\"67\" data-end=\"70\" \/>Kypsyminen: ruostumattomasta ter\u00e4ksest\u00e4 valmistetuissa s\u00e4ili\u00f6iss\u00e4 ja tammitynnyreiss\u00e4<br data-start=\"155\" data-end=\"158\" data-is-only-node=\"\" \/>Sis\u00e4lt\u00e4\u00e4 sulfiitteja<br data-start=\"178\" data-end=\"181\" \/>Alkoholi: 13,5 % vol<br data-start=\"201\" data-end=\"204\" \/>Tilavuus: 750 ml<\/p>\n\t\t\t\t\t\t\t\t<\/div>\n\t\t\t\t<\/div>\n\t\t\t\t<div class=\"elementor-element elementor-element-d44e41d elementor-widget elementor-widget-heading\" data-id=\"d44e41d\" data-element_type=\"widget\" data-widget_type=\"heading.default\">\n\t\t\t\t<div class=\"elementor-widget-container\">\n\t\t\t\t\t<h5 class=\"elementor-heading-title elementor-size-default\">Lis\u00e4tietoja<\/h5>\t\t\t\t<\/div>\n\t\t\t\t<\/div>\n\t\t\t\t<div class=\"elementor-element elementor-element-a9236d1 elementor-widget elementor-widget-text-editor\" data-id=\"a9236d1\" data-element_type=\"widget\" data-widget_type=\"text-editor.default\">\n\t\t\t\t<div class=\"elementor-widget-container\">\n\t\t\t\t\t\t\t\t\t<p data-start=\"51\" data-end=\"205\">Langemaa MARIE on tummanpunainen, violetins\u00e4vyinen puolikuiva viini, jonka tunnusomaisia piirteit\u00e4 ovat tasapainoinen marjaisuus ja pehme\u00e4 tanniinisuus.<\/p>\n<p data-start=\"207\" data-end=\"341\">Viini valmistetaan huolellisesti valitusta raaka-aineesta ja hitaasta k\u00e4ymisprosessista, joka tuo esiin parhaat maku- ja aromis\u00e4vyt.<\/p>\n<p data-start=\"343\" data-end=\"447\">Langemaa MARIE punaviini sopii erinomaisesti erilaisten liharuokien kanssa ja my\u00f6s j\u00e4lkiruokaviiniksi.<\/p>\n<p data-start=\"449\" data-end=\"531\">Tarjoile 14\u201316 \u00b0C:ssa, jotta punaviinin maku ja aromit tulevat parhaiten esille.<\/p>\n<p data-start=\"533\" data-end=\"613\" data-is-last-node=\"\" data-is-only-node=\"\">Hyv\u00e4 idea! Kokeile my\u00f6s cocktailina j\u00e4\u00e4kuutioiden ja kivenn\u00e4isveden kanssa.<\/p>\n\t\t\t\t\t\t\t\t<\/div>\n\t\t\t\t<\/div>\n\t\t\t\t\t<\/div>\n\t\t<\/div>\n\t\t\t\t\t<\/div>\n\t\t<\/section>\n\t\t\t\t<\/div>\n\t\t","protected":false},"excerpt":{"rendered":"<p>Punaviini. Valmistettu Etel\u00e4-Viron pelloilla kasvatetuista hunajamarjoista (haskap).<br data-start=\"135\" data-end=\"138\" \/>Viinille on ominaista syv\u00e4 intensiivisyys ja marjainen t\u00e4ytel\u00e4isyys, ja se sopii hyvin tuhtien liharuokien kanssa tai j\u00e4lkiruokaviiniksi.<\/p>\n","protected":false},"featured_media":996773,"template":"","meta":{"om_disable_all_campaigns":false,"_uf_show_specific_survey":0,"_uf_disable_surveys":false},"product_brand":[],"product_cat":[154],"product_tag":[],"class_list":{"0":"post-996217","1":"product","2":"type-product","3":"status-publish","4":"has-post-thumbnail","6":"product_cat-viinit","8":"first","9":"outofstock","10":"taxable","11":"shipping-taxable","12":"purchasable","13":"product-type-simple"},"aioseo_notices":[],"_links":{"self":[{"href":"https:\/\/langemaa.ee\/fi\/wp-json\/wp\/v2\/product\/996217","targetHints":{"allow":["GET"]}}],"collection":[{"href":"https:\/\/langemaa.ee\/fi\/wp-json\/wp\/v2\/product"}],"about":[{"href":"https:\/\/langemaa.ee\/fi\/wp-json\/wp\/v2\/types\/product"}],"version-history":[{"count":3,"href":"https:\/\/langemaa.ee\/fi\/wp-json\/wp\/v2\/product\/996217\/revisions"}],"predecessor-version":[{"id":996424,"href":"https:\/\/langemaa.ee\/fi\/wp-json\/wp\/v2\/product\/996217\/revisions\/996424"}],"wp:featuredmedia":[{"embeddable":true,"href":"https:\/\/langemaa.ee\/fi\/wp-json\/wp\/v2\/media\/996773"}],"wp:attachment":[{"href":"https:\/\/langemaa.ee\/fi\/wp-json\/wp\/v2\/media?parent=996217"}],"wp:term":[{"taxonomy":"product_brand","embeddable":true,"href":"https:\/\/langemaa.ee\/fi\/wp-json\/wp\/v2\/product_brand?post=996217"},{"taxonomy":"product_cat","embeddable":true,"href":"https:\/\/langemaa.ee\/fi\/wp-json\/wp\/v2\/product_cat?post=996217"},{"taxonomy":"product_tag","embeddable":true,"href":"https:\/\/langemaa.ee\/fi\/wp-json\/wp\/v2\/product_tag?post=996217"}],"curies":[{"name":"wp","href":"https:\/\/api.w.org\/{rel}","templated":true}]}}