{"id":996159,"date":"2025-09-05T11:59:05","date_gmt":"2025-09-05T08:59:05","guid":{"rendered":"https:\/\/langemaa.ee\/?post_type=product&#038;p=996159"},"modified":"2025-10-13T14:16:57","modified_gmt":"2025-10-13T11:16:57","slug":"helena-pihlajaviini","status":"publish","type":"product","link":"https:\/\/langemaa.ee\/fi\/toode\/helena-pihlajaviini\/","title":{"rendered":"Langemaa HELENA Pihlajaviini"},"content":{"rendered":"\t\t<div data-elementor-type=\"product-post\" data-elementor-id=\"996159\" class=\"elementor elementor-996159 elementor-996156\" data-elementor-post-type=\"product\">\n\t\t\t\t\t\t<section class=\"elementor-section elementor-top-section elementor-element elementor-element-a1bbab8 elementor-section-boxed elementor-section-height-default elementor-section-height-default\" data-id=\"a1bbab8\" data-element_type=\"section\">\n\t\t\t\t\t\t<div class=\"elementor-container elementor-column-gap-default\">\n\t\t\t\t\t<div class=\"elementor-column elementor-col-100 elementor-top-column elementor-element elementor-element-768461d\" data-id=\"768461d\" data-element_type=\"column\">\n\t\t\t<div class=\"elementor-widget-wrap elementor-element-populated\">\n\t\t\t\t\t\t<div class=\"elementor-element elementor-element-bc21abe elementor-widget elementor-widget-heading\" data-id=\"bc21abe\" data-element_type=\"widget\" data-widget_type=\"heading.default\">\n\t\t\t\t<div class=\"elementor-widget-container\">\n\t\t\t\t\t<h5 class=\"elementor-heading-title elementor-size-default\">Tuotetiedot<\/h5>\t\t\t\t<\/div>\n\t\t\t\t<\/div>\n\t\t\t\t<div class=\"elementor-element elementor-element-c34c874 elementor-widget elementor-widget-text-editor\" data-id=\"c34c874\" data-element_type=\"widget\" data-widget_type=\"text-editor.default\">\n\t\t\t\t<div class=\"elementor-widget-container\">\n\t\t\t\t\t\t\t\t\t<p>Sadonkorjuuaika: syyskuu<br data-start=\"64\" data-end=\"67\" \/>Kypsyminen: ruostumattomasta ter\u00e4ksest\u00e4 valmistetuissa s\u00e4ili\u00f6iss\u00e4<br data-start=\"132\" data-end=\"135\" data-is-only-node=\"\" \/>Sis\u00e4lt\u00e4\u00e4 sulfiitteja<br data-start=\"155\" data-end=\"158\" \/>Alkoholi: 12,5 % vol<br data-start=\"178\" data-end=\"181\" \/>Tilavuus: 750 ml<\/p>\n\t\t\t\t\t\t\t\t<\/div>\n\t\t\t\t<\/div>\n\t\t\t\t<div class=\"elementor-element elementor-element-d44e41d elementor-widget elementor-widget-heading\" data-id=\"d44e41d\" data-element_type=\"widget\" data-widget_type=\"heading.default\">\n\t\t\t\t<div class=\"elementor-widget-container\">\n\t\t\t\t\t<h5 class=\"elementor-heading-title elementor-size-default\">Lis\u00e4tietoja<\/h5>\t\t\t\t<\/div>\n\t\t\t\t<\/div>\n\t\t\t\t<div class=\"elementor-element elementor-element-a9236d1 elementor-widget elementor-widget-text-editor\" data-id=\"a9236d1\" data-element_type=\"widget\" data-widget_type=\"text-editor.default\">\n\t\t\t\t<div class=\"elementor-widget-container\">\n\t\t\t\t\t\t\t\t\t<p data-start=\"43\" data-end=\"174\">Langemaa HELENA on vaaleanpunainen kuiva viini, jolla on tunnusomainen intensiteetti, kevyt karvas j\u00e4lkimaku ja pehme\u00e4 hapokkuus.<\/p>\n<p data-start=\"176\" data-end=\"257\">Se syntyy huolellisesti valitusta raaka-aineesta ja hitaasta k\u00e4ymisprosessista.<\/p>\n<p data-start=\"259\" data-end=\"348\">Langemaa HELENA ros\u00e9 sopii erinomaisesti erilaisten pastaruokien ja kalaruokien kanssa.<\/p>\n<p data-start=\"350\" data-end=\"445\">Tarjoile viilennettyn\u00e4 9\u201311 \u00b0C:ssa, jotta ros\u00e9viinin maku ja aromit p\u00e4\u00e4sev\u00e4t parhaiten esiin.<\/p>\n<p data-start=\"447\" data-end=\"524\" data-is-last-node=\"\" data-is-only-node=\"\">Hyv\u00e4 idea! Kokeile my\u00f6s cocktailina j\u00e4\u00e4kuutioiden ja kivenn\u00e4isveden kanssa.<\/p>\n\t\t\t\t\t\t\t\t<\/div>\n\t\t\t\t<\/div>\n\t\t\t\t\t<\/div>\n\t\t<\/div>\n\t\t\t\t\t<\/div>\n\t\t<\/section>\n\t\t\t\t<\/div>\n\t\t","protected":false},"excerpt":{"rendered":"<p>Ros\u00e9viini. Valmistettu Langemaan Etel\u00e4-Viron pelloilla kasvatetuista viljapihlajista.<br data-start=\"128\" data-end=\"131\" \/>Intensiivinen kuiva ros\u00e9, jossa on kevyt karvas vivahde, sopii hyvin sek\u00e4 pastan ett\u00e4 merenel\u00e4vien kanssa.<\/p>\n","protected":false},"featured_media":996737,"template":"","meta":{"om_disable_all_campaigns":false,"_uf_show_specific_survey":0,"_uf_disable_surveys":false},"product_brand":[],"product_cat":[154],"product_tag":[],"class_list":{"0":"post-996159","1":"product","2":"type-product","3":"status-publish","4":"has-post-thumbnail","6":"product_cat-viinit","8":"first","9":"instock","10":"taxable","11":"shipping-taxable","12":"purchasable","13":"product-type-simple"},"aioseo_notices":[],"_links":{"self":[{"href":"https:\/\/langemaa.ee\/fi\/wp-json\/wp\/v2\/product\/996159","targetHints":{"allow":["GET"]}}],"collection":[{"href":"https:\/\/langemaa.ee\/fi\/wp-json\/wp\/v2\/product"}],"about":[{"href":"https:\/\/langemaa.ee\/fi\/wp-json\/wp\/v2\/types\/product"}],"version-history":[{"count":3,"href":"https:\/\/langemaa.ee\/fi\/wp-json\/wp\/v2\/product\/996159\/revisions"}],"predecessor-version":[{"id":996423,"href":"https:\/\/langemaa.ee\/fi\/wp-json\/wp\/v2\/product\/996159\/revisions\/996423"}],"wp:featuredmedia":[{"embeddable":true,"href":"https:\/\/langemaa.ee\/fi\/wp-json\/wp\/v2\/media\/996737"}],"wp:attachment":[{"href":"https:\/\/langemaa.ee\/fi\/wp-json\/wp\/v2\/media?parent=996159"}],"wp:term":[{"taxonomy":"product_brand","embeddable":true,"href":"https:\/\/langemaa.ee\/fi\/wp-json\/wp\/v2\/product_brand?post=996159"},{"taxonomy":"product_cat","embeddable":true,"href":"https:\/\/langemaa.ee\/fi\/wp-json\/wp\/v2\/product_cat?post=996159"},{"taxonomy":"product_tag","embeddable":true,"href":"https:\/\/langemaa.ee\/fi\/wp-json\/wp\/v2\/product_tag?post=996159"}],"curies":[{"name":"wp","href":"https:\/\/api.w.org\/{rel}","templated":true}]}}