{"id":996099,"date":"2025-09-08T17:34:55","date_gmt":"2025-09-08T14:34:55","guid":{"rendered":"https:\/\/langemaa.ee\/toode\/langemaa-kaya-omenaviini\/"},"modified":"2025-09-18T13:41:10","modified_gmt":"2025-09-18T10:41:10","slug":"langemaa-kaya-omenaviini","status":"publish","type":"product","link":"https:\/\/langemaa.ee\/fi\/toode\/langemaa-kaya-omenaviini\/","title":{"rendered":"Langemaa KAYA Omenaviini"},"content":{"rendered":"\t\t<div data-elementor-type=\"product-post\" data-elementor-id=\"996099\" class=\"elementor elementor-996099 elementor-996061\" data-elementor-post-type=\"product\">\n\t\t\t\t\t\t<section class=\"elementor-section elementor-top-section elementor-element elementor-element-a1bbab8 elementor-section-boxed elementor-section-height-default elementor-section-height-default\" data-id=\"a1bbab8\" data-element_type=\"section\">\n\t\t\t\t\t\t<div class=\"elementor-container elementor-column-gap-default\">\n\t\t\t\t\t<div class=\"elementor-column elementor-col-100 elementor-top-column elementor-element elementor-element-768461d\" data-id=\"768461d\" data-element_type=\"column\">\n\t\t\t<div class=\"elementor-widget-wrap elementor-element-populated\">\n\t\t\t\t\t\t<div class=\"elementor-element elementor-element-bc21abe elementor-widget elementor-widget-heading\" data-id=\"bc21abe\" data-element_type=\"widget\" data-widget_type=\"heading.default\">\n\t\t\t\t<div class=\"elementor-widget-container\">\n\t\t\t\t\t<h5 class=\"elementor-heading-title elementor-size-default\">Tuotetiedot<\/h5>\t\t\t\t<\/div>\n\t\t\t\t<\/div>\n\t\t\t\t<div class=\"elementor-element elementor-element-c34c874 elementor-widget elementor-widget-text-editor\" data-id=\"c34c874\" data-element_type=\"widget\" data-widget_type=\"text-editor.default\">\n\t\t\t\t<div class=\"elementor-widget-container\">\n\t\t\t\t\t\t\t\t\t<p>Sadonkorjuuaika: syys-lokakuu<br \/>\nKypsytys: ruostumattomissa ter\u00e4ss\u00e4ili\u00f6iss\u00e4<br \/>\nSis\u00e4lt\u00e4\u00e4 sulfiitteja<br \/>\nAlkoholi: 13,5 % vol.<br \/>\nTilavuus: 750 ml<\/p>\n\t\t\t\t\t\t\t\t<\/div>\n\t\t\t\t<\/div>\n\t\t\t\t<div class=\"elementor-element elementor-element-d44e41d elementor-widget elementor-widget-heading\" data-id=\"d44e41d\" data-element_type=\"widget\" data-widget_type=\"heading.default\">\n\t\t\t\t<div class=\"elementor-widget-container\">\n\t\t\t\t\t<h5 class=\"elementor-heading-title elementor-size-default\">Lis\u00e4tietoja<\/h5>\t\t\t\t<\/div>\n\t\t\t\t<\/div>\n\t\t\t\t<div class=\"elementor-element elementor-element-a9236d1 elementor-widget elementor-widget-text-editor\" data-id=\"a9236d1\" data-element_type=\"widget\" data-widget_type=\"text-editor.default\">\n\t\t\t\t<div class=\"elementor-widget-container\">\n\t\t\t\t\t\t\t\t\t<p>Langemaa KAYA on vaaleankeltainen kuiva valkoviini, jolla on tyypillinen raikkaus ja miellytt\u00e4v\u00e4 happamuus.<\/p>\n<p>Se on valmistettu huolellisesti valikoiduista raaka-aineista ja hitaalla k\u00e4ymisell\u00e4.<\/p>\n<p>Langemaa KAYA -valkoviini sopii hyvin erilaisten pastaruokien ja kalaruokien kanssa.<\/p>\n<p>Tarjoile viile\u00e4n\u00e4 9\u201311 \u00b0C:ssa, jotta valkoviinin maku ja aromi tulevat parhaiten esiin.<\/p>\n<p>Hyv\u00e4 idea! Kokeile sit\u00e4 cocktailina j\u00e4\u00e4kuutioiden ja kivenn\u00e4isveden kanssa.<\/p>\n\t\t\t\t\t\t\t\t<\/div>\n\t\t\t\t<\/div>\n\t\t\t\t\t<\/div>\n\t\t<\/div>\n\t\t\t\t\t<\/div>\n\t\t<\/section>\n\t\t\t\t<\/div>\n\t\t","protected":false},"excerpt":{"rendered":"<p>Valkoviini. Valmistettu Etel\u00e4-Viron Langemaa-alueella kasvatetuista omenoista. T\u00e4m\u00e4 kuiva omenaviini, jossa on miellytt\u00e4v\u00e4 hapokkuus, sopii hyvin sek\u00e4 pastan ett\u00e4 \u00e4yri\u00e4isten kanssa.<\/p>\n","protected":false},"featured_media":996700,"template":"","meta":{"om_disable_all_campaigns":false,"_uf_show_specific_survey":0,"_uf_disable_surveys":false},"product_brand":[],"product_cat":[154],"product_tag":[],"class_list":{"0":"post-996099","1":"product","2":"type-product","3":"status-publish","4":"has-post-thumbnail","6":"product_cat-viinit","8":"first","9":"instock","10":"taxable","11":"shipping-taxable","12":"purchasable","13":"product-type-simple"},"aioseo_notices":[],"_links":{"self":[{"href":"https:\/\/langemaa.ee\/fi\/wp-json\/wp\/v2\/product\/996099","targetHints":{"allow":["GET"]}}],"collection":[{"href":"https:\/\/langemaa.ee\/fi\/wp-json\/wp\/v2\/product"}],"about":[{"href":"https:\/\/langemaa.ee\/fi\/wp-json\/wp\/v2\/types\/product"}],"version-history":[{"count":1,"href":"https:\/\/langemaa.ee\/fi\/wp-json\/wp\/v2\/product\/996099\/revisions"}],"predecessor-version":[{"id":996100,"href":"https:\/\/langemaa.ee\/fi\/wp-json\/wp\/v2\/product\/996099\/revisions\/996100"}],"wp:featuredmedia":[{"embeddable":true,"href":"https:\/\/langemaa.ee\/fi\/wp-json\/wp\/v2\/media\/996700"}],"wp:attachment":[{"href":"https:\/\/langemaa.ee\/fi\/wp-json\/wp\/v2\/media?parent=996099"}],"wp:term":[{"taxonomy":"product_brand","embeddable":true,"href":"https:\/\/langemaa.ee\/fi\/wp-json\/wp\/v2\/product_brand?post=996099"},{"taxonomy":"product_cat","embeddable":true,"href":"https:\/\/langemaa.ee\/fi\/wp-json\/wp\/v2\/product_cat?post=996099"},{"taxonomy":"product_tag","embeddable":true,"href":"https:\/\/langemaa.ee\/fi\/wp-json\/wp\/v2\/product_tag?post=996099"}],"curies":[{"name":"wp","href":"https:\/\/api.w.org\/{rel}","templated":true}]}}