{"id":992555,"date":"2020-08-11T14:10:40","date_gmt":"2020-08-11T14:10:40","guid":{"rendered":"https:\/\/langemaa.ee\/toode\/kinkekott\/"},"modified":"2025-05-20T14:18:04","modified_gmt":"2025-05-20T11:18:04","slug":"kinkekott","status":"publish","type":"product","link":"https:\/\/langemaa.ee\/fi\/toode\/kinkekott\/","title":{"rendered":"LANGEMAA Lahjakassi"},"content":{"rendered":"\t\t<div data-elementor-type=\"product-post\" data-elementor-id=\"992555\" class=\"elementor elementor-992555 elementor-6580\" data-elementor-post-type=\"product\">\n\t\t\t\t\t\t<section class=\"elementor-section elementor-top-section elementor-element elementor-element-8d34a5f elementor-section-boxed elementor-section-height-default elementor-section-height-default\" data-id=\"8d34a5f\" data-element_type=\"section\">\n\t\t\t\t\t\t<div class=\"elementor-container elementor-column-gap-default\">\n\t\t\t\t\t<div class=\"elementor-column elementor-col-100 elementor-top-column elementor-element elementor-element-1f343e1\" data-id=\"1f343e1\" data-element_type=\"column\">\n\t\t\t<div class=\"elementor-widget-wrap elementor-element-populated\">\n\t\t\t\t\t\t<div class=\"elementor-element elementor-element-f98de6d elementor-widget elementor-widget-heading\" data-id=\"f98de6d\" data-element_type=\"widget\" data-widget_type=\"heading.default\">\n\t\t\t\t<div class=\"elementor-widget-container\">\n\t\t\t\t\t<h5 class=\"elementor-heading-title elementor-size-default\">Lis\u00e4tietoja<\/h5>\t\t\t\t<\/div>\n\t\t\t\t<\/div>\n\t\t\t\t<div class=\"elementor-element elementor-element-6a3af31 elementor-widget elementor-widget-text-editor\" data-id=\"6a3af31\" data-element_type=\"widget\" data-widget_type=\"text-editor.default\">\n\t\t\t\t<div class=\"elementor-widget-container\">\n\t\t\t\t\t\t\t\t\t<p>Tuotteen mitat: 11 x 10 x 40 cm<\/p>\n\t\t\t\t\t\t\t\t<\/div>\n\t\t\t\t<\/div>\n\t\t\t\t<section class=\"elementor-section elementor-inner-section elementor-element elementor-element-11892b1 elementor-section-boxed elementor-section-height-default elementor-section-height-default\" data-id=\"11892b1\" data-element_type=\"section\">\n\t\t\t\t\t\t<div class=\"elementor-container elementor-column-gap-default\">\n\t\t\t\t\t<div class=\"elementor-column elementor-col-100 elementor-inner-column elementor-element elementor-element-d112ac6\" data-id=\"d112ac6\" data-element_type=\"column\">\n\t\t\t<div class=\"elementor-widget-wrap elementor-element-populated\">\n\t\t\t\t\t\t\t<\/div>\n\t\t<\/div>\n\t\t\t\t\t<\/div>\n\t\t<\/section>\n\t\t\t\t\t<\/div>\n\t\t<\/div>\n\t\t\t\t\t<\/div>\n\t\t<\/section>\n\t\t\t\t<\/div>\n\t\t","protected":false},"excerpt":{"rendered":"<p>Mustanv\u00e4rinen, kultaisella Langemaa-logolla varustettu lahjakassi on suunniteltu erityisesti viinipulloille, tarjoten turvallisen ja tyylikk\u00e4\u00e4n tavan antaa viini\u00e4 lahjaksi.<\/p>\n","protected":false},"featured_media":992557,"template":"","meta":{"om_disable_all_campaigns":false,"_uf_show_specific_survey":0,"_uf_disable_surveys":false},"product_brand":[],"product_cat":[166],"product_tag":[171,172],"class_list":{"0":"post-992555","1":"product","2":"type-product","3":"status-publish","4":"has-post-thumbnail","6":"product_cat-lahjat","7":"product_tag-kott-fi","8":"product_tag-vein-fi","10":"first","11":"instock","12":"taxable","13":"shipping-taxable","14":"purchasable","15":"product-type-simple"},"aioseo_notices":[],"_links":{"self":[{"href":"https:\/\/langemaa.ee\/fi\/wp-json\/wp\/v2\/product\/992555","targetHints":{"allow":["GET"]}}],"collection":[{"href":"https:\/\/langemaa.ee\/fi\/wp-json\/wp\/v2\/product"}],"about":[{"href":"https:\/\/langemaa.ee\/fi\/wp-json\/wp\/v2\/types\/product"}],"version-history":[{"count":3,"href":"https:\/\/langemaa.ee\/fi\/wp-json\/wp\/v2\/product\/992555\/revisions"}],"predecessor-version":[{"id":993014,"href":"https:\/\/langemaa.ee\/fi\/wp-json\/wp\/v2\/product\/992555\/revisions\/993014"}],"wp:featuredmedia":[{"embeddable":true,"href":"https:\/\/langemaa.ee\/fi\/wp-json\/wp\/v2\/media\/992557"}],"wp:attachment":[{"href":"https:\/\/langemaa.ee\/fi\/wp-json\/wp\/v2\/media?parent=992555"}],"wp:term":[{"taxonomy":"product_brand","embeddable":true,"href":"https:\/\/langemaa.ee\/fi\/wp-json\/wp\/v2\/product_brand?post=992555"},{"taxonomy":"product_cat","embeddable":true,"href":"https:\/\/langemaa.ee\/fi\/wp-json\/wp\/v2\/product_cat?post=992555"},{"taxonomy":"product_tag","embeddable":true,"href":"https:\/\/langemaa.ee\/fi\/wp-json\/wp\/v2\/product_tag?post=992555"}],"curies":[{"name":"wp","href":"https:\/\/api.w.org\/{rel}","templated":true}]}}