{"id":992548,"date":"2020-08-11T14:03:46","date_gmt":"2020-08-11T14:03:46","guid":{"rendered":"https:\/\/langemaa.ee\/toode\/mustasostramahl-1l\/"},"modified":"2025-05-03T16:36:26","modified_gmt":"2025-05-03T13:36:26","slug":"mustasostramahl-1l","status":"publish","type":"product","link":"https:\/\/langemaa.ee\/fi\/toode\/mustasostramahl-1l\/","title":{"rendered":"LANGEMAA Mustas\u00f5stramahl 1L"},"content":{"rendered":"\t\t<div data-elementor-type=\"product-post\" data-elementor-id=\"992548\" class=\"elementor elementor-992548\" data-elementor-post-type=\"product\">\n\t\t\t\t\t\t<section class=\"elementor-section elementor-top-section elementor-element elementor-element-4f0ca2e elementor-section-boxed elementor-section-height-default elementor-section-height-default\" data-id=\"4f0ca2e\" data-element_type=\"section\">\n\t\t\t\t\t\t<div class=\"elementor-container elementor-column-gap-default\">\n\t\t\t\t\t<div class=\"elementor-column elementor-col-100 elementor-top-column elementor-element elementor-element-79ef9e3\" data-id=\"79ef9e3\" data-element_type=\"column\">\n\t\t\t<div class=\"elementor-widget-wrap elementor-element-populated\">\n\t\t\t\t\t\t<div class=\"elementor-element elementor-element-695280b elementor-widget elementor-widget-heading\" data-id=\"695280b\" data-element_type=\"widget\" data-widget_type=\"heading.default\">\n\t\t\t\t<div class=\"elementor-widget-container\">\n\t\t\t\t\t<h5 class=\"elementor-heading-title elementor-size-default\">Tooteinfo<\/h5>\t\t\t\t<\/div>\n\t\t\t\t<\/div>\n\t\t\t\t<div class=\"elementor-element elementor-element-8846d33 elementor-widget elementor-widget-text-editor\" data-id=\"8846d33\" data-element_type=\"widget\" data-widget_type=\"text-editor.default\">\n\t\t\t\t<div class=\"elementor-widget-container\">\n\t\t\t\t\t\t\t\t\t<p><strong>Korjeaeg:<\/strong> August<br \/><strong>Mustas\u00f5stra sort:<\/strong> Ribes nigrum<\/p><p><strong>Valmistusviis:<\/strong>\u00a0K\u00fclmpressimine, \u00f5rn past\u00f6riseerimine<\/p><p><strong>Toitev\u00e4\u00e4rtus 100g:<\/strong><br \/><strong>Energiat:<\/strong> 180 KJ \/ 43 Kcal<br \/><strong>S\u00fcsivesikuid ( sh. suhkruid):<\/strong> 9.6g (4.9g)<br \/><strong>Rasvu:<\/strong> 0.5g<br \/><strong>Valke:<\/strong> 1.4g<br \/><strong>Soola:<\/strong> 0g<\/p>\t\t\t\t\t\t\t\t<\/div>\n\t\t\t\t<\/div>\n\t\t\t\t<div class=\"elementor-element elementor-element-eceb521 elementor-widget elementor-widget-heading\" data-id=\"eceb521\" data-element_type=\"widget\" data-widget_type=\"heading.default\">\n\t\t\t\t<div class=\"elementor-widget-container\">\n\t\t\t\t\t<h5 class=\"elementor-heading-title elementor-size-default\">Lisainfo<\/h5>\t\t\t\t<\/div>\n\t\t\t\t<\/div>\n\t\t\t\t<div class=\"elementor-element elementor-element-7ed9fc3 elementor-widget elementor-widget-text-editor\" data-id=\"7ed9fc3\" data-element_type=\"widget\" data-widget_type=\"text-editor.default\">\n\t\t\t\t<div class=\"elementor-widget-container\">\n\t\t\t\t\t\t\t\t\t<p><strong>Langemaa Mustas\u00f5stramahl<\/strong> on valmistatud musts\u00f5stardest, mis on mahedalt kasvatatud meie oma p\u00e4ikeselembeses L\u00f5una-Eesti istanduses.<\/p><p>Musts\u00f5strad sisaldavad rohkelt C-vitamiini, mis aitavad tugevdada immuuns\u00fcsteemi ja parandada raua imendumist organismis. Musts\u00f5stardes leiduvad antioks\u00fcdandid aitavad v\u00f5idelda vabade radikaalidega, v\u00e4hendades seel\u00e4bi p\u00f5letikku ja ennetades kroonilisi haigusi.<\/p><p>Lisaks on musts\u00f5star hea kiudainete allikas, mis soodustab seedimist ja aitab hoida seedetrakti tervena. Mustas\u00f5stra marjadel on ka diureetiline toime, aidates organismist liigseid vedelikke ja toksiine v\u00e4ljutada.<\/p><p>Regulaarne musts\u00f5starde tarbimine v\u00f5ib parandada ka naha, silmade ja juuste tervist t\u00e4nu k\u00f5rgele vitamiinide ja mineraalide sisaldusele. See on maitsev ja tervislik valik, mis sobib h\u00e4sti igap\u00e4evaseks tarbimiseks.<\/p><p>Kasutame\u00a0<strong>k\u00fclmpressimise meetodit<\/strong>, sest see s\u00e4ilitab mahla loomuliku maitse ja vajalikud ens\u00fc\u00fcmid. Pikema s\u00e4ilivusaja tagamiseks toimub mahla\u00a0<strong>past\u00f6riseerimine madalal temperatuuril<\/strong>, et eemaldada kahjulikud mikroorganismid, s\u00e4ilitades samal ajal v\u00f5imalikult palju looduslike vitamiine ja mineraalaineid.<\/p><p>Mustas\u00f5stramahlal on <strong>palju kasutusv\u00f5imalusi<\/strong>\u00a0erinevates toitudes ja jookides:<\/p><p><strong>Hommikused smuutid<\/strong>: Lisage mustas\u00f5stramahl oma hommikusesse smuutisse, et saada lisaks maitsvale mahlale ka tervisele kasulikke antioks\u00fcdante ja vitamiine. See sobib h\u00e4sti kokku n\u00e4iteks banaani, spinati ja chia seemnetega.<\/p><p><strong>Kuumad joogid<\/strong>: Proovige lisada mustas\u00f5stramahla kuumale teele v\u00f5i valmistada sellest kuum jook, segades mahla veidi kaneeli ja nelgiga, et saada sooja ja lohutavat talvejooki.<\/p><p><strong>Alkoholivabad kokteilid<\/strong>: Kasutage mustas\u00f5stramahla alkoholivabade kokteilide valmistamiseks, segades seda mullivee v\u00f5i toonikuga. Lisage j\u00e4\u00e4 ja kaunistage v\u00e4rske m\u00fcndi v\u00f5i marjadega.<\/p><p><strong>Mustas\u00f5stra salatikaste<\/strong>: Sega kokku mustas\u00f5stramahl, oliivi\u00f5li, palsami\u00e4\u00e4dikas, v\u00e4ike kogus mett ja maitse j\u00e4rgi soola ning pipart. See mahlane kaste sobib suurep\u00e4raselt rohelistele salatitele v\u00f5i isegi soojadele k\u00f6\u00f6giviljasalatitele.<\/p><p><strong>Mustas\u00f5straga glasuuritud liha<\/strong>: Kombineeri mustas\u00f5stramahl pruuni suhkru, sojakastme ja m\u00f5ne k\u00fc\u00fcslauguk\u00fc\u00fcnega, et teha maitsev glasuur. Kasuta seda segu sealiha, lambaliha v\u00f5i pardifilee glasuurimiseks k\u00fcpsetamise viimases etapis, et lisada magus-m\u00f5rkjat maitset.<\/p><p><strong>Mustas\u00f5stra-j\u00e4\u00e4tisekaste<\/strong>: Keeda mustas\u00f5stramahla v\u00e4hesel tulel koos suhkruga, kuni see pakseneb siirupiks. Lase jahtuda ja vala sellega \u00fcle vanillij\u00e4\u00e4tis v\u00f5i panna cotta. Lisaks v\u00e4rskele maitsele annab see ka kauni v\u00e4rvikireva lisandi magustoitudele.<\/p><p>Proovi uusi retsepte ja lase loovusel lennata!<\/p>\t\t\t\t\t\t\t\t<\/div>\n\t\t\t\t<\/div>\n\t\t\t\t<section class=\"elementor-section elementor-inner-section elementor-element elementor-element-779a2c2 elementor-section-boxed elementor-section-height-default elementor-section-height-default\" data-id=\"779a2c2\" data-element_type=\"section\">\n\t\t\t\t\t\t<div class=\"elementor-container elementor-column-gap-default\">\n\t\t\t\t\t<div class=\"elementor-column elementor-col-100 elementor-inner-column elementor-element elementor-element-3412b1e\" data-id=\"3412b1e\" data-element_type=\"column\">\n\t\t\t<div class=\"elementor-widget-wrap elementor-element-populated\">\n\t\t\t\t\t\t\t<\/div>\n\t\t<\/div>\n\t\t\t\t\t<\/div>\n\t\t<\/section>\n\t\t\t\t\t<\/div>\n\t\t<\/div>\n\t\t\t\t\t<\/div>\n\t\t<\/section>\n\t\t\t\t<\/div>\n\t\t","protected":false},"excerpt":{"rendered":"<p><strong>Langemaa Mustas\u00f5stramahl<\/strong> on 100% mahl ilma lisatud suhkrute v\u00f5i s\u00e4ilitusaineteta. Kasutame k\u00fclmpressimise meetodit ning madalal temperatuuril past\u00f6riseerimist, mis tagab vitamiinide ning kasulike toitainete s\u00e4ilimise.<\/p>\n<p>Pakend: 1L kraaniga mahlakott, mis on \u00f5hukindlalt suletav. Hoida jahedas, peale avamist k\u00fclmkapis.<\/p>\n","protected":false},"featured_media":992550,"template":"","meta":{"om_disable_all_campaigns":false,"_uf_show_specific_survey":0,"_uf_disable_surveys":false},"product_brand":[],"product_cat":[165],"product_tag":[159,157],"class_list":{"0":"post-992548","1":"product","2":"type-product","3":"status-publish","4":"has-post-thumbnail","6":"product_cat-mehut","7":"product_tag-2023-fi","8":"product_tag-mustsostar-fi","10":"first","11":"outofstock","12":"taxable","13":"shipping-taxable","14":"purchasable","15":"product-type-simple"},"aioseo_notices":[],"_links":{"self":[{"href":"https:\/\/langemaa.ee\/fi\/wp-json\/wp\/v2\/product\/992548","targetHints":{"allow":["GET"]}}],"collection":[{"href":"https:\/\/langemaa.ee\/fi\/wp-json\/wp\/v2\/product"}],"about":[{"href":"https:\/\/langemaa.ee\/fi\/wp-json\/wp\/v2\/types\/product"}],"version-history":[{"count":1,"href":"https:\/\/langemaa.ee\/fi\/wp-json\/wp\/v2\/product\/992548\/revisions"}],"predecessor-version":[{"id":992581,"href":"https:\/\/langemaa.ee\/fi\/wp-json\/wp\/v2\/product\/992548\/revisions\/992581"}],"wp:featuredmedia":[{"embeddable":true,"href":"https:\/\/langemaa.ee\/fi\/wp-json\/wp\/v2\/media\/992550"}],"wp:attachment":[{"href":"https:\/\/langemaa.ee\/fi\/wp-json\/wp\/v2\/media?parent=992548"}],"wp:term":[{"taxonomy":"product_brand","embeddable":true,"href":"https:\/\/langemaa.ee\/fi\/wp-json\/wp\/v2\/product_brand?post=992548"},{"taxonomy":"product_cat","embeddable":true,"href":"https:\/\/langemaa.ee\/fi\/wp-json\/wp\/v2\/product_cat?post=992548"},{"taxonomy":"product_tag","embeddable":true,"href":"https:\/\/langemaa.ee\/fi\/wp-json\/wp\/v2\/product_tag?post=992548"}],"curies":[{"name":"wp","href":"https:\/\/api.w.org\/{rel}","templated":true}]}}