{"id":992540,"date":"2020-08-11T13:26:26","date_gmt":"2020-08-11T13:26:26","guid":{"rendered":"https:\/\/langemaa.ee\/toode\/gin-navy\/"},"modified":"2025-11-24T20:58:17","modified_gmt":"2025-11-24T18:58:17","slug":"gin-navy","status":"publish","type":"product","link":"https:\/\/langemaa.ee\/fi\/toode\/gin-navy\/","title":{"rendered":"Langemaa GIN Navy"},"content":{"rendered":"\t\t<div data-elementor-type=\"product-post\" data-elementor-id=\"992540\" class=\"elementor elementor-992540 elementor-6564\" data-elementor-post-type=\"product\">\n\t\t\t\t\t\t<section class=\"elementor-section elementor-top-section elementor-element elementor-element-ae6c777 elementor-section-boxed elementor-section-height-default elementor-section-height-default\" data-id=\"ae6c777\" data-element_type=\"section\">\n\t\t\t\t\t\t<div class=\"elementor-container elementor-column-gap-default\">\n\t\t\t\t\t<div class=\"elementor-column elementor-col-100 elementor-top-column elementor-element elementor-element-0056d50\" data-id=\"0056d50\" data-element_type=\"column\">\n\t\t\t<div class=\"elementor-widget-wrap elementor-element-populated\">\n\t\t\t\t\t\t<div class=\"elementor-element elementor-element-58e723e elementor-widget elementor-widget-heading\" data-id=\"58e723e\" data-element_type=\"widget\" data-widget_type=\"heading.default\">\n\t\t\t\t<div class=\"elementor-widget-container\">\n\t\t\t\t\t<h5 class=\"elementor-heading-title elementor-size-default\">Tuotetiedot<\/h5>\t\t\t\t<\/div>\n\t\t\t\t<\/div>\n\t\t\t\t<div class=\"elementor-element elementor-element-95d9cf9 elementor-widget elementor-widget-text-editor\" data-id=\"95d9cf9\" data-element_type=\"widget\" data-widget_type=\"text-editor.default\">\n\t\t\t\t<div class=\"elementor-widget-container\">\n\t\t\t\t\t\t\t\t\t<p><strong>Alkoholi:<\/strong>\u00a059% vol<br \/>\n<strong>Tilavuus:<\/strong> 500 ml<\/p>\n\t\t\t\t\t\t\t\t<\/div>\n\t\t\t\t<\/div>\n\t\t\t\t<div class=\"elementor-element elementor-element-2656c3d elementor-widget elementor-widget-heading\" data-id=\"2656c3d\" data-element_type=\"widget\" data-widget_type=\"heading.default\">\n\t\t\t\t<div class=\"elementor-widget-container\">\n\t\t\t\t\t<h5 class=\"elementor-heading-title elementor-size-default\">Lis\u00e4tietoja<\/h5>\t\t\t\t<\/div>\n\t\t\t\t<\/div>\n\t\t\t\t<div class=\"elementor-element elementor-element-1cd7b15 elementor-widget elementor-widget-text-editor\" data-id=\"1cd7b15\" data-element_type=\"widget\" data-widget_type=\"text-editor.default\">\n\t\t\t\t<div class=\"elementor-widget-container\">\n\t\t\t\t\t\t\t\t\t<p>Langemaa Gin Navy on ainutlaatuinen vahvempi k\u00e4sity\u00f6gin, joka yhdist\u00e4\u00e4 paikallisen perinteen, korkean laadun ja t\u00e4ydellisesti tasapainotetun maun.<\/p>\n<p>Tisle on valmistettu Langemaalla kasvatetuista japaninkvitteneist\u00e4, ja sen syv\u00e4 makupohja rakentuu Viron luonnosta ker\u00e4ttyihin katajanmarjoihin ja huolellisesti valittuihin yrtteihin.<\/p>\n<p>Langemaa Gin Navy on enemm\u00e4n kuin pelkk\u00e4 juoma \u2013 se on kunnianosoitus Viron luonnolle, perinteille ja k\u00e4sity\u00f6taidoille.<\/p>\n<p><strong>Langemaa Gin Navy<\/strong> \u2013 maku, joka j\u00e4\u00e4 mieleen, ja tarina, jonka haluat jakaa.<\/p>\n\t\t\t\t\t\t\t\t<\/div>\n\t\t\t\t<\/div>\n\t\t\t\t<section class=\"elementor-section elementor-inner-section elementor-element elementor-element-9a65d95 elementor-section-boxed elementor-section-height-default elementor-section-height-default\" data-id=\"9a65d95\" data-element_type=\"section\">\n\t\t\t\t\t\t<div class=\"elementor-container elementor-column-gap-default\">\n\t\t\t\t\t<div class=\"elementor-column elementor-col-100 elementor-inner-column elementor-element elementor-element-f8b2141\" data-id=\"f8b2141\" data-element_type=\"column\">\n\t\t\t<div class=\"elementor-widget-wrap elementor-element-populated\">\n\t\t\t\t\t\t<div class=\"elementor-element elementor-element-3ac13ab elementor-widget__width-initial elementor-widget-mobile__width-initial elementor-fixed elementor-hidden-tablet elementor-hidden-mobile elementor-widget elementor-widget-image\" data-id=\"3ac13ab\" data-element_type=\"widget\" data-settings=\"{&quot;_position&quot;:&quot;fixed&quot;}\" data-widget_type=\"image.default\">\n\t\t\t\t<div class=\"elementor-widget-container\">\n\t\t\t\t\t\t\t\t\t<div class=\"elementor-image\">\n\t\t\t\t\t\t\t\t\t\t\t\t\t\t\t\t\t\t\t\t\t<img fetchpriority=\"high\" decoding=\"async\" width=\"308\" height=\"444\" src=\"https:\/\/langemaa.ee\/wp-content\/uploads\/2020\/08\/juniper.webp\" class=\"attachment-large size-large wp-image-992578\" alt=\"\" srcset=\"https:\/\/langemaa.ee\/wp-content\/uploads\/2020\/08\/juniper.webp 308w, https:\/\/langemaa.ee\/wp-content\/uploads\/2020\/08\/juniper-252x363.webp 252w, https:\/\/langemaa.ee\/wp-content\/uploads\/2020\/08\/juniper-208x300.png 208w\" sizes=\"(max-width: 308px) 100vw, 308px\" \/>\t\t\t\t\t\t\t\t\t\t\t\t\t\t\t\t\t\t\t\t\t\t\t\t<\/div>\n\t\t\t\t\t\t\t\t<\/div>\n\t\t\t\t<\/div>\n\t\t\t\t\t<\/div>\n\t\t<\/div>\n\t\t\t\t\t<\/div>\n\t\t<\/section>\n\t\t\t\t\t<\/div>\n\t\t<\/div>\n\t\t\t\t\t<\/div>\n\t\t<\/section>\n\t\t\t\t<\/div>\n\t\t","protected":false},"excerpt":{"rendered":"<p>Langemaa Gin Navy on Virossa valmistettu k\u00e4sity\u00f6gin, joka tuotetaan pieniss\u00e4 eriss\u00e4 k\u00e4ytt\u00e4en viinitilamme omaa alkoholia, virolaisia katajanmarjoja ja paikallisia yrttej\u00e4. Sen vahva ja katajanmarjainen, raikas maku yhdist\u00e4\u00e4 hienovaraiset sitruksiset vivahteet.<\/p>\n<p>Nauti vastuullisesti \u2013 sellaisenaan j\u00e4iden kanssa, tonicin kera tai osana suosikkicocktailiasi.<\/p>\n","protected":false},"featured_media":996807,"template":"","meta":{"om_disable_all_campaigns":false,"_uf_show_specific_survey":0,"_uf_disable_surveys":false},"product_brand":[],"product_cat":[167],"product_tag":[159,169,170],"class_list":{"0":"post-992540","1":"product","2":"type-product","3":"status-publish","4":"has-post-thumbnail","6":"product_cat-likoorit","7":"product_tag-2023-fi","8":"product_tag-magus-fi","9":"product_tag-roosa-fi","11":"first","12":"instock","13":"taxable","14":"shipping-taxable","15":"purchasable","16":"product-type-simple"},"aioseo_notices":[],"_links":{"self":[{"href":"https:\/\/langemaa.ee\/fi\/wp-json\/wp\/v2\/product\/992540","targetHints":{"allow":["GET"]}}],"collection":[{"href":"https:\/\/langemaa.ee\/fi\/wp-json\/wp\/v2\/product"}],"about":[{"href":"https:\/\/langemaa.ee\/fi\/wp-json\/wp\/v2\/types\/product"}],"version-history":[{"count":8,"href":"https:\/\/langemaa.ee\/fi\/wp-json\/wp\/v2\/product\/992540\/revisions"}],"predecessor-version":[{"id":996140,"href":"https:\/\/langemaa.ee\/fi\/wp-json\/wp\/v2\/product\/992540\/revisions\/996140"}],"wp:featuredmedia":[{"embeddable":true,"href":"https:\/\/langemaa.ee\/fi\/wp-json\/wp\/v2\/media\/996807"}],"wp:attachment":[{"href":"https:\/\/langemaa.ee\/fi\/wp-json\/wp\/v2\/media?parent=992540"}],"wp:term":[{"taxonomy":"product_brand","embeddable":true,"href":"https:\/\/langemaa.ee\/fi\/wp-json\/wp\/v2\/product_brand?post=992540"},{"taxonomy":"product_cat","embeddable":true,"href":"https:\/\/langemaa.ee\/fi\/wp-json\/wp\/v2\/product_cat?post=992540"},{"taxonomy":"product_tag","embeddable":true,"href":"https:\/\/langemaa.ee\/fi\/wp-json\/wp\/v2\/product_tag?post=992540"}],"curies":[{"name":"wp","href":"https:\/\/api.w.org\/{rel}","templated":true}]}}