{"id":992538,"date":"2020-08-11T13:24:07","date_gmt":"2020-08-11T13:24:07","guid":{"rendered":"https:\/\/langemaa.ee\/toode\/luna-gift\/"},"modified":"2025-05-20T14:18:45","modified_gmt":"2025-05-20T11:18:45","slug":"luna-gift","status":"publish","type":"product","link":"https:\/\/langemaa.ee\/fi\/toode\/luna-gift\/","title":{"rendered":"LANGEMAA LUNA Lahjasetti"},"content":{"rendered":"\t\t<div data-elementor-type=\"product-post\" data-elementor-id=\"992538\" class=\"elementor elementor-992538 elementor-6561\" data-elementor-post-type=\"product\">\n\t\t\t\t\t\t<section class=\"elementor-section elementor-top-section elementor-element elementor-element-b507314 elementor-section-boxed elementor-section-height-default elementor-section-height-default\" data-id=\"b507314\" data-element_type=\"section\">\n\t\t\t\t\t\t<div class=\"elementor-container elementor-column-gap-default\">\n\t\t\t\t\t<div class=\"elementor-column elementor-col-100 elementor-top-column elementor-element elementor-element-235ced1\" data-id=\"235ced1\" data-element_type=\"column\">\n\t\t\t<div class=\"elementor-widget-wrap elementor-element-populated\">\n\t\t\t\t\t\t<div class=\"elementor-element elementor-element-73ac71c elementor-widget elementor-widget-heading\" data-id=\"73ac71c\" data-element_type=\"widget\" data-widget_type=\"heading.default\">\n\t\t\t\t<div class=\"elementor-widget-container\">\n\t\t\t\t\t<h5 class=\"elementor-heading-title elementor-size-default\">Lis\u00e4tietoja<\/h5>\t\t\t\t<\/div>\n\t\t\t\t<\/div>\n\t\t\t\t<div class=\"elementor-element elementor-element-3f326ad elementor-widget elementor-widget-text-editor\" data-id=\"3f326ad\" data-element_type=\"widget\" data-widget_type=\"text-editor.default\">\n\t\t\t\t<div class=\"elementor-widget-container\">\n\t\t\t\t\t\t\t\t\t<p>Langemaa LUNA -lahjasetti sis\u00e4lt\u00e4\u00e4 <strong><a href=\"https:\/\/langemaa.ee\/fi\/toode\/luna\/\">LUNA-japaninkvittenilik\u00f6\u00f6rin<\/a><\/strong>, joka on virolaisen pientuottajan valmistama. Valitsemalla t\u00e4m\u00e4n lahjasetin osoitat v\u00e4litt\u00e4mist\u00e4 lahjansaajaa kohtaan ja tuet samalla kotimaista pienyritt\u00e4jyytt\u00e4 sek\u00e4 Viron taloutta.<\/p>\n<p>Lahjarasian mitat ovat 20 x 34 x 10 cm.<\/p>\n<p>LUNA-lahjasetti on yksinkertainen ja maukas tapa osoittaa kiitollisuutta ja juhlistaa erityisi\u00e4 hetki\u00e4.<\/p>\n\t\t\t\t\t\t\t\t<\/div>\n\t\t\t\t<\/div>\n\t\t\t\t<section class=\"elementor-section elementor-inner-section elementor-element elementor-element-6625631 elementor-section-boxed elementor-section-height-default elementor-section-height-default\" data-id=\"6625631\" data-element_type=\"section\">\n\t\t\t\t\t\t<div class=\"elementor-container elementor-column-gap-default\">\n\t\t\t\t\t<div class=\"elementor-column elementor-col-100 elementor-inner-column elementor-element elementor-element-55c8970\" data-id=\"55c8970\" data-element_type=\"column\">\n\t\t\t<div class=\"elementor-widget-wrap elementor-element-populated\">\n\t\t\t\t\t\t\t<\/div>\n\t\t<\/div>\n\t\t\t\t\t<\/div>\n\t\t<\/section>\n\t\t\t\t\t<\/div>\n\t\t<\/div>\n\t\t\t\t\t<\/div>\n\t\t<\/section>\n\t\t\t\t<\/div>\n\t\t","protected":false},"excerpt":{"rendered":"<p>Langemaa LUNA -japaninkvittenilik\u00f6\u00f6rin lahjasetti on erityinen lahja yritysten yhteisty\u00f6kumppaneille. Setti sis\u00e4lt\u00e4\u00e4 0,5 litran pullon luonnollista k\u00e4sity\u00f6lik\u00f6\u00f6ri\u00e4, joka on valmistettu Etel\u00e4-Virossa kasvatetuista japaninkvittenin hedelmist\u00e4, sek\u00e4 kaksi tyylik\u00e4st\u00e4 snapsilasia. Kaikki on pakattu kauniiseen lahjarasiaan, mik\u00e4 tekee lahjakokemuksesta unohtumattoman.<\/p>\n","protected":false},"featured_media":992539,"template":"","meta":{"om_disable_all_campaigns":false,"_uf_show_specific_survey":0,"_uf_disable_surveys":false},"product_brand":[],"product_cat":[167,166,168],"product_tag":[],"class_list":{"0":"post-992538","1":"product","2":"type-product","3":"status-publish","4":"has-post-thumbnail","6":"product_cat-likoorit","7":"product_cat-lahjat","8":"product_cat-likoorid-fi","10":"first","11":"outofstock","12":"taxable","13":"shipping-taxable","14":"purchasable","15":"product-type-simple"},"aioseo_notices":[],"_links":{"self":[{"href":"https:\/\/langemaa.ee\/fi\/wp-json\/wp\/v2\/product\/992538","targetHints":{"allow":["GET"]}}],"collection":[{"href":"https:\/\/langemaa.ee\/fi\/wp-json\/wp\/v2\/product"}],"about":[{"href":"https:\/\/langemaa.ee\/fi\/wp-json\/wp\/v2\/types\/product"}],"version-history":[{"count":6,"href":"https:\/\/langemaa.ee\/fi\/wp-json\/wp\/v2\/product\/992538\/revisions"}],"predecessor-version":[{"id":993020,"href":"https:\/\/langemaa.ee\/fi\/wp-json\/wp\/v2\/product\/992538\/revisions\/993020"}],"wp:featuredmedia":[{"embeddable":true,"href":"https:\/\/langemaa.ee\/fi\/wp-json\/wp\/v2\/media\/992539"}],"wp:attachment":[{"href":"https:\/\/langemaa.ee\/fi\/wp-json\/wp\/v2\/media?parent=992538"}],"wp:term":[{"taxonomy":"product_brand","embeddable":true,"href":"https:\/\/langemaa.ee\/fi\/wp-json\/wp\/v2\/product_brand?post=992538"},{"taxonomy":"product_cat","embeddable":true,"href":"https:\/\/langemaa.ee\/fi\/wp-json\/wp\/v2\/product_cat?post=992538"},{"taxonomy":"product_tag","embeddable":true,"href":"https:\/\/langemaa.ee\/fi\/wp-json\/wp\/v2\/product_tag?post=992538"}],"curies":[{"name":"wp","href":"https:\/\/api.w.org\/{rel}","templated":true}]}}