{"id":992536,"date":"2020-04-11T13:23:27","date_gmt":"2020-04-11T10:23:27","guid":{"rendered":"https:\/\/langemaa.ee\/toode\/glogi-gift\/"},"modified":"2025-06-24T22:30:55","modified_gmt":"2025-06-24T19:30:55","slug":"glogi-gift","status":"publish","type":"product","link":"https:\/\/langemaa.ee\/fi\/toode\/glogi-gift\/","title":{"rendered":"LANGEMAA GL\u00d6GI Lahjasetti"},"content":{"rendered":"\t\t<div data-elementor-type=\"product-post\" data-elementor-id=\"992536\" class=\"elementor elementor-992536 elementor-6559\" data-elementor-post-type=\"product\">\n\t\t\t\t\t\t<section class=\"elementor-section elementor-top-section elementor-element elementor-element-7bf615c elementor-section-boxed elementor-section-height-default elementor-section-height-default\" data-id=\"7bf615c\" data-element_type=\"section\">\n\t\t\t\t\t\t<div class=\"elementor-container elementor-column-gap-default\">\n\t\t\t\t\t<div class=\"elementor-column elementor-col-100 elementor-top-column elementor-element elementor-element-ad3121e\" data-id=\"ad3121e\" data-element_type=\"column\">\n\t\t\t<div class=\"elementor-widget-wrap elementor-element-populated\">\n\t\t\t\t\t\t<div class=\"elementor-element elementor-element-2f297df elementor-widget elementor-widget-heading\" data-id=\"2f297df\" data-element_type=\"widget\" data-widget_type=\"heading.default\">\n\t\t\t\t<div class=\"elementor-widget-container\">\n\t\t\t\t\t<h5 class=\"elementor-heading-title elementor-size-default\">Lis\u00e4tietoja<\/h5>\t\t\t\t<\/div>\n\t\t\t\t<\/div>\n\t\t\t\t<div class=\"elementor-element elementor-element-7da7ddf elementor-widget elementor-widget-text-editor\" data-id=\"7da7ddf\" data-element_type=\"widget\" data-widget_type=\"text-editor.default\">\n\t\t\t\t<div class=\"elementor-widget-container\">\n\t\t\t\t\t\t\t\t\t<p>Langemaa GL\u00d6GI -lahjasetti sis\u00e4lt\u00e4\u00e4 <a href=\"https:\/\/langemaa.ee\/fi\/toode\/langemaa-glogi\/\"><em>GL\u00d6GI-hehkuviinin<\/em><\/a>, joka on virolaisen pientuottajan valmistama. Valitsemalla t\u00e4m\u00e4n lahjasetin osoitat huomaavaisuutta lahjansaajaa kohtaan ja tuet samalla kotimaista pienyritt\u00e4jyytt\u00e4 ja Viron taloutta.<\/p>\n<p>Lahjarasian mitat ovat 20 x 34 x 10 cm.<\/p>\n<p>GL\u00d6GI-lahjasetti on yksinkertainen ja maukas tapa osoittaa kiitollisuutta ja juhlistaa erityisi\u00e4 hetki\u00e4.<\/p>\n\t\t\t\t\t\t\t\t<\/div>\n\t\t\t\t<\/div>\n\t\t\t\t<div class=\"elementor-element elementor-element-9c81441 elementor-widget elementor-widget-heading\" data-id=\"9c81441\" data-element_type=\"widget\" data-widget_type=\"heading.default\">\n\t\t\t\t<div class=\"elementor-widget-container\">\n\t\t\t\t\t<h5 class=\"elementor-heading-title elementor-size-default\">Palkinnot<\/h5>\t\t\t\t<\/div>\n\t\t\t\t<\/div>\n\t\t\t\t<section class=\"elementor-section elementor-inner-section elementor-element elementor-element-42d6736 elementor-section-boxed elementor-section-height-default elementor-section-height-default\" data-id=\"42d6736\" data-element_type=\"section\">\n\t\t\t\t\t\t<div class=\"elementor-container elementor-column-gap-default\">\n\t\t\t\t\t<div class=\"elementor-column elementor-col-33 elementor-inner-column elementor-element elementor-element-bcaa846\" data-id=\"bcaa846\" data-element_type=\"column\">\n\t\t\t<div class=\"elementor-widget-wrap elementor-element-populated\">\n\t\t\t\t\t\t<div class=\"elementor-element elementor-element-98eee2c elementor-headline--style-highlight elementor-widget elementor-widget-vamtam-animated-headline\" data-id=\"98eee2c\" data-element_type=\"widget\" data-settings=\"{&quot;marker&quot;:&quot;curly&quot;,&quot;highlighted_text&quot;:&quot;PRONKS&quot;,&quot;headline_style&quot;:&quot;highlight&quot;,&quot;loop&quot;:&quot;yes&quot;,&quot;highlight_animation_duration&quot;:1200,&quot;highlight_iteration_delay&quot;:8000}\" data-widget_type=\"vamtam-animated-headline.default\">\n\t\t\t\t<div class=\"elementor-widget-container\">\n\t\t\t\t\t\t\t\t\t<h5 class=\"elementor-headline\">\n\t\t\t\t\t\t\t\t\t\t\t\t\t\t\t\t\t\t<span class=\"elementor-headline-plain-text elementor-headline-text-wrapper\">Parimad eesti Joogid\u200b: <br><\/span>\n\t\t\t\t\t\t\t\t\t\t\t\t<span class=\"elementor-headline-dynamic-wrapper elementor-headline-text-wrapper\">\n\t\t\t\t\t\t\t\t\t\t\t\t\t<span class=\"elementor-headline-dynamic-text elementor-headline-text-active\">PRONKS<\/span>\n\t\t\t\t\t\t\t\t\t\t\t\t<\/span>\n\t\t\t\t\t\t\t\t\t\t\t\t\t<span class=\"elementor-headline-plain-text elementor-headline-text-wrapper\">2024<\/span>\n\t\t\t\t\t\t\t\t\t\t\t\t\t\t\t\t<\/h5>\n\t\t\t\t\t\t\t\t<\/div>\n\t\t\t\t<\/div>\n\t\t\t\t<div class=\"elementor-element elementor-element-4252334 elementor-widget elementor-widget-image\" data-id=\"4252334\" data-element_type=\"widget\" data-widget_type=\"image.default\">\n\t\t\t\t<div class=\"elementor-widget-container\">\n\t\t\t\t\t\t\t\t\t<div class=\"elementor-image\">\n\t\t\t\t\t\t\t\t\t\t\t\t\t\t\t\t\t\t\t\t\t<img fetchpriority=\"high\" decoding=\"async\" width=\"1000\" height=\"1000\" src=\"https:\/\/langemaa.ee\/wp-content\/uploads\/2020\/04\/EAS-parimad-eesti-joogid-2024-PRONKS.webp\" class=\"attachment-large size-large wp-image-992478\" alt=\"\" srcset=\"https:\/\/langemaa.ee\/wp-content\/uploads\/2020\/04\/EAS-parimad-eesti-joogid-2024-PRONKS.webp 1000w, https:\/\/langemaa.ee\/wp-content\/uploads\/2020\/04\/EAS-parimad-eesti-joogid-2024-PRONKS-252x252.webp 252w, https:\/\/langemaa.ee\/wp-content\/uploads\/2020\/04\/EAS-parimad-eesti-joogid-2024-PRONKS-315x315.webp 315w, https:\/\/langemaa.ee\/wp-content\/uploads\/2020\/04\/EAS-parimad-eesti-joogid-2024-PRONKS-630x630.png 630w, https:\/\/langemaa.ee\/wp-content\/uploads\/2020\/04\/EAS-parimad-eesti-joogid-2024-PRONKS-300x300.png 300w, https:\/\/langemaa.ee\/wp-content\/uploads\/2020\/04\/EAS-parimad-eesti-joogid-2024-PRONKS-150x150.png 150w, https:\/\/langemaa.ee\/wp-content\/uploads\/2020\/04\/EAS-parimad-eesti-joogid-2024-PRONKS-768x768.png 768w\" sizes=\"(max-width: 1000px) 100vw, 1000px\" \/>\t\t\t\t\t\t\t\t\t\t\t\t\t\t\t\t\t\t\t\t\t\t\t\t<\/div>\n\t\t\t\t\t\t\t\t<\/div>\n\t\t\t\t<\/div>\n\t\t\t\t\t<\/div>\n\t\t<\/div>\n\t\t\t\t<div class=\"elementor-column elementor-col-33 elementor-inner-column elementor-element elementor-element-dd4837f\" data-id=\"dd4837f\" data-element_type=\"column\">\n\t\t\t<div class=\"elementor-widget-wrap\">\n\t\t\t\t\t\t\t<\/div>\n\t\t<\/div>\n\t\t\t\t<div class=\"elementor-column elementor-col-33 elementor-inner-column elementor-element elementor-element-ce980ec\" data-id=\"ce980ec\" data-element_type=\"column\">\n\t\t\t<div class=\"elementor-widget-wrap\">\n\t\t\t\t\t\t\t<\/div>\n\t\t<\/div>\n\t\t\t\t\t<\/div>\n\t\t<\/section>\n\t\t\t\t<section class=\"elementor-section elementor-inner-section elementor-element elementor-element-46bdb04 elementor-section-boxed elementor-section-height-default elementor-section-height-default\" data-id=\"46bdb04\" data-element_type=\"section\">\n\t\t\t\t\t\t<div class=\"elementor-container elementor-column-gap-default\">\n\t\t\t\t\t<div class=\"elementor-column elementor-col-100 elementor-inner-column elementor-element elementor-element-9baed9e\" data-id=\"9baed9e\" data-element_type=\"column\">\n\t\t\t<div class=\"elementor-widget-wrap elementor-element-populated\">\n\t\t\t\t\t\t\t<\/div>\n\t\t<\/div>\n\t\t\t\t\t<\/div>\n\t\t<\/section>\n\t\t\t\t\t<\/div>\n\t\t<\/div>\n\t\t\t\t\t<\/div>\n\t\t<\/section>\n\t\t\t\t<\/div>\n\t\t","protected":false},"excerpt":{"rendered":"<p>Langemaa GL\u00d6GI -lahjasetti on unohtumaton lahja yritysten yhteisty\u00f6kumppaneille. Setti sis\u00e4lt\u00e4\u00e4 0,75 litraa luonnollista hehkuviini\u00e4, joka on valmistettu kuivan punaviinin <a href=\"https:\/\/langemaa.ee\/fi\/toode\/miina-mai\/\"><strong>MIINA MAI<\/strong><\/a> pohjalta ja rikastettu luonnollisilla gl\u00f6gimausteilla. Lis\u00e4ksi settiin kuuluu puisella kahvalla varustettu viinipullonavaaja sek\u00e4 tyylik\u00e4s tarjoiluvati, joka on valmistettu kierr\u00e4tetyst\u00e4 viinipullosta. Kaikki on kauniisti pakattu lahjarasiaan, tarjoten eksklusiivisen lahjakokemuksen.<\/p>\n","protected":false},"featured_media":992537,"template":"","meta":{"om_disable_all_campaigns":false,"_uf_show_specific_survey":0,"_uf_disable_surveys":false},"product_brand":[],"product_cat":[166,154],"product_tag":[],"class_list":{"0":"post-992536","1":"product","2":"type-product","3":"status-publish","4":"has-post-thumbnail","6":"product_cat-lahjat","7":"product_cat-viinit","9":"first","10":"instock","11":"taxable","12":"shipping-taxable","13":"purchasable","14":"product-type-simple"},"aioseo_notices":[],"_links":{"self":[{"href":"https:\/\/langemaa.ee\/fi\/wp-json\/wp\/v2\/product\/992536","targetHints":{"allow":["GET"]}}],"collection":[{"href":"https:\/\/langemaa.ee\/fi\/wp-json\/wp\/v2\/product"}],"about":[{"href":"https:\/\/langemaa.ee\/fi\/wp-json\/wp\/v2\/types\/product"}],"version-history":[{"count":4,"href":"https:\/\/langemaa.ee\/fi\/wp-json\/wp\/v2\/product\/992536\/revisions"}],"predecessor-version":[{"id":995862,"href":"https:\/\/langemaa.ee\/fi\/wp-json\/wp\/v2\/product\/992536\/revisions\/995862"}],"wp:featuredmedia":[{"embeddable":true,"href":"https:\/\/langemaa.ee\/fi\/wp-json\/wp\/v2\/media\/992537"}],"wp:attachment":[{"href":"https:\/\/langemaa.ee\/fi\/wp-json\/wp\/v2\/media?parent=992536"}],"wp:term":[{"taxonomy":"product_brand","embeddable":true,"href":"https:\/\/langemaa.ee\/fi\/wp-json\/wp\/v2\/product_brand?post=992536"},{"taxonomy":"product_cat","embeddable":true,"href":"https:\/\/langemaa.ee\/fi\/wp-json\/wp\/v2\/product_cat?post=992536"},{"taxonomy":"product_tag","embeddable":true,"href":"https:\/\/langemaa.ee\/fi\/wp-json\/wp\/v2\/product_tag?post=992536"}],"curies":[{"name":"wp","href":"https:\/\/api.w.org\/{rel}","templated":true}]}}