{"id":992529,"date":"2020-08-11T13:06:47","date_gmt":"2020-08-11T13:06:47","guid":{"rendered":"https:\/\/langemaa.ee\/toode\/ebakudooniamahl-1l\/"},"modified":"2025-05-20T13:57:46","modified_gmt":"2025-05-20T10:57:46","slug":"ebakudooniamahl-1l","status":"publish","type":"product","link":"https:\/\/langemaa.ee\/fi\/toode\/ebakudooniamahl-1l\/","title":{"rendered":"LANGEMAA Kvittenimehu 1L"},"content":{"rendered":"\t\t<div data-elementor-type=\"product-post\" data-elementor-id=\"992529\" class=\"elementor elementor-992529 elementor-995126\" data-elementor-post-type=\"product\">\n\t\t\t\t\t\t<section class=\"elementor-section elementor-top-section elementor-element elementor-element-f291410 elementor-section-boxed elementor-section-height-default elementor-section-height-default\" data-id=\"f291410\" data-element_type=\"section\">\n\t\t\t\t\t\t<div class=\"elementor-container elementor-column-gap-default\">\n\t\t\t\t\t<div class=\"elementor-column elementor-col-100 elementor-top-column elementor-element elementor-element-0b58c7a\" data-id=\"0b58c7a\" data-element_type=\"column\">\n\t\t\t<div class=\"elementor-widget-wrap elementor-element-populated\">\n\t\t\t\t\t\t<div class=\"elementor-element elementor-element-3130b59 elementor-widget elementor-widget-heading\" data-id=\"3130b59\" data-element_type=\"widget\" data-widget_type=\"heading.default\">\n\t\t\t\t<div class=\"elementor-widget-container\">\n\t\t\t\t\t<h5 class=\"elementor-heading-title elementor-size-default\">Tuotetiedot<\/h5>\t\t\t\t<\/div>\n\t\t\t\t<\/div>\n\t\t\t\t<div class=\"elementor-element elementor-element-1181845 elementor-widget elementor-widget-text-editor\" data-id=\"1181845\" data-element_type=\"widget\" data-widget_type=\"text-editor.default\">\n\t\t\t\t<div class=\"elementor-widget-container\">\n\t\t\t\t\t\t\t\t\t<p><strong>Sadonkorjuuaika:<\/strong> Syyskuu<br \/>\n<strong>Kvittenilajike:<\/strong> Japaninkvitteni (<em>Chaenomeles cathayensis<\/em>)<\/p>\n<p><strong>Valmistustapa:<\/strong> Kylm\u00e4puristus, kevyt past\u00f6rointi<\/p>\n<p><strong>Ravintoarvot \/ 100 g:<\/strong><br \/>\n<strong>Energiaa:<\/strong> 91 kJ \/ 21 kcal<br \/>\n<strong>Hiilihydraatteja (joista sokereita):<\/strong> 2,4 g (1,2 g)<br \/>\n<strong>Rasvaa:<\/strong> 0,2 g<br \/>\n<strong>Proteiinia:<\/strong> 0,1 g<br \/>\n<strong>Suolaa:<\/strong> 0,005 g<br \/>\n<strong>C-vitamiinia (askorbiinihappoa):<\/strong> 0,3 g<\/p>\n\t\t\t\t\t\t\t\t<\/div>\n\t\t\t\t<\/div>\n\t\t\t\t<div class=\"elementor-element elementor-element-b216d32 elementor-widget elementor-widget-heading\" data-id=\"b216d32\" data-element_type=\"widget\" data-widget_type=\"heading.default\">\n\t\t\t\t<div class=\"elementor-widget-container\">\n\t\t\t\t\t<h5 class=\"elementor-heading-title elementor-size-default\">Lis\u00e4tietoja<\/h5>\t\t\t\t<\/div>\n\t\t\t\t<\/div>\n\t\t\t\t<div class=\"elementor-element elementor-element-9d08e07 elementor-widget elementor-widget-text-editor\" data-id=\"9d08e07\" data-element_type=\"widget\" data-widget_type=\"text-editor.default\">\n\t\t\t\t<div class=\"elementor-widget-container\">\n\t\t\t\t\t\t\t\t\t<p class=\"\" data-start=\"0\" data-end=\"149\">Langemaan kvittenimehu on valmistettu japaninkvittenin hedelmist\u00e4, jotka on kasvatettu luonnonmukaisesti omalla aurinkoisella Etel\u00e4-Viron tilallamme.<\/p>\n<p class=\"\" data-start=\"151\" data-end=\"300\">Korkean C-vitamiinipitoisuutensa, hapokkuutensa ja kirkkaankeltaisen v\u00e4rins\u00e4 ansiosta kvitteni\u00e4 kutsutaan kansankieless\u00e4 my\u00f6s &#8221;Pohjolan sitruunaksi&#8221;.<\/p>\n<p class=\"\" data-start=\"302\" data-end=\"518\">Kvittenimehu on terveellinen ja virkist\u00e4v\u00e4 valinta, joka tukee immuunij\u00e4rjestelm\u00e4\u00e4, ruoansulatusta, syd\u00e4men terveytt\u00e4 ja ihonhoitoa. Mehu on v\u00e4h\u00e4kalorinen ja tukee painonhallintaa sek\u00e4 aineenvaihdunnan vilkastumista.<\/p>\n<p class=\"\" data-start=\"520\" data-end=\"819\">K\u00e4yt\u00e4mme kylm\u00e4puristusmenetelm\u00e4\u00e4, joka s\u00e4ilytt\u00e4\u00e4 mehun luonnollisen maun ja t\u00e4rke\u00e4t entsyymit. S\u00e4ilyvyyden parantamiseksi mehu past\u00f6roidaan kevyesti matalassa l\u00e4mp\u00f6tilassa, jolloin haitalliset mikro-organismit poistuvat mutta luonnolliset vitamiinit ja kivenn\u00e4isaineet s\u00e4ilyv\u00e4t mahdollisimman hyvin.<\/p>\n<p class=\"\" data-start=\"821\" data-end=\"883\"><strong data-start=\"821\" data-end=\"883\">Kvittenimehulla on monia k\u00e4ytt\u00f6tapoja ruoassa ja juomissa:<\/strong><\/p>\n<ul data-start=\"885\" data-end=\"1760\">\n<li class=\"\" data-start=\"885\" data-end=\"1021\">\n<p class=\"\" data-start=\"887\" data-end=\"1021\"><strong data-start=\"887\" data-end=\"916\">Cocktailit ja mocktailit:<\/strong> Lis\u00e4\u00e4 kvittenimehua cocktaileihin ja alkoholittomiin juomiin antamaan raikkaan sitrusmaisen vivahteen.<\/p>\n<\/li>\n<li class=\"\" data-start=\"1022\" data-end=\"1118\">\n<p class=\"\" data-start=\"1024\" data-end=\"1118\"><strong data-start=\"1024\" data-end=\"1037\">Makuvesi:<\/strong> Laimenna kvittenimehua vedell\u00e4 ja nauti virkist\u00e4v\u00e4n\u00e4 ja terveellisen\u00e4 juomana.<\/p>\n<\/li>\n<li class=\"\" data-start=\"1119\" data-end=\"1245\">\n<p class=\"\" data-start=\"1121\" data-end=\"1245\"><strong data-start=\"1121\" data-end=\"1144\">Maustetut j\u00e4\u00e4palat:<\/strong> Pakasta mehu j\u00e4\u00e4kuutioiksi ja k\u00e4yt\u00e4 juomien viilent\u00e4miseen samalla kun lis\u00e4\u00e4t kevytt\u00e4 hapokkuutta.<\/p>\n<\/li>\n<li class=\"\" data-start=\"1246\" data-end=\"1386\">\n<p class=\"\" data-start=\"1248\" data-end=\"1386\"><strong data-start=\"1248\" data-end=\"1265\">L\u00e4mmin juoma:<\/strong> Lis\u00e4\u00e4 kuumaan veteen hunajaa ja inkiv\u00e4\u00e4ri\u00e4 kvittenimehulla maustettuna \u2013 erinomainen l\u00e4mmitt\u00e4v\u00e4 juoma flunssan aikana.<\/p>\n<\/li>\n<li class=\"\" data-start=\"1387\" data-end=\"1490\">\n<p class=\"\" data-start=\"1389\" data-end=\"1490\"><strong data-start=\"1389\" data-end=\"1403\">Marinadit:<\/strong> K\u00e4yt\u00e4 liha-, kala- tai kasvismarinadeissa hapokkaan ja aromaattisen maun tuomiseksi.<\/p>\n<\/li>\n<li class=\"\" data-start=\"1491\" data-end=\"1631\">\n<p class=\"\" data-start=\"1493\" data-end=\"1631\"><strong data-start=\"1493\" data-end=\"1510\">Leivonnaiset:<\/strong> Lis\u00e4\u00e4 mehua muffinien, kakkujen ja muiden leivonnaisten taikinaan makeuden tasapainottamiseksi ja maun syvent\u00e4miseksi.<\/p>\n<\/li>\n<li class=\"\" data-start=\"1632\" data-end=\"1760\">\n<p class=\"\" data-start=\"1634\" data-end=\"1760\"><strong data-start=\"1634\" data-end=\"1654\">Kotikosmetiikka:<\/strong> K\u00e4yt\u00e4 mehua kasvonaamioissa ja kasvovesiss\u00e4 sen antioksidanttisten ja virkist\u00e4vien ominaisuuksien vuoksi.<\/p>\n<\/li>\n<\/ul>\n<p class=\"\" data-start=\"1762\" data-end=\"1822\">Kokeile rohkeasti uusia reseptej\u00e4 ja anna luovuutesi lent\u00e4\u00e4!<\/p>\n\t\t\t\t\t\t\t\t<\/div>\n\t\t\t\t<\/div>\n\t\t\t\t\t<\/div>\n\t\t<\/div>\n\t\t\t\t\t<\/div>\n\t\t<\/section>\n\t\t\t\t<\/div>\n\t\t","protected":false},"excerpt":{"rendered":"<p>Langemaan kvittenimehu on 100 % mehua \u2013 ilman lis\u00e4tty\u00e4 sokeria tai s\u00e4il\u00f6nt\u00e4aineita. Kylm\u00e4puristusmenetelm\u00e4 s\u00e4ilytt\u00e4\u00e4 mehun korkean C-vitamiinipitoisuuden ja luonnolliset mineraalit.<\/p>\n<p>Pakkaus: 1 litran mehupussi hanalla, joka on ilmatiiviisti suljettava.<\/p>\n","protected":false},"featured_media":992531,"template":"","meta":{"om_disable_all_campaigns":false,"_uf_show_specific_survey":0,"_uf_disable_surveys":false},"product_brand":[],"product_cat":[165],"product_tag":[159,160],"class_list":{"0":"post-992529","1":"product","2":"type-product","3":"status-publish","4":"has-post-thumbnail","6":"product_cat-mehut","7":"product_tag-2023-fi","8":"product_tag-ebakudoonia-fi","10":"first","11":"instock","12":"taxable","13":"shipping-taxable","14":"purchasable","15":"product-type-simple"},"aioseo_notices":[],"_links":{"self":[{"href":"https:\/\/langemaa.ee\/fi\/wp-json\/wp\/v2\/product\/992529","targetHints":{"allow":["GET"]}}],"collection":[{"href":"https:\/\/langemaa.ee\/fi\/wp-json\/wp\/v2\/product"}],"about":[{"href":"https:\/\/langemaa.ee\/fi\/wp-json\/wp\/v2\/types\/product"}],"version-history":[{"count":3,"href":"https:\/\/langemaa.ee\/fi\/wp-json\/wp\/v2\/product\/992529\/revisions"}],"predecessor-version":[{"id":993038,"href":"https:\/\/langemaa.ee\/fi\/wp-json\/wp\/v2\/product\/992529\/revisions\/993038"}],"wp:featuredmedia":[{"embeddable":true,"href":"https:\/\/langemaa.ee\/fi\/wp-json\/wp\/v2\/media\/992531"}],"wp:attachment":[{"href":"https:\/\/langemaa.ee\/fi\/wp-json\/wp\/v2\/media?parent=992529"}],"wp:term":[{"taxonomy":"product_brand","embeddable":true,"href":"https:\/\/langemaa.ee\/fi\/wp-json\/wp\/v2\/product_brand?post=992529"},{"taxonomy":"product_cat","embeddable":true,"href":"https:\/\/langemaa.ee\/fi\/wp-json\/wp\/v2\/product_cat?post=992529"},{"taxonomy":"product_tag","embeddable":true,"href":"https:\/\/langemaa.ee\/fi\/wp-json\/wp\/v2\/product_tag?post=992529"}],"curies":[{"name":"wp","href":"https:\/\/api.w.org\/{rel}","templated":true}]}}