{"id":992526,"date":"2020-08-11T13:05:40","date_gmt":"2020-08-11T13:05:40","guid":{"rendered":"https:\/\/langemaa.ee\/toode\/ebakudooniapulber-100g\/"},"modified":"2025-08-05T12:03:07","modified_gmt":"2025-08-05T09:03:07","slug":"ebakudooniapulber-100g","status":"publish","type":"product","link":"https:\/\/langemaa.ee\/fi\/toode\/ebakudooniapulber-100g\/","title":{"rendered":"LANGEMAA Japaninkvittenijauhe"},"content":{"rendered":"\t\t<div data-elementor-type=\"product-post\" data-elementor-id=\"992526\" class=\"elementor elementor-992526\" data-elementor-post-type=\"product\">\n\t\t\t\t\t\t<section class=\"elementor-section elementor-top-section elementor-element elementor-element-a9523f4 elementor-section-boxed elementor-section-height-default elementor-section-height-default\" data-id=\"a9523f4\" data-element_type=\"section\">\n\t\t\t\t\t\t<div class=\"elementor-container elementor-column-gap-default\">\n\t\t\t\t\t<div class=\"elementor-column elementor-col-100 elementor-top-column elementor-element elementor-element-a9f65c3\" data-id=\"a9f65c3\" data-element_type=\"column\">\n\t\t\t<div class=\"elementor-widget-wrap elementor-element-populated\">\n\t\t\t\t\t\t<div class=\"elementor-element elementor-element-7fbd38f elementor-widget elementor-widget-heading\" data-id=\"7fbd38f\" data-element_type=\"widget\" data-widget_type=\"heading.default\">\n\t\t\t\t<div class=\"elementor-widget-container\">\n\t\t\t\t\t<h5 class=\"elementor-heading-title elementor-size-default\">Tuotetiedot<\/h5>\t\t\t\t<\/div>\n\t\t\t\t<\/div>\n\t\t\t\t<div class=\"elementor-element elementor-element-1d0a7d9 elementor-widget elementor-widget-text-editor\" data-id=\"1d0a7d9\" data-element_type=\"widget\" data-widget_type=\"text-editor.default\">\n\t\t\t\t<div class=\"elementor-widget-container\">\n\t\t\t\t\t\t\t\t\t<p><strong>Sadonkorjuuaika:<\/strong> Syyskuu<br \/>\n<strong>Kvittenilajike:<\/strong> Japaninkvitteni (<em>Chaenomeles cathayensis<\/em>)<\/p>\n<p><strong>Valmistustapa:<\/strong> Kylm\u00e4puristus, kuivaus<\/p>\n<p><strong>Ravintoarvot \/ 100 g:<\/strong><br \/>\n<strong>Energiaa:<\/strong> 1688 kJ \/ 400 kcal<br \/>\n<strong>Hiilihydraatteja (joista sokereita):<\/strong> 68,9 g (4,2 g)<br \/>\n<strong>Rasvaa:<\/strong> 7,72 g<br \/>\n<strong>Proteiinia:<\/strong> 13,59 g<br \/>\n<strong>C-vitamiinia (askorbiinihappoa):<\/strong> 0,2 g<\/p>\n\t\t\t\t\t\t\t\t<\/div>\n\t\t\t\t<\/div>\n\t\t\t\t<div class=\"elementor-element elementor-element-e0e61f0 elementor-widget elementor-widget-heading\" data-id=\"e0e61f0\" data-element_type=\"widget\" data-widget_type=\"heading.default\">\n\t\t\t\t<div class=\"elementor-widget-container\">\n\t\t\t\t\t<h5 class=\"elementor-heading-title elementor-size-default\">Lis\u00e4tietoja<\/h5>\t\t\t\t<\/div>\n\t\t\t\t<\/div>\n\t\t\t\t<div class=\"elementor-element elementor-element-0a8b11e elementor-widget elementor-widget-text-editor\" data-id=\"0a8b11e\" data-element_type=\"widget\" data-widget_type=\"text-editor.default\">\n\t\t\t\t<div class=\"elementor-widget-container\">\n\t\t\t\t\t\t\t\t\t<p>Langemaan japaninkvittenijauhe on valmistettu japaninkvittenin hedelmist\u00e4, jotka on kasvatettu luonnonmukaisesti omassa aurinkoisessa Etel\u00e4-Viron viljelm\u00e4ss\u00e4mme.<\/p>\n<p>Korkean C-vitamiinipitoisuutensa, hapokkuutensa ja kirkkaankeltaisen v\u00e4rins\u00e4 vuoksi kvitteni\u00e4 kutsutaan kansankieless\u00e4 my\u00f6s &#8221;Pohjolan sitruunaksi&#8221;.<\/p>\n<p>Japaninkvitteni on terveellinen valinta, joka tukee immuunij\u00e4rjestelm\u00e4\u00e4, ruoansulatusta, syd\u00e4men terveytt\u00e4 ja ihonhoitoa. Se on v\u00e4h\u00e4kalorinen ja edist\u00e4\u00e4 painonhallintaa sek\u00e4 aineenvaihdunnan vilkastumista.<\/p>\n<p>K\u00e4yt\u00e4mme kylm\u00e4puristus- ja kuivausmenetelm\u00e4\u00e4, jotta jauheeseen s\u00e4ilyy mahdollisimman paljon luonnollisia vitamiineja ja kivenn\u00e4isaineita.<\/p>\n<p><strong>Japaninkvittenijauheella on lukuisia k\u00e4ytt\u00f6mahdollisuuksia:<\/strong><\/p>\n<ul>\n<li><strong>Makuvesi:<\/strong> Lis\u00e4\u00e4 kannulliseen vett\u00e4 kvittenijauhetta sitruunan sijaan ja nauti virkist\u00e4v\u00e4n\u00e4, terveellisen\u00e4 juomana.<\/li>\n<li><strong>Smoothiet:<\/strong> Lis\u00e4\u00e4 1 teelusikallinen t\u00e4t\u00e4 virolaista superfoodia smoothieen \u2013 se on erinomainen C-vitamiinin l\u00e4hde ja sis\u00e4lt\u00e4\u00e4 antioksidantteja, orgaanisia happoja ja entsyymej\u00e4, jotka tukevat ruoansulatusta.<\/li>\n<li><strong>Marinadit:<\/strong> K\u00e4yt\u00e4 liha-, kala- tai kasvismarinadeissa tuomaan hapokasta ja aromaattista makua.<\/li>\n<li><strong>Leivonnaiset:<\/strong> Lis\u00e4\u00e4 taikinaan, kuten muffineihin tai kakkuihin, tuomaan makuun tasapainoa ja luonnollista kellert\u00e4v\u00e4\u00e4 s\u00e4vy\u00e4.<\/li>\n<li><strong>Kotikosmetiikka:<\/strong> K\u00e4yt\u00e4 kasvonaamioissa ja kasvovesiss\u00e4 sen antioksidanttisten ja virkist\u00e4vien ominaisuuksien hy\u00f6dynt\u00e4miseksi.<\/li>\n<\/ul>\n<p>Kokeile rohkeasti uusia reseptej\u00e4 ja anna luovuutesi lent\u00e4\u00e4!<\/p>\n\t\t\t\t\t\t\t\t<\/div>\n\t\t\t\t<\/div>\n\t\t\t\t<section class=\"elementor-section elementor-inner-section elementor-element elementor-element-370dc58 elementor-section-boxed elementor-section-height-default elementor-section-height-default\" data-id=\"370dc58\" data-element_type=\"section\">\n\t\t\t\t\t\t<div class=\"elementor-container elementor-column-gap-default\">\n\t\t\t\t\t<div class=\"elementor-column elementor-col-100 elementor-inner-column elementor-element elementor-element-66b37c8\" data-id=\"66b37c8\" data-element_type=\"column\">\n\t\t\t<div class=\"elementor-widget-wrap elementor-element-populated\">\n\t\t\t\t\t\t\t<\/div>\n\t\t<\/div>\n\t\t\t\t\t<\/div>\n\t\t<\/section>\n\t\t\t\t\t<\/div>\n\t\t<\/div>\n\t\t\t\t\t<\/div>\n\t\t<\/section>\n\t\t\t\t<\/div>\n\t\t","protected":false},"excerpt":{"rendered":"<p>Langemaan japaninkvittenijauhe on 100 % luonnollinen marjajauhe ilman s\u00e4il\u00f6nt\u00e4- ja lis\u00e4aineita. Kylm\u00e4puristus- ja kuivausprosessi s\u00e4ilytt\u00e4\u00e4 hedelmien luonnolliset vitamiinit, mineraalit ja antioksidantit, tarjoten ravintorikasta ja terveellist\u00e4 raakaravintoa.<\/p>\n<p>Pakkaus: uudelleensuljettava pakkaus, 100 g.<\/p>\n","protected":false},"featured_media":992528,"template":"","meta":{"om_disable_all_campaigns":false,"_uf_show_specific_survey":0,"_uf_disable_surveys":false},"product_brand":[],"product_cat":[165],"product_tag":[159,160],"class_list":{"0":"post-992526","1":"product","2":"type-product","3":"status-publish","4":"has-post-thumbnail","6":"product_cat-mehut","7":"product_tag-2023-fi","8":"product_tag-ebakudoonia-fi","10":"first","11":"outofstock","12":"taxable","13":"shipping-taxable","14":"purchasable","15":"product-type-simple"},"aioseo_notices":[],"_links":{"self":[{"href":"https:\/\/langemaa.ee\/fi\/wp-json\/wp\/v2\/product\/992526","targetHints":{"allow":["GET"]}}],"collection":[{"href":"https:\/\/langemaa.ee\/fi\/wp-json\/wp\/v2\/product"}],"about":[{"href":"https:\/\/langemaa.ee\/fi\/wp-json\/wp\/v2\/types\/product"}],"version-history":[{"count":5,"href":"https:\/\/langemaa.ee\/fi\/wp-json\/wp\/v2\/product\/992526\/revisions"}],"predecessor-version":[{"id":996016,"href":"https:\/\/langemaa.ee\/fi\/wp-json\/wp\/v2\/product\/992526\/revisions\/996016"}],"wp:featuredmedia":[{"embeddable":true,"href":"https:\/\/langemaa.ee\/fi\/wp-json\/wp\/v2\/media\/992528"}],"wp:attachment":[{"href":"https:\/\/langemaa.ee\/fi\/wp-json\/wp\/v2\/media?parent=992526"}],"wp:term":[{"taxonomy":"product_brand","embeddable":true,"href":"https:\/\/langemaa.ee\/fi\/wp-json\/wp\/v2\/product_brand?post=992526"},{"taxonomy":"product_cat","embeddable":true,"href":"https:\/\/langemaa.ee\/fi\/wp-json\/wp\/v2\/product_cat?post=992526"},{"taxonomy":"product_tag","embeddable":true,"href":"https:\/\/langemaa.ee\/fi\/wp-json\/wp\/v2\/product_tag?post=992526"}],"curies":[{"name":"wp","href":"https:\/\/api.w.org\/{rel}","templated":true}]}}