{"id":992519,"date":"2020-08-11T14:13:45","date_gmt":"2020-08-11T14:13:45","guid":{"rendered":"https:\/\/langemaa.ee\/toode\/suur-pudelivaagen\/"},"modified":"2025-05-20T14:17:50","modified_gmt":"2025-05-20T11:17:50","slug":"suur-pudelivaagen","status":"publish","type":"product","link":"https:\/\/langemaa.ee\/fi\/toode\/suur-pudelivaagen\/","title":{"rendered":"LANGEMAA Suuri pullotarjotin"},"content":{"rendered":"\t\t<div data-elementor-type=\"product-post\" data-elementor-id=\"992519\" class=\"elementor elementor-992519 elementor-6586\" data-elementor-post-type=\"product\">\n\t\t\t\t\t\t<section class=\"elementor-section elementor-top-section elementor-element elementor-element-f3d0078 elementor-section-boxed elementor-section-height-default elementor-section-height-default\" data-id=\"f3d0078\" data-element_type=\"section\">\n\t\t\t\t\t\t<div class=\"elementor-container elementor-column-gap-default\">\n\t\t\t\t\t<div class=\"elementor-column elementor-col-100 elementor-top-column elementor-element elementor-element-e0adb3f\" data-id=\"e0adb3f\" data-element_type=\"column\">\n\t\t\t<div class=\"elementor-widget-wrap elementor-element-populated\">\n\t\t\t\t\t\t<div class=\"elementor-element elementor-element-4acd1eb elementor-widget elementor-widget-heading\" data-id=\"4acd1eb\" data-element_type=\"widget\" data-widget_type=\"heading.default\">\n\t\t\t\t<div class=\"elementor-widget-container\">\n\t\t\t\t\t<h5 class=\"elementor-heading-title elementor-size-default\">Lis\u00e4tiedot:<\/h5>\t\t\t\t<\/div>\n\t\t\t\t<\/div>\n\t\t\t\t<div class=\"elementor-element elementor-element-b463b63 elementor-widget elementor-widget-text-editor\" data-id=\"b463b63\" data-element_type=\"widget\" data-widget_type=\"text-editor.default\">\n\t\t\t\t<div class=\"elementor-widget-container\">\n\t\t\t\t\t\t\t\t\t<p><strong>Lis\u00e4tiedot:<\/strong><br \/>\n<strong>Lasitarjottimen mitat:<\/strong> leveys 14 cm, pituus 34 cm, syvyys 2 cm<br \/>\n<strong>Lahjarasian mitat:<\/strong> 17 x 40 x 4,5 cm<br \/>\n<strong>Materiaali:<\/strong> vihre\u00e4 lasipullo, viinikorkilla<\/p>\n\t\t\t\t\t\t\t\t<\/div>\n\t\t\t\t<\/div>\n\t\t\t\t<section class=\"elementor-section elementor-inner-section elementor-element elementor-element-9b2de27 elementor-section-boxed elementor-section-height-default elementor-section-height-default\" data-id=\"9b2de27\" data-element_type=\"section\">\n\t\t\t\t\t\t<div class=\"elementor-container elementor-column-gap-default\">\n\t\t\t\t\t<div class=\"elementor-column elementor-col-100 elementor-inner-column elementor-element elementor-element-046c9dc\" data-id=\"046c9dc\" data-element_type=\"column\">\n\t\t\t<div class=\"elementor-widget-wrap elementor-element-populated\">\n\t\t\t\t\t\t\t<\/div>\n\t\t<\/div>\n\t\t\t\t\t<\/div>\n\t\t<\/section>\n\t\t\t\t\t<\/div>\n\t\t<\/div>\n\t\t\t\t\t<\/div>\n\t\t<\/section>\n\t\t\t\t<\/div>\n\t\t","protected":false},"excerpt":{"rendered":"<p>Magnum-viinipullosta valmistettu lasinen tarjoiluvati, mitat 14 x 34 cm. T\u00e4m\u00e4n lasivadin ainutlaatuinen pullon muoto tuo persoonallisuutta jokaiseen kattaukseen ja sen koko sopii t\u00e4ydellisesti erilaisten naposteltavien, juustojen tai hedelmien tarjoiluun. Pakattu lahjarasiaan.<\/p>\n","protected":false},"featured_media":992521,"template":"","meta":{"om_disable_all_campaigns":false,"_uf_show_specific_survey":0,"_uf_disable_surveys":false},"product_brand":[],"product_cat":[166],"product_tag":[],"class_list":{"0":"post-992519","1":"product","2":"type-product","3":"status-publish","4":"has-post-thumbnail","6":"product_cat-lahjat","8":"first","9":"instock","10":"taxable","11":"shipping-taxable","12":"purchasable","13":"product-type-simple"},"aioseo_notices":[],"_links":{"self":[{"href":"https:\/\/langemaa.ee\/fi\/wp-json\/wp\/v2\/product\/992519","targetHints":{"allow":["GET"]}}],"collection":[{"href":"https:\/\/langemaa.ee\/fi\/wp-json\/wp\/v2\/product"}],"about":[{"href":"https:\/\/langemaa.ee\/fi\/wp-json\/wp\/v2\/types\/product"}],"version-history":[{"count":3,"href":"https:\/\/langemaa.ee\/fi\/wp-json\/wp\/v2\/product\/992519\/revisions"}],"predecessor-version":[{"id":993010,"href":"https:\/\/langemaa.ee\/fi\/wp-json\/wp\/v2\/product\/992519\/revisions\/993010"}],"wp:featuredmedia":[{"embeddable":true,"href":"https:\/\/langemaa.ee\/fi\/wp-json\/wp\/v2\/media\/992521"}],"wp:attachment":[{"href":"https:\/\/langemaa.ee\/fi\/wp-json\/wp\/v2\/media?parent=992519"}],"wp:term":[{"taxonomy":"product_brand","embeddable":true,"href":"https:\/\/langemaa.ee\/fi\/wp-json\/wp\/v2\/product_brand?post=992519"},{"taxonomy":"product_cat","embeddable":true,"href":"https:\/\/langemaa.ee\/fi\/wp-json\/wp\/v2\/product_cat?post=992519"},{"taxonomy":"product_tag","embeddable":true,"href":"https:\/\/langemaa.ee\/fi\/wp-json\/wp\/v2\/product_tag?post=992519"}],"curies":[{"name":"wp","href":"https:\/\/api.w.org\/{rel}","templated":true}]}}