{"id":992515,"date":"2020-08-11T14:07:05","date_gmt":"2020-08-11T14:07:05","guid":{"rendered":"https:\/\/langemaa.ee\/?post_type=product&#038;p=992515"},"modified":"2025-06-21T10:43:36","modified_gmt":"2025-06-21T07:43:36","slug":"langemaa-omenamehu-3x3l","status":"publish","type":"product","link":"https:\/\/langemaa.ee\/fi\/toode\/langemaa-omenamehu-3x3l\/","title":{"rendered":"LANGEMAA Omenamehu 3x3L"},"content":{"rendered":"\t\t<div data-elementor-type=\"product-post\" data-elementor-id=\"992515\" class=\"elementor elementor-992515 elementor-6574\" data-elementor-post-type=\"product\">\n\t\t\t\t\t\t<section class=\"elementor-section elementor-top-section elementor-element elementor-element-60dbbf3 elementor-section-boxed elementor-section-height-default elementor-section-height-default\" data-id=\"60dbbf3\" data-element_type=\"section\">\n\t\t\t\t\t\t<div class=\"elementor-container elementor-column-gap-default\">\n\t\t\t\t\t<div class=\"elementor-column elementor-col-100 elementor-top-column elementor-element elementor-element-2fe543f\" data-id=\"2fe543f\" data-element_type=\"column\">\n\t\t\t<div class=\"elementor-widget-wrap elementor-element-populated\">\n\t\t\t\t\t\t<div class=\"elementor-element elementor-element-b37671f elementor-widget elementor-widget-heading\" data-id=\"b37671f\" data-element_type=\"widget\" data-widget_type=\"heading.default\">\n\t\t\t\t<div class=\"elementor-widget-container\">\n\t\t\t\t\t<h5 class=\"elementor-heading-title elementor-size-default\">Tuotetiedot<\/h5>\t\t\t\t<\/div>\n\t\t\t\t<\/div>\n\t\t\t\t<div class=\"elementor-element elementor-element-055ecd3 elementor-widget elementor-widget-text-editor\" data-id=\"055ecd3\" data-element_type=\"widget\" data-widget_type=\"text-editor.default\">\n\t\t\t\t<div class=\"elementor-widget-container\">\n\t\t\t\t\t\t\t\t\t<p><strong>Omenien sadonkorjuuaika:<\/strong> Syys\u2013lokakuu<br \/>\n<strong>Omenalajikkeet:<\/strong> S\u00fcgisdessert, Talvenauding, Tiina, Liivika, Kuku<\/p>\n<p><strong>Valmistustapa:<\/strong> Kylm\u00e4puristus, kevyt past\u00f6rointi<\/p>\n<p><strong>Ravintosis\u00e4lt\u00f6 \/ 100 g:<\/strong><br \/>\nEnergiaa: 116 kJ \/ 39 kcal<br \/>\nHiilihydraatteja (joista sokereita): 9,2 g (9,2 g)<br \/>\nRasvaa: 0,1 g<br \/>\nProteiinia: 0,1 g<\/p>\n\t\t\t\t\t\t\t\t<\/div>\n\t\t\t\t<\/div>\n\t\t\t\t<div class=\"elementor-element elementor-element-b36cd20 elementor-widget elementor-widget-heading\" data-id=\"b36cd20\" data-element_type=\"widget\" data-widget_type=\"heading.default\">\n\t\t\t\t<div class=\"elementor-widget-container\">\n\t\t\t\t\t<h5 class=\"elementor-heading-title elementor-size-default\">Lis\u00e4tietoja<\/h5>\t\t\t\t<\/div>\n\t\t\t\t<\/div>\n\t\t\t\t<div class=\"elementor-element elementor-element-4c9f59f elementor-widget elementor-widget-text-editor\" data-id=\"4c9f59f\" data-element_type=\"widget\" data-widget_type=\"text-editor.default\">\n\t\t\t\t<div class=\"elementor-widget-container\">\n\t\t\t\t\t\t\t\t\t<p>Langemaan Omenamehu on valmistettu parhaista virolaisista omenalajikkeista, jotka on kasvatettu luonnonmukaisesti omassa aurinkoisessa omenatarhassamme. Kaikki alkaa omenoiden k\u00e4sin poimimisella, jotta voidaan taata jokaisen hedelm\u00e4n paras mahdollinen laatu \u2013 omenoiden tulee olla kypsi\u00e4, ehji\u00e4 ja virheett\u00f6mi\u00e4.<\/p>\n<p>K\u00e4yt\u00e4mme kylm\u00e4puristusmenetelm\u00e4\u00e4, koska se s\u00e4ilytt\u00e4\u00e4 omenoiden luonnollisen maun ja t\u00e4rke\u00e4t entsyymit. Pidemm\u00e4n s\u00e4ilyvyyden varmistamiseksi mehu past\u00f6roidaan matalassa l\u00e4mp\u00f6tilassa, jolloin haitalliset mikro-organismit poistuvat, mutta mahdollisimman suuri osa luonnollisista vitamiineista ja kivenn\u00e4isaineista s\u00e4ilyy.<\/p>\n<p>Langemaan Omenamehu sopii t\u00e4ydellisesti niin p\u00e4ivitt\u00e4iseen k\u00e4ytt\u00f6\u00f6n kuin juhlap\u00f6yt\u00e4\u00e4nkin. Tarjoa perheellesi ja yst\u00e4villesi terveellinen vaihtoehto, joka on t\u00e4ynn\u00e4 luonnollista hyvyytt\u00e4.<\/p>\n<p>Maista Langemaan Omenamehua \u2013 ja tunne ero!<\/p>\n\t\t\t\t\t\t\t\t<\/div>\n\t\t\t\t<\/div>\n\t\t\t\t<section class=\"elementor-section elementor-inner-section elementor-element elementor-element-5395a83 elementor-section-boxed elementor-section-height-default elementor-section-height-default\" data-id=\"5395a83\" data-element_type=\"section\">\n\t\t\t\t\t\t<div class=\"elementor-container elementor-column-gap-default\">\n\t\t\t\t\t<div class=\"elementor-column elementor-col-100 elementor-inner-column elementor-element elementor-element-16c07fe\" data-id=\"16c07fe\" data-element_type=\"column\">\n\t\t\t<div class=\"elementor-widget-wrap elementor-element-populated\">\n\t\t\t\t\t\t\t<\/div>\n\t\t<\/div>\n\t\t\t\t\t<\/div>\n\t\t<\/section>\n\t\t\t\t\t<\/div>\n\t\t<\/div>\n\t\t\t\t\t<\/div>\n\t\t<\/section>\n\t\t\t\t<\/div>\n\t\t","protected":false},"excerpt":{"rendered":"<p>Langemaan Omenamehu on 100 % mehua \u2013 ilman lis\u00e4tty\u00e4 sokeria tai s\u00e4il\u00f6nt\u00e4aineita. Kylm\u00e4puristusmenetelm\u00e4 s\u00e4ilytt\u00e4\u00e4 kaikki omenoiden luonnolliset vitamiinit, mineraalit ja antioksidantit.<\/p>\n<p>Pakkaus: Bag-in-Box mehupussi hanalla, 3 litraa. <strong>Laatikossa 3 x 3 litran pakkausta.<\/strong><\/p>\n","protected":false},"featured_media":996320,"template":"","meta":{"om_disable_all_campaigns":false,"_uf_show_specific_survey":0,"_uf_disable_surveys":false},"product_brand":[],"product_cat":[165],"product_tag":[159,169],"class_list":{"0":"post-992515","1":"product","2":"type-product","3":"status-publish","4":"has-post-thumbnail","6":"product_cat-mehut","7":"product_tag-2023-fi","8":"product_tag-magus-fi","10":"first","11":"outofstock","12":"taxable","13":"shipping-taxable","14":"purchasable","15":"product-type-simple"},"aioseo_notices":[],"_links":{"self":[{"href":"https:\/\/langemaa.ee\/fi\/wp-json\/wp\/v2\/product\/992515","targetHints":{"allow":["GET"]}}],"collection":[{"href":"https:\/\/langemaa.ee\/fi\/wp-json\/wp\/v2\/product"}],"about":[{"href":"https:\/\/langemaa.ee\/fi\/wp-json\/wp\/v2\/types\/product"}],"version-history":[{"count":5,"href":"https:\/\/langemaa.ee\/fi\/wp-json\/wp\/v2\/product\/992515\/revisions"}],"predecessor-version":[{"id":995799,"href":"https:\/\/langemaa.ee\/fi\/wp-json\/wp\/v2\/product\/992515\/revisions\/995799"}],"wp:featuredmedia":[{"embeddable":true,"href":"https:\/\/langemaa.ee\/fi\/wp-json\/wp\/v2\/media\/996320"}],"wp:attachment":[{"href":"https:\/\/langemaa.ee\/fi\/wp-json\/wp\/v2\/media?parent=992515"}],"wp:term":[{"taxonomy":"product_brand","embeddable":true,"href":"https:\/\/langemaa.ee\/fi\/wp-json\/wp\/v2\/product_brand?post=992515"},{"taxonomy":"product_cat","embeddable":true,"href":"https:\/\/langemaa.ee\/fi\/wp-json\/wp\/v2\/product_cat?post=992515"},{"taxonomy":"product_tag","embeddable":true,"href":"https:\/\/langemaa.ee\/fi\/wp-json\/wp\/v2\/product_tag?post=992515"}],"curies":[{"name":"wp","href":"https:\/\/api.w.org\/{rel}","templated":true}]}}