{"id":992507,"date":"2020-08-11T13:21:14","date_gmt":"2020-08-11T13:21:14","guid":{"rendered":"https:\/\/langemaa.ee\/?post_type=product&#038;p=992507"},"modified":"2025-11-24T21:00:56","modified_gmt":"2025-11-24T19:00:56","slug":"langemaa-gin-lahjasetti","status":"publish","type":"product","link":"https:\/\/langemaa.ee\/fi\/toode\/langemaa-gin-lahjasetti\/","title":{"rendered":"Langemaa GIN Lahjasetti"},"content":{"rendered":"\t\t<div data-elementor-type=\"product-post\" data-elementor-id=\"992507\" class=\"elementor elementor-992507 elementor-6556\" data-elementor-post-type=\"product\">\n\t\t\t\t\t\t<section class=\"elementor-section elementor-top-section elementor-element elementor-element-d240ba2 elementor-section-boxed elementor-section-height-default elementor-section-height-default\" data-id=\"d240ba2\" data-element_type=\"section\">\n\t\t\t\t\t\t<div class=\"elementor-container elementor-column-gap-default\">\n\t\t\t\t\t<div class=\"elementor-column elementor-col-100 elementor-top-column elementor-element elementor-element-7689df8\" data-id=\"7689df8\" data-element_type=\"column\">\n\t\t\t<div class=\"elementor-widget-wrap elementor-element-populated\">\n\t\t\t\t\t\t<div class=\"elementor-element elementor-element-9c26087 elementor-widget elementor-widget-heading\" data-id=\"9c26087\" data-element_type=\"widget\" data-widget_type=\"heading.default\">\n\t\t\t\t<div class=\"elementor-widget-container\">\n\t\t\t\t\t<h5 class=\"elementor-heading-title elementor-size-default\">Lis\u00e4tietoja<\/h5>\t\t\t\t<\/div>\n\t\t\t\t<\/div>\n\t\t\t\t<div class=\"elementor-element elementor-element-f7bf1c3 elementor-widget elementor-widget-text-editor\" data-id=\"f7bf1c3\" data-element_type=\"widget\" data-widget_type=\"text-editor.default\">\n\t\t\t\t<div class=\"elementor-widget-container\">\n\t\t\t\t\t\t\t\t\t<p>Langemaa GIN -lahjasetti sis\u00e4lt\u00e4\u00e4 <a href=\"https:\/\/langemaa.ee\/fi\/toode\/langemaa-gin\/\"><em>LANGEMAA-k\u00e4sity\u00f6ginin<\/em><\/a>, joka on virolaisen pientuottajan valmistama. Valitsemalla t\u00e4m\u00e4n lahjasetin osoitat huomaavaisuutta lahjansaajaa kohtaan ja tuet samalla kotimaista pienyritt\u00e4jyytt\u00e4 sek\u00e4 Viron taloutta.<\/p>\n<p>Lahjarasian mitat ovat 20 x 34 x 10 cm.<\/p>\n<p>GIN-lahjasetti on yksinkertainen ja tyylik\u00e4s tapa osoittaa kiitollisuutta ja juhlistaa erityisi\u00e4 hetki\u00e4.<\/p>\n\t\t\t\t\t\t\t\t<\/div>\n\t\t\t\t<\/div>\n\t\t\t\t<section class=\"elementor-section elementor-inner-section elementor-element elementor-element-33d65b2 elementor-section-boxed elementor-section-height-default elementor-section-height-default\" data-id=\"33d65b2\" data-element_type=\"section\">\n\t\t\t\t\t\t<div class=\"elementor-container elementor-column-gap-default\">\n\t\t\t\t\t<div class=\"elementor-column elementor-col-100 elementor-inner-column elementor-element elementor-element-71be8a0\" data-id=\"71be8a0\" data-element_type=\"column\">\n\t\t\t<div class=\"elementor-widget-wrap elementor-element-populated\">\n\t\t\t\t\t\t\t<\/div>\n\t\t<\/div>\n\t\t\t\t\t<\/div>\n\t\t<\/section>\n\t\t\t\t\t<\/div>\n\t\t<\/div>\n\t\t\t\t\t<\/div>\n\t\t<\/section>\n\t\t\t\t<\/div>\n\t\t","protected":false},"excerpt":{"rendered":"<p>Langemaa GIN -lahjasetti on erityinen lahja yritysten yhteisty\u00f6kumppaneille. Setti sis\u00e4lt\u00e4\u00e4 0,5 litran pullon k\u00e4sity\u00f6gini\u00e4 (vahvuus 45 % vol), joka on valmistettu Etel\u00e4-Virossa kasvatetuista japaninkvittenin hedelmist\u00e4 ja virolaisista katajanmarjoista, sek\u00e4 kaksi tyylik\u00e4st\u00e4 snapsilasia. Kaikki on pakattu kauniiseen lahjarasiaan, mik\u00e4 tekee lahjakokemuksesta unohtumattoman.<\/p>\n","protected":false},"featured_media":992535,"template":"","meta":{"om_disable_all_campaigns":false,"_uf_show_specific_survey":0,"_uf_disable_surveys":false},"product_brand":[],"product_cat":[167,166],"product_tag":[],"class_list":{"0":"post-992507","1":"product","2":"type-product","3":"status-publish","4":"has-post-thumbnail","6":"product_cat-likoorit","7":"product_cat-lahjat","9":"first","10":"instock","11":"taxable","12":"shipping-taxable","13":"purchasable","14":"product-type-simple"},"aioseo_notices":[],"_links":{"self":[{"href":"https:\/\/langemaa.ee\/fi\/wp-json\/wp\/v2\/product\/992507","targetHints":{"allow":["GET"]}}],"collection":[{"href":"https:\/\/langemaa.ee\/fi\/wp-json\/wp\/v2\/product"}],"about":[{"href":"https:\/\/langemaa.ee\/fi\/wp-json\/wp\/v2\/types\/product"}],"version-history":[{"count":4,"href":"https:\/\/langemaa.ee\/fi\/wp-json\/wp\/v2\/product\/992507\/revisions"}],"predecessor-version":[{"id":996147,"href":"https:\/\/langemaa.ee\/fi\/wp-json\/wp\/v2\/product\/992507\/revisions\/996147"}],"wp:featuredmedia":[{"embeddable":true,"href":"https:\/\/langemaa.ee\/fi\/wp-json\/wp\/v2\/media\/992535"}],"wp:attachment":[{"href":"https:\/\/langemaa.ee\/fi\/wp-json\/wp\/v2\/media?parent=992507"}],"wp:term":[{"taxonomy":"product_brand","embeddable":true,"href":"https:\/\/langemaa.ee\/fi\/wp-json\/wp\/v2\/product_brand?post=992507"},{"taxonomy":"product_cat","embeddable":true,"href":"https:\/\/langemaa.ee\/fi\/wp-json\/wp\/v2\/product_cat?post=992507"},{"taxonomy":"product_tag","embeddable":true,"href":"https:\/\/langemaa.ee\/fi\/wp-json\/wp\/v2\/product_tag?post=992507"}],"curies":[{"name":"wp","href":"https:\/\/api.w.org\/{rel}","templated":true}]}}