{"id":992505,"date":"2020-08-11T13:20:25","date_gmt":"2020-08-11T13:20:25","guid":{"rendered":"https:\/\/langemaa.ee\/?post_type=product&#038;p=992505"},"modified":"2025-11-24T21:04:07","modified_gmt":"2025-11-24T19:04:07","slug":"langemaa-gin-navy-lahjasetti","status":"publish","type":"product","link":"https:\/\/langemaa.ee\/fi\/toode\/langemaa-gin-navy-lahjasetti\/","title":{"rendered":"Langemaa GIN Navy Lahjasetti"},"content":{"rendered":"\t\t<div data-elementor-type=\"product-post\" data-elementor-id=\"992505\" class=\"elementor elementor-992505 elementor-6554\" data-elementor-post-type=\"product\">\n\t\t\t\t\t\t<section class=\"elementor-section elementor-top-section elementor-element elementor-element-3531a6f elementor-section-boxed elementor-section-height-default elementor-section-height-default\" data-id=\"3531a6f\" data-element_type=\"section\">\n\t\t\t\t\t\t<div class=\"elementor-container elementor-column-gap-default\">\n\t\t\t\t\t<div class=\"elementor-column elementor-col-100 elementor-top-column elementor-element elementor-element-34bd5f1\" data-id=\"34bd5f1\" data-element_type=\"column\">\n\t\t\t<div class=\"elementor-widget-wrap elementor-element-populated\">\n\t\t\t\t\t\t<div class=\"elementor-element elementor-element-30258a6 elementor-widget elementor-widget-heading\" data-id=\"30258a6\" data-element_type=\"widget\" data-widget_type=\"heading.default\">\n\t\t\t\t<div class=\"elementor-widget-container\">\n\t\t\t\t\t<h5 class=\"elementor-heading-title elementor-size-default\">Lis\u00e4tietoja<\/h5>\t\t\t\t<\/div>\n\t\t\t\t<\/div>\n\t\t\t\t<div class=\"elementor-element elementor-element-5a6e7eb elementor-widget elementor-widget-text-editor\" data-id=\"5a6e7eb\" data-element_type=\"widget\" data-widget_type=\"text-editor.default\">\n\t\t\t\t<div class=\"elementor-widget-container\">\n\t\t\t\t\t\t\t\t\t<p>Langemaa GIN NAVY -lahjasetti sis\u00e4lt\u00e4\u00e4 <a href=\"https:\/\/langemaa.ee\/fi\/toode\/gin-navy\/\"><em>LANGEMAAN Navy-k\u00e4sity\u00f6ginin<\/em><\/a>, joka on virolaisen pientuottajan valmistama. Valitsemalla t\u00e4m\u00e4n lahjasetin osoitat huomaavaisuutta lahjansaajaa kohtaan ja tuet samalla kotimaista pienyritt\u00e4jyytt\u00e4 ja Viron taloutta.<\/p>\n<p>Lahjarasian mitat ovat 20 x 34 x 10 cm.<\/p>\n<p>GIN NAVY -lahjasetti on yksinkertainen ja tyylik\u00e4s tapa osoittaa kiitollisuutta ja juhlistaa erityisi\u00e4 hetki\u00e4.<\/p>\n\t\t\t\t\t\t\t\t<\/div>\n\t\t\t\t<\/div>\n\t\t\t\t\t<\/div>\n\t\t<\/div>\n\t\t\t\t\t<\/div>\n\t\t<\/section>\n\t\t\t\t<\/div>\n\t\t","protected":false},"excerpt":{"rendered":"<p>Langemaa GIN NAVY -lahjasetti on erityinen lahja yritysten yhteisty\u00f6kumppaneille. Setti sis\u00e4lt\u00e4\u00e4 0,5 litran pullon k\u00e4sity\u00f6gini\u00e4 (vahvuus 59 % vol), joka on valmistettu Etel\u00e4-Virossa kasvatetuista japaninkvittenin hedelmist\u00e4 ja virolaisista katajanmarjoista, sek\u00e4 kaksi tyylik\u00e4st\u00e4 snapsilasia. Kaikki on pakattu kauniiseen lahjarasiaan, mik\u00e4 tekee lahjakokemuksesta unohtumattoman.<\/p>\n","protected":false},"featured_media":992533,"template":"","meta":{"om_disable_all_campaigns":false,"_uf_show_specific_survey":0,"_uf_disable_surveys":false},"product_brand":[],"product_cat":[167,166],"product_tag":[],"class_list":{"0":"post-992505","1":"product","2":"type-product","3":"status-publish","4":"has-post-thumbnail","6":"product_cat-likoorit","7":"product_cat-lahjat","9":"first","10":"instock","11":"taxable","12":"shipping-taxable","13":"purchasable","14":"product-type-simple"},"aioseo_notices":[],"_links":{"self":[{"href":"https:\/\/langemaa.ee\/fi\/wp-json\/wp\/v2\/product\/992505","targetHints":{"allow":["GET"]}}],"collection":[{"href":"https:\/\/langemaa.ee\/fi\/wp-json\/wp\/v2\/product"}],"about":[{"href":"https:\/\/langemaa.ee\/fi\/wp-json\/wp\/v2\/types\/product"}],"version-history":[{"count":4,"href":"https:\/\/langemaa.ee\/fi\/wp-json\/wp\/v2\/product\/992505\/revisions"}],"predecessor-version":[{"id":996153,"href":"https:\/\/langemaa.ee\/fi\/wp-json\/wp\/v2\/product\/992505\/revisions\/996153"}],"wp:featuredmedia":[{"embeddable":true,"href":"https:\/\/langemaa.ee\/fi\/wp-json\/wp\/v2\/media\/992533"}],"wp:attachment":[{"href":"https:\/\/langemaa.ee\/fi\/wp-json\/wp\/v2\/media?parent=992505"}],"wp:term":[{"taxonomy":"product_brand","embeddable":true,"href":"https:\/\/langemaa.ee\/fi\/wp-json\/wp\/v2\/product_brand?post=992505"},{"taxonomy":"product_cat","embeddable":true,"href":"https:\/\/langemaa.ee\/fi\/wp-json\/wp\/v2\/product_cat?post=992505"},{"taxonomy":"product_tag","embeddable":true,"href":"https:\/\/langemaa.ee\/fi\/wp-json\/wp\/v2\/product_tag?post=992505"}],"curies":[{"name":"wp","href":"https:\/\/api.w.org\/{rel}","templated":true}]}}