{"id":992498,"date":"2020-08-11T14:14:21","date_gmt":"2020-08-11T14:14:21","guid":{"rendered":"https:\/\/langemaa.ee\/toode\/mona-likoor\/"},"modified":"2025-12-26T17:25:02","modified_gmt":"2025-12-26T15:25:02","slug":"mona-likoor","status":"publish","type":"product","link":"https:\/\/langemaa.ee\/fi\/toode\/mona-likoor\/","title":{"rendered":"Langemaa MONA Mustaherukkalik\u00f6\u00f6ri"},"content":{"rendered":"\t\t<div data-elementor-type=\"product-post\" data-elementor-id=\"992498\" class=\"elementor elementor-992498 elementor-6588\" data-elementor-post-type=\"product\">\n\t\t\t\t\t\t<section class=\"elementor-section elementor-top-section elementor-element elementor-element-4a724e9 elementor-section-boxed elementor-section-height-default elementor-section-height-default\" data-id=\"4a724e9\" data-element_type=\"section\">\n\t\t\t\t\t\t<div class=\"elementor-container elementor-column-gap-default\">\n\t\t\t\t\t<div class=\"elementor-column elementor-col-100 elementor-top-column elementor-element elementor-element-47444e8\" data-id=\"47444e8\" data-element_type=\"column\">\n\t\t\t<div class=\"elementor-widget-wrap elementor-element-populated\">\n\t\t\t\t\t\t<div class=\"elementor-element elementor-element-a41be55 elementor-widget elementor-widget-heading\" data-id=\"a41be55\" data-element_type=\"widget\" data-widget_type=\"heading.default\">\n\t\t\t\t<div class=\"elementor-widget-container\">\n\t\t\t\t\t<h5 class=\"elementor-heading-title elementor-size-default\">Tuotetiedot<\/h5>\t\t\t\t<\/div>\n\t\t\t\t<\/div>\n\t\t\t\t<div class=\"elementor-element elementor-element-b683a2a elementor-widget elementor-widget-text-editor\" data-id=\"b683a2a\" data-element_type=\"widget\" data-widget_type=\"text-editor.default\">\n\t\t\t\t<div class=\"elementor-widget-container\">\n\t\t\t\t\t\t\t\t\t<p><strong>Sadonkorjuuaika:<\/strong> Elokuu<br data-start=\"23\" data-end=\"26\" \/><strong>Mustaherukkalajike:<\/strong> <em data-start=\"46\" data-end=\"60\">Ribes nigrum<\/em><br data-start=\"60\" data-end=\"63\" \/><strong>K\u00e4yminen:<\/strong> 12 kuukautta ruostumattomasta ter\u00e4ksest\u00e4 valmistetussa s\u00e4ili\u00f6ss\u00e4<br data-start=\"137\" data-end=\"140\" \/><strong>Alkoholi:<\/strong> 34 % vol<br data-start=\"158\" data-end=\"161\" \/><strong>Tilavuus:<\/strong> 500 ml<\/p>\n\t\t\t\t\t\t\t\t<\/div>\n\t\t\t\t<\/div>\n\t\t\t\t<div class=\"elementor-element elementor-element-e06087e elementor-widget elementor-widget-heading\" data-id=\"e06087e\" data-element_type=\"widget\" data-widget_type=\"heading.default\">\n\t\t\t\t<div class=\"elementor-widget-container\">\n\t\t\t\t\t<h5 class=\"elementor-heading-title elementor-size-default\">Lis\u00e4tietoja<\/h5>\t\t\t\t<\/div>\n\t\t\t\t<\/div>\n\t\t\t\t<div class=\"elementor-element elementor-element-17cc2e8 elementor-widget elementor-widget-text-editor\" data-id=\"17cc2e8\" data-element_type=\"widget\" data-widget_type=\"text-editor.default\">\n\t\t\t\t<div class=\"elementor-widget-container\">\n\t\t\t\t\t\t\t\t\t<p>Langemaan viinitilan mustaherukkalik\u00f6\u00f6ri tunnetaan intensiivisest\u00e4 ja syv\u00e4st\u00e4 maustaan.<\/p>\n<p>Huolellisesti valitut mustaherukat tuovat esiin miellytt\u00e4v\u00e4n makeuden ja kevyen hapokkuuden, ja maussa voi aistia my\u00f6s hienoista karvautta ja mausteisia vivahteita, jotka lis\u00e4\u00e4v\u00e4t lik\u00f6\u00f6rin syvyytt\u00e4.<\/p>\n<p>T\u00e4ydellinen p\u00e4\u00e4t\u00f6s illalliselle tai virkist\u00e4v\u00e4 seurustelujuoma nautittavaksi j\u00e4iden kanssa.<\/p>\n\t\t\t\t\t\t\t\t<\/div>\n\t\t\t\t<\/div>\n\t\t\t\t<section class=\"elementor-section elementor-inner-section elementor-element elementor-element-e5c4d81 elementor-section-boxed elementor-section-height-default elementor-section-height-default\" data-id=\"e5c4d81\" data-element_type=\"section\">\n\t\t\t\t\t\t<div class=\"elementor-container elementor-column-gap-default\">\n\t\t\t\t\t<div class=\"elementor-column elementor-col-33 elementor-inner-column elementor-element elementor-element-5f197c0\" data-id=\"5f197c0\" data-element_type=\"column\">\n\t\t\t<div class=\"elementor-widget-wrap\">\n\t\t\t\t\t\t\t<\/div>\n\t\t<\/div>\n\t\t\t\t<div class=\"elementor-column elementor-col-33 elementor-inner-column elementor-element elementor-element-b99595d\" data-id=\"b99595d\" data-element_type=\"column\">\n\t\t\t<div class=\"elementor-widget-wrap\">\n\t\t\t\t\t\t\t<\/div>\n\t\t<\/div>\n\t\t\t\t<div class=\"elementor-column elementor-col-33 elementor-inner-column elementor-element elementor-element-a65dc47\" data-id=\"a65dc47\" data-element_type=\"column\">\n\t\t\t<div class=\"elementor-widget-wrap\">\n\t\t\t\t\t\t\t<\/div>\n\t\t<\/div>\n\t\t\t\t\t<\/div>\n\t\t<\/section>\n\t\t\t\t<section class=\"elementor-section elementor-inner-section elementor-element elementor-element-074212b elementor-section-boxed elementor-section-height-default elementor-section-height-default\" data-id=\"074212b\" data-element_type=\"section\">\n\t\t\t\t\t\t<div class=\"elementor-container elementor-column-gap-default\">\n\t\t\t\t\t<div class=\"elementor-column elementor-col-100 elementor-inner-column elementor-element elementor-element-4bac080\" data-id=\"4bac080\" data-element_type=\"column\">\n\t\t\t<div class=\"elementor-widget-wrap elementor-element-populated\">\n\t\t\t\t\t\t<div class=\"elementor-element elementor-element-d5abab3 elementor-widget__width-initial elementor-widget-mobile__width-initial elementor-fixed elementor-hidden-tablet elementor-hidden-mobile elementor-widget elementor-widget-image\" data-id=\"d5abab3\" data-element_type=\"widget\" data-settings=\"{&quot;_position&quot;:&quot;fixed&quot;}\" data-widget_type=\"image.default\">\n\t\t\t\t<div class=\"elementor-widget-container\">\n\t\t\t\t\t\t\t\t\t<div class=\"elementor-image\">\n\t\t\t\t\t\t\t\t\t\t\t\t\t\t\t\t\t\t\t\t\t<img fetchpriority=\"high\" decoding=\"async\" width=\"308\" height=\"444\" src=\"https:\/\/langemaa.ee\/wp-content\/uploads\/2020\/08\/mustsostar.webp\" class=\"attachment-large size-large wp-image-994619\" alt=\"\" srcset=\"https:\/\/langemaa.ee\/wp-content\/uploads\/2020\/08\/mustsostar.webp 308w, https:\/\/langemaa.ee\/wp-content\/uploads\/2020\/08\/mustsostar-252x363.webp 252w, https:\/\/langemaa.ee\/wp-content\/uploads\/2020\/08\/mustsostar-208x300.webp 208w\" sizes=\"(max-width: 308px) 100vw, 308px\" \/>\t\t\t\t\t\t\t\t\t\t\t\t\t\t\t\t\t\t\t\t\t\t\t\t<\/div>\n\t\t\t\t\t\t\t\t<\/div>\n\t\t\t\t<\/div>\n\t\t\t\t\t<\/div>\n\t\t<\/div>\n\t\t\t\t\t<\/div>\n\t\t<\/section>\n\t\t\t\t\t<\/div>\n\t\t<\/div>\n\t\t\t\t\t<\/div>\n\t\t<\/section>\n\t\t\t\t<\/div>\n\t\t","protected":false},"excerpt":{"rendered":"<p>Luonnollinen k\u00e4sity\u00f6lik\u00f6\u00f6ri, joka on valmistettu Etel\u00e4-Viron pelloillamme kasvatetuista mustaherukoista. Makuun tuo syvyytt\u00e4 hienostunut makeus ja kevyt hapokkuus, jotka ovat tyypillisi\u00e4 juuri t\u00e4lle marjalle. Sopii erinomaisesti j\u00e4lkiruokien kanssa, joissa on tummaa suklaata tai kermainen t\u00e4yte. Suositellaan nautittavaksi j\u00e4iden kanssa.<\/p>\n","protected":false},"featured_media":992499,"template":"","meta":{"om_disable_all_campaigns":false,"_uf_show_specific_survey":0,"_uf_disable_surveys":false},"product_brand":[],"product_cat":[167,168],"product_tag":[159,169,170],"class_list":{"0":"post-992498","1":"product","2":"type-product","3":"status-publish","4":"has-post-thumbnail","6":"product_cat-likoorit","7":"product_cat-likoorid-fi","8":"product_tag-2023-fi","9":"product_tag-magus-fi","10":"product_tag-roosa-fi","12":"first","13":"outofstock","14":"taxable","15":"shipping-taxable","16":"purchasable","17":"product-type-simple"},"aioseo_notices":[],"_links":{"self":[{"href":"https:\/\/langemaa.ee\/fi\/wp-json\/wp\/v2\/product\/992498","targetHints":{"allow":["GET"]}}],"collection":[{"href":"https:\/\/langemaa.ee\/fi\/wp-json\/wp\/v2\/product"}],"about":[{"href":"https:\/\/langemaa.ee\/fi\/wp-json\/wp\/v2\/types\/product"}],"version-history":[{"count":5,"href":"https:\/\/langemaa.ee\/fi\/wp-json\/wp\/v2\/product\/992498\/revisions"}],"predecessor-version":[{"id":996113,"href":"https:\/\/langemaa.ee\/fi\/wp-json\/wp\/v2\/product\/992498\/revisions\/996113"}],"wp:featuredmedia":[{"embeddable":true,"href":"https:\/\/langemaa.ee\/fi\/wp-json\/wp\/v2\/media\/992499"}],"wp:attachment":[{"href":"https:\/\/langemaa.ee\/fi\/wp-json\/wp\/v2\/media?parent=992498"}],"wp:term":[{"taxonomy":"product_brand","embeddable":true,"href":"https:\/\/langemaa.ee\/fi\/wp-json\/wp\/v2\/product_brand?post=992498"},{"taxonomy":"product_cat","embeddable":true,"href":"https:\/\/langemaa.ee\/fi\/wp-json\/wp\/v2\/product_cat?post=992498"},{"taxonomy":"product_tag","embeddable":true,"href":"https:\/\/langemaa.ee\/fi\/wp-json\/wp\/v2\/product_tag?post=992498"}],"curies":[{"name":"wp","href":"https:\/\/api.w.org\/{rel}","templated":true}]}}