{"id":992493,"date":"2020-08-11T14:16:21","date_gmt":"2020-08-11T14:16:21","guid":{"rendered":"https:\/\/langemaa.ee\/toode\/hindrich\/"},"modified":"2025-09-19T11:28:40","modified_gmt":"2025-09-19T08:28:40","slug":"hindrich","status":"publish","type":"product","link":"https:\/\/langemaa.ee\/fi\/toode\/hindrich\/","title":{"rendered":"Langemaa HINDRICH Musta-aroniaviini"},"content":{"rendered":"\t\t<div data-elementor-type=\"product-post\" data-elementor-id=\"992493\" class=\"elementor elementor-992493 elementor-6591\" data-elementor-post-type=\"product\">\n\t\t\t\t\t\t<section class=\"elementor-section elementor-top-section elementor-element elementor-element-a1bbab8 elementor-section-boxed elementor-section-height-default elementor-section-height-default\" data-id=\"a1bbab8\" data-element_type=\"section\">\n\t\t\t\t\t\t<div class=\"elementor-container elementor-column-gap-default\">\n\t\t\t\t\t<div class=\"elementor-column elementor-col-100 elementor-top-column elementor-element elementor-element-768461d\" data-id=\"768461d\" data-element_type=\"column\">\n\t\t\t<div class=\"elementor-widget-wrap elementor-element-populated\">\n\t\t\t\t\t\t<div class=\"elementor-element elementor-element-bc21abe elementor-widget elementor-widget-heading\" data-id=\"bc21abe\" data-element_type=\"widget\" data-widget_type=\"heading.default\">\n\t\t\t\t<div class=\"elementor-widget-container\">\n\t\t\t\t\t<h5 class=\"elementor-heading-title elementor-size-default\">Tuotetiedot<\/h5>\t\t\t\t<\/div>\n\t\t\t\t<\/div>\n\t\t\t\t<div class=\"elementor-element elementor-element-c34c874 elementor-widget elementor-widget-text-editor\" data-id=\"c34c874\" data-element_type=\"widget\" data-widget_type=\"text-editor.default\">\n\t\t\t\t<div class=\"elementor-widget-container\">\n\t\t\t\t\t\t\t\t\t<p><strong>Sadonkorjuuaika:<\/strong> Syyskuu<br \/>\n<strong>Kypsytys:<\/strong> Ruostumattomasta ter\u00e4ksest\u00e4 valmistetussa s\u00e4ili\u00f6ss\u00e4 ja tammitynnyriss\u00e4<br \/>\n<strong>Viinin marjat<\/strong>: musta-aroniasta jalostettu lajike <em>Sorbaronia mitschurinii<\/em><br \/>\n<strong>Sis\u00e4lt\u00e4\u00e4 sulfiitteja<\/strong><br \/>\n<strong>Alkoholi:<\/strong> 12 % vol<br \/>\n<strong>Tilavuus:<\/strong> 750 ml<\/p>\n\t\t\t\t\t\t\t\t<\/div>\n\t\t\t\t<\/div>\n\t\t\t\t<div class=\"elementor-element elementor-element-d44e41d elementor-widget elementor-widget-heading\" data-id=\"d44e41d\" data-element_type=\"widget\" data-widget_type=\"heading.default\">\n\t\t\t\t<div class=\"elementor-widget-container\">\n\t\t\t\t\t<h5 class=\"elementor-heading-title elementor-size-default\">Lis\u00e4tietoja<\/h5>\t\t\t\t<\/div>\n\t\t\t\t<\/div>\n\t\t\t\t<div class=\"elementor-element elementor-element-a9236d1 elementor-widget elementor-widget-text-editor\" data-id=\"a9236d1\" data-element_type=\"widget\" data-widget_type=\"text-editor.default\">\n\t\t\t\t<div class=\"elementor-widget-container\">\n\t\t\t\t\t\t\t\t\t<p><strong>Langemaa HINDRICH<\/strong> on tiilenpunainen kuiva punaviini, jossa on runsas marjainen t\u00e4ytel\u00e4isyys. Sen makuprofiilissa voi aistia tummia marjoja, kuten mustikkaa ja kirsikkaa, ja j\u00e4lkimaussa tuntuu hienovarainen mausteisuus.<\/p>\n<p>Viini on k\u00e4ynyt ruostumattomasta ter\u00e4ksest\u00e4 valmistetuissa s\u00e4ili\u00f6iss\u00e4, mink\u00e4 j\u00e4lkeen sit\u00e4 on kypsytetty tammitynnyreiss\u00e4, mik\u00e4 tuo siihen syvyytt\u00e4 ja t\u00e4ytel\u00e4isyytt\u00e4.<\/p>\n<p><strong>Hindrich<\/strong> sopii erinomaisesti erilaisten pataruokien sek\u00e4 grillattujen tai BBQ-lihojen kanssa.<\/p>\n<p>Tarjoile kevyesti viilennettyn\u00e4, 14\u201316 \u00b0C:ssa, jolloin viinin maut ja aromit p\u00e4\u00e4sev\u00e4t parhaiten esiin.<\/p>\n<p><strong>Hyv\u00e4 idea!<\/strong> Kokeile my\u00f6s cocktailina j\u00e4\u00e4kuutioiden ja kivenn\u00e4isveden kanssa.<\/p>\n\t\t\t\t\t\t\t\t<\/div>\n\t\t\t\t<\/div>\n\t\t\t\t\t<\/div>\n\t\t<\/div>\n\t\t\t\t\t<\/div>\n\t\t<\/section>\n\t\t\t\t<section class=\"elementor-section elementor-top-section elementor-element elementor-element-74396b17 elementor-section-boxed elementor-section-height-default elementor-section-height-default\" data-id=\"74396b17\" data-element_type=\"section\">\n\t\t\t\t\t\t<div class=\"elementor-container elementor-column-gap-default\">\n\t\t\t\t\t<div class=\"elementor-column elementor-col-100 elementor-top-column elementor-element elementor-element-b91284a\" data-id=\"b91284a\" data-element_type=\"column\">\n\t\t\t<div class=\"elementor-widget-wrap elementor-element-populated\">\n\t\t\t\t\t\t<div class=\"elementor-element elementor-element-3586df69 elementor-widget elementor-widget-heading\" data-id=\"3586df69\" data-element_type=\"widget\" data-widget_type=\"heading.default\">\n\t\t\t\t<div class=\"elementor-widget-container\">\n\t\t\t\t\t<h5 class=\"elementor-heading-title elementor-size-default\">Palkinnot<\/h5>\t\t\t\t<\/div>\n\t\t\t\t<\/div>\n\t\t\t\t<div class=\"elementor-element elementor-element-c2999e9 elementor-widget elementor-widget-text-editor\" data-id=\"c2999e9\" data-element_type=\"widget\" data-widget_type=\"text-editor.default\">\n\t\t\t\t<div class=\"elementor-widget-container\">\n\t\t\t\t\t\t\t\t\t<p>Kategoria: kuivat punaiset marjaviinit<\/p>\n\t\t\t\t\t\t\t\t<\/div>\n\t\t\t\t<\/div>\n\t\t\t\t<section class=\"elementor-section elementor-inner-section elementor-element elementor-element-1ba8daeb elementor-section-boxed elementor-section-height-default elementor-section-height-default\" data-id=\"1ba8daeb\" data-element_type=\"section\">\n\t\t\t\t\t\t<div class=\"elementor-container elementor-column-gap-default\">\n\t\t\t\t\t<div class=\"elementor-column elementor-col-33 elementor-inner-column elementor-element elementor-element-6e0d2fab\" data-id=\"6e0d2fab\" data-element_type=\"column\">\n\t\t\t<div class=\"elementor-widget-wrap elementor-element-populated\">\n\t\t\t\t\t\t<div class=\"elementor-element elementor-element-7ed15df5 elementor-headline--style-highlight elementor-widget elementor-widget-vamtam-animated-headline\" data-id=\"7ed15df5\" data-element_type=\"widget\" data-settings=\"{&quot;marker&quot;:&quot;curly&quot;,&quot;highlighted_text&quot;:&quot;PRONKS&quot;,&quot;headline_style&quot;:&quot;highlight&quot;,&quot;loop&quot;:&quot;yes&quot;,&quot;highlight_animation_duration&quot;:1200,&quot;highlight_iteration_delay&quot;:8000}\" data-widget_type=\"vamtam-animated-headline.default\">\n\t\t\t\t<div class=\"elementor-widget-container\">\n\t\t\t\t\t\t\t\t\t<h5 class=\"elementor-headline\">\n\t\t\t\t\t\t\t\t\t\t\t\t\t\t\t\t\t\t<span class=\"elementor-headline-plain-text elementor-headline-text-wrapper\">Baltic Cup\u200b: <br><\/span>\n\t\t\t\t\t\t\t\t\t\t\t\t<span class=\"elementor-headline-dynamic-wrapper elementor-headline-text-wrapper\">\n\t\t\t\t\t\t\t\t\t\t\t\t\t<span class=\"elementor-headline-dynamic-text elementor-headline-text-active\">PRONKS<\/span>\n\t\t\t\t\t\t\t\t\t\t\t\t<\/span>\n\t\t\t\t\t\t\t\t\t\t\t\t\t<span class=\"elementor-headline-plain-text elementor-headline-text-wrapper\">2024<\/span>\n\t\t\t\t\t\t\t\t\t\t\t\t\t\t\t\t<\/h5>\n\t\t\t\t\t\t\t\t<\/div>\n\t\t\t\t<\/div>\n\t\t\t\t<div class=\"elementor-element elementor-element-75e814b5 elementor-widget elementor-widget-image\" data-id=\"75e814b5\" data-element_type=\"widget\" data-widget_type=\"image.default\">\n\t\t\t\t<div class=\"elementor-widget-container\">\n\t\t\t\t\t\t\t\t\t<div class=\"elementor-image\">\n\t\t\t\t\t\t\t\t\t\t\t\t\t\t\t\t\t\t\t\t\t<img decoding=\"async\" width=\"150\" height=\"150\" src=\"https:\/\/langemaa.ee\/wp-content\/uploads\/2020\/08\/BALTIC-CUP-2024-PRONKS-150x150.png\" class=\"attachment-thumbnail size-thumbnail wp-image-994784\" alt=\"\" srcset=\"https:\/\/langemaa.ee\/wp-content\/uploads\/2020\/08\/BALTIC-CUP-2024-PRONKS-150x150.png 150w, https:\/\/langemaa.ee\/wp-content\/uploads\/2020\/08\/BALTIC-CUP-2024-PRONKS-252x252.webp 252w, https:\/\/langemaa.ee\/wp-content\/uploads\/2020\/08\/BALTIC-CUP-2024-PRONKS-315x315.webp 315w, https:\/\/langemaa.ee\/wp-content\/uploads\/2020\/08\/BALTIC-CUP-2024-PRONKS-630x630.png 630w, https:\/\/langemaa.ee\/wp-content\/uploads\/2020\/08\/BALTIC-CUP-2024-PRONKS-300x300.png 300w, https:\/\/langemaa.ee\/wp-content\/uploads\/2020\/08\/BALTIC-CUP-2024-PRONKS-768x768.png 768w, https:\/\/langemaa.ee\/wp-content\/uploads\/2020\/08\/BALTIC-CUP-2024-PRONKS.webp 1000w\" sizes=\"(max-width: 150px) 100vw, 150px\" \/>\t\t\t\t\t\t\t\t\t\t\t\t\t\t\t\t\t\t\t\t\t\t\t\t<\/div>\n\t\t\t\t\t\t\t\t<\/div>\n\t\t\t\t<\/div>\n\t\t\t\t\t<\/div>\n\t\t<\/div>\n\t\t\t\t<div class=\"elementor-column elementor-col-33 elementor-inner-column elementor-element elementor-element-7ab3ae3c\" data-id=\"7ab3ae3c\" data-element_type=\"column\">\n\t\t\t<div class=\"elementor-widget-wrap elementor-element-populated\">\n\t\t\t\t\t\t<div class=\"elementor-element elementor-element-2925ee91 elementor-headline--style-highlight elementor-widget elementor-widget-vamtam-animated-headline\" data-id=\"2925ee91\" data-element_type=\"widget\" data-settings=\"{&quot;marker&quot;:&quot;curly&quot;,&quot;highlighted_text&quot;:&quot;PRONKS&quot;,&quot;headline_style&quot;:&quot;highlight&quot;,&quot;loop&quot;:&quot;yes&quot;,&quot;highlight_animation_duration&quot;:1200,&quot;highlight_iteration_delay&quot;:8000}\" data-widget_type=\"vamtam-animated-headline.default\">\n\t\t\t\t<div class=\"elementor-widget-container\">\n\t\t\t\t\t\t\t\t\t<h5 class=\"elementor-headline\">\n\t\t\t\t\t\t\t\t\t\t\t\t\t\t\t\t\t\t<span class=\"elementor-headline-plain-text elementor-headline-text-wrapper\">Parimad Eesti Joogid: <br><\/span>\n\t\t\t\t\t\t\t\t\t\t\t\t<span class=\"elementor-headline-dynamic-wrapper elementor-headline-text-wrapper\">\n\t\t\t\t\t\t\t\t\t\t\t\t\t<span class=\"elementor-headline-dynamic-text elementor-headline-text-active\">PRONKS<\/span>\n\t\t\t\t\t\t\t\t\t\t\t\t<\/span>\n\t\t\t\t\t\t\t\t\t\t\t\t\t<span class=\"elementor-headline-plain-text elementor-headline-text-wrapper\">2024<\/span>\n\t\t\t\t\t\t\t\t\t\t\t\t\t\t\t\t<\/h5>\n\t\t\t\t\t\t\t\t<\/div>\n\t\t\t\t<\/div>\n\t\t\t\t<div class=\"elementor-element elementor-element-256beaed elementor-widget elementor-widget-image\" data-id=\"256beaed\" data-element_type=\"widget\" data-widget_type=\"image.default\">\n\t\t\t\t<div class=\"elementor-widget-container\">\n\t\t\t\t\t\t\t\t\t<div class=\"elementor-image\">\n\t\t\t\t\t\t\t\t\t\t\t\t\t\t\t\t\t\t\t\t\t<img decoding=\"async\" width=\"150\" height=\"150\" src=\"https:\/\/langemaa.ee\/wp-content\/uploads\/2020\/04\/EAS-parimad-eesti-joogid-2024-PRONKS-150x150.png\" class=\"attachment-thumbnail size-thumbnail wp-image-992478\" alt=\"\" srcset=\"https:\/\/langemaa.ee\/wp-content\/uploads\/2020\/04\/EAS-parimad-eesti-joogid-2024-PRONKS-150x150.png 150w, https:\/\/langemaa.ee\/wp-content\/uploads\/2020\/04\/EAS-parimad-eesti-joogid-2024-PRONKS-252x252.webp 252w, https:\/\/langemaa.ee\/wp-content\/uploads\/2020\/04\/EAS-parimad-eesti-joogid-2024-PRONKS-315x315.webp 315w, https:\/\/langemaa.ee\/wp-content\/uploads\/2020\/04\/EAS-parimad-eesti-joogid-2024-PRONKS-630x630.png 630w, https:\/\/langemaa.ee\/wp-content\/uploads\/2020\/04\/EAS-parimad-eesti-joogid-2024-PRONKS-300x300.png 300w, https:\/\/langemaa.ee\/wp-content\/uploads\/2020\/04\/EAS-parimad-eesti-joogid-2024-PRONKS-768x768.png 768w, https:\/\/langemaa.ee\/wp-content\/uploads\/2020\/04\/EAS-parimad-eesti-joogid-2024-PRONKS.webp 1000w\" sizes=\"(max-width: 150px) 100vw, 150px\" \/>\t\t\t\t\t\t\t\t\t\t\t\t\t\t\t\t\t\t\t\t\t\t\t\t<\/div>\n\t\t\t\t\t\t\t\t<\/div>\n\t\t\t\t<\/div>\n\t\t\t\t\t<\/div>\n\t\t<\/div>\n\t\t\t\t<div class=\"elementor-column elementor-col-33 elementor-inner-column elementor-element elementor-element-36e7b6e8\" data-id=\"36e7b6e8\" data-element_type=\"column\">\n\t\t\t<div class=\"elementor-widget-wrap\">\n\t\t\t\t\t\t\t<\/div>\n\t\t<\/div>\n\t\t\t\t\t<\/div>\n\t\t<\/section>\n\t\t\t\t<section class=\"elementor-section elementor-inner-section elementor-element elementor-element-58608fe5 elementor-section-boxed elementor-section-height-default elementor-section-height-default\" data-id=\"58608fe5\" data-element_type=\"section\">\n\t\t\t\t\t\t<div class=\"elementor-container elementor-column-gap-default\">\n\t\t\t\t\t<div class=\"elementor-column elementor-col-100 elementor-inner-column elementor-element elementor-element-7deedb7b\" data-id=\"7deedb7b\" data-element_type=\"column\">\n\t\t\t<div class=\"elementor-widget-wrap\">\n\t\t\t\t\t\t\t<\/div>\n\t\t<\/div>\n\t\t\t\t\t<\/div>\n\t\t<\/section>\n\t\t\t\t\t<\/div>\n\t\t<\/div>\n\t\t\t\t\t<\/div>\n\t\t<\/section>\n\t\t\t\t<\/div>\n\t\t","protected":false},"excerpt":{"rendered":"<p>Luonnollinen k\u00e4sity\u00f6viini, joka on valmistettu Etel\u00e4-Viron pelloillamme kasvatetuista mustista aroniamarjoista. T\u00e4ytel\u00e4inen ja runsasarominen marjaviini on j\u00e4lkikypsytetty my\u00f6s tammitynnyriss\u00e4, mik\u00e4 tuo siihen pehme\u00e4n j\u00e4lkimaun. Sopii erinomaisesti haudutettujen pataruokien ja grillatun lihan kanssa.<\/p>\n","protected":false},"featured_media":992495,"template":"","meta":{"om_disable_all_campaigns":false,"_uf_show_specific_survey":0,"_uf_disable_surveys":false},"product_brand":[],"product_cat":[154],"product_tag":[164],"class_list":{"0":"post-992493","1":"product","2":"type-product","3":"status-publish","4":"has-post-thumbnail","6":"product_cat-viinit","7":"product_tag-punane-fi","9":"first","10":"instock","11":"taxable","12":"shipping-taxable","13":"purchasable","14":"product-type-simple"},"aioseo_notices":[],"_links":{"self":[{"href":"https:\/\/langemaa.ee\/fi\/wp-json\/wp\/v2\/product\/992493","targetHints":{"allow":["GET"]}}],"collection":[{"href":"https:\/\/langemaa.ee\/fi\/wp-json\/wp\/v2\/product"}],"about":[{"href":"https:\/\/langemaa.ee\/fi\/wp-json\/wp\/v2\/types\/product"}],"version-history":[{"count":7,"href":"https:\/\/langemaa.ee\/fi\/wp-json\/wp\/v2\/product\/992493\/revisions"}],"predecessor-version":[{"id":996116,"href":"https:\/\/langemaa.ee\/fi\/wp-json\/wp\/v2\/product\/992493\/revisions\/996116"}],"wp:featuredmedia":[{"embeddable":true,"href":"https:\/\/langemaa.ee\/fi\/wp-json\/wp\/v2\/media\/992495"}],"wp:attachment":[{"href":"https:\/\/langemaa.ee\/fi\/wp-json\/wp\/v2\/media?parent=992493"}],"wp:term":[{"taxonomy":"product_brand","embeddable":true,"href":"https:\/\/langemaa.ee\/fi\/wp-json\/wp\/v2\/product_brand?post=992493"},{"taxonomy":"product_cat","embeddable":true,"href":"https:\/\/langemaa.ee\/fi\/wp-json\/wp\/v2\/product_cat?post=992493"},{"taxonomy":"product_tag","embeddable":true,"href":"https:\/\/langemaa.ee\/fi\/wp-json\/wp\/v2\/product_tag?post=992493"}],"curies":[{"name":"wp","href":"https:\/\/api.w.org\/{rel}","templated":true}]}}