{"id":992486,"date":"2020-08-11T14:17:01","date_gmt":"2020-08-11T14:17:01","guid":{"rendered":"https:\/\/langemaa.ee\/toode\/veiniavaja\/"},"modified":"2025-05-20T14:12:39","modified_gmt":"2025-05-20T11:12:39","slug":"veiniavaja","status":"publish","type":"product","link":"https:\/\/langemaa.ee\/fi\/toode\/veiniavaja\/","title":{"rendered":"LANGEMAA Viinipullonavaaja"},"content":{"rendered":"\t\t<div data-elementor-type=\"product-post\" data-elementor-id=\"992486\" class=\"elementor elementor-992486 elementor-6593\" data-elementor-post-type=\"product\">\n\t\t\t\t<div class=\"elementor-element elementor-element-4b8a0744 e-flex e-con-boxed e-con e-parent\" data-id=\"4b8a0744\" data-element_type=\"container\">\n\t\t\t\t\t<div class=\"e-con-inner\">\n\t\t\t\t<div class=\"elementor-element elementor-element-4cbeca0e elementor-widget elementor-widget-text-editor\" data-id=\"4cbeca0e\" data-element_type=\"widget\" data-widget_type=\"text-editor.default\">\n\t\t\t\t<div class=\"elementor-widget-container\">\n\t\t\t\t\t\t\t\t\t<p>Lis\u00e4tiedot:<br data-start=\"11\" data-end=\"14\" \/><strong>Viinipullonavaajan mitat:<\/strong> 1,5 x 3 x 12 cm<br data-start=\"55\" data-end=\"58\" \/><strong>Lahjarasian mitat:<\/strong> 2,5 x 6 x 15 cm<br data-start=\"92\" data-end=\"95\" \/><strong>Materiaali:<\/strong> ruostumaton ter\u00e4s, tammipuu<\/p>\n\t\t\t\t\t\t\t\t<\/div>\n\t\t\t\t<\/div>\n\t\t\t\t\t<\/div>\n\t\t\t\t<\/div>\n\t\t\t\t<\/div>\n\t\t","protected":false},"excerpt":{"rendered":"<p>Langemaan logolla varustettu viinipullonavaaja \/ korkkiruuvi on tyylik\u00e4s ja kest\u00e4v\u00e4 tammapuisella kahvalla varustettu avaja, jota on helppo k\u00e4ytt\u00e4\u00e4. Siin\u00e4 on kolme toimintoa: pullonavaaja, korkkiruuvi ja folioveitsileikkuri. Viinipullonavaaja toimitetaan lahjapakkauksessa.<\/p>\n","protected":false},"featured_media":992488,"template":"","meta":{"om_disable_all_campaigns":false,"_uf_show_specific_survey":0,"_uf_disable_surveys":false},"product_brand":[],"product_cat":[166,154],"product_tag":[],"class_list":{"0":"post-992486","1":"product","2":"type-product","3":"status-publish","4":"has-post-thumbnail","6":"product_cat-lahjat","7":"product_cat-viinit","9":"first","10":"instock","11":"taxable","12":"shipping-taxable","13":"purchasable","14":"product-type-simple"},"aioseo_notices":[],"_links":{"self":[{"href":"https:\/\/langemaa.ee\/fi\/wp-json\/wp\/v2\/product\/992486","targetHints":{"allow":["GET"]}}],"collection":[{"href":"https:\/\/langemaa.ee\/fi\/wp-json\/wp\/v2\/product"}],"about":[{"href":"https:\/\/langemaa.ee\/fi\/wp-json\/wp\/v2\/types\/product"}],"version-history":[{"count":3,"href":"https:\/\/langemaa.ee\/fi\/wp-json\/wp\/v2\/product\/992486\/revisions"}],"predecessor-version":[{"id":993007,"href":"https:\/\/langemaa.ee\/fi\/wp-json\/wp\/v2\/product\/992486\/revisions\/993007"}],"wp:featuredmedia":[{"embeddable":true,"href":"https:\/\/langemaa.ee\/fi\/wp-json\/wp\/v2\/media\/992488"}],"wp:attachment":[{"href":"https:\/\/langemaa.ee\/fi\/wp-json\/wp\/v2\/media?parent=992486"}],"wp:term":[{"taxonomy":"product_brand","embeddable":true,"href":"https:\/\/langemaa.ee\/fi\/wp-json\/wp\/v2\/product_brand?post=992486"},{"taxonomy":"product_cat","embeddable":true,"href":"https:\/\/langemaa.ee\/fi\/wp-json\/wp\/v2\/product_cat?post=992486"},{"taxonomy":"product_tag","embeddable":true,"href":"https:\/\/langemaa.ee\/fi\/wp-json\/wp\/v2\/product_tag?post=992486"}],"curies":[{"name":"wp","href":"https:\/\/api.w.org\/{rel}","templated":true}]}}