{"id":992481,"date":"2024-11-12T13:29:38","date_gmt":"2024-11-12T11:29:38","guid":{"rendered":"https:\/\/langemaa.ee\/toode\/langemaa-ebakudooniasiirup-1l\/"},"modified":"2025-08-05T10:20:57","modified_gmt":"2025-08-05T07:20:57","slug":"langemaa-ebakudooniasiirup-1l","status":"publish","type":"product","link":"https:\/\/langemaa.ee\/fi\/toode\/langemaa-ebakudooniasiirup-1l\/","title":{"rendered":"LANGEMAA Kvittenisiirappi"},"content":{"rendered":"\t\t<div data-elementor-type=\"product-post\" data-elementor-id=\"992481\" class=\"elementor elementor-992481\" data-elementor-post-type=\"product\">\n\t\t\t\t\t\t<section class=\"elementor-section elementor-top-section elementor-element elementor-element-f291410 elementor-section-boxed elementor-section-height-default elementor-section-height-default\" data-id=\"f291410\" data-element_type=\"section\">\n\t\t\t\t\t\t<div class=\"elementor-container elementor-column-gap-default\">\n\t\t\t\t\t<div class=\"elementor-column elementor-col-100 elementor-top-column elementor-element elementor-element-0b58c7a\" data-id=\"0b58c7a\" data-element_type=\"column\">\n\t\t\t<div class=\"elementor-widget-wrap elementor-element-populated\">\n\t\t\t\t\t\t<div class=\"elementor-element elementor-element-3130b59 elementor-widget elementor-widget-heading\" data-id=\"3130b59\" data-element_type=\"widget\" data-widget_type=\"heading.default\">\n\t\t\t\t<div class=\"elementor-widget-container\">\n\t\t\t\t\t<h5 class=\"elementor-heading-title elementor-size-default\"><p>Tekninen tieto<\/p><\/h5>\t\t\t\t<\/div>\n\t\t\t\t<\/div>\n\t\t\t\t<div class=\"elementor-element elementor-element-1181845 elementor-widget elementor-widget-text-editor\" data-id=\"1181845\" data-element_type=\"widget\" data-widget_type=\"text-editor.default\">\n\t\t\t\t<div class=\"elementor-widget-container\">\n\t\t\t\t\t\t\t\t\t<p data-start=\"49\" data-end=\"142\"><strong data-start=\"49\" data-end=\"69\">Sadonkorjuuaika:<\/strong> Syyskuu<br data-start=\"77\" data-end=\"80\"><strong data-start=\"80\" data-end=\"91\">Lajike:<\/strong> Japaninruusukvitteni (<em data-start=\"114\" data-end=\"139\">Chaenomeles cathayensis<\/em>)<\/p><p data-start=\"144\" data-end=\"216\"><strong data-start=\"144\" data-end=\"167\">Valmistusmenetelm\u00e4:<\/strong> Mehun kylm\u00e4puristus, hell\u00e4varainen past\u00f6rointi<\/p><p data-start=\"218\" data-end=\"416\"><strong data-start=\"218\" data-end=\"243\">Ravintoarvot \/ 100 g:<\/strong><br data-start=\"243\" data-end=\"246\"><strong>Energia:<\/strong> 549 kJ \/ 129 kcal<br data-start=\"272\" data-end=\"275\"><strong>Hiilihydraatit (joista sokereita):<\/strong> 30,3 g (29,5 g)<br data-start=\"325\" data-end=\"328\"><strong>Rasvat:<\/strong> 0,5 g<br data-start=\"341\" data-end=\"344\"><strong>Proteiinit:<\/strong> 0,14 g<br data-start=\"362\" data-end=\"365\"><strong>Suola:<\/strong> 0,005 g<br data-start=\"379\" data-end=\"382\"><strong>Kokonais\u00adhappopitoisuus:<\/strong> 2,42 g\/dl<\/p>\t\t\t\t\t\t\t\t<\/div>\n\t\t\t\t<\/div>\n\t\t\t\t<div class=\"elementor-element elementor-element-b216d32 elementor-widget elementor-widget-heading\" data-id=\"b216d32\" data-element_type=\"widget\" data-widget_type=\"heading.default\">\n\t\t\t\t<div class=\"elementor-widget-container\">\n\t\t\t\t\t<h5 class=\"elementor-heading-title elementor-size-default\"><p>Lis\u00e4tietoja<\/p><\/h5>\t\t\t\t<\/div>\n\t\t\t\t<\/div>\n\t\t\t\t<div class=\"elementor-element elementor-element-9d08e07 elementor-widget elementor-widget-text-editor\" data-id=\"9d08e07\" data-element_type=\"widget\" data-widget_type=\"text-editor.default\">\n\t\t\t\t<div class=\"elementor-widget-container\">\n\t\t\t\t\t\t\t\t\t<p data-start=\"49\" data-end=\"271\"><strong data-start=\"49\" data-end=\"182\">Langemaan kvittenisiirappi valmistetaan k\u00e4sity\u00f6n\u00e4 huolellisesti valituista kvitteneist\u00e4, jotka on kasvatettu omilla pelloillamme.<\/strong><br data-start=\"182\" data-end=\"185\">Kvittenit puhdistetaan ja puristetaan, jotta saadaan talteen niiden luonnollinen mehu.<\/p><p data-start=\"273\" data-end=\"545\">Sen j\u00e4lkeen lis\u00e4t\u00e4\u00e4n maltillinen m\u00e4\u00e4r\u00e4 sokeria, joka tasapainottaa kvittenin luontaista hapokkuutta ja s\u00e4ilytt\u00e4\u00e4 sen raikkaan, hienostuneen sitruksisen maun.<br data-start=\"430\" data-end=\"433\">Koko valmistusprosessi tapahtuu pieniss\u00e4 eriss\u00e4, jotta voidaan taata korkea laatu ja aitous jokaisessa pullossa.<\/p><p data-start=\"547\" data-end=\"678\">Korkean C-vitamiinipitoisuuden, kirpeyden ja kirkkaan keltaisen v\u00e4rin ansiosta kvitteni\u00e4 kutsutaankin usein &#8221;Pohjolan sitruunaksi&#8221;.<\/p><p data-start=\"680\" data-end=\"803\"><strong data-start=\"680\" data-end=\"803\">Langemaan kvittenisiirappi on monik\u00e4ytt\u00f6inen ja sopii erinomaisesti niin juomien valmistukseen kuin ruoan maustamiseen.<\/strong><\/p><p data-start=\"805\" data-end=\"1370\"><strong data-start=\"805\" data-end=\"816\">Juomat:<\/strong> Laimenna siirappi kivenn\u00e4isvedell\u00e4 ja nauti raikkaana limonadina. Lis\u00e4\u00e4 halutessasi j\u00e4it\u00e4 ja sitruunaviipale.<br data-start=\"926\" data-end=\"929\"><strong data-start=\"929\" data-end=\"958\">Cocktailit ja mocktailit:<\/strong> K\u00e4yt\u00e4 siirappia drinkeiss\u00e4 tai alkoholittomissa juomissa tuomaan ainutlaatuista, raikasta makuvivahdetta.<br data-start=\"1064\" data-end=\"1067\"><strong data-start=\"1067\" data-end=\"1098\">Leivonnaiset ja j\u00e4lkiruoat:<\/strong> Kvittenisiirappi sopii mainiosti lettujen, vohveleiden tai j\u00e4lkiruokien p\u00e4\u00e4lle kevyesti kirpe\u00e4n\u00e4 ja hedelm\u00e4isen\u00e4 lis\u00e4n\u00e4.<br data-start=\"1219\" data-end=\"1222\"><strong data-start=\"1222\" data-end=\"1250\">Marinadit ja kastikkeet:<\/strong> Siirapin hapokkuus korostaa makuja erityisesti marinadeissa ja kastikkeissa \u2013 toimii hyvin lihan ja siipikarjan kanssa.<\/p><p data-start=\"1372\" data-end=\"1426\"><strong data-start=\"1372\" data-end=\"1426\">Kokeile uusia reseptej\u00e4 ja anna luovuutesi lent\u00e4\u00e4!<\/strong><\/p>\t\t\t\t\t\t\t\t<\/div>\n\t\t\t\t<\/div>\n\t\t\t\t\t<\/div>\n\t\t<\/div>\n\t\t\t\t\t<\/div>\n\t\t<\/section>\n\t\t\t\t<\/div>\n\t\t","protected":false},"excerpt":{"rendered":"<p data-start=\"15\" data-end=\"353\"><strong data-start=\"15\" data-end=\"191\">Langemaan kvittenisiirappi valmistetaan 75 %:sti puhtaasta kvittenimehusta ja sis\u00e4lt\u00e4\u00e4 vain 25 % sokeria, mik\u00e4 takaa tasapainoisen maun ilman keinotekoisia s\u00e4il\u00f6nt\u00e4aineita.<\/strong><br data-start=\"191\" data-end=\"194\">Kylm\u00e4puristusmenetelm\u00e4 s\u00e4ilytt\u00e4\u00e4 kvittenin luontaisesti korkean C-vitamiinipitoisuuden ja t\u00e4rke\u00e4t mineraalit, jotka tukevat vastustuskyky\u00e4 ja antavat energiaa.<\/p>\n<p data-start=\"355\" data-end=\"453\" data-is-last-node=\"\" data-is-only-node=\"\"><strong data-start=\"355\" data-end=\"367\">Pakkaus:<\/strong> 1 litran ilmatiivis mehu\u00adpussi, jossa on hanallinen korkki helppoa annostelua varten.<\/p>\n","protected":false},"featured_media":992483,"template":"","meta":{"om_disable_all_campaigns":false,"_uf_show_specific_survey":0,"_uf_disable_surveys":false},"product_brand":[],"product_cat":[165],"product_tag":[160],"class_list":{"0":"post-992481","1":"product","2":"type-product","3":"status-publish","4":"has-post-thumbnail","6":"product_cat-mehut","7":"product_tag-ebakudoonia-fi","9":"first","10":"outofstock","11":"taxable","12":"shipping-taxable","13":"purchasable","14":"product-type-simple"},"aioseo_notices":[],"_links":{"self":[{"href":"https:\/\/langemaa.ee\/fi\/wp-json\/wp\/v2\/product\/992481","targetHints":{"allow":["GET"]}}],"collection":[{"href":"https:\/\/langemaa.ee\/fi\/wp-json\/wp\/v2\/product"}],"about":[{"href":"https:\/\/langemaa.ee\/fi\/wp-json\/wp\/v2\/types\/product"}],"version-history":[{"count":5,"href":"https:\/\/langemaa.ee\/fi\/wp-json\/wp\/v2\/product\/992481\/revisions"}],"predecessor-version":[{"id":996004,"href":"https:\/\/langemaa.ee\/fi\/wp-json\/wp\/v2\/product\/992481\/revisions\/996004"}],"wp:featuredmedia":[{"embeddable":true,"href":"https:\/\/langemaa.ee\/fi\/wp-json\/wp\/v2\/media\/992483"}],"wp:attachment":[{"href":"https:\/\/langemaa.ee\/fi\/wp-json\/wp\/v2\/media?parent=992481"}],"wp:term":[{"taxonomy":"product_brand","embeddable":true,"href":"https:\/\/langemaa.ee\/fi\/wp-json\/wp\/v2\/product_brand?post=992481"},{"taxonomy":"product_cat","embeddable":true,"href":"https:\/\/langemaa.ee\/fi\/wp-json\/wp\/v2\/product_cat?post=992481"},{"taxonomy":"product_tag","embeddable":true,"href":"https:\/\/langemaa.ee\/fi\/wp-json\/wp\/v2\/product_tag?post=992481"}],"curies":[{"name":"wp","href":"https:\/\/api.w.org\/{rel}","templated":true}]}}