{"id":992466,"date":"2020-04-11T23:21:22","date_gmt":"2020-04-11T23:21:22","guid":{"rendered":"https:\/\/langemaa.ee\/toode\/rosa-lii\/"},"modified":"2025-05-20T14:06:36","modified_gmt":"2025-05-20T11:06:36","slug":"rosa-lii","status":"publish","type":"product","link":"https:\/\/langemaa.ee\/fi\/toode\/rosa-lii\/","title":{"rendered":"LANGEMAA ROSA LII Japaninkvitteniviini"},"content":{"rendered":"\t\t<div data-elementor-type=\"product-post\" data-elementor-id=\"992466\" class=\"elementor elementor-992466 elementor-1826\" data-elementor-post-type=\"product\">\n\t\t\t\t\t\t<section class=\"elementor-section elementor-top-section elementor-element elementor-element-f2d73c8 elementor-section-boxed elementor-section-height-default elementor-section-height-default\" data-id=\"f2d73c8\" data-element_type=\"section\">\n\t\t\t\t\t\t<div class=\"elementor-container elementor-column-gap-default\">\n\t\t\t\t\t<div class=\"elementor-column elementor-col-100 elementor-top-column elementor-element elementor-element-30d198e\" data-id=\"30d198e\" data-element_type=\"column\">\n\t\t\t<div class=\"elementor-widget-wrap elementor-element-populated\">\n\t\t\t\t\t\t<div class=\"elementor-element elementor-element-64535b4 elementor-widget elementor-widget-heading\" data-id=\"64535b4\" data-element_type=\"widget\" data-widget_type=\"heading.default\">\n\t\t\t\t<div class=\"elementor-widget-container\">\n\t\t\t\t\t<h5 class=\"elementor-heading-title elementor-size-default\">Tuotetiedot<\/h5>\t\t\t\t<\/div>\n\t\t\t\t<\/div>\n\t\t\t\t<div class=\"elementor-element elementor-element-ffe2195 elementor-widget elementor-widget-text-editor\" data-id=\"ffe2195\" data-element_type=\"widget\" data-widget_type=\"text-editor.default\">\n\t\t\t\t<div class=\"elementor-widget-container\">\n\t\t\t\t\t\t\t\t\t<p><strong>Sadonkorjuuaika:<\/strong> Syyskuu<br \/>\n<strong>Kypsytys:<\/strong> Ruostumattomasta ter\u00e4ksest\u00e4 valmistetussa s\u00e4ili\u00f6ss\u00e4<br \/>\n<strong>Viinin marjat:<\/strong> Japaninkvitteni, hapankirsikka<br \/>\n<strong>Sis\u00e4lt\u00e4\u00e4 sulfiitteja<\/strong><br \/>\n<strong>Alkoholi:<\/strong> 9,5 % vol<br \/>\n<strong>Tilavuus:<\/strong> 750 ml<\/p>\n\t\t\t\t\t\t\t\t<\/div>\n\t\t\t\t<\/div>\n\t\t\t\t<div class=\"elementor-element elementor-element-162f9d1 elementor-widget elementor-widget-heading\" data-id=\"162f9d1\" data-element_type=\"widget\" data-widget_type=\"heading.default\">\n\t\t\t\t<div class=\"elementor-widget-container\">\n\t\t\t\t\t<h5 class=\"elementor-heading-title elementor-size-default\">Lis\u00e4tietoja<\/h5>\t\t\t\t<\/div>\n\t\t\t\t<\/div>\n\t\t\t\t<div class=\"elementor-element elementor-element-9b664ae elementor-widget elementor-widget-text-editor\" data-id=\"9b664ae\" data-element_type=\"widget\" data-widget_type=\"text-editor.default\">\n\t\t\t\t<div class=\"elementor-widget-container\">\n\t\t\t\t\t\t\t\t\t<p><strong>Langemaa ROSA LII<\/strong> on vaaleanpunainen kuiva viini, joka hurmaa kahden marjan tasapainolla \u2013 japaninkvittenin hapokkuutta pehment\u00e4\u00e4 kirsikan marjaisuus.<\/p>\n<p>Viini on kypsytetty ruostumattomasta ter\u00e4ksest\u00e4 valmistetuissa s\u00e4ili\u00f6iss\u00e4, jotta kvittenin raikkaus ja kirsikan runsas maku s\u00e4ilyisiv\u00e4t mahdollisimman hyvin.<\/p>\n<p><strong>ROSA LII<\/strong> sopii erinomaisesti raikkaaksi tervetuliaisjuomaksi sek\u00e4 kanaruoista valmistettujen salaattien tai p\u00e4\u00e4ruokien seuraksi.<\/p>\n<p>Tarjoile viilennettyn\u00e4, 9\u201311 \u00b0C:ssa, jotta viinin maku ja aromit tulevat parhaiten esiin.<\/p>\n<p><strong>Hyv\u00e4 idea!<\/strong> Kokeile my\u00f6s cocktailina j\u00e4\u00e4kuutioiden ja kivenn\u00e4isveden kanssa.<\/p>\n\t\t\t\t\t\t\t\t<\/div>\n\t\t\t\t<\/div>\n\t\t\t\t<section class=\"elementor-section elementor-inner-section elementor-element elementor-element-aafa77a elementor-section-boxed elementor-section-height-default elementor-section-height-default\" data-id=\"aafa77a\" data-element_type=\"section\">\n\t\t\t\t\t\t<div class=\"elementor-container elementor-column-gap-default\">\n\t\t\t\t\t<div class=\"elementor-column elementor-col-100 elementor-inner-column elementor-element elementor-element-f3e04b3\" data-id=\"f3e04b3\" data-element_type=\"column\">\n\t\t\t<div class=\"elementor-widget-wrap elementor-element-populated\">\n\t\t\t\t\t\t<div class=\"elementor-element elementor-element-056f9ab elementor-widget__width-initial elementor-widget-mobile__width-initial elementor-fixed elementor-hidden-tablet elementor-hidden-mobile elementor-widget elementor-widget-image\" data-id=\"056f9ab\" data-element_type=\"widget\" data-settings=\"{&quot;_position&quot;:&quot;fixed&quot;}\" data-widget_type=\"image.default\">\n\t\t\t\t<div class=\"elementor-widget-container\">\n\t\t\t\t\t\t\t\t\t<div class=\"elementor-image\">\n\t\t\t\t\t\t\t\t\t\t\t\t\t\t\t\t\t\t\t\t\t<img fetchpriority=\"high\" decoding=\"async\" width=\"308\" height=\"444\" src=\"https:\/\/langemaa.ee\/wp-content\/uploads\/2024\/07\/kirss-ebak_308x444px.webp\" class=\"attachment-large size-large wp-image-994571\" alt=\"\" srcset=\"https:\/\/langemaa.ee\/wp-content\/uploads\/2024\/07\/kirss-ebak_308x444px.webp 308w, https:\/\/langemaa.ee\/wp-content\/uploads\/2024\/07\/kirss-ebak_308x444px-252x363.webp 252w, https:\/\/langemaa.ee\/wp-content\/uploads\/2024\/07\/kirss-ebak_308x444px-208x300.webp 208w\" sizes=\"(max-width: 308px) 100vw, 308px\" \/>\t\t\t\t\t\t\t\t\t\t\t\t\t\t\t\t\t\t\t\t\t\t\t\t<\/div>\n\t\t\t\t\t\t\t\t<\/div>\n\t\t\t\t<\/div>\n\t\t\t\t\t<\/div>\n\t\t<\/div>\n\t\t\t\t\t<\/div>\n\t\t<\/section>\n\t\t\t\t\t<\/div>\n\t\t<\/div>\n\t\t\t\t\t<\/div>\n\t\t<\/section>\n\t\t\t\t<\/div>\n\t\t","protected":false},"excerpt":{"rendered":"<p>Luonnollinen k\u00e4sity\u00f6viini, joka on valmistettu Etel\u00e4-Viron pelloillamme kasvatetuista japaninkvittenin marjoista ja kirsikoista. Pirte\u00e4n hapokas kuiva roseeviini sopii mainiosti tervetuliaisjuomaksi sek\u00e4 kanaruoista valmistettujen ruokien seuraksi.<\/p>\n","protected":false},"featured_media":992468,"template":"","meta":{"om_disable_all_campaigns":false,"_uf_show_specific_survey":0,"_uf_disable_surveys":false},"product_brand":[],"product_cat":[154],"product_tag":[163,157,161],"class_list":{"0":"post-992466","1":"product","2":"type-product","3":"status-publish","4":"has-post-thumbnail","6":"product_cat-viinit","7":"product_tag-kirss-fi","8":"product_tag-mustsostar-fi","9":"product_tag-poolkuiv-fi","10":"product_shipping_class-alkohol-fi","12":"first","13":"outofstock","14":"taxable","15":"shipping-taxable","16":"purchasable","17":"product-type-simple"},"aioseo_notices":[],"_links":{"self":[{"href":"https:\/\/langemaa.ee\/fi\/wp-json\/wp\/v2\/product\/992466","targetHints":{"allow":["GET"]}}],"collection":[{"href":"https:\/\/langemaa.ee\/fi\/wp-json\/wp\/v2\/product"}],"about":[{"href":"https:\/\/langemaa.ee\/fi\/wp-json\/wp\/v2\/types\/product"}],"version-history":[{"count":3,"href":"https:\/\/langemaa.ee\/fi\/wp-json\/wp\/v2\/product\/992466\/revisions"}],"predecessor-version":[{"id":992698,"href":"https:\/\/langemaa.ee\/fi\/wp-json\/wp\/v2\/product\/992466\/revisions\/992698"}],"wp:featuredmedia":[{"embeddable":true,"href":"https:\/\/langemaa.ee\/fi\/wp-json\/wp\/v2\/media\/992468"}],"wp:attachment":[{"href":"https:\/\/langemaa.ee\/fi\/wp-json\/wp\/v2\/media?parent=992466"}],"wp:term":[{"taxonomy":"product_brand","embeddable":true,"href":"https:\/\/langemaa.ee\/fi\/wp-json\/wp\/v2\/product_brand?post=992466"},{"taxonomy":"product_cat","embeddable":true,"href":"https:\/\/langemaa.ee\/fi\/wp-json\/wp\/v2\/product_cat?post=992466"},{"taxonomy":"product_tag","embeddable":true,"href":"https:\/\/langemaa.ee\/fi\/wp-json\/wp\/v2\/product_tag?post=992466"}],"curies":[{"name":"wp","href":"https:\/\/api.w.org\/{rel}","templated":true}]}}