{"id":992461,"date":"2020-04-11T23:50:32","date_gmt":"2020-04-11T23:50:32","guid":{"rendered":"https:\/\/langemaa.ee\/toode\/eve-marie\/"},"modified":"2025-05-20T14:06:30","modified_gmt":"2025-05-20T11:06:30","slug":"eve-marie","status":"publish","type":"product","link":"https:\/\/langemaa.ee\/fi\/toode\/eve-marie\/","title":{"rendered":"LANGEMAA EVE MARIE Japaninkvitteniviini"},"content":{"rendered":"\t\t<div data-elementor-type=\"product-post\" data-elementor-id=\"992461\" class=\"elementor elementor-992461 elementor-1828\" data-elementor-post-type=\"product\">\n\t\t\t\t\t\t<section class=\"elementor-section elementor-top-section elementor-element elementor-element-59a7628 elementor-section-boxed elementor-section-height-default elementor-section-height-default\" data-id=\"59a7628\" data-element_type=\"section\">\n\t\t\t\t\t\t<div class=\"elementor-container elementor-column-gap-default\">\n\t\t\t\t\t<div class=\"elementor-column elementor-col-100 elementor-top-column elementor-element elementor-element-3acd56c\" data-id=\"3acd56c\" data-element_type=\"column\">\n\t\t\t<div class=\"elementor-widget-wrap elementor-element-populated\">\n\t\t\t\t\t\t<div class=\"elementor-element elementor-element-0c5a88d elementor-widget elementor-widget-heading\" data-id=\"0c5a88d\" data-element_type=\"widget\" data-widget_type=\"heading.default\">\n\t\t\t\t<div class=\"elementor-widget-container\">\n\t\t\t\t\t<h5 class=\"elementor-heading-title elementor-size-default\">Tuotetiedot<\/h5>\t\t\t\t<\/div>\n\t\t\t\t<\/div>\n\t\t\t\t<div class=\"elementor-element elementor-element-b898f51 elementor-widget elementor-widget-text-editor\" data-id=\"b898f51\" data-element_type=\"widget\" data-widget_type=\"text-editor.default\">\n\t\t\t\t<div class=\"elementor-widget-container\">\n\t\t\t\t\t\t\t\t\t<p><strong>Sadonkorjuuaika:<\/strong> Syyskuu<br \/>\n<strong>Kypsytys:<\/strong> Ruostumattomasta ter\u00e4ksest\u00e4 valmistetussa s\u00e4ili\u00f6ss\u00e4<br \/>\n<strong>Viinin marjat:<\/strong> Japaninkvitteni<br \/>\n<strong>Sis\u00e4lt\u00e4\u00e4 sulfiitteja<\/strong><br \/>\n<strong>Alkoholi:<\/strong> 9 % vol<br \/>\n<strong>Tilavuus:<\/strong> 750 ml<\/p>\n\t\t\t\t\t\t\t\t<\/div>\n\t\t\t\t<\/div>\n\t\t\t\t<div class=\"elementor-element elementor-element-3951a71 elementor-widget elementor-widget-heading\" data-id=\"3951a71\" data-element_type=\"widget\" data-widget_type=\"heading.default\">\n\t\t\t\t<div class=\"elementor-widget-container\">\n\t\t\t\t\t<h5 class=\"elementor-heading-title elementor-size-default\">Lis\u00e4tietoja<\/h5>\t\t\t\t<\/div>\n\t\t\t\t<\/div>\n\t\t\t\t<div class=\"elementor-element elementor-element-522eada elementor-widget elementor-widget-text-editor\" data-id=\"522eada\" data-element_type=\"widget\" data-widget_type=\"text-editor.default\">\n\t\t\t\t<div class=\"elementor-widget-container\">\n\t\t\t\t\t\t\t\t\t<p><strong>Langemaa EVE MARIE<\/strong> on aurinkoisen kullankeltainen kuiva valkoviini, joka hurmaa raikkaalla hapokkuudellaan ja virkist\u00e4vyydell\u00e4\u00e4n.<\/p>\n<p>Viini on kypsytetty ruostumattomasta ter\u00e4ksest\u00e4 valmistetuissa s\u00e4ili\u00f6iss\u00e4, jotta sitruksinen makuyhdistelm\u00e4 s\u00e4ilyisi mahdollisimman puhtaana.<\/p>\n<p><strong>EVE MARIE<\/strong> sopii erinomaisesti raikkaaksi tervetuliaisjuomaksi sek\u00e4 pastaruokien ja merenel\u00e4vien seuraksi.<\/p>\n<p>Tarjoile viilennettyn\u00e4, 9\u201311 \u00b0C:ssa, jotta viinin maku ja aromit p\u00e4\u00e4sev\u00e4t parhaiten esiin.<\/p>\n<p><strong>Hyv\u00e4 idea!<\/strong> Kokeile my\u00f6s cocktailina j\u00e4\u00e4kuutioiden ja kivenn\u00e4isveden kanssa.<\/p>\n\t\t\t\t\t\t\t\t<\/div>\n\t\t\t\t<\/div>\n\t\t\t\t<section class=\"elementor-section elementor-inner-section elementor-element elementor-element-ba1920a elementor-section-boxed elementor-section-height-default elementor-section-height-default\" data-id=\"ba1920a\" data-element_type=\"section\">\n\t\t\t\t\t\t<div class=\"elementor-container elementor-column-gap-default\">\n\t\t\t\t\t<div class=\"elementor-column elementor-col-100 elementor-inner-column elementor-element elementor-element-44e4097\" data-id=\"44e4097\" data-element_type=\"column\">\n\t\t\t<div class=\"elementor-widget-wrap elementor-element-populated\">\n\t\t\t\t\t\t<div class=\"elementor-element elementor-element-c8b2e86 elementor-widget__width-initial elementor-widget-mobile__width-initial elementor-fixed elementor-hidden-tablet elementor-hidden-mobile elementor-widget elementor-widget-image\" data-id=\"c8b2e86\" data-element_type=\"widget\" data-settings=\"{&quot;_position&quot;:&quot;fixed&quot;}\" data-widget_type=\"image.default\">\n\t\t\t\t<div class=\"elementor-widget-container\">\n\t\t\t\t\t\t\t\t\t<div class=\"elementor-image\">\n\t\t\t\t\t\t\t\t\t\t\t\t\t\t\t\t\t\t\t\t\t<img fetchpriority=\"high\" decoding=\"async\" width=\"308\" height=\"444\" src=\"https:\/\/langemaa.ee\/wp-content\/uploads\/2024\/07\/ebakudoonia_308x444px.webp\" class=\"attachment-large size-large wp-image-994562\" alt=\"\" srcset=\"https:\/\/langemaa.ee\/wp-content\/uploads\/2024\/07\/ebakudoonia_308x444px.webp 308w, https:\/\/langemaa.ee\/wp-content\/uploads\/2024\/07\/ebakudoonia_308x444px-252x363.webp 252w, https:\/\/langemaa.ee\/wp-content\/uploads\/2024\/07\/ebakudoonia_308x444px-208x300.webp 208w\" sizes=\"(max-width: 308px) 100vw, 308px\" \/>\t\t\t\t\t\t\t\t\t\t\t\t\t\t\t\t\t\t\t\t\t\t\t\t<\/div>\n\t\t\t\t\t\t\t\t<\/div>\n\t\t\t\t<\/div>\n\t\t\t\t\t<\/div>\n\t\t<\/div>\n\t\t\t\t\t<\/div>\n\t\t<\/section>\n\t\t\t\t\t<\/div>\n\t\t<\/div>\n\t\t\t\t\t<\/div>\n\t\t<\/section>\n\t\t\t\t<\/div>\n\t\t","protected":false},"excerpt":{"rendered":"<p>Luonnollinen k\u00e4sity\u00f6viini, joka on valmistettu Etel\u00e4-Viron pelloillamme kasvatetuista japaninkvittenin marjoista. Miellytt\u00e4v\u00e4n hapokas kuiva valkoviini sopii mainiosti sek\u00e4 pastaruokien ett\u00e4 merenel\u00e4vien kanssa.<\/p>\n","protected":false},"featured_media":992462,"template":"","meta":{"om_disable_all_campaigns":false,"_uf_show_specific_survey":0,"_uf_disable_surveys":false},"product_brand":[],"product_cat":[154],"product_tag":[159,160,161,162],"class_list":{"0":"post-992461","1":"product","2":"type-product","3":"status-publish","4":"has-post-thumbnail","6":"product_cat-viinit","7":"product_tag-2023-fi","8":"product_tag-ebakudoonia-fi","9":"product_tag-poolkuiv-fi","10":"product_tag-valge-fi","11":"product_shipping_class-alkohol-fi","13":"first","14":"outofstock","15":"taxable","16":"shipping-taxable","17":"purchasable","18":"product-type-simple"},"aioseo_notices":[],"_links":{"self":[{"href":"https:\/\/langemaa.ee\/fi\/wp-json\/wp\/v2\/product\/992461","targetHints":{"allow":["GET"]}}],"collection":[{"href":"https:\/\/langemaa.ee\/fi\/wp-json\/wp\/v2\/product"}],"about":[{"href":"https:\/\/langemaa.ee\/fi\/wp-json\/wp\/v2\/types\/product"}],"version-history":[{"count":6,"href":"https:\/\/langemaa.ee\/fi\/wp-json\/wp\/v2\/product\/992461\/revisions"}],"predecessor-version":[{"id":992696,"href":"https:\/\/langemaa.ee\/fi\/wp-json\/wp\/v2\/product\/992461\/revisions\/992696"}],"wp:featuredmedia":[{"embeddable":true,"href":"https:\/\/langemaa.ee\/fi\/wp-json\/wp\/v2\/media\/992462"}],"wp:attachment":[{"href":"https:\/\/langemaa.ee\/fi\/wp-json\/wp\/v2\/media?parent=992461"}],"wp:term":[{"taxonomy":"product_brand","embeddable":true,"href":"https:\/\/langemaa.ee\/fi\/wp-json\/wp\/v2\/product_brand?post=992461"},{"taxonomy":"product_cat","embeddable":true,"href":"https:\/\/langemaa.ee\/fi\/wp-json\/wp\/v2\/product_cat?post=992461"},{"taxonomy":"product_tag","embeddable":true,"href":"https:\/\/langemaa.ee\/fi\/wp-json\/wp\/v2\/product_tag?post=992461"}],"curies":[{"name":"wp","href":"https:\/\/api.w.org\/{rel}","templated":true}]}}