{"id":992456,"date":"2020-04-11T23:52:36","date_gmt":"2020-04-11T23:52:36","guid":{"rendered":"https:\/\/langemaa.ee\/toode\/langemaa-glogi\/"},"modified":"2025-09-19T11:39:43","modified_gmt":"2025-09-19T08:39:43","slug":"langemaa-glogi","status":"publish","type":"product","link":"https:\/\/langemaa.ee\/fi\/toode\/langemaa-glogi\/","title":{"rendered":"Langemaa GL\u00d6GI"},"content":{"rendered":"\t\t<div data-elementor-type=\"product-post\" data-elementor-id=\"992456\" class=\"elementor elementor-992456 elementor-1832\" data-elementor-post-type=\"product\">\n\t\t\t\t\t\t<section class=\"elementor-section elementor-top-section elementor-element elementor-element-ea04bf8 elementor-section-boxed elementor-section-height-default elementor-section-height-default\" data-id=\"ea04bf8\" data-element_type=\"section\">\n\t\t\t\t\t\t<div class=\"elementor-container elementor-column-gap-default\">\n\t\t\t\t\t<div class=\"elementor-column elementor-col-100 elementor-top-column elementor-element elementor-element-a8cd0aa\" data-id=\"a8cd0aa\" data-element_type=\"column\">\n\t\t\t<div class=\"elementor-widget-wrap elementor-element-populated\">\n\t\t\t\t\t\t<div class=\"elementor-element elementor-element-4091660 elementor-widget elementor-widget-heading\" data-id=\"4091660\" data-element_type=\"widget\" data-widget_type=\"heading.default\">\n\t\t\t\t<div class=\"elementor-widget-container\">\n\t\t\t\t\t<h5 class=\"elementor-heading-title elementor-size-default\">Tuotetiedot<\/h5>\t\t\t\t<\/div>\n\t\t\t\t<\/div>\n\t\t\t\t<div class=\"elementor-element elementor-element-4748856f elementor-widget elementor-widget-heading\" data-id=\"4748856f\" data-element_type=\"widget\" data-widget_type=\"heading.default\">\n\t\t\t\t<div class=\"elementor-widget-container\">\n\t\t\t\t\t<h5 class=\"elementor-heading-title elementor-size-default\">Palkinnot<\/h5>\t\t\t\t<\/div>\n\t\t\t\t<\/div>\n\t\t\t\t<section class=\"elementor-section elementor-inner-section elementor-element elementor-element-7068ec9a elementor-section-boxed elementor-section-height-default elementor-section-height-default\" data-id=\"7068ec9a\" data-element_type=\"section\">\n\t\t\t\t\t\t<div class=\"elementor-container elementor-column-gap-default\">\n\t\t\t\t\t<div class=\"elementor-column elementor-col-50 elementor-inner-column elementor-element elementor-element-4296bea2\" data-id=\"4296bea2\" data-element_type=\"column\">\n\t\t\t<div class=\"elementor-widget-wrap elementor-element-populated\">\n\t\t\t\t\t\t<div class=\"elementor-element elementor-element-645f567f elementor-headline--style-highlight elementor-widget elementor-widget-vamtam-animated-headline\" data-id=\"645f567f\" data-element_type=\"widget\" data-settings=\"{&quot;marker&quot;:&quot;curly&quot;,&quot;highlighted_text&quot;:&quot;PRONKS&quot;,&quot;headline_style&quot;:&quot;highlight&quot;,&quot;loop&quot;:&quot;yes&quot;,&quot;highlight_animation_duration&quot;:1200,&quot;highlight_iteration_delay&quot;:8000}\" data-widget_type=\"vamtam-animated-headline.default\">\n\t\t\t\t<div class=\"elementor-widget-container\">\n\t\t\t\t\t\t\t\t\t<h5 class=\"elementor-headline\">\n\t\t\t\t\t\t\t\t\t\t\t\t\t\t\t\t\t\t<span class=\"elementor-headline-plain-text elementor-headline-text-wrapper\">Parimad Eesti Joogid: <br><\/span>\n\t\t\t\t\t\t\t\t\t\t\t\t<span class=\"elementor-headline-dynamic-wrapper elementor-headline-text-wrapper\">\n\t\t\t\t\t\t\t\t\t\t\t\t\t<span class=\"elementor-headline-dynamic-text elementor-headline-text-active\">PRONKS<\/span>\n\t\t\t\t\t\t\t\t\t\t\t\t<\/span>\n\t\t\t\t\t\t\t\t\t\t\t\t\t<span class=\"elementor-headline-plain-text elementor-headline-text-wrapper\">2024<\/span>\n\t\t\t\t\t\t\t\t\t\t\t\t\t\t\t\t<\/h5>\n\t\t\t\t\t\t\t\t<\/div>\n\t\t\t\t<\/div>\n\t\t\t\t<div class=\"elementor-element elementor-element-56aab37c elementor-widget elementor-widget-image\" data-id=\"56aab37c\" data-element_type=\"widget\" data-widget_type=\"image.default\">\n\t\t\t\t<div class=\"elementor-widget-container\">\n\t\t\t\t\t\t\t\t\t<div class=\"elementor-image\">\n\t\t\t\t\t\t\t\t\t\t\t\t\t\t\t\t\t\t\t\t\t<img decoding=\"async\" width=\"150\" height=\"150\" src=\"https:\/\/langemaa.ee\/wp-content\/uploads\/2020\/04\/EAS-parimad-eesti-joogid-2024-PRONKS-150x150.png\" class=\"attachment-thumbnail size-thumbnail wp-image-992478\" alt=\"\" srcset=\"https:\/\/langemaa.ee\/wp-content\/uploads\/2020\/04\/EAS-parimad-eesti-joogid-2024-PRONKS-150x150.png 150w, https:\/\/langemaa.ee\/wp-content\/uploads\/2020\/04\/EAS-parimad-eesti-joogid-2024-PRONKS-252x252.webp 252w, https:\/\/langemaa.ee\/wp-content\/uploads\/2020\/04\/EAS-parimad-eesti-joogid-2024-PRONKS-315x315.webp 315w, https:\/\/langemaa.ee\/wp-content\/uploads\/2020\/04\/EAS-parimad-eesti-joogid-2024-PRONKS-630x630.png 630w, https:\/\/langemaa.ee\/wp-content\/uploads\/2020\/04\/EAS-parimad-eesti-joogid-2024-PRONKS-300x300.png 300w, https:\/\/langemaa.ee\/wp-content\/uploads\/2020\/04\/EAS-parimad-eesti-joogid-2024-PRONKS-768x768.png 768w, https:\/\/langemaa.ee\/wp-content\/uploads\/2020\/04\/EAS-parimad-eesti-joogid-2024-PRONKS.webp 1000w\" sizes=\"(max-width: 150px) 100vw, 150px\" \/>\t\t\t\t\t\t\t\t\t\t\t\t\t\t\t\t\t\t\t\t\t\t\t\t<\/div>\n\t\t\t\t\t\t\t\t<\/div>\n\t\t\t\t<\/div>\n\t\t\t\t\t<\/div>\n\t\t<\/div>\n\t\t\t\t<div class=\"elementor-column elementor-col-50 elementor-inner-column elementor-element elementor-element-27e0934e\" data-id=\"27e0934e\" data-element_type=\"column\">\n\t\t\t<div class=\"elementor-widget-wrap\">\n\t\t\t\t\t\t\t<\/div>\n\t\t<\/div>\n\t\t\t\t\t<\/div>\n\t\t<\/section>\n\t\t\t\t<section class=\"elementor-section elementor-inner-section elementor-element elementor-element-a63fd70 elementor-section-boxed elementor-section-height-default elementor-section-height-default\" data-id=\"a63fd70\" data-element_type=\"section\">\n\t\t\t\t\t\t<div class=\"elementor-container elementor-column-gap-default\">\n\t\t\t\t\t<div class=\"elementor-column elementor-col-100 elementor-inner-column elementor-element elementor-element-20fd60d\" data-id=\"20fd60d\" data-element_type=\"column\">\n\t\t\t<div class=\"elementor-widget-wrap elementor-element-populated\">\n\t\t\t\t\t\t<div class=\"elementor-element elementor-element-8095260 elementor-widget__width-initial elementor-widget-mobile__width-initial elementor-fixed elementor-hidden-tablet elementor-hidden-mobile elementor-widget elementor-widget-image\" data-id=\"8095260\" data-element_type=\"widget\" data-settings=\"{&quot;_position&quot;:&quot;fixed&quot;}\" data-widget_type=\"image.default\">\n\t\t\t\t<div class=\"elementor-widget-container\">\n\t\t\t\t\t\t\t\t\t<div class=\"elementor-image\">\n\t\t\t\t\t\t\t\t\t\t\t\t\t\t\t\t\t\t\t\t\t<img fetchpriority=\"high\" decoding=\"async\" width=\"308\" height=\"444\" src=\"https:\/\/langemaa.ee\/wp-content\/uploads\/2024\/09\/glogi.webp\" class=\"attachment-large size-large wp-image-994715\" alt=\"\" srcset=\"https:\/\/langemaa.ee\/wp-content\/uploads\/2024\/09\/glogi.webp 308w, https:\/\/langemaa.ee\/wp-content\/uploads\/2024\/09\/glogi-252x363.webp 252w, https:\/\/langemaa.ee\/wp-content\/uploads\/2024\/09\/glogi-208x300.webp 208w\" sizes=\"(max-width: 308px) 100vw, 308px\" \/>\t\t\t\t\t\t\t\t\t\t\t\t\t\t\t\t\t\t\t\t\t\t\t\t<\/div>\n\t\t\t\t\t\t\t\t<\/div>\n\t\t\t\t<\/div>\n\t\t\t\t\t<\/div>\n\t\t<\/div>\n\t\t\t\t\t<\/div>\n\t\t<\/section>\n\t\t\t\t\t<\/div>\n\t\t<\/div>\n\t\t\t\t\t<\/div>\n\t\t<\/section>\n\t\t\t\t<\/div>\n\t\t","protected":false},"excerpt":{"rendered":"<p>Mahe ja naturaalne eestimaine gl\u00f6gi. Valmistatud Langemaa mustas\u00f5stra-arooniaveinist, mis on j\u00e4relk\u00fcpsenud tammevaadis. M\u00f5nusat gl\u00f6giv\u00fcrtsi annavad juurde apelsinikoored, ingverijuur, muskaatp\u00e4hkel, kaneelikoor, vaniljekaun, nelk ja teised naturaalsed v\u00fcrtsid.<\/p>\n","protected":false},"featured_media":996813,"template":"","meta":{"om_disable_all_campaigns":false,"_uf_show_specific_survey":0,"_uf_disable_surveys":false},"product_brand":[],"product_cat":[154],"product_tag":[155,156,157],"class_list":{"0":"post-992456","1":"product","2":"type-product","3":"status-publish","4":"has-post-thumbnail","6":"product_cat-viinit","7":"product_tag-aroonia-fi","8":"product_tag-kuiv-fi","9":"product_tag-mustsostar-fi","10":"product_shipping_class-alkohol-fi","12":"first","13":"instock","14":"taxable","15":"shipping-taxable","16":"purchasable","17":"product-type-simple"},"aioseo_notices":[],"_links":{"self":[{"href":"https:\/\/langemaa.ee\/fi\/wp-json\/wp\/v2\/product\/992456","targetHints":{"allow":["GET"]}}],"collection":[{"href":"https:\/\/langemaa.ee\/fi\/wp-json\/wp\/v2\/product"}],"about":[{"href":"https:\/\/langemaa.ee\/fi\/wp-json\/wp\/v2\/types\/product"}],"version-history":[{"count":3,"href":"https:\/\/langemaa.ee\/fi\/wp-json\/wp\/v2\/product\/992456\/revisions"}],"predecessor-version":[{"id":996134,"href":"https:\/\/langemaa.ee\/fi\/wp-json\/wp\/v2\/product\/992456\/revisions\/996134"}],"wp:featuredmedia":[{"embeddable":true,"href":"https:\/\/langemaa.ee\/fi\/wp-json\/wp\/v2\/media\/996813"}],"wp:attachment":[{"href":"https:\/\/langemaa.ee\/fi\/wp-json\/wp\/v2\/media?parent=992456"}],"wp:term":[{"taxonomy":"product_brand","embeddable":true,"href":"https:\/\/langemaa.ee\/fi\/wp-json\/wp\/v2\/product_brand?post=992456"},{"taxonomy":"product_cat","embeddable":true,"href":"https:\/\/langemaa.ee\/fi\/wp-json\/wp\/v2\/product_cat?post=992456"},{"taxonomy":"product_tag","embeddable":true,"href":"https:\/\/langemaa.ee\/fi\/wp-json\/wp\/v2\/product_tag?post=992456"}],"curies":[{"name":"wp","href":"https:\/\/api.w.org\/{rel}","templated":true}]}}