{"id":992446,"date":"2020-04-11T23:54:27","date_gmt":"2020-04-11T23:54:27","guid":{"rendered":"https:\/\/langemaa.ee\/toode\/miina-mai\/"},"modified":"2025-11-20T15:53:31","modified_gmt":"2025-11-20T13:53:31","slug":"miina-mai","status":"publish","type":"product","link":"https:\/\/langemaa.ee\/fi\/toode\/miina-mai\/","title":{"rendered":"Langemaa MIINA MAI Mustaherukka-aroniaviini"},"content":{"rendered":"\t\t<div data-elementor-type=\"product-post\" data-elementor-id=\"992446\" class=\"elementor elementor-992446 elementor-1834\" data-elementor-post-type=\"product\">\n\t\t\t\t\t\t<section class=\"elementor-section elementor-top-section elementor-element elementor-element-8002465 elementor-section-boxed elementor-section-height-default elementor-section-height-default\" data-id=\"8002465\" data-element_type=\"section\">\n\t\t\t\t\t\t<div class=\"elementor-container elementor-column-gap-default\">\n\t\t\t\t\t<div class=\"elementor-column elementor-col-100 elementor-top-column elementor-element elementor-element-f7667c8\" data-id=\"f7667c8\" data-element_type=\"column\">\n\t\t\t<div class=\"elementor-widget-wrap elementor-element-populated\">\n\t\t\t\t\t\t<div class=\"elementor-element elementor-element-c9101d7 elementor-widget elementor-widget-heading\" data-id=\"c9101d7\" data-element_type=\"widget\" data-widget_type=\"heading.default\">\n\t\t\t\t<div class=\"elementor-widget-container\">\n\t\t\t\t\t<h5 class=\"elementor-heading-title elementor-size-default\">Tuotetiedot<\/h5>\t\t\t\t<\/div>\n\t\t\t\t<\/div>\n\t\t\t\t<div class=\"elementor-element elementor-element-8aef916 elementor-widget elementor-widget-text-editor\" data-id=\"8aef916\" data-element_type=\"widget\" data-widget_type=\"text-editor.default\">\n\t\t\t\t<div class=\"elementor-widget-container\">\n\t\t\t\t\t\t\t\t\t<p><strong>Sadonkorjuuaika:<\/strong> Elokuu\u2013syyskuu<br \/>\n<strong>Kypsytys:<\/strong> Ruostumattomasta ter\u00e4ksest\u00e4 valmistetussa s\u00e4ili\u00f6ss\u00e4 ja tammitynnyriss\u00e4<br \/>\n<strong>Viinin marjat:<\/strong> mustaherukka, musta-aronia, viljelty pihlaja<br \/>\n<strong>Sis\u00e4lt\u00e4\u00e4 sulfiitteja<\/strong><br \/>\n<strong>Alkoholi:<\/strong> 12,5 % vol<br \/>\n<strong>Tilavuus:<\/strong> 750 ml<\/p>\n\t\t\t\t\t\t\t\t<\/div>\n\t\t\t\t<\/div>\n\t\t\t\t<div class=\"elementor-element elementor-element-7c7ade7 elementor-widget elementor-widget-heading\" data-id=\"7c7ade7\" data-element_type=\"widget\" data-widget_type=\"heading.default\">\n\t\t\t\t<div class=\"elementor-widget-container\">\n\t\t\t\t\t<h5 class=\"elementor-heading-title elementor-size-default\">Lis\u00e4tietoja<\/h5>\t\t\t\t<\/div>\n\t\t\t\t<\/div>\n\t\t\t\t<div class=\"elementor-element elementor-element-52a3234 elementor-widget elementor-widget-text-editor\" data-id=\"52a3234\" data-element_type=\"widget\" data-widget_type=\"text-editor.default\">\n\t\t\t\t<div class=\"elementor-widget-container\">\n\t\t\t\t\t\t\t\t\t<p><strong>Langemaa MIINA MAI<\/strong> on tiilenpunainen kuiva viini, joka hurmaa kolmen marjan tasapainolla \u2013 mustaherukan marjaisuus pehment\u00e4\u00e4 pihlajanmarjan karvautta ja aronian tanniinisuutta.<\/p>\n<p>Viini on k\u00e4ynyt ruostumattomasta ter\u00e4ksest\u00e4 valmistetuissa s\u00e4ili\u00f6iss\u00e4, mink\u00e4 j\u00e4lkeen sit\u00e4 on kypsytetty tammitynnyreiss\u00e4 tuomaan esiin runsaat aromit ja maut.<\/p>\n<p><strong>Miina Mai<\/strong> sopii erinomaisesti BBQ-liharuokien sek\u00e4 tomaattipohjaisten pastaruokien kanssa.<\/p>\n<p>Tarjoile kevyesti viilennettyn\u00e4, 14\u201315 \u00b0C:ssa, jotta viinin maut ja aromit p\u00e4\u00e4sev\u00e4t parhaiten esiin.<\/p>\n<p><strong>Hyv\u00e4 idea!<\/strong> Kokeile my\u00f6s cocktailina j\u00e4\u00e4kuutioiden ja kivenn\u00e4isveden kanssa.<\/p>\n\t\t\t\t\t\t\t\t<\/div>\n\t\t\t\t<\/div>\n\t\t\t\t<div class=\"elementor-element elementor-element-7b8559cb elementor-widget elementor-widget-heading\" data-id=\"7b8559cb\" data-element_type=\"widget\" data-widget_type=\"heading.default\">\n\t\t\t\t<div class=\"elementor-widget-container\">\n\t\t\t\t\t<h5 class=\"elementor-heading-title elementor-size-default\">Palkinnot<\/h5>\t\t\t\t<\/div>\n\t\t\t\t<\/div>\n\t\t\t\t<div class=\"elementor-element elementor-element-2e9b8543 elementor-widget elementor-widget-text-editor\" data-id=\"2e9b8543\" data-element_type=\"widget\" data-widget_type=\"text-editor.default\">\n\t\t\t\t<div class=\"elementor-widget-container\">\n\t\t\t\t\t\t\t\t\t<p>Kategoria: kuivat punaiset marjaviinit<\/p>\n\t\t\t\t\t\t\t\t<\/div>\n\t\t\t\t<\/div>\n\t\t\t\t<section class=\"elementor-section elementor-inner-section elementor-element elementor-element-54a20233 elementor-section-boxed elementor-section-height-default elementor-section-height-default\" data-id=\"54a20233\" data-element_type=\"section\">\n\t\t\t\t\t\t<div class=\"elementor-container elementor-column-gap-default\">\n\t\t\t\t\t<div class=\"elementor-column elementor-col-33 elementor-inner-column elementor-element elementor-element-1a2c6065\" data-id=\"1a2c6065\" data-element_type=\"column\">\n\t\t\t<div class=\"elementor-widget-wrap elementor-element-populated\">\n\t\t\t\t\t\t<div class=\"elementor-element elementor-element-58c57dee elementor-headline--style-highlight elementor-widget elementor-widget-vamtam-animated-headline\" data-id=\"58c57dee\" data-element_type=\"widget\" data-settings=\"{&quot;marker&quot;:&quot;curly&quot;,&quot;highlighted_text&quot;:&quot;H\\u00d5BE&quot;,&quot;headline_style&quot;:&quot;highlight&quot;,&quot;loop&quot;:&quot;yes&quot;,&quot;highlight_animation_duration&quot;:1200,&quot;highlight_iteration_delay&quot;:8000}\" data-widget_type=\"vamtam-animated-headline.default\">\n\t\t\t\t<div class=\"elementor-widget-container\">\n\t\t\t\t\t\t\t\t\t<h5 class=\"elementor-headline\">\n\t\t\t\t\t\t\t\t\t\t\t\t\t\t\t\t\t\t<span class=\"elementor-headline-plain-text elementor-headline-text-wrapper\">Baltic Cup\u200b: <br><\/span>\n\t\t\t\t\t\t\t\t\t\t\t\t<span class=\"elementor-headline-dynamic-wrapper elementor-headline-text-wrapper\">\n\t\t\t\t\t\t\t\t\t\t\t\t\t<span class=\"elementor-headline-dynamic-text elementor-headline-text-active\">H\u00d5BE<\/span>\n\t\t\t\t\t\t\t\t\t\t\t\t<\/span>\n\t\t\t\t\t\t\t\t\t\t\t\t\t<span class=\"elementor-headline-plain-text elementor-headline-text-wrapper\">2024<\/span>\n\t\t\t\t\t\t\t\t\t\t\t\t\t\t\t\t<\/h5>\n\t\t\t\t\t\t\t\t<\/div>\n\t\t\t\t<\/div>\n\t\t\t\t<div class=\"elementor-element elementor-element-a1c9fc elementor-widget elementor-widget-image\" data-id=\"a1c9fc\" data-element_type=\"widget\" data-widget_type=\"image.default\">\n\t\t\t\t<div class=\"elementor-widget-container\">\n\t\t\t\t\t\t\t\t\t<div class=\"elementor-image\">\n\t\t\t\t\t\t\t\t\t\t\t\t\t\t\t\t\t\t\t\t\t<img decoding=\"async\" width=\"150\" height=\"150\" src=\"https:\/\/langemaa.ee\/wp-content\/uploads\/2020\/04\/BALTIC-CUP-2024-KULD-1-150x150.png\" class=\"attachment-thumbnail size-thumbnail wp-image-992451\" alt=\"\" srcset=\"https:\/\/langemaa.ee\/wp-content\/uploads\/2020\/04\/BALTIC-CUP-2024-KULD-1-150x150.png 150w, https:\/\/langemaa.ee\/wp-content\/uploads\/2020\/04\/BALTIC-CUP-2024-KULD-1-252x252.webp 252w, https:\/\/langemaa.ee\/wp-content\/uploads\/2020\/04\/BALTIC-CUP-2024-KULD-1-315x315.webp 315w, https:\/\/langemaa.ee\/wp-content\/uploads\/2020\/04\/BALTIC-CUP-2024-KULD-1-630x630.png 630w, https:\/\/langemaa.ee\/wp-content\/uploads\/2020\/04\/BALTIC-CUP-2024-KULD-1-300x300.png 300w, https:\/\/langemaa.ee\/wp-content\/uploads\/2020\/04\/BALTIC-CUP-2024-KULD-1-768x768.png 768w, https:\/\/langemaa.ee\/wp-content\/uploads\/2020\/04\/BALTIC-CUP-2024-KULD-1.webp 1000w\" sizes=\"(max-width: 150px) 100vw, 150px\" \/>\t\t\t\t\t\t\t\t\t\t\t\t\t\t\t\t\t\t\t\t\t\t\t\t<\/div>\n\t\t\t\t\t\t\t\t<\/div>\n\t\t\t\t<\/div>\n\t\t\t\t\t<\/div>\n\t\t<\/div>\n\t\t\t\t<div class=\"elementor-column elementor-col-33 elementor-inner-column elementor-element elementor-element-6a9554fe\" data-id=\"6a9554fe\" data-element_type=\"column\">\n\t\t\t<div class=\"elementor-widget-wrap elementor-element-populated\">\n\t\t\t\t\t\t<div class=\"elementor-element elementor-element-1e838399 elementor-headline--style-highlight elementor-widget elementor-widget-vamtam-animated-headline\" data-id=\"1e838399\" data-element_type=\"widget\" data-settings=\"{&quot;marker&quot;:&quot;curly&quot;,&quot;highlighted_text&quot;:&quot;H\\u00d5BE&quot;,&quot;headline_style&quot;:&quot;highlight&quot;,&quot;loop&quot;:&quot;yes&quot;,&quot;highlight_animation_duration&quot;:1200,&quot;highlight_iteration_delay&quot;:8000}\" data-widget_type=\"vamtam-animated-headline.default\">\n\t\t\t\t<div class=\"elementor-widget-container\">\n\t\t\t\t\t\t\t\t\t<h5 class=\"elementor-headline\">\n\t\t\t\t\t\t\t\t\t\t\t\t\t\t\t\t\t\t<span class=\"elementor-headline-plain-text elementor-headline-text-wrapper\">Parimad Eesti Joogid: <br><\/span>\n\t\t\t\t\t\t\t\t\t\t\t\t<span class=\"elementor-headline-dynamic-wrapper elementor-headline-text-wrapper\">\n\t\t\t\t\t\t\t\t\t\t\t\t\t<span class=\"elementor-headline-dynamic-text elementor-headline-text-active\">H\u00d5BE<\/span>\n\t\t\t\t\t\t\t\t\t\t\t\t<\/span>\n\t\t\t\t\t\t\t\t\t\t\t\t\t<span class=\"elementor-headline-plain-text elementor-headline-text-wrapper\">2025<\/span>\n\t\t\t\t\t\t\t\t\t\t\t\t\t\t\t\t<\/h5>\n\t\t\t\t\t\t\t\t<\/div>\n\t\t\t\t<\/div>\n\t\t\t\t<div class=\"elementor-element elementor-element-4f9feffa elementor-widget elementor-widget-image\" data-id=\"4f9feffa\" data-element_type=\"widget\" data-widget_type=\"image.default\">\n\t\t\t\t<div class=\"elementor-widget-container\">\n\t\t\t\t\t\t\t\t\t<div class=\"elementor-image\">\n\t\t\t\t\t\t\t\t\t\t\t\t\t\t\t\t\t\t\t\t\t<img decoding=\"async\" width=\"150\" height=\"150\" src=\"https:\/\/langemaa.ee\/wp-content\/uploads\/2020\/09\/Parimad-Eesti-Joogid-HOBE-150x150.png\" class=\"attachment-thumbnail size-thumbnail wp-image-996751\" alt=\"Parimad Eesti Joogid H\u00d5BE\" srcset=\"https:\/\/langemaa.ee\/wp-content\/uploads\/2020\/09\/Parimad-Eesti-Joogid-HOBE-150x150.png 150w, https:\/\/langemaa.ee\/wp-content\/uploads\/2020\/09\/Parimad-Eesti-Joogid-HOBE-252x252.png 252w, https:\/\/langemaa.ee\/wp-content\/uploads\/2020\/09\/Parimad-Eesti-Joogid-HOBE.png 283w\" sizes=\"(max-width: 150px) 100vw, 150px\" \/>\t\t\t\t\t\t\t\t\t\t\t\t\t\t\t\t\t\t\t\t\t\t\t\t<\/div>\n\t\t\t\t\t\t\t\t<\/div>\n\t\t\t\t<\/div>\n\t\t\t\t\t<\/div>\n\t\t<\/div>\n\t\t\t\t<div class=\"elementor-column elementor-col-33 elementor-inner-column elementor-element elementor-element-36743b56\" data-id=\"36743b56\" data-element_type=\"column\">\n\t\t\t<div class=\"elementor-widget-wrap\">\n\t\t\t\t\t\t\t<\/div>\n\t\t<\/div>\n\t\t\t\t\t<\/div>\n\t\t<\/section>\n\t\t\t\t<section class=\"elementor-section elementor-inner-section elementor-element elementor-element-ab61aa6 elementor-section-boxed elementor-section-height-default elementor-section-height-default\" data-id=\"ab61aa6\" data-element_type=\"section\">\n\t\t\t\t\t\t<div class=\"elementor-container elementor-column-gap-default\">\n\t\t\t\t\t<div class=\"elementor-column elementor-col-100 elementor-inner-column elementor-element elementor-element-4ede224\" data-id=\"4ede224\" data-element_type=\"column\">\n\t\t\t<div class=\"elementor-widget-wrap elementor-element-populated\">\n\t\t\t\t\t\t<div class=\"elementor-element elementor-element-c409224 elementor-widget__width-initial elementor-widget-mobile__width-initial elementor-fixed elementor-hidden-tablet elementor-hidden-mobile elementor-widget elementor-widget-image\" data-id=\"c409224\" data-element_type=\"widget\" data-settings=\"{&quot;_position&quot;:&quot;fixed&quot;}\" data-widget_type=\"image.default\">\n\t\t\t\t<div class=\"elementor-widget-container\">\n\t\t\t\t\t\t\t\t\t<div class=\"elementor-image\">\n\t\t\t\t\t\t\t\t\t\t\t\t\t\t\t\t\t\t\t\t\t<img fetchpriority=\"high\" decoding=\"async\" width=\"308\" height=\"444\" src=\"https:\/\/langemaa.ee\/wp-content\/uploads\/2024\/09\/mustsostar-aroonia-1.webp\" class=\"attachment-large size-large wp-image-994712\" alt=\"\" srcset=\"https:\/\/langemaa.ee\/wp-content\/uploads\/2024\/09\/mustsostar-aroonia-1.webp 308w, https:\/\/langemaa.ee\/wp-content\/uploads\/2024\/09\/mustsostar-aroonia-1-252x363.webp 252w, https:\/\/langemaa.ee\/wp-content\/uploads\/2024\/09\/mustsostar-aroonia-1-208x300.webp 208w\" sizes=\"(max-width: 308px) 100vw, 308px\" \/>\t\t\t\t\t\t\t\t\t\t\t\t\t\t\t\t\t\t\t\t\t\t\t\t<\/div>\n\t\t\t\t\t\t\t\t<\/div>\n\t\t\t\t<\/div>\n\t\t\t\t\t<\/div>\n\t\t<\/div>\n\t\t\t\t\t<\/div>\n\t\t<\/section>\n\t\t\t\t\t<\/div>\n\t\t<\/div>\n\t\t\t\t\t<\/div>\n\t\t<\/section>\n\t\t\t\t<\/div>\n\t\t","protected":false},"excerpt":{"rendered":"<p>Luonnollinen k\u00e4sity\u00f6viini, joka on valmistettu Etel\u00e4-Viron pelloillamme kasvatetuista mustaherukan ja mustan aronian marjoista. Mausteisen t\u00e4ytel\u00e4inen marjaviini on j\u00e4lkikypsytetty tammitynnyriss\u00e4, mik\u00e4 antaa sille pehme\u00e4n j\u00e4lkimaun. Sopii hyvin grillattujen liharuokien ja pastan kanssa.<\/p>\n","protected":false},"featured_media":996761,"template":"","meta":{"om_disable_all_campaigns":false,"_uf_show_specific_survey":0,"_uf_disable_surveys":false},"product_brand":[],"product_cat":[154],"product_tag":[155,156,157],"class_list":{"0":"post-992446","1":"product","2":"type-product","3":"status-publish","4":"has-post-thumbnail","6":"product_cat-viinit","7":"product_tag-aroonia-fi","8":"product_tag-kuiv-fi","9":"product_tag-mustsostar-fi","10":"product_shipping_class-alkohol-fi","12":"first","13":"instock","14":"taxable","15":"shipping-taxable","16":"purchasable","17":"product-type-simple"},"aioseo_notices":[],"_links":{"self":[{"href":"https:\/\/langemaa.ee\/fi\/wp-json\/wp\/v2\/product\/992446","targetHints":{"allow":["GET"]}}],"collection":[{"href":"https:\/\/langemaa.ee\/fi\/wp-json\/wp\/v2\/product"}],"about":[{"href":"https:\/\/langemaa.ee\/fi\/wp-json\/wp\/v2\/types\/product"}],"version-history":[{"count":16,"href":"https:\/\/langemaa.ee\/fi\/wp-json\/wp\/v2\/product\/992446\/revisions"}],"predecessor-version":[{"id":996758,"href":"https:\/\/langemaa.ee\/fi\/wp-json\/wp\/v2\/product\/992446\/revisions\/996758"}],"wp:featuredmedia":[{"embeddable":true,"href":"https:\/\/langemaa.ee\/fi\/wp-json\/wp\/v2\/media\/996761"}],"wp:attachment":[{"href":"https:\/\/langemaa.ee\/fi\/wp-json\/wp\/v2\/media?parent=992446"}],"wp:term":[{"taxonomy":"product_brand","embeddable":true,"href":"https:\/\/langemaa.ee\/fi\/wp-json\/wp\/v2\/product_brand?post=992446"},{"taxonomy":"product_cat","embeddable":true,"href":"https:\/\/langemaa.ee\/fi\/wp-json\/wp\/v2\/product_cat?post=992446"},{"taxonomy":"product_tag","embeddable":true,"href":"https:\/\/langemaa.ee\/fi\/wp-json\/wp\/v2\/product_tag?post=992446"}],"curies":[{"name":"wp","href":"https:\/\/api.w.org\/{rel}","templated":true}]}}