{"id":992374,"date":"2024-05-27T11:08:05","date_gmt":"2024-05-27T08:08:05","guid":{"rendered":"https:\/\/langemaa.ee\/muugitingimused\/"},"modified":"2025-07-01T15:32:54","modified_gmt":"2025-07-01T12:32:54","slug":"myyntiehdot","status":"publish","type":"page","link":"https:\/\/langemaa.ee\/fi\/myyntiehdot\/","title":{"rendered":"Myyntiehdot"},"content":{"rendered":"\t\t<div data-elementor-type=\"wp-page\" data-elementor-id=\"992374\" class=\"elementor elementor-992374 elementor-988697\" data-elementor-post-type=\"page\">\n\t\t\t\t<div class=\"elementor-element elementor-element-49b4bd1e e-flex e-con-boxed e-con e-parent\" data-id=\"49b4bd1e\" data-element_type=\"container\" data-settings=\"{&quot;background_background&quot;:&quot;classic&quot;}\">\n\t\t\t\t\t<div class=\"e-con-inner\">\n\t\t\t\t<div class=\"elementor-element elementor-element-74d49bbb elementor-widget elementor-widget-text-editor\" data-id=\"74d49bbb\" data-element_type=\"widget\" data-widget_type=\"text-editor.default\">\n\t\t\t\t<div class=\"elementor-widget-container\">\n\t\t\t\t\t\t\t\t\t<p><strong>1. Yleiset ehdot<\/strong><\/p><p>Myyntiehdot koskevat ostajaa (j\u00e4ljemp\u00e4n\u00e4 Ostaja) ja Langemaa O\u00dc:ta (j\u00e4ljemp\u00e4n\u00e4 Verkkokauppa) osoitteessa <a href=\"https:\/\/langemaa.ee\/\">www.langemaa.ee<\/a> teht\u00e4viss\u00e4 tavaroiden ja palveluiden (j\u00e4ljemp\u00e4n\u00e4 Tuote) ostoissa.<\/p><p>N\u00e4iden ehtojen lis\u00e4ksi <a href=\"https:\/\/langemaa.ee-verkkokaupasta\/\">www.langemaa.ee-verkkokaupasta<\/a> Tuotteen ostamiseen liittyvi\u00e4 oikeussuhteita s\u00e4\u00e4telev\u00e4t Viron tasavallassa voimassa olevat velvoiteoikeuslaki, kuluttajansuojalaki sek\u00e4 muut asiaankuuluvat s\u00e4\u00e4d\u00f6kset.<\/p><p>Verkkokaupalla on oikeus muuttaa n\u00e4it\u00e4 ehtoja, ja kaikki muutokset julkaistaan verkkokaupan sivustolla osoitteessa <a href=\"https:\/\/langemaa.ee\/\">www.langemaa.ee<\/a>.<\/p><p><strong>2. Hintatiedot<\/strong><\/p><p>Kaikki <a href=\"https:\/\/langemaa.ee-verkkokaupassa\/\">www.langemaa.ee-verkkokaupassa<\/a> ilmoitetut hinnat sis\u00e4lt\u00e4v\u00e4t 24 % arvonlis\u00e4veron.<\/p><p>Tuotteiden toimituskulut maksaa Ostaja, ja vastaava hinnasto esitet\u00e4\u00e4n toimitustavan yhteydess\u00e4.<br \/>Mik\u00e4li tilaus on tehty ennen myyntiehtojen tai hintojen muutosta, sovelletaan Ostajan ja Verkkokaupan v\u00e4liseen oikeussuhteeseen tilaushetkell\u00e4 voimassa olleita ehtoja.<br \/>Verkkokauppa <a href=\"https:\/\/langemaa.ee\/\">www.langemaa.ee<\/a> pid\u00e4tt\u00e4\u00e4 oikeuden tehd\u00e4 muutoksia hintoihin ja myyntiehtoihin. Kyseiset muutokset julkaistaan verkkosivulla <a href=\"https:\/\/langemaa.ee\/\">www.langemaa.ee<\/a>.<\/p><p><strong>3. Tilaaminen<\/strong><\/p><p>Lis\u00e4\u00e4 haluamasi Tuotteet ostoskoriin. Tilauksen tekemiseksi siirry ostoskoriin ja klikkaa <strong>&#8221;Siirry maksamaan&#8221;<\/strong>.<\/p><p>Tilauksen tekemisen sivulla t\u00e4yt\u00e4 tarvittavat tiedot ja valitse sinulle sopiva toimitustapa. Sen j\u00e4lkeen n\u00e4yt\u00f6lle ilmestyy lasku, jonka voit maksaa k\u00e4tev\u00e4sti pankkilinkin kautta. Maksamiseen tarvittavat tiedot (sis\u00e4lt\u00e4en kaikki voimassa olevat verot ja lis\u00e4maksut) l\u00f6ytyv\u00e4t n\u00e4yt\u00f6lle ilmestyv\u00e4st\u00e4 laskusta tilauksen vahvistamisen j\u00e4lkeen.<\/p><p>T\u00e4yt\u00e4 tilausvahvistussivun kent\u00e4t huolellisesti, sill\u00e4 annettujen tietojen tarkkuus ja oikeellisuus vaikuttavat suoraan tilatun tuotteen nopeaan ja ongelmattomaan toimitukseen sek\u00e4 mahdollisten erimielisyyksien ja reklamaatioiden ratkaisemiseen.<\/p><p>Verkkokauppa <a href=\"https:\/\/langemaa.ee\/\">www.langemaa.ee<\/a> k\u00e4sittelee tilauksia arkip\u00e4ivisin (ma\u2013pe klo 8.00\u201317.00). Mik\u00e4li tilaus tehd\u00e4\u00e4n perjantaina klo 14.00 j\u00e4lkeen, k\u00e4sitell\u00e4\u00e4n se seuraavana maanantaina.<\/p><p><strong>4. Maksutavat<\/strong><\/p><p>Kaikki maksut tapahtuvat euroissa, ja asiakkaan tililt\u00e4 veloitettava summa on euroissa. Maksaminen on mahdollista seuraavien pankkien maksulinkkien kautta: Swedbank, SEB Pank, LHV Pank, Luminor, Coop Pank, Citadele ja Revolut. Luottokorteista hyv\u00e4ksyt\u00e4\u00e4n Visa ja Mastercard, lis\u00e4ksi maksaminen onnistuu Google Payn ja Apple Payn kautta. Maksupalvelut tarjoaa Maksekeskus AS.<\/p><p><strong>5. Myyntisopimuksen voimaantulo<\/strong><\/p><p>Myyntisopimuksen perusteella Verkkokauppa sitoutuu luovuttamaan Ostajalle olemassa olevan tai my\u00f6hemmin hankittavan Tuotteen ja mahdollistamaan omistusoikeuden siirtymisen Ostajalle. Ostaja puolestaan sitoutuu maksamaan Verkkokaupalle Tuotteen hinnan 100-prosenttisesti ennakkoon ja vastaanottamaan Tuotteen.<\/p><p>Myyntisopimus astuu voimaan, kun Ostajan maksusuoritus on saapunut Verkkokaupan pankkitilille.<\/p><p><strong>6. Toimitus<\/strong><\/p><p>Toimitusaika on enint\u00e4\u00e4n 5 arkip\u00e4iv\u00e4\u00e4 maksun saapumisesta.<br \/>Myyntisopimuksen voimaantulon j\u00e4lkeen Verkkokauppa kokoaa tilauksen ja luovuttaa sen logistiikkakumppanille toimitettavaksi.<\/p><p>Verkkosivulla <a href=\"https:\/\/langemaa.ee\/\">www.langemaa.ee<\/a> esitetyt toimitusajat lasketaan arkip\u00e4iviss\u00e4 tilausmaksun saapumishetkest\u00e4 Verkkokaupan pankkitilille.<br \/>Toimituksen yhteydess\u00e4 tulee antaa oikeat ja voimassa olevat toimitustiedot.<\/p><p>Verkkokauppa ei vastaa toimitusviiveist\u00e4 tilanteissa, joissa Tuote on luovutettu logistiikkakumppanille ajallaan, mutta toimitus viiv\u00e4styy olosuhteista johtuen, joihin Verkkokauppa ei voi vaikuttaa tai joita se ei voi ennakoida.<\/p><p><strong>7. Peruutusoikeus<\/strong><\/p><p>Tuotteen vastaanottamisen j\u00e4lkeen Ostajalla on oikeus peruuttaa verkkokaupassa tehty myyntisopimus ilman syyt\u00e4 14 p\u00e4iv\u00e4n kuluessa.<br \/>Peruutusoikeus ei koske tuotteita, jotka on valmistettu Ostajan henkil\u00f6kohtaisten toiveiden mukaisesti, eik\u00e4 se ulotu alkoholijuomiin.<\/p><p>Palautettavan tuotteen tulee olla t\u00e4ysin k\u00e4ytt\u00e4m\u00e4t\u00f6n, vahingoittumaton, alkuper\u00e4ispakkauksessa ja j\u00e4lleenmyyntikelpoinen, sis\u00e4lt\u00e4en kaikki etiketit ja mukana toimitetut asiakirjat.<\/p><p>Palautusta varten Ostajan on toimitettava tilauksen peruutusilmoitus, jonka lomake l\u00f6ytyy osoitteesta <a href=\"https:\/\/langemaa.ee\/\">www.langemaa.ee<\/a>, ja l\u00e4hetett\u00e4v\u00e4 se s\u00e4hk\u00f6postitse osoitteeseen <strong><a href=\"mailto:kaija@langemaa.ee\">kaija@langemaa.ee<\/a><\/strong> viimeist\u00e4\u00e4n 14 p\u00e4iv\u00e4n kuluessa tuotteen vastaanottamisesta. Ostajan on palautettava tuote 14 p\u00e4iv\u00e4n kuluessa ilmoituksen l\u00e4hett\u00e4misest\u00e4.<\/p><p>Verkkokauppa palauttaa kaikki sopimuksen perusteella saadut maksut Ostajalle viivytyksett\u00e4, mutta viimeist\u00e4\u00e4n 14 p\u00e4iv\u00e4n kuluessa siit\u00e4, kun tuote on palautettu kohdassa 6.2 kuvatussa kunnossa. Palautuskustannuksista, mukaan lukien postimaksu, vastaa asiakas.<\/p><p>Peruutusoikeus ei koske oikeushenkil\u00f6it\u00e4 (yrityksi\u00e4).<\/p><p>Verkkokaupalla on oikeus peruuttaa myyntitapahtuma ja vaatia Tuotteen palautusta, jos tuotteen hinta on virheellisesti merkitty verkkokaupassa huomattavasti alle markkinahinnan.<\/p><p><strong>8. V\u00e4\u00e4ramatu este (force majeure)<\/strong><\/p><p>Verkkokauppa ei ole vastuussa Asiakkaalle aiheutuneista vahingoista tai tuotetoimituksen viiv\u00e4stymisest\u00e4, mik\u00e4li viiv\u00e4stys tai vahinko johtuu olosuhteista, joihin Verkkokauppa ei ole voinut vaikuttaa tai joita se ei ole voinut ennakoida.<\/p><p><strong>9. Henkil\u00f6tietojen k\u00e4sittely<\/strong><\/p><p>Asiakas antaa sy\u00f6tt\u00e4ess\u00e4\u00e4n tietoja verkkokaupassa ja vahvistaessaan sen Verkkokaupalle oikeuden ker\u00e4t\u00e4 ja k\u00e4sitell\u00e4 h\u00e4nen henkil\u00f6tietojaan (esimerkiksi nimi, puhelinnumero, toimitusosoite, s\u00e4hk\u00f6postiosoite, pankkitiedot) sopimuksen t\u00e4ytt\u00e4miseksi, yhteydenottoa varten sek\u00e4 asiakassuhteen hallintaan, asiakaskyselyihin vastaamiseen, myyntitilastojen laatimiseen ja lakis\u00e4\u00e4teisten velvollisuuksien t\u00e4ytt\u00e4miseksi. Asiakas antaa samalla luvan luovuttaa henkil\u00f6tietoja logistiikkakumppaneille tuotteiden toimitusta varten.<\/p><p>Verkkokaupalla on oikeus k\u00e4ytt\u00e4\u00e4 asiakkaan asuin- tai sijaintiosoitetta sek\u00e4 s\u00e4hk\u00f6postiosoitetta viestint\u00e4\u00e4n, joka liittyy tilauksen t\u00e4ytt\u00e4miseen (esimerkiksi toimitus ja muut velvoitteet Ostajalle), sek\u00e4 mainontaan, uutiskirjeisiin ja kampanjatiedotteisiin.<\/p><p>S\u00e4hk\u00f6isten henkil\u00f6tietojen k\u00e4ytt\u00f6 suoramarkkinointiin tapahtuu ainoastaan silloin, kun asiakas on antanut siihen erillisen suostumuksen sivustolla <a href=\"http:\/\/www.kotid.langemaa.ee\/\">www.kotid.langemaa.ee<\/a>.<\/p><p>Asiakkaan henkil\u00f6tietoja voidaan ker\u00e4t\u00e4:<\/p><ul><li><p>yhteystietojen sy\u00f6tt\u00e4misen kautta (esimerkiksi nimi, osoite, puhelinnumero, s\u00e4hk\u00f6posti, ensisijainen yhteydenottotapa) sivustolla <a href=\"https:\/\/langemaa.ee\/\">www.langemaa.ee<\/a><\/p><\/li><li><p>sivuston k\u00e4yt\u00f6n yhteydess\u00e4, k\u00e4ytt\u00e4j\u00e4tilitiedoista tai ev\u00e4steiden avulla<\/p><\/li><li><p>ostotapahtuman tai tilauksen yhteydess\u00e4 sek\u00e4 henkil\u00f6tietoihin tai ostomieltymyksiin liittyvien tietojen tallentamisen kautta<\/p><\/li><\/ul><p>Kaikki ostotapahtumaan sy\u00f6tetyt henkil\u00f6tiedot ovat luottamuksellisia eik\u00e4 niit\u00e4 luovuteta kolmansille osapuolille ilman perustetta. Verkkokauppa k\u00e4ytt\u00e4\u00e4 kaikkia tarvittavia toimenpiteit\u00e4 (hallinnollisia, teknisi\u00e4 ja fyysisi\u00e4) henkil\u00f6tietojen suojaamiseksi. Tietojen k\u00e4sittely- ja muokkausoikeus on vain valtuutetuilla henkil\u00f6ill\u00e4. Verkkokaupalla on oikeus jakaa henkil\u00f6tietoja kolmansien osapuolten palveluntarjoajien kanssa, jotka hallinnoivat IT-j\u00e4rjestelmi\u00e4, tarjoavat maksupalveluita, logistiikkaratkaisuja tai muita keskeisi\u00e4 palveluita Verkkokaupalle.<\/p><p>Henkil\u00f6tietoja s\u00e4ilytet\u00e4\u00e4n vain niin kauan kuin on tarpeellista niiden k\u00e4ytt\u00f6tarkoituksen toteuttamiseksi.<\/p><p><strong>10. Ev\u00e4steet (cookies)<\/strong><\/p><p>Paras mahdollinen palvelu taataan k\u00e4ytt\u00e4m\u00e4ll\u00e4 ev\u00e4steit\u00e4. Ev\u00e4ste on k\u00e4ytt\u00e4j\u00e4n kovalevylle tallennettava pieni tekstitiedosto, jonka luo verkkosivun palvelin. Ev\u00e4steen tiedot m\u00e4\u00e4ritt\u00e4\u00e4 palvelin, ja sit\u00e4 k\u00e4ytet\u00e4\u00e4n joka kerta, kun k\u00e4ytt\u00e4j\u00e4 vierailee sivulla uudelleen. Useimmat selaimet hyv\u00e4ksyv\u00e4t ev\u00e4steet automaattisesti, mutta niiden hyv\u00e4ksyminen ei ole pakollista. Ev\u00e4steiden k\u00e4yt\u00f6n voi est\u00e4\u00e4 selaimen asetuksista, mutta t\u00e4ll\u00f6in osa verkkosivuston toiminnoista ei v\u00e4ltt\u00e4m\u00e4tt\u00e4 toimi t\u00e4ydellisesti. Tarkemmat ohjeet l\u00f6ytyv\u00e4t selaimen k\u00e4ytt\u00f6oppaasta. Palvelujamme k\u00e4ytt\u00e4m\u00e4ll\u00e4 hyv\u00e4ksyt ev\u00e4steiden k\u00e4yt\u00f6n, joka tallentaa asetuksesi ja ostotilastosi.<\/p><p><strong>11. Turvallinen maksaminen<\/strong><\/p><p>Pankkimaksujen aikana k\u00e4ytetty salattu tietoliikenne varmistaa asiakkaan henkil\u00f6kohtaisten pankkitunnusten turvallisuuden, eik\u00e4 Verkkokaupalla ole p\u00e4\u00e4sy\u00e4 n\u00e4ihin tietoihin.<\/p><p><strong>12. Kielto-oikeus ja yhteystiedot<\/strong><\/p><p>Asiakkaalla on milloin tahansa oikeus kielt\u00e4\u00e4 omien henkil\u00f6tietojensa keruu ja k\u00e4ytt\u00f6, paitsi tilanteissa, joissa tietojen k\u00e4sittely on v\u00e4ltt\u00e4m\u00e4t\u00f6nt\u00e4 sopimusvelvoitteen t\u00e4ytt\u00e4miseksi tai tuotteen toimittamiseksi. Vastaava pyynt\u00f6 tulee l\u00e4hett\u00e4\u00e4 s\u00e4hk\u00f6postitse osoitteeseen <strong><a href=\"mailto:kaija@langemaa.ee\">kaija@langemaa.ee<\/a><\/strong> digitaalisesti allekirjoitetussa muodossa.<\/p><p>Kaikissa tietosuojak\u00e4yt\u00e4nt\u00f6\u00f6n tai henkil\u00f6tietojen k\u00e4sittelyyn liittyviss\u00e4 kysymyksiss\u00e4 pyyd\u00e4mme ottamaan yhteytt\u00e4 osoitteeseen <strong><a href=\"mailto:kaija@langemaa.ee\">kaija@langemaa.ee<\/a><\/strong>.<br \/>Asiakkaalla on aina oikeus k\u00e4\u00e4nty\u00e4 tietosuojaviranomaisen (Eesti Andmekaitse Inspektsioon) tai tuomioistuimen puoleen omien tietojensa suojaamiseksi.<\/p><p><strong>13. Reklamaatioiden esitt\u00e4misen menettely<\/strong><\/p><p>Verkkokauppa vastaa Ostajalle myydyn Tuotteen sopimuksenmukaisuudesta ja virheist\u00e4, jotka ilmenev\u00e4t kahden vuoden kuluessa tuotteen luovutuksesta Ostajalle.<\/p><p>Virheen havaitessaan Ostajan on ryhdytt\u00e4v\u00e4 kohtuullisiin toimiin tuotteen s\u00e4ilytt\u00e4miseksi ja suojaamiseksi, mm. v\u00e4ltett\u00e4v\u00e4 viallisen tuotteen k\u00e4ytt\u00f6\u00e4, mik\u00e4li k\u00e4ytt\u00f6 saattaa pahentaa sen kuntoa. Reklamaation yhteydess\u00e4 on esitett\u00e4v\u00e4 my\u00f6s viallinen tuote.<\/p><p>Jos verkkokaupasta ostetussa tuotteessa on virhe, josta Verkkokauppa on vastuussa, Verkkokauppa korjaa tai vaihtaa viallisen tuotteen. Tuotteen vaihtamisesta sovitaan Ostajan ja Verkkokaupan kesken. Mik\u00e4li tuotetta ei ole mahdollista korjata tai vaihtaa, Verkkokauppa palauttaa Ostajalle kauppahinnan.<\/p><p>Verkkokauppa ei vastaa Ostajan virheest\u00e4 johtuvista vaurioista tuotteessa, esimerkiksi virheellisest\u00e4 s\u00e4ilytyksest\u00e4, v\u00e4\u00e4r\u00e4nlaisesta k\u00e4yt\u00f6st\u00e4 tai normaalista kulumisesta tuotteen tavanomaisessa k\u00e4yt\u00f6ss\u00e4. Verkkokauppa ei vastaa virheist\u00e4, jotka ovat syntyneet tuotteen luovutuksen j\u00e4lkeen.<\/p><p>Ostajalla on oikeus reklamoida vika viimeist\u00e4\u00e4n kahden kuukauden kuluessa siit\u00e4, kun h\u00e4n on virheen havainnut. Reklamaatio tulee l\u00e4hett\u00e4\u00e4 osoitteeseen <strong><a href=\"mailto:kaija@langemaa.ee\">kaija@langemaa.ee<\/a><\/strong>, liitt\u00e4en mukaan virheen kuvaus ja ostolasku. Ilman ostolaskua Verkkokaupalla on oikeus j\u00e4tt\u00e4\u00e4 reklamaatio k\u00e4sittelem\u00e4tt\u00e4.<\/p><p>Kaikki reklamaatiot k\u00e4sitell\u00e4\u00e4n ja Ostajaan otetaan yhteytt\u00e4 mahdollisimman pian, kuitenkin viimeist\u00e4\u00e4n 14 p\u00e4iv\u00e4n kuluessa reklamaation vastaanottamisesta.<\/p><p>Jos Ostaja ja Verkkokauppa eiv\u00e4t p\u00e4\u00e4se sovintoon, Ostajalla on oikeus k\u00e4\u00e4nty\u00e4 <strong>kuluttajariitalautakunnan<\/strong> puoleen riidan tuomioistuimen ulkopuoliseksi ratkaisemiseksi tai nostaa kanne <strong>Harjun k\u00e4r\u00e4j\u00e4oikeudessa<\/strong> (Harju Maakohus).<\/p><p><strong>TOIMITUS<\/strong><\/p><p>Langemaa O\u00dc toimittaa tuotteita Viron sis\u00e4ll\u00e4 alla mainituilla toimitusvaihtoehdoilla. Toimitus muihin Euroopan unionin j\u00e4senvaltioihin tai kolmansiin maihin tapahtuu erillisen sopimuksen mukaan asiakkaan kanssa.<\/p><p><strong>Toimitusvaihtoehdot Virossa:<\/strong><\/p><ul><li><p><strong>Omniva pakettiautomaatti<\/strong> \u2013 Etuja ovat hyv\u00e4 sijainti, pitk\u00e4t aukioloajat ja jonojen puuttuminen. Kun paketti saapuu automaattiin, saat tekstiviestin, jossa ilmoitetaan sijainti ja oven avauskoodi.<\/p><\/li><li><p><strong>Itella SmartPOST pakettiautomaatti<\/strong> \u2013 Samat edut kuin Omnivalla: sijainti, aukioloajat ja nopeus. Tekstiviestitse saat tiedon paketin saapumisesta ja oven avauskoodin.<\/p><\/li><li><p><strong>OSC-kuriiripalvelu<\/strong> \u2013 Kuriiri toimittaa tilauksen suoraan haluttuun osoitteeseen (ovelta ovelle). Ennen toimitusta saat ilmoituksen, ja tarvittaessa on mahdollista sopia toimitusaika tai muuttaa osoitetta.<\/p><\/li><li><p><strong>Nouto paikan p\u00e4\u00e4lt\u00e4, ennakkoon sovitulla ajalla<\/strong> \u2013 T\u00e4ss\u00e4 vaihtoehdossa ei lis\u00e4t\u00e4 toimituskuluja. Tilauksen voi noutaa varastolta osoitteessa <strong>Luige Keskus, M\u00e4nni tn., Kiilin kunta, Harjumaa 75404<\/strong> arkip\u00e4ivisin klo 10.00\u201315.00.<br \/><strong>Varaa aika etuk\u00e4teen<\/strong>: <a href=\"mailto:margus@langemaa.ee\">margus@langemaa.ee<\/a> tai +372 5022 854.<\/p><\/li><\/ul><p><strong>Tulli- ja tuontimaksut<\/strong><\/p><p>Toimitettaessa tuotteita EU:n ulkopuolelle voi tilaukseen lis\u00e4t\u00e4 tullimaksuja ja tuontiveroja, jotka tulee maksaa tuotteen saavuttua kohdemaahan. N\u00e4ist\u00e4 maksuista vastaa paketin vastaanottaja. Koska tullik\u00e4yt\u00e4nn\u00f6t vaihtelevat eri maissa, suosittelemme ottamaan yhteytt\u00e4 paikalliseen tulliviranomaiseen saadaksesi tarkempaa tietoa.<\/p><p>Tilaukset k\u00e4sitell\u00e4\u00e4n ja postitetaan viimeist\u00e4\u00e4n viiden arkip\u00e4iv\u00e4n kuluessa tilauksen vahvistamisesta ja ennakkomaksun vastaanottamisesta. Toimitusaika riippuu postipalveluista. Juhlapyhien ja alennusmyyntien aikana l\u00e4hetys voi kest\u00e4\u00e4 tavallista kauemmin \u2013 ilmoitamme t\u00e4ll\u00f6in asiakkaille viiveist\u00e4 erikseen ja kiit\u00e4mme etuk\u00e4teen ymm\u00e4rryksest\u00e4.<\/p>\t\t\t\t\t\t\t\t<\/div>\n\t\t\t\t<\/div>\n\t\t\t\t\t<\/div>\n\t\t\t\t<\/div>\n\t\t\t\t<\/div>\n\t\t","protected":false},"excerpt":{"rendered":"<p>1. Yleiset ehdot Myyntiehdot koskevat ostajaa (j\u00e4ljemp\u00e4n\u00e4 Ostaja) ja Langemaa O\u00dc:ta (j\u00e4ljemp\u00e4n\u00e4 Verkkokauppa) osoitteessa www.langemaa.ee teht\u00e4viss\u00e4 tavaroiden ja palveluiden (j\u00e4ljemp\u00e4n\u00e4 Tuote) ostoissa. N\u00e4iden ehtojen lis\u00e4ksi www.langemaa.ee-verkkokaupasta Tuotteen ostamiseen liittyvi\u00e4 oikeussuhteita s\u00e4\u00e4telev\u00e4t Viron tasavallassa voimassa olevat velvoiteoikeuslaki, kuluttajansuojalaki sek\u00e4 muut asiaankuuluvat s\u00e4\u00e4d\u00f6kset. Verkkokaupalla on oikeus muuttaa n\u00e4it\u00e4 ehtoja, ja kaikki muutokset julkaistaan verkkokaupan sivustolla osoitteessa www.langemaa.ee&#8230;.<\/p>\n","protected":false},"author":1,"featured_media":0,"parent":0,"menu_order":0,"comment_status":"closed","ping_status":"closed","template":"","meta":{"om_disable_all_campaigns":false,"_uf_show_specific_survey":0,"_uf_disable_surveys":false,"footnotes":""},"class_list":["post-992374","page","type-page","status-publish","hentry"],"aioseo_notices":[],"_links":{"self":[{"href":"https:\/\/langemaa.ee\/fi\/wp-json\/wp\/v2\/pages\/992374","targetHints":{"allow":["GET"]}}],"collection":[{"href":"https:\/\/langemaa.ee\/fi\/wp-json\/wp\/v2\/pages"}],"about":[{"href":"https:\/\/langemaa.ee\/fi\/wp-json\/wp\/v2\/types\/page"}],"author":[{"embeddable":true,"href":"https:\/\/langemaa.ee\/fi\/wp-json\/wp\/v2\/users\/1"}],"replies":[{"embeddable":true,"href":"https:\/\/langemaa.ee\/fi\/wp-json\/wp\/v2\/comments?post=992374"}],"version-history":[{"count":26,"href":"https:\/\/langemaa.ee\/fi\/wp-json\/wp\/v2\/pages\/992374\/revisions"}],"predecessor-version":[{"id":995910,"href":"https:\/\/langemaa.ee\/fi\/wp-json\/wp\/v2\/pages\/992374\/revisions\/995910"}],"wp:attachment":[{"href":"https:\/\/langemaa.ee\/fi\/wp-json\/wp\/v2\/media?parent=992374"}],"curies":[{"name":"wp","href":"https:\/\/api.w.org\/{rel}","templated":true}]}}