{"id":996308,"date":"2025-10-09T10:37:33","date_gmt":"2025-10-09T07:37:33","guid":{"rendered":"https:\/\/langemaa.ee\/?post_type=product&#038;p=996308"},"modified":"2025-10-09T10:59:08","modified_gmt":"2025-10-09T07:59:08","slug":"ounamahl-ebakudooniamahl-3l","status":"publish","type":"product","link":"https:\/\/langemaa.ee\/en\/product\/ounamahl-ebakudooniamahl-3l\/","title":{"rendered":"LANGEMAA \u00d5una-ebak\u00fcdooniamahl 3L"},"content":{"rendered":"\t\t<div data-elementor-type=\"product-post\" data-elementor-id=\"996308\" class=\"elementor elementor-996308\" data-elementor-post-type=\"product\">\n\t\t\t\t\t\t<section class=\"elementor-section elementor-top-section elementor-element elementor-element-0f4a1b3 elementor-section-boxed elementor-section-height-default elementor-section-height-default\" data-id=\"0f4a1b3\" data-element_type=\"section\">\n\t\t\t\t\t\t<div class=\"elementor-container elementor-column-gap-default\">\n\t\t\t\t\t<div class=\"elementor-column elementor-col-100 elementor-top-column elementor-element elementor-element-3c18185\" data-id=\"3c18185\" data-element_type=\"column\">\n\t\t\t<div class=\"elementor-widget-wrap elementor-element-populated\">\n\t\t\t\t\t\t<div class=\"elementor-element elementor-element-0ace267 elementor-widget elementor-widget-heading\" data-id=\"0ace267\" data-element_type=\"widget\" data-widget_type=\"heading.default\">\n\t\t\t\t<div class=\"elementor-widget-container\">\n\t\t\t\t\t<h5 class=\"elementor-heading-title elementor-size-default\">Tooteinfo<\/h5>\t\t\t\t<\/div>\n\t\t\t\t<\/div>\n\t\t\t\t<div class=\"elementor-element elementor-element-e13eefa elementor-widget elementor-widget-text-editor\" data-id=\"e13eefa\" data-element_type=\"widget\" data-widget_type=\"text-editor.default\">\n\t\t\t\t<div class=\"elementor-widget-container\">\n\t\t\t\t\t\t\t\t\t<p><strong>Viljade korjeaeg:<\/strong> September-Oktoober<br \/><strong>Koostis: <\/strong>\u00f5unamahl 80% ja ebak\u00fcdooniamahl 20%<\/p><p><strong>Valmistusviis:<\/strong> K\u00fclmpressimine, kergpast\u00f6riseerimine<\/p><p><strong>Toitev\u00e4\u00e4rtus 100g:<\/strong> <br \/><strong>Energiat:<\/strong> 197 KJ \/ 47 Kcal<br \/><strong>Rasvu (sh k\u00fcllastunud rasvhapped ): 0g (0g)<\/strong><br \/><strong>S\u00fcsivesikuid ( sh. suhkruid): 11g (10.4g)<\/strong><br \/><strong>Valke:<\/strong> 0.2g<\/p><p><strong>Sool:<\/strong> 0g<\/p>\t\t\t\t\t\t\t\t<\/div>\n\t\t\t\t<\/div>\n\t\t\t\t<div class=\"elementor-element elementor-element-acb0508 elementor-widget elementor-widget-heading\" data-id=\"acb0508\" data-element_type=\"widget\" data-widget_type=\"heading.default\">\n\t\t\t\t<div class=\"elementor-widget-container\">\n\t\t\t\t\t<h5 class=\"elementor-heading-title elementor-size-default\">Lisainfo<\/h5>\t\t\t\t<\/div>\n\t\t\t\t<\/div>\n\t\t\t\t<div class=\"elementor-element elementor-element-3d5386e elementor-widget elementor-widget-text-editor\" data-id=\"3d5386e\" data-element_type=\"widget\" data-widget_type=\"text-editor.default\">\n\t\t\t\t<div class=\"elementor-widget-container\">\n\t\t\t\t\t\t\t\t\t<p>Langemaa \u00d5una-ebak\u00fcdooniamahl on valmistatud parimatest Eesti \u00f5unasortidest ja Jaapani ebak\u00fcdoonia \u00f5unviljadest, mis on mahedalt kasvatatud meie oma p\u00e4ikeselembeses viljapuuaias. K\u00f5ik algab \u00f5unte ja ebak\u00fcdooniate k\u00e4sitsi korjamisest, et tagada iga vilja parim kvaliteet. Viljad peavad olema k\u00fcpsed, terved ja plekivabad.<\/p><p>Kasutame k\u00fclmpressimise meetodit, sest see s\u00e4ilitab viljade loomuliku maitse ja vajalikud ens\u00fc\u00fcmid. Pikema s\u00e4ilivusaja tagamiseks toimub mahla past\u00f6riseerimine madalal temperatuuril, et eemaldada kahjulikud mikroorganismid, s\u00e4ilitades samal ajal v\u00f5imalikult palju looduslike vitamiine ja mineraalaineid.<\/p><p>Langemaa \u00d5una-ebak\u00fcdooniamahl sobib ideaalselt nii igap\u00e4evaseks tarbimiseks kui ka peolauale. Pakkuge oma perele ja s\u00f5pradele tervislikku alternatiivi, mis on t\u00e4is looduslikku headust.\u00a0<\/p><p>Maitse Langemaa \u00d5una-ebak\u00fcdooniamahla ja tunneta vahet!<\/p>\t\t\t\t\t\t\t\t<\/div>\n\t\t\t\t<\/div>\n\t\t\t\t<section class=\"elementor-section elementor-inner-section elementor-element elementor-element-ae040aa elementor-section-boxed elementor-section-height-default elementor-section-height-default\" data-id=\"ae040aa\" data-element_type=\"section\">\n\t\t\t\t\t\t<div class=\"elementor-container elementor-column-gap-default\">\n\t\t\t\t\t<div class=\"elementor-column elementor-col-100 elementor-inner-column elementor-element elementor-element-5df2602\" data-id=\"5df2602\" data-element_type=\"column\">\n\t\t\t<div class=\"elementor-widget-wrap elementor-element-populated\">\n\t\t\t\t\t\t\t<\/div>\n\t\t<\/div>\n\t\t\t\t\t<\/div>\n\t\t<\/section>\n\t\t\t\t\t<\/div>\n\t\t<\/div>\n\t\t\t\t\t<\/div>\n\t\t<\/section>\n\t\t\t\t<\/div>\n\t\t","protected":false},"excerpt":{"rendered":"<p>Langemaa \u00d5una-ebak\u00fcdooniamahl on 100% mahl ilma lisatud suhkrute v\u00f5i s\u00e4ilitusaineteta. K\u00fclmpressimise meetod s\u00e4ilitab k\u00f5ik \u00f5unte ja ebak\u00fcdooniate looduslikud vitamiinid, mineraalid ja antioks\u00fcdandid. Pakend: Bag in Box kraaniga mahlakott 3L.<\/p>\n","protected":false},"featured_media":996309,"template":"","meta":{"om_disable_all_campaigns":false,"_uf_show_specific_survey":0,"_uf_disable_surveys":false},"product_brand":[],"product_cat":[94],"product_tag":[76,92],"class_list":{"0":"post-996308","1":"product","2":"type-product","3":"status-publish","4":"has-post-thumbnail","6":"product_cat-mahlad","7":"product_tag-76","8":"product_tag-magus","10":"first","11":"instock","12":"taxable","13":"shipping-taxable","14":"purchasable","15":"product-type-simple"},"aioseo_notices":[],"_links":{"self":[{"href":"https:\/\/langemaa.ee\/en\/wp-json\/wp\/v2\/product\/996308","targetHints":{"allow":["GET"]}}],"collection":[{"href":"https:\/\/langemaa.ee\/en\/wp-json\/wp\/v2\/product"}],"about":[{"href":"https:\/\/langemaa.ee\/en\/wp-json\/wp\/v2\/types\/product"}],"version-history":[{"count":4,"href":"https:\/\/langemaa.ee\/en\/wp-json\/wp\/v2\/product\/996308\/revisions"}],"predecessor-version":[{"id":996317,"href":"https:\/\/langemaa.ee\/en\/wp-json\/wp\/v2\/product\/996308\/revisions\/996317"}],"wp:featuredmedia":[{"embeddable":true,"href":"https:\/\/langemaa.ee\/en\/wp-json\/wp\/v2\/media\/996309"}],"wp:attachment":[{"href":"https:\/\/langemaa.ee\/en\/wp-json\/wp\/v2\/media?parent=996308"}],"wp:term":[{"taxonomy":"product_brand","embeddable":true,"href":"https:\/\/langemaa.ee\/en\/wp-json\/wp\/v2\/product_brand?post=996308"},{"taxonomy":"product_cat","embeddable":true,"href":"https:\/\/langemaa.ee\/en\/wp-json\/wp\/v2\/product_cat?post=996308"},{"taxonomy":"product_tag","embeddable":true,"href":"https:\/\/langemaa.ee\/en\/wp-json\/wp\/v2\/product_tag?post=996308"}],"curies":[{"name":"wp","href":"https:\/\/api.w.org\/{rel}","templated":true}]}}