{"id":6569,"date":"2020-08-11T14:03:04","date_gmt":"2020-08-11T14:03:04","guid":{"rendered":"https:\/\/langemaa.ee\/toode\/2014-cerasuolo-dabruzzo\/"},"modified":"2024-11-08T10:59:59","modified_gmt":"2024-11-08T08:59:59","slug":"arooniamahl-1l","status":"publish","type":"product","link":"https:\/\/langemaa.ee\/en\/product\/arooniamahl-1l\/","title":{"rendered":"LANGEMAA Mustarooniamahl 1L"},"content":{"rendered":"\t\t<div data-elementor-type=\"product-post\" data-elementor-id=\"6569\" class=\"elementor elementor-6569\" data-elementor-post-type=\"product\">\n\t\t\t\t\t\t<section class=\"elementor-section elementor-top-section elementor-element elementor-element-104c3ca elementor-section-boxed elementor-section-height-default elementor-section-height-default\" data-id=\"104c3ca\" data-element_type=\"section\">\n\t\t\t\t\t\t<div class=\"elementor-container elementor-column-gap-default\">\n\t\t\t\t\t<div class=\"elementor-column elementor-col-100 elementor-top-column elementor-element elementor-element-786ae42\" data-id=\"786ae42\" data-element_type=\"column\">\n\t\t\t<div class=\"elementor-widget-wrap elementor-element-populated\">\n\t\t\t\t\t\t<div class=\"elementor-element elementor-element-807ec3d elementor-widget elementor-widget-heading\" data-id=\"807ec3d\" data-element_type=\"widget\" data-widget_type=\"heading.default\">\n\t\t\t\t<div class=\"elementor-widget-container\">\n\t\t\t\t\t<h5 class=\"elementor-heading-title elementor-size-default\">Tooteinfo<\/h5>\t\t\t\t<\/div>\n\t\t\t\t<\/div>\n\t\t\t\t<div class=\"elementor-element elementor-element-eae9482 elementor-widget elementor-widget-text-editor\" data-id=\"eae9482\" data-element_type=\"widget\" data-widget_type=\"text-editor.default\">\n\t\t\t\t<div class=\"elementor-widget-container\">\n\t\t\t\t\t\t\t\t\t<p><strong>Korjeaeg:<\/strong> September<br \/><strong>Mustaroonia sort:<\/strong> &#8220;Nero&#8221; (Aronia prunifolia)<\/p><p><strong>Valmistusviis:<\/strong>\u00a0K\u00fclmpressimine, \u00f5rn past\u00f6riseerimine<\/p><p><strong>Toitev\u00e4\u00e4rtus 100g:<\/strong><br \/><strong>Energiat:<\/strong> 192 KJ \/ 45 Kcal<br \/><strong>S\u00fcsivesikuid ( sh. suhkruid):<\/strong> 11.3g (5.2g)<br \/><strong>Rasvu:<\/strong> 0g<br \/><strong>Valke:<\/strong> 0g<br \/><strong>Soola:<\/strong> 0.02g<\/p>\t\t\t\t\t\t\t\t<\/div>\n\t\t\t\t<\/div>\n\t\t\t\t<div class=\"elementor-element elementor-element-79ee0a2 elementor-widget elementor-widget-heading\" data-id=\"79ee0a2\" data-element_type=\"widget\" data-widget_type=\"heading.default\">\n\t\t\t\t<div class=\"elementor-widget-container\">\n\t\t\t\t\t<h5 class=\"elementor-heading-title elementor-size-default\">Lisainfo<\/h5>\t\t\t\t<\/div>\n\t\t\t\t<\/div>\n\t\t\t\t<div class=\"elementor-element elementor-element-8f69ca3 elementor-widget elementor-widget-text-editor\" data-id=\"8f69ca3\" data-element_type=\"widget\" data-widget_type=\"text-editor.default\">\n\t\t\t\t<div class=\"elementor-widget-container\">\n\t\t\t\t\t\t\t\t\t<p><strong>Langemaa Mustarooniamahl<\/strong> on valmistatud mustadest aroonia marjadest, mis on mahedalt kasvatatud meie oma p\u00e4ikeselembeses L\u00f5una-Eesti istanduses.<\/p><p>Kasutame\u00a0<strong>k\u00fclmpressimise meetodit<\/strong>, sest see s\u00e4ilitab mahla loomuliku maitse ja vajalikud ens\u00fc\u00fcmid. Pikema s\u00e4ilivusaja tagamiseks toimub mahla\u00a0<strong>past\u00f6riseerimine madalal temperatuuril<\/strong>, et eemaldada kahjulikud mikroorganismid, s\u00e4ilitades samal ajal v\u00f5imalikult palju looduslike vitamiine ja mineraalaineid.<\/p><p>Arooniad on eriti rikkad C-vitamiini poolest, mis toetab immuuns\u00fcsteemi, aitab v\u00f5idelda v\u00e4simuse vastu ja toetab naha tervist. Lisaks sisaldavad nad K-vitamiini, mis m\u00e4ngib olulist rolli vere h\u00fc\u00fcbimises ja luude tugevdamises. Marjades leiduv beetakaroteen muundub kehas A-vitamiiniks, mis on h\u00e4davajalik silmade tervisele ning naha elastsuse s\u00e4ilitamiseks.<\/p><p>Arooniad on ka \u00fcks parimaid antioks\u00fcdantide allikaid, sisaldades rikkalikult antots\u00fcaniine ja flavonoide. Need v\u00f5imsad \u00fchendid kaitsevad keha rakke oks\u00fcdatiivse stressi eest, v\u00e4hendavad p\u00f5letikku ning aitavad ennetada mitmeid kroonilisi haigusi.<\/p><p>Arooniamahlal on <strong>palju kasutusv\u00f5imalusi<\/strong>\u00a0erinevates toitudes ja jookides:<\/p><p><strong>Hommikusmuutid:\u00a0<\/strong>Lisa arooniamahla oma hommikusmuutisse. Kombineeri see banaani, spinati v\u00f5i kreeka jogurtiga, et saada maitsev ja toitev jook, mis annab energiat terveks p\u00e4evaks.<\/p><p><strong>Salatikastmed:<\/strong> Kasutage arooniamahla salatikastmete valmistamisel, lisades sellele n\u00e4iteks oliivi\u00f5li, sinepit ja mett. See lisab kastmele meeldivalt puuviljase ja kergelt happelise maitse, mis sobib h\u00e4sti nii roheliste salatite kui ka grillitud k\u00f6\u00f6giviljade k\u00f5rvale.<\/p><p><strong>Marinaadid lihale: <\/strong>Arooniamahla saab kasutada marinaadina liha v\u00f5i kala jaoks. Selle hapukas maitse muudab liha pehmeks ja mahlaseks, lisades samas kerge puuviljase n\u00fcansi.<\/p><p><strong>Kuumad joogid: <\/strong>Lisa arooniamahla kuuma tee v\u00f5i taimeteede hulka, et saada tervislik jook. See sobib h\u00e4sti talviseks ajaks, kui immuuns\u00fcsteemi toetamine on eriti oluline.<\/p><p><strong>Alkoholivabad kokteilid: <\/strong>Sega arooniamahla mulliveega, et luua v\u00e4rskendav alkoholivaba jook. Proovi ka j\u00e4\u00e4kuubikute ja m\u00f5ne laimiviiluga, et saada v\u00e4rskendav suvine jook.<\/p><p>Proovi uusi retsepte ja lase loovusel lennata!<\/p>\t\t\t\t\t\t\t\t<\/div>\n\t\t\t\t<\/div>\n\t\t\t\t<section class=\"elementor-section elementor-inner-section elementor-element elementor-element-7d3890b elementor-section-boxed elementor-section-height-default elementor-section-height-default\" data-id=\"7d3890b\" data-element_type=\"section\">\n\t\t\t\t\t\t<div class=\"elementor-container elementor-column-gap-default\">\n\t\t\t\t\t<div class=\"elementor-column elementor-col-100 elementor-inner-column elementor-element elementor-element-40b68f5\" data-id=\"40b68f5\" data-element_type=\"column\">\n\t\t\t<div class=\"elementor-widget-wrap elementor-element-populated\">\n\t\t\t\t\t\t\t<\/div>\n\t\t<\/div>\n\t\t\t\t\t<\/div>\n\t\t<\/section>\n\t\t\t\t\t<\/div>\n\t\t<\/div>\n\t\t\t\t\t<\/div>\n\t\t<\/section>\n\t\t\t\t<\/div>\n\t\t","protected":false},"excerpt":{"rendered":"<p><strong>Langemaa Mustarooniamahl<\/strong> on 100% mahl ilma lisatud suhkrute v\u00f5i s\u00e4ilitusaineteta. K\u00fclmpressimise meetod s\u00e4ilitab mahlas k\u00f5rge C-vitamiini sisalduse ja looduslikud mineraalid. Pakend: 1L kraaniga mahlakott, mis on \u00f5hukindlalt suletav.<\/p>\n<p>NB! Hetkel on laost otsa saanud 2024 aasta arooniamahl, uus partii tuleb j\u00e4lle 2025 aastal, natuke kannatust!<\/p>\n","protected":false},"featured_media":990591,"template":"","meta":{"om_disable_all_campaigns":false,"_uf_show_specific_survey":0,"_uf_disable_surveys":false},"product_brand":[],"product_cat":[94],"product_tag":[76,82],"class_list":{"0":"post-6569","1":"product","2":"type-product","3":"status-publish","4":"has-post-thumbnail","6":"product_cat-mahlad","7":"product_tag-76","8":"product_tag-aroonia","10":"first","11":"outofstock","12":"taxable","13":"shipping-taxable","14":"purchasable","15":"product-type-simple"},"aioseo_notices":[],"_links":{"self":[{"href":"https:\/\/langemaa.ee\/en\/wp-json\/wp\/v2\/product\/6569","targetHints":{"allow":["GET"]}}],"collection":[{"href":"https:\/\/langemaa.ee\/en\/wp-json\/wp\/v2\/product"}],"about":[{"href":"https:\/\/langemaa.ee\/en\/wp-json\/wp\/v2\/types\/product"}],"version-history":[{"count":33,"href":"https:\/\/langemaa.ee\/en\/wp-json\/wp\/v2\/product\/6569\/revisions"}],"predecessor-version":[{"id":991567,"href":"https:\/\/langemaa.ee\/en\/wp-json\/wp\/v2\/product\/6569\/revisions\/991567"}],"wp:featuredmedia":[{"embeddable":true,"href":"https:\/\/langemaa.ee\/en\/wp-json\/wp\/v2\/media\/990591"}],"wp:attachment":[{"href":"https:\/\/langemaa.ee\/en\/wp-json\/wp\/v2\/media?parent=6569"}],"wp:term":[{"taxonomy":"product_brand","embeddable":true,"href":"https:\/\/langemaa.ee\/en\/wp-json\/wp\/v2\/product_brand?post=6569"},{"taxonomy":"product_cat","embeddable":true,"href":"https:\/\/langemaa.ee\/en\/wp-json\/wp\/v2\/product_cat?post=6569"},{"taxonomy":"product_tag","embeddable":true,"href":"https:\/\/langemaa.ee\/en\/wp-json\/wp\/v2\/product_tag?post=6569"}],"curies":[{"name":"wp","href":"https:\/\/api.w.org\/{rel}","templated":true}]}}