{"id":996252,"date":"2025-10-06T10:49:02","date_gmt":"2025-10-06T07:49:02","guid":{"rendered":"https:\/\/langemaa.ee\/?post_type=product&#038;p=996252"},"modified":"2025-10-13T14:28:50","modified_gmt":"2025-10-13T11:28:50","slug":"kinderbuch-paula-pilvepaevik","status":"publish","type":"product","link":"https:\/\/langemaa.ee\/de\/toode\/kinderbuch-paula-pilvepaevik\/","title":{"rendered":"Kinderbuch PAULA PILVEP\u00c4EVIK"},"content":{"rendered":"","protected":false},"excerpt":{"rendered":"<p>Das Kinderbuch \u201ePaula pilvep\u00e4evik\u201d (Paulas Wolkentagebuch) ist in erster Linie f\u00fcr Kinder gedacht, hat aber mehrere Ebenen, die das Buch auch f\u00fcr Eltern interessant machen. Die Hauptfigur des Buches ist die 9-j\u00e4hrige Paula, die oben auf den Wolken lebt und ihr Tagebuch schreibt. Paula ist ein Kind, das gerne schreibt und viel \u00fcber alles nachdenkt, was um sie herum geschieht. Die Autoren sind Pille-Riin Langeproon und Karl Tipp. Das Buch hat 128 Seiten und einen Hardcover-Einband. Ma\u00dfe des Buches: 175 x 237 x 12 mm.<\/p>\n","protected":false},"featured_media":996270,"template":"","meta":{"om_disable_all_campaigns":false,"_uf_show_specific_survey":0,"_uf_disable_surveys":false},"product_brand":[],"product_cat":[180],"product_tag":[],"class_list":{"0":"post-996252","1":"product","2":"type-product","3":"status-publish","4":"has-post-thumbnail","6":"product_cat-geschenke","8":"first","9":"instock","10":"taxable","11":"shipping-taxable","12":"purchasable","13":"product-type-simple"},"aioseo_notices":[],"_links":{"self":[{"href":"https:\/\/langemaa.ee\/de\/wp-json\/wp\/v2\/product\/996252","targetHints":{"allow":["GET"]}}],"collection":[{"href":"https:\/\/langemaa.ee\/de\/wp-json\/wp\/v2\/product"}],"about":[{"href":"https:\/\/langemaa.ee\/de\/wp-json\/wp\/v2\/types\/product"}],"version-history":[{"count":4,"href":"https:\/\/langemaa.ee\/de\/wp-json\/wp\/v2\/product\/996252\/revisions"}],"predecessor-version":[{"id":996431,"href":"https:\/\/langemaa.ee\/de\/wp-json\/wp\/v2\/product\/996252\/revisions\/996431"}],"wp:featuredmedia":[{"embeddable":true,"href":"https:\/\/langemaa.ee\/de\/wp-json\/wp\/v2\/media\/996270"}],"wp:attachment":[{"href":"https:\/\/langemaa.ee\/de\/wp-json\/wp\/v2\/media?parent=996252"}],"wp:term":[{"taxonomy":"product_brand","embeddable":true,"href":"https:\/\/langemaa.ee\/de\/wp-json\/wp\/v2\/product_brand?post=996252"},{"taxonomy":"product_cat","embeddable":true,"href":"https:\/\/langemaa.ee\/de\/wp-json\/wp\/v2\/product_cat?post=996252"},{"taxonomy":"product_tag","embeddable":true,"href":"https:\/\/langemaa.ee\/de\/wp-json\/wp\/v2\/product_tag?post=996252"}],"curies":[{"name":"wp","href":"https:\/\/api.w.org\/{rel}","templated":true}]}}