{"id":996215,"date":"2020-04-19T17:13:55","date_gmt":"2020-04-19T14:13:55","guid":{"rendered":"https:\/\/langemaa.ee\/?post_type=product&#038;p=996215"},"modified":"2025-10-13T14:34:46","modified_gmt":"2025-10-13T11:34:46","slug":"langemaa-marie","status":"publish","type":"product","link":"https:\/\/langemaa.ee\/de\/toode\/langemaa-marie\/","title":{"rendered":"Langemaa MARIE Haskap-Beerenwein"},"content":{"rendered":"\t\t<div data-elementor-type=\"product-post\" data-elementor-id=\"996215\" class=\"elementor elementor-996215 elementor-996214\" data-elementor-post-type=\"product\">\n\t\t\t\t\t\t<section class=\"elementor-section elementor-top-section elementor-element elementor-element-a1bbab8 elementor-section-boxed elementor-section-height-default elementor-section-height-default\" data-id=\"a1bbab8\" data-element_type=\"section\">\n\t\t\t\t\t\t<div class=\"elementor-container elementor-column-gap-default\">\n\t\t\t\t\t<div class=\"elementor-column elementor-col-100 elementor-top-column elementor-element elementor-element-768461d\" data-id=\"768461d\" data-element_type=\"column\">\n\t\t\t<div class=\"elementor-widget-wrap elementor-element-populated\">\n\t\t\t\t\t\t<div class=\"elementor-element elementor-element-bc21abe elementor-widget elementor-widget-heading\" data-id=\"bc21abe\" data-element_type=\"widget\" data-widget_type=\"heading.default\">\n\t\t\t\t<div class=\"elementor-widget-container\">\n\t\t\t\t\t<h5 class=\"elementor-heading-title elementor-size-default\">Produktinformationen<\/h5>\t\t\t\t<\/div>\n\t\t\t\t<\/div>\n\t\t\t\t<div class=\"elementor-element elementor-element-c34c874 elementor-widget elementor-widget-text-editor\" data-id=\"c34c874\" data-element_type=\"widget\" data-widget_type=\"text-editor.default\">\n\t\t\t\t<div class=\"elementor-widget-container\">\n\t\t\t\t\t\t\t\t\t<p>Erntezeit: September<br data-start=\"71\" data-end=\"74\" \/>Reifung: in Edelstahltanks und Eichenf\u00e4ssern<br data-start=\"118\" data-end=\"121\" data-is-only-node=\"\" \/>Enth\u00e4lt Sulfite<br data-start=\"136\" data-end=\"139\" \/>Alkohol: 13,5 % vol<br data-start=\"158\" data-end=\"161\" \/>Inhalt: 750 ml<\/p>\n\t\t\t\t\t\t\t\t<\/div>\n\t\t\t\t<\/div>\n\t\t\t\t<div class=\"elementor-element elementor-element-d44e41d elementor-widget elementor-widget-heading\" data-id=\"d44e41d\" data-element_type=\"widget\" data-widget_type=\"heading.default\">\n\t\t\t\t<div class=\"elementor-widget-container\">\n\t\t\t\t\t<h5 class=\"elementor-heading-title elementor-size-default\">Zus\u00e4tzliche Informationen<\/h5>\t\t\t\t<\/div>\n\t\t\t\t<\/div>\n\t\t\t\t<div class=\"elementor-element elementor-element-a9236d1 elementor-widget elementor-widget-text-editor\" data-id=\"a9236d1\" data-element_type=\"widget\" data-widget_type=\"text-editor.default\">\n\t\t\t\t<div class=\"elementor-widget-container\">\n\t\t\t\t\t\t\t\t\t<p data-start=\"51\" data-end=\"214\">Langemaa MARIE ist ein dunkelroter, halbtrockener Wein mit violettem Schimmer, dessen charakteristische Merkmale ausgewogene Beerenf\u00fclle und weiche Tannine sind.<\/p>\n<p data-start=\"216\" data-end=\"370\">Der Wein entsteht aus sorgf\u00e4ltig ausgew\u00e4hlten Rohstoffen durch einen langsamen G\u00e4rungsprozess, der die besten Geschmacks- und Aromanuancen hervorbringt.<\/p>\n<p data-start=\"372\" data-end=\"487\">Langemaa MARIE Rotwein passt hervorragend zu verschiedenen Fleischgerichten und eignet sich auch als Dessertwein.<\/p>\n<p data-start=\"489\" data-end=\"594\">Servieren Sie ihn bei 14\u201316 \u00b0C, damit sich der Geschmack und die Aromen des Rotweins optimal entfalten.<\/p>\n<p data-start=\"596\" data-end=\"676\" data-is-last-node=\"\" data-is-only-node=\"\">Tipp: Probieren Sie ihn auch als Cocktail mit Eisw\u00fcrfeln und Mineralwasser.<\/p>\n\t\t\t\t\t\t\t\t<\/div>\n\t\t\t\t<\/div>\n\t\t\t\t\t<\/div>\n\t\t<\/div>\n\t\t\t\t\t<\/div>\n\t\t<\/section>\n\t\t\t\t<\/div>\n\t\t","protected":false},"excerpt":{"rendered":"<p>Rotwein. Hergestellt aus Haskap-Beeren, die auf den Feldern S\u00fcdestlands angebaut wurden.<br data-start=\"139\" data-end=\"142\" \/>Der Wein zeichnet sich durch tiefe Intensit\u00e4t und beerige F\u00fclle aus und passt sowohl zu deftigen Fleischgerichten als auch als Dessertwein.<\/p>\n","protected":false},"featured_media":996774,"template":"","meta":{"om_disable_all_campaigns":false,"_uf_show_specific_survey":0,"_uf_disable_surveys":false},"product_brand":[],"product_cat":[175],"product_tag":[],"class_list":{"0":"post-996215","1":"product","2":"type-product","3":"status-publish","4":"has-post-thumbnail","6":"product_cat-weine","8":"first","9":"outofstock","10":"taxable","11":"shipping-taxable","12":"purchasable","13":"product-type-simple"},"aioseo_notices":[],"_links":{"self":[{"href":"https:\/\/langemaa.ee\/de\/wp-json\/wp\/v2\/product\/996215","targetHints":{"allow":["GET"]}}],"collection":[{"href":"https:\/\/langemaa.ee\/de\/wp-json\/wp\/v2\/product"}],"about":[{"href":"https:\/\/langemaa.ee\/de\/wp-json\/wp\/v2\/types\/product"}],"version-history":[{"count":3,"href":"https:\/\/langemaa.ee\/de\/wp-json\/wp\/v2\/product\/996215\/revisions"}],"predecessor-version":[{"id":996434,"href":"https:\/\/langemaa.ee\/de\/wp-json\/wp\/v2\/product\/996215\/revisions\/996434"}],"wp:featuredmedia":[{"embeddable":true,"href":"https:\/\/langemaa.ee\/de\/wp-json\/wp\/v2\/media\/996774"}],"wp:attachment":[{"href":"https:\/\/langemaa.ee\/de\/wp-json\/wp\/v2\/media?parent=996215"}],"wp:term":[{"taxonomy":"product_brand","embeddable":true,"href":"https:\/\/langemaa.ee\/de\/wp-json\/wp\/v2\/product_brand?post=996215"},{"taxonomy":"product_cat","embeddable":true,"href":"https:\/\/langemaa.ee\/de\/wp-json\/wp\/v2\/product_cat?post=996215"},{"taxonomy":"product_tag","embeddable":true,"href":"https:\/\/langemaa.ee\/de\/wp-json\/wp\/v2\/product_tag?post=996215"}],"curies":[{"name":"wp","href":"https:\/\/api.w.org\/{rel}","templated":true}]}}