{"id":996179,"date":"2025-09-04T12:40:32","date_gmt":"2025-09-04T09:40:32","guid":{"rendered":"https:\/\/langemaa.ee\/?post_type=product&#038;p=996179"},"modified":"2025-10-13T14:32:01","modified_gmt":"2025-10-13T11:32:01","slug":"langemaa-tooma","status":"publish","type":"product","link":"https:\/\/langemaa.ee\/de\/toode\/langemaa-tooma\/","title":{"rendered":"Langemaa TOOMA Felsenbirnenwein"},"content":{"rendered":"\t\t<div data-elementor-type=\"product-post\" data-elementor-id=\"996179\" class=\"elementor elementor-996179 elementor-996178\" data-elementor-post-type=\"product\">\n\t\t\t\t\t\t<section class=\"elementor-section elementor-top-section elementor-element elementor-element-a1bbab8 elementor-section-boxed elementor-section-height-default elementor-section-height-default\" data-id=\"a1bbab8\" data-element_type=\"section\">\n\t\t\t\t\t\t<div class=\"elementor-container elementor-column-gap-default\">\n\t\t\t\t\t<div class=\"elementor-column elementor-col-100 elementor-top-column elementor-element elementor-element-768461d\" data-id=\"768461d\" data-element_type=\"column\">\n\t\t\t<div class=\"elementor-widget-wrap elementor-element-populated\">\n\t\t\t\t\t\t<div class=\"elementor-element elementor-element-bc21abe elementor-widget elementor-widget-heading\" data-id=\"bc21abe\" data-element_type=\"widget\" data-widget_type=\"heading.default\">\n\t\t\t\t<div class=\"elementor-widget-container\">\n\t\t\t\t\t<h5 class=\"elementor-heading-title elementor-size-default\">Produktinformationen<\/h5>\t\t\t\t<\/div>\n\t\t\t\t<\/div>\n\t\t\t\t<div class=\"elementor-element elementor-element-c34c874 elementor-widget elementor-widget-text-editor\" data-id=\"c34c874\" data-element_type=\"widget\" data-widget_type=\"text-editor.default\">\n\t\t\t\t<div class=\"elementor-widget-container\">\n\t\t\t\t\t\t\t\t\t<p>Erntezeit: September<br data-start=\"71\" data-end=\"74\" \/>Reifung: in Edelstahltanks<br data-start=\"100\" data-end=\"103\" data-is-only-node=\"\" \/>Enth\u00e4lt Sulfite<br data-start=\"118\" data-end=\"121\" \/>Alkohol: 13,5 % vol<br data-start=\"140\" data-end=\"143\" \/>Inhalt: 750 ml<\/p>\n\t\t\t\t\t\t\t\t<\/div>\n\t\t\t\t<\/div>\n\t\t\t\t<div class=\"elementor-element elementor-element-d44e41d elementor-widget elementor-widget-heading\" data-id=\"d44e41d\" data-element_type=\"widget\" data-widget_type=\"heading.default\">\n\t\t\t\t<div class=\"elementor-widget-container\">\n\t\t\t\t\t<h5 class=\"elementor-heading-title elementor-size-default\">Zus\u00e4tzliche Informationen<\/h5>\t\t\t\t<\/div>\n\t\t\t\t<\/div>\n\t\t\t\t<div class=\"elementor-element elementor-element-a9236d1 elementor-widget elementor-widget-text-editor\" data-id=\"a9236d1\" data-element_type=\"widget\" data-widget_type=\"text-editor.default\">\n\t\t\t\t<div class=\"elementor-widget-container\">\n\t\t\t\t\t\t\t\t\t<p data-start=\"51\" data-end=\"170\">Langemaa TOOMA ist ein hellroter, trockener Rotwein mit charakteristischer Leichtigkeit, Frische und mittlerer S\u00e4ure.<\/p>\n<p data-start=\"172\" data-end=\"262\">Er entsteht aus sorgf\u00e4ltig ausgew\u00e4hlten Rohstoffen durch einen langsamen G\u00e4rungsprozess.<\/p>\n<p data-start=\"264\" data-end=\"370\">Langemaa TOOMA Rotwein passt hervorragend zu verschiedenen Pastagerichten und gegrillten Fleischspeisen.<\/p>\n<p data-start=\"372\" data-end=\"486\">Servieren Sie ihn bei 14\u201316 \u00b0C, damit sich der Geschmack und die Aromen des leichten Rotweins optimal entfalten.<\/p>\n<p data-start=\"488\" data-end=\"565\" data-is-last-node=\"\" data-is-only-node=\"\">Tipp: Probieren Sie ihn auch als Cocktail mit Eisw\u00fcrfeln und Mineralwasser.<\/p>\n\t\t\t\t\t\t\t\t<\/div>\n\t\t\t\t<\/div>\n\t\t\t\t\t<\/div>\n\t\t<\/div>\n\t\t\t\t\t<\/div>\n\t\t<\/section>\n\t\t\t\t<\/div>\n\t\t","protected":false},"excerpt":{"rendered":"<p>Rotwein. Hergestellt aus Felsenbirnen, die auf den Feldern S\u00fcdestlands angebaut wurden.<br data-start=\"138\" data-end=\"141\" \/>Ein trockener Rotwein mit mittlerer S\u00e4ure, der gut zu Meeresfr\u00fcchten, Pasta und gegrillten Fleischgerichten passt.<\/p>\n","protected":false},"featured_media":996744,"template":"","meta":{"om_disable_all_campaigns":false,"_uf_show_specific_survey":0,"_uf_disable_surveys":false},"product_brand":[],"product_cat":[175],"product_tag":[],"class_list":{"0":"post-996179","1":"product","2":"type-product","3":"status-publish","4":"has-post-thumbnail","6":"product_cat-weine","8":"first","9":"instock","10":"taxable","11":"shipping-taxable","12":"purchasable","13":"product-type-simple"},"aioseo_notices":[],"_links":{"self":[{"href":"https:\/\/langemaa.ee\/de\/wp-json\/wp\/v2\/product\/996179","targetHints":{"allow":["GET"]}}],"collection":[{"href":"https:\/\/langemaa.ee\/de\/wp-json\/wp\/v2\/product"}],"about":[{"href":"https:\/\/langemaa.ee\/de\/wp-json\/wp\/v2\/types\/product"}],"version-history":[{"count":3,"href":"https:\/\/langemaa.ee\/de\/wp-json\/wp\/v2\/product\/996179\/revisions"}],"predecessor-version":[{"id":996433,"href":"https:\/\/langemaa.ee\/de\/wp-json\/wp\/v2\/product\/996179\/revisions\/996433"}],"wp:featuredmedia":[{"embeddable":true,"href":"https:\/\/langemaa.ee\/de\/wp-json\/wp\/v2\/media\/996744"}],"wp:attachment":[{"href":"https:\/\/langemaa.ee\/de\/wp-json\/wp\/v2\/media?parent=996179"}],"wp:term":[{"taxonomy":"product_brand","embeddable":true,"href":"https:\/\/langemaa.ee\/de\/wp-json\/wp\/v2\/product_brand?post=996179"},{"taxonomy":"product_cat","embeddable":true,"href":"https:\/\/langemaa.ee\/de\/wp-json\/wp\/v2\/product_cat?post=996179"},{"taxonomy":"product_tag","embeddable":true,"href":"https:\/\/langemaa.ee\/de\/wp-json\/wp\/v2\/product_tag?post=996179"}],"curies":[{"name":"wp","href":"https:\/\/api.w.org\/{rel}","templated":true}]}}