{"id":996101,"date":"2025-09-08T17:34:55","date_gmt":"2025-09-08T14:34:55","guid":{"rendered":"https:\/\/langemaa.ee\/toode\/langemaa-kaya-apfelwein\/"},"modified":"2025-09-18T13:44:56","modified_gmt":"2025-09-18T10:44:56","slug":"langemaa-kaya-apfelwein","status":"publish","type":"product","link":"https:\/\/langemaa.ee\/de\/toode\/langemaa-kaya-apfelwein\/","title":{"rendered":"Langemaa KAYA Apfelwein"},"content":{"rendered":"\t\t<div data-elementor-type=\"product-post\" data-elementor-id=\"996101\" class=\"elementor elementor-996101 elementor-996061\" data-elementor-post-type=\"product\">\n\t\t\t\t\t\t<section class=\"elementor-section elementor-top-section elementor-element elementor-element-a1bbab8 elementor-section-boxed elementor-section-height-default elementor-section-height-default\" data-id=\"a1bbab8\" data-element_type=\"section\">\n\t\t\t\t\t\t<div class=\"elementor-container elementor-column-gap-default\">\n\t\t\t\t\t<div class=\"elementor-column elementor-col-100 elementor-top-column elementor-element elementor-element-768461d\" data-id=\"768461d\" data-element_type=\"column\">\n\t\t\t<div class=\"elementor-widget-wrap elementor-element-populated\">\n\t\t\t\t\t\t<div class=\"elementor-element elementor-element-bc21abe elementor-widget elementor-widget-heading\" data-id=\"bc21abe\" data-element_type=\"widget\" data-widget_type=\"heading.default\">\n\t\t\t\t<div class=\"elementor-widget-container\">\n\t\t\t\t\t<h5 class=\"elementor-heading-title elementor-size-default\">Produktinformationen<\/h5>\t\t\t\t<\/div>\n\t\t\t\t<\/div>\n\t\t\t\t<div class=\"elementor-element elementor-element-c34c874 elementor-widget elementor-widget-text-editor\" data-id=\"c34c874\" data-element_type=\"widget\" data-widget_type=\"text-editor.default\">\n\t\t\t\t<div class=\"elementor-widget-container\">\n\t\t\t\t\t\t\t\t\t<p>Erntezeit: September-Oktober<br \/>\nReifung: in Edelstahltanks<br \/>\nEnth\u00e4lt Sulfite<br \/>\nAlkoholgehalt: 13,5 % vol.<br \/>\nInhalt: 750 ml<\/p>\n\t\t\t\t\t\t\t\t<\/div>\n\t\t\t\t<\/div>\n\t\t\t\t<div class=\"elementor-element elementor-element-d44e41d elementor-widget elementor-widget-heading\" data-id=\"d44e41d\" data-element_type=\"widget\" data-widget_type=\"heading.default\">\n\t\t\t\t<div class=\"elementor-widget-container\">\n\t\t\t\t\t<h5 class=\"elementor-heading-title elementor-size-default\">Zus\u00e4tzliche Informationen<\/h5>\t\t\t\t<\/div>\n\t\t\t\t<\/div>\n\t\t\t\t<div class=\"elementor-element elementor-element-a9236d1 elementor-widget elementor-widget-text-editor\" data-id=\"a9236d1\" data-element_type=\"widget\" data-widget_type=\"text-editor.default\">\n\t\t\t\t<div class=\"elementor-widget-container\">\n\t\t\t\t\t\t\t\t\t<p>Langemaa KAYA ist ein hellgelber, trockener Wei\u00dfwein, der sich durch seine Frische und angenehme S\u00e4ure auszeichnet.<\/p>\n<p>Er wird aus sorgf\u00e4ltig ausgew\u00e4hlten Rohstoffen und durch langsame G\u00e4rung hergestellt.<\/p>\n<p>Der Wei\u00dfwein Langemaa KAYA passt hervorragend zu verschiedenen Pastagerichten und Fischspeisen.<\/p>\n<p>Servieren Sie ihn gek\u00fchlt bei 9\u201311 \u00b0C, damit der Geschmack und die Aromen des Wei\u00dfweins optimal zur Geltung kommen.<\/p>\n<p>Eine gute Idee! Probieren Sie ihn auch als Cocktail mit Eisw\u00fcrfeln und Sprudelwasser.<\/p>\n\t\t\t\t\t\t\t\t<\/div>\n\t\t\t\t<\/div>\n\t\t\t\t\t<\/div>\n\t\t<\/div>\n\t\t\t\t\t<\/div>\n\t\t<\/section>\n\t\t\t\t<\/div>\n\t\t","protected":false},"excerpt":{"rendered":"<p>Wei\u00dfwein. Hergestellt aus \u00c4pfeln, die auf den Feldern von Langemaa in S\u00fcdestland angebaut wurden. Der trockene Apfelwein mit angenehmer S\u00e4ure passt gut zu Pasta und Meeresfr\u00fcchten.<\/p>\n","protected":false},"featured_media":996701,"template":"","meta":{"om_disable_all_campaigns":false,"_uf_show_specific_survey":0,"_uf_disable_surveys":false},"product_brand":[],"product_cat":[175],"product_tag":[],"class_list":{"0":"post-996101","1":"product","2":"type-product","3":"status-publish","4":"has-post-thumbnail","6":"product_cat-weine","8":"first","9":"instock","10":"taxable","11":"shipping-taxable","12":"purchasable","13":"product-type-simple"},"aioseo_notices":[],"_links":{"self":[{"href":"https:\/\/langemaa.ee\/de\/wp-json\/wp\/v2\/product\/996101","targetHints":{"allow":["GET"]}}],"collection":[{"href":"https:\/\/langemaa.ee\/de\/wp-json\/wp\/v2\/product"}],"about":[{"href":"https:\/\/langemaa.ee\/de\/wp-json\/wp\/v2\/types\/product"}],"version-history":[{"count":1,"href":"https:\/\/langemaa.ee\/de\/wp-json\/wp\/v2\/product\/996101\/revisions"}],"predecessor-version":[{"id":996102,"href":"https:\/\/langemaa.ee\/de\/wp-json\/wp\/v2\/product\/996101\/revisions\/996102"}],"wp:featuredmedia":[{"embeddable":true,"href":"https:\/\/langemaa.ee\/de\/wp-json\/wp\/v2\/media\/996701"}],"wp:attachment":[{"href":"https:\/\/langemaa.ee\/de\/wp-json\/wp\/v2\/media?parent=996101"}],"wp:term":[{"taxonomy":"product_brand","embeddable":true,"href":"https:\/\/langemaa.ee\/de\/wp-json\/wp\/v2\/product_brand?post=996101"},{"taxonomy":"product_cat","embeddable":true,"href":"https:\/\/langemaa.ee\/de\/wp-json\/wp\/v2\/product_cat?post=996101"},{"taxonomy":"product_tag","embeddable":true,"href":"https:\/\/langemaa.ee\/de\/wp-json\/wp\/v2\/product_tag?post=996101"}],"curies":[{"name":"wp","href":"https:\/\/api.w.org\/{rel}","templated":true}]}}