{"id":996024,"date":"2025-08-05T11:44:25","date_gmt":"2025-08-05T08:44:25","guid":{"rendered":"https:\/\/langemaa.ee\/toode\/langemaa-scheinquittenpulver-100g\/"},"modified":"2025-08-05T12:04:50","modified_gmt":"2025-08-05T09:04:50","slug":"langemaa-scheinquittenpulver-100g","status":"publish","type":"product","link":"https:\/\/langemaa.ee\/de\/toode\/langemaa-scheinquittenpulver-100g\/","title":{"rendered":"LANGEMAA Scheinquittenpulver 100g"},"content":{"rendered":"\t\t<div data-elementor-type=\"product-post\" data-elementor-id=\"996024\" class=\"elementor elementor-996024 elementor-996009\" data-elementor-post-type=\"product\">\n\t\t\t\t\t\t<section class=\"elementor-section elementor-top-section elementor-element elementor-element-a9523f4 elementor-section-boxed elementor-section-height-default elementor-section-height-default\" data-id=\"a9523f4\" data-element_type=\"section\">\n\t\t\t\t\t\t<div class=\"elementor-container elementor-column-gap-default\">\n\t\t\t\t\t<div class=\"elementor-column elementor-col-100 elementor-top-column elementor-element elementor-element-a9f65c3\" data-id=\"a9f65c3\" data-element_type=\"column\">\n\t\t\t<div class=\"elementor-widget-wrap elementor-element-populated\">\n\t\t\t\t\t\t<div class=\"elementor-element elementor-element-7fbd38f elementor-widget elementor-widget-heading\" data-id=\"7fbd38f\" data-element_type=\"widget\" data-widget_type=\"heading.default\">\n\t\t\t\t<div class=\"elementor-widget-container\">\n\t\t\t\t\t<h5 class=\"elementor-heading-title elementor-size-default\">Produktinformationen<\/h5>\t\t\t\t<\/div>\n\t\t\t\t<\/div>\n\t\t\t\t<div class=\"elementor-element elementor-element-1d0a7d9 elementor-widget elementor-widget-text-editor\" data-id=\"1d0a7d9\" data-element_type=\"widget\" data-widget_type=\"text-editor.default\">\n\t\t\t\t<div class=\"elementor-widget-container\">\n\t\t\t\t\t\t\t\t\t<p><strong>Erntezeit:<\/strong>\u00a0September<br \/>\n<strong>Sorte:<\/strong>\u00a0Japanische Scheinquitte (<em>Chaenomeles cathayensis<\/em>)<\/p>\n<p><strong>Herstellungsverfahren:<\/strong>\u00a0Kaltpressung, Trocknung<\/p>\n<p><strong>N\u00e4hrwertangaben pro 100\u202fg:<\/strong><br \/>\nEnergie: 1688\u202fkJ \/ 400\u202fkcal<br \/>\nKohlenhydrate (davon Zucker): 68,9\u202fg (4,2\u202fg)<br \/>\nFett: 7,72\u202fg<br \/>\nEiwei\u00df: 13,59\u202fg<br \/>\nAscorbins\u00e4ure (Vitamin C): 0,2\u202fg<\/p>\n\t\t\t\t\t\t\t\t<\/div>\n\t\t\t\t<\/div>\n\t\t\t\t<div class=\"elementor-element elementor-element-e0e61f0 elementor-widget elementor-widget-heading\" data-id=\"e0e61f0\" data-element_type=\"widget\" data-widget_type=\"heading.default\">\n\t\t\t\t<div class=\"elementor-widget-container\">\n\t\t\t\t\t<h5 class=\"elementor-heading-title elementor-size-default\">Zus\u00e4tzliche Informationen<\/h5>\t\t\t\t<\/div>\n\t\t\t\t<\/div>\n\t\t\t\t<div class=\"elementor-element elementor-element-0a8b11e elementor-widget elementor-widget-text-editor\" data-id=\"0a8b11e\" data-element_type=\"widget\" data-widget_type=\"text-editor.default\">\n\t\t\t\t<div class=\"elementor-widget-container\">\n\t\t\t\t\t\t\t\t\t<p><strong>Langemaa Scheinquittenpulver<\/strong>\u00a0wird aus den apfelartigen Fr\u00fcchten der japanischen Scheinquitte hergestellt, die in unserem sonnenverw\u00f6hnten S\u00fcdestland \u00f6kologisch angebaut werden.<\/p>\n<p>Aufgrund ihres hohen Vitamin-C-Gehalts, der intensiven S\u00e4ure und der gelben Farbe werden Scheinquitten im Volksmund auch als \u201eZitrone des Nordens\u201c bezeichnet.<\/p>\n<p>Scheinquitte ist eine gesunde Wahl, die das Immunsystem, die Verdauung, die Herzgesundheit und die Hautpflege unterst\u00fctzt. Sie ist kalorienarm und kann bei der Gewichtskontrolle sowie zur Anregung des Stoffwechsels beitragen.<\/p>\n<p>F\u00fcr die Herstellung des Scheinquittenpulvers verwenden wir Kaltpressung und anschlie\u00dfende Trocknung, um m\u00f6glichst viele nat\u00fcrliche Vitamine und Mineralstoffe zu bewahren.<\/p>\n<p><strong>Anwendungsm\u00f6glichkeiten von Scheinquittenpulver \u2013 f\u00fcr gesunde Geschmackserlebnisse in Speisen und Getr\u00e4nken:<\/strong><\/p>\n<ul>\n<li><strong>Aromatisiertes Wasser:<\/strong>\u00a0Gib eine Prise Scheinquittenpulver ins Karaffenwasser anstelle von Zitrone \u2013 f\u00fcr ein erfrischendes, gesundes Getr\u00e4nk.<\/li>\n<li><strong>Smoothies:<\/strong>\u00a0F\u00fcge 1 Teel\u00f6ffel dieses estnischen Superfoods zu deinem Smoothie hinzu \u2013 reich an Vitamin C, Antioxidantien, organischen S\u00e4uren und Enzymen zur Unterst\u00fctzung der Verdauung.<\/li>\n<li><strong>Marinaden:<\/strong>\u00a0Ideal zum Verfeinern von Fleisch-, Fisch- oder Gem\u00fcsegerichten mit einer frischen, aromatischen S\u00e4urenote.<\/li>\n<li><strong>Backwaren:<\/strong>\u00a0F\u00fcr Muffins, Kuchen oder andere Geb\u00e4cke \u2013 gleicht die S\u00fc\u00dfe aus und verleiht einen nat\u00fcrlichen goldgelben Ton.<\/li>\n<li><strong>Hauskosmetik:<\/strong>\u00a0In Gesichtsmasken und Tonics \u2013 f\u00fcr antioxidative und belebende Pflegeeffekte.<\/li>\n<\/ul>\n<p><strong>Probieren Sie neue Rezepte aus \u2013 und lassen Sie Ihrer Kreativit\u00e4t freien Lauf!<\/strong><\/p>\n\t\t\t\t\t\t\t\t<\/div>\n\t\t\t\t<\/div>\n\t\t\t\t<section class=\"elementor-section elementor-inner-section elementor-element elementor-element-370dc58 elementor-section-boxed elementor-section-height-default elementor-section-height-default\" data-id=\"370dc58\" data-element_type=\"section\">\n\t\t\t\t\t\t<div class=\"elementor-container elementor-column-gap-default\">\n\t\t\t\t\t<div class=\"elementor-column elementor-col-100 elementor-inner-column elementor-element elementor-element-66b37c8\" data-id=\"66b37c8\" data-element_type=\"column\">\n\t\t\t<div class=\"elementor-widget-wrap elementor-element-populated\">\n\t\t\t\t\t\t\t<\/div>\n\t\t<\/div>\n\t\t\t\t\t<\/div>\n\t\t<\/section>\n\t\t\t\t\t<\/div>\n\t\t<\/div>\n\t\t\t\t\t<\/div>\n\t\t<\/section>\n\t\t\t\t<\/div>\n\t\t","protected":false},"excerpt":{"rendered":"<p><strong>Langemaa Scheinquittenpulver<\/strong>\u00a0ist ein 100\u202f% nat\u00fcrliches Beerenpulver \u2013 frei von Konservierungs- und Zusatzstoffen. Dank Kaltpressung und schonender Trocknung bleiben die nat\u00fcrlichen Vitamine, Mineralstoffe und Antioxidantien der Frucht bestm\u00f6glich erhalten und machen das Pulver zu einem vollwertigen und gesunden Rohkostprodukt.\u00a0<strong>Verpackung:<\/strong>\u00a0wiederverschlie\u00dfbarer Beutel, 100\u202fg.<\/p>\n","protected":false},"featured_media":994643,"template":"","meta":{"om_disable_all_campaigns":false,"_uf_show_specific_survey":0,"_uf_disable_surveys":false},"product_brand":[],"product_cat":[178],"product_tag":[179],"class_list":{"0":"post-996024","1":"product","2":"type-product","3":"status-publish","4":"has-post-thumbnail","6":"product_cat-safte","7":"product_tag-ebakudoonia-de","9":"first","10":"outofstock","11":"taxable","12":"shipping-taxable","13":"purchasable","14":"product-type-simple"},"aioseo_notices":[],"_links":{"self":[{"href":"https:\/\/langemaa.ee\/de\/wp-json\/wp\/v2\/product\/996024","targetHints":{"allow":["GET"]}}],"collection":[{"href":"https:\/\/langemaa.ee\/de\/wp-json\/wp\/v2\/product"}],"about":[{"href":"https:\/\/langemaa.ee\/de\/wp-json\/wp\/v2\/types\/product"}],"version-history":[{"count":1,"href":"https:\/\/langemaa.ee\/de\/wp-json\/wp\/v2\/product\/996024\/revisions"}],"predecessor-version":[{"id":996025,"href":"https:\/\/langemaa.ee\/de\/wp-json\/wp\/v2\/product\/996024\/revisions\/996025"}],"wp:featuredmedia":[{"embeddable":true,"href":"https:\/\/langemaa.ee\/de\/wp-json\/wp\/v2\/media\/994643"}],"wp:attachment":[{"href":"https:\/\/langemaa.ee\/de\/wp-json\/wp\/v2\/media?parent=996024"}],"wp:term":[{"taxonomy":"product_brand","embeddable":true,"href":"https:\/\/langemaa.ee\/de\/wp-json\/wp\/v2\/product_brand?post=996024"},{"taxonomy":"product_cat","embeddable":true,"href":"https:\/\/langemaa.ee\/de\/wp-json\/wp\/v2\/product_cat?post=996024"},{"taxonomy":"product_tag","embeddable":true,"href":"https:\/\/langemaa.ee\/de\/wp-json\/wp\/v2\/product_tag?post=996024"}],"curies":[{"name":"wp","href":"https:\/\/api.w.org\/{rel}","templated":true}]}}