{"id":995996,"date":"2025-08-05T09:37:49","date_gmt":"2025-08-05T06:37:49","guid":{"rendered":"https:\/\/langemaa.ee\/?post_type=product&#038;p=995996"},"modified":"2025-08-05T10:12:37","modified_gmt":"2025-08-05T07:12:37","slug":"langemaa-quittenessirup-1l","status":"publish","type":"product","link":"https:\/\/langemaa.ee\/de\/toode\/langemaa-quittenessirup-1l\/","title":{"rendered":"LANGEMAA Quittenessirup 1L"},"content":{"rendered":"\t\t<div data-elementor-type=\"product-post\" data-elementor-id=\"995996\" class=\"elementor elementor-995996 elementor-995995\" data-elementor-post-type=\"product\">\n\t\t\t\t\t\t<section class=\"elementor-section elementor-top-section elementor-element elementor-element-f291410 elementor-section-boxed elementor-section-height-default elementor-section-height-default\" data-id=\"f291410\" data-element_type=\"section\">\n\t\t\t\t\t\t<div class=\"elementor-container elementor-column-gap-default\">\n\t\t\t\t\t<div class=\"elementor-column elementor-col-100 elementor-top-column elementor-element elementor-element-0b58c7a\" data-id=\"0b58c7a\" data-element_type=\"column\">\n\t\t\t<div class=\"elementor-widget-wrap elementor-element-populated\">\n\t\t\t\t\t\t<div class=\"elementor-element elementor-element-3130b59 elementor-widget elementor-widget-heading\" data-id=\"3130b59\" data-element_type=\"widget\" data-widget_type=\"heading.default\">\n\t\t\t\t<div class=\"elementor-widget-container\">\n\t\t\t\t\t<h5 class=\"elementor-heading-title elementor-size-default\">Technische Daten<\/h5>\t\t\t\t<\/div>\n\t\t\t\t<\/div>\n\t\t\t\t<div class=\"elementor-element elementor-element-1181845 elementor-widget elementor-widget-text-editor\" data-id=\"1181845\" data-element_type=\"widget\" data-widget_type=\"text-editor.default\">\n\t\t\t\t<div class=\"elementor-widget-container\">\n\t\t\t\t\t\t\t\t\t<p data-start=\"20\" data-end=\"109\"><strong data-start=\"20\" data-end=\"34\">Erntezeit:<\/strong> September<br data-start=\"44\" data-end=\"47\" \/><strong data-start=\"47\" data-end=\"57\">Sorte:<\/strong> Japanische Zierquitte (<em data-start=\"81\" data-end=\"106\">Chaenomeles cathayensis<\/em>)<\/p>\r\n<p data-start=\"111\" data-end=\"191\"><strong data-start=\"111\" data-end=\"137\">Herstellungsverfahren:<\/strong> Kalte Pressung des Safts, schonende Pasteurisierung<\/p>\r\n<p data-start=\"193\" data-end=\"366\"><strong data-start=\"193\" data-end=\"217\">N\u00e4hrwerte pro 100 g:<\/strong><br data-start=\"217\" data-end=\"220\" \/>Energie: 549 kJ \/ 129 kcal<br data-start=\"246\" data-end=\"249\" \/>Kohlenhydrate (davon Zucker): 30,3 g (29,5 g)<br data-start=\"294\" data-end=\"297\" \/>Fett: 0,5 g<br data-start=\"308\" data-end=\"311\" \/>Eiwei\u00df: 0,14 g<br data-start=\"325\" data-end=\"328\" \/>Salz: 0,005 g<br data-start=\"341\" data-end=\"344\" \/>Gesamts\u00e4ure: 2,42 g\/dl<\/p>\t\t\t\t\t\t\t\t<\/div>\n\t\t\t\t<\/div>\n\t\t\t\t<div class=\"elementor-element elementor-element-b216d32 elementor-widget elementor-widget-heading\" data-id=\"b216d32\" data-element_type=\"widget\" data-widget_type=\"heading.default\">\n\t\t\t\t<div class=\"elementor-widget-container\">\n\t\t\t\t\t<h5 class=\"elementor-heading-title elementor-size-default\">Mehr Informationen<\/h5>\t\t\t\t<\/div>\n\t\t\t\t<\/div>\n\t\t\t\t<div class=\"elementor-element elementor-element-9d08e07 elementor-widget elementor-widget-text-editor\" data-id=\"9d08e07\" data-element_type=\"widget\" data-widget_type=\"text-editor.default\">\n\t\t\t\t<div class=\"elementor-widget-container\">\n\t\t\t\t\t\t\t\t\t<p data-start=\"20\" data-end=\"260\"><strong data-start=\"20\" data-end=\"164\">Langemaa Quittenessirup wird in Handarbeit aus sorgf\u00e4ltig ausgew\u00e4hlten Quitten hergestellt, die auf unseren eigenen Feldern angebaut werden.<\/strong><br data-start=\"164\" data-end=\"167\" \/>Die Quitten werden gereinigt und gepresst, um ihren nat\u00fcrlichen Saft vollst\u00e4ndig zu gewinnen.<\/p>\r\n<p data-start=\"262\" data-end=\"583\">Anschlie\u00dfend wird eine moderate Menge Zucker hinzugef\u00fcgt, um die nat\u00fcrliche S\u00e4ure der Quitte auszugleichen und gleichzeitig ihren frischen, dezent zitrusartigen Geschmack zu bewahren.<br data-start=\"445\" data-end=\"448\" \/>Der gesamte Herstellungsprozess erfolgt in kleinen Chargen, um h\u00f6chste Qualit\u00e4t und Authentizit\u00e4t in jeder Verpackung zu gew\u00e4hrleisten.<\/p>\r\n<p data-start=\"585\" data-end=\"723\">Dank ihres hohen Vitamin-C-Gehalts, ihrer S\u00e4ure und ihrer leuchtend gelben Farbe wird die Quitte oft als \u201eZitrone des Nordens\u201c bezeichnet.<\/p>\r\n<p data-start=\"725\" data-end=\"845\"><strong data-start=\"725\" data-end=\"845\">Langemaa Quittenessirup ist \u00e4u\u00dferst vielseitig einsetzbar \u2013 sowohl f\u00fcr Getr\u00e4nke als auch zum Verfeinern von Speisen.<\/strong><\/p>\r\n<p data-start=\"847\" data-end=\"1461\"><strong data-start=\"847\" data-end=\"860\">Getr\u00e4nke:<\/strong> Mit Sprudelwasser verd\u00fcnnt ergibt der Sirup eine erfrischende Limonade. F\u00fcr den perfekten Geschmack einfach Eisw\u00fcrfel und eine Zitronenscheibe hinzuf\u00fcgen.<br data-start=\"1015\" data-end=\"1018\" \/><strong data-start=\"1018\" data-end=\"1046\">Cocktails und Mocktails:<\/strong> Der Sirup verleiht alkoholischen und alkoholfreien Getr\u00e4nken eine einzigartige, erfrischende Note.<br data-start=\"1145\" data-end=\"1148\" \/><strong data-start=\"1148\" data-end=\"1175\">Backwaren und Desserts:<\/strong> Quittenessirup ist hervorragend geeignet als Topping f\u00fcr Pfannkuchen, Waffeln oder Desserts \u2013 f\u00fcr eine leicht s\u00e4uerliche, fruchtige Note.<br data-start=\"1313\" data-end=\"1316\" \/><strong data-start=\"1316\" data-end=\"1341\">Marinaden und Saucen:<\/strong> Die S\u00e4ure des Sirups hebt den Geschmack in Marinaden und Saucen hervor und passt besonders gut zu Fleisch und Gefl\u00fcgel.<\/p>\r\n<p data-start=\"1463\" data-end=\"1543\"><strong data-start=\"1463\" data-end=\"1543\">Probieren Sie neue Rezepte aus und lassen Sie Ihrer Kreativit\u00e4t freien Lauf!<\/strong><\/p>\t\t\t\t\t\t\t\t<\/div>\n\t\t\t\t<\/div>\n\t\t\t\t\t<\/div>\n\t\t<\/div>\n\t\t\t\t\t<\/div>\n\t\t<\/section>\n\t\t\t\t<\/div>\n\t\t","protected":false},"excerpt":{"rendered":"<p data-start=\"20\" data-end=\"394\"><strong data-start=\"20\" data-end=\"208\">Langemaa Quittenessirup wird aus 75\u202f% reinem Quittensaft hergestellt und enth\u00e4lt nur 25\u202f% Zucker, um einen ausgewogenen Geschmack ohne k\u00fcnstliche Konservierungsstoffe zu gew\u00e4hrleisten.<\/strong><br data-start=\"208\" data-end=\"211\" \/>Durch das Kaltpressverfahren bleiben der von Natur aus hohe Vitamin-C-Gehalt sowie wichtige Mineralstoffe der Quitte erhalten \u2013 diese unterst\u00fctzen das Immunsystem und liefern Energie.<\/p>\n<p data-start=\"396\" data-end=\"482\" data-is-last-node=\"\" data-is-only-node=\"\"><strong data-start=\"396\" data-end=\"411\">Verpackung:<\/strong> 1\u202fL luftdichter Saftbeutel mit Ausgie\u00dfhahn f\u00fcr einfaches Portionieren.<\/p>\n","protected":false},"featured_media":994803,"template":"","meta":{"om_disable_all_campaigns":false,"_uf_show_specific_survey":0,"_uf_disable_surveys":false},"product_brand":[],"product_cat":[178],"product_tag":[179],"class_list":{"0":"post-995996","1":"product","2":"type-product","3":"status-publish","4":"has-post-thumbnail","6":"product_cat-safte","7":"product_tag-ebakudoonia-de","9":"first","10":"instock","11":"taxable","12":"shipping-taxable","13":"purchasable","14":"product-type-simple"},"aioseo_notices":[],"_links":{"self":[{"href":"https:\/\/langemaa.ee\/de\/wp-json\/wp\/v2\/product\/995996","targetHints":{"allow":["GET"]}}],"collection":[{"href":"https:\/\/langemaa.ee\/de\/wp-json\/wp\/v2\/product"}],"about":[{"href":"https:\/\/langemaa.ee\/de\/wp-json\/wp\/v2\/types\/product"}],"version-history":[{"count":1,"href":"https:\/\/langemaa.ee\/de\/wp-json\/wp\/v2\/product\/995996\/revisions"}],"predecessor-version":[{"id":996008,"href":"https:\/\/langemaa.ee\/de\/wp-json\/wp\/v2\/product\/995996\/revisions\/996008"}],"wp:featuredmedia":[{"embeddable":true,"href":"https:\/\/langemaa.ee\/de\/wp-json\/wp\/v2\/media\/994803"}],"wp:attachment":[{"href":"https:\/\/langemaa.ee\/de\/wp-json\/wp\/v2\/media?parent=995996"}],"wp:term":[{"taxonomy":"product_brand","embeddable":true,"href":"https:\/\/langemaa.ee\/de\/wp-json\/wp\/v2\/product_brand?post=995996"},{"taxonomy":"product_cat","embeddable":true,"href":"https:\/\/langemaa.ee\/de\/wp-json\/wp\/v2\/product_cat?post=995996"},{"taxonomy":"product_tag","embeddable":true,"href":"https:\/\/langemaa.ee\/de\/wp-json\/wp\/v2\/product_tag?post=995996"}],"curies":[{"name":"wp","href":"https:\/\/api.w.org\/{rel}","templated":true}]}}