{"id":995170,"date":"2020-04-11T13:23:27","date_gmt":"2020-04-11T10:23:27","guid":{"rendered":"https:\/\/langemaa.ee\/toode\/glogi-gift\/"},"modified":"2025-06-16T14:53:58","modified_gmt":"2025-06-16T11:53:58","slug":"glogi-gift","status":"publish","type":"product","link":"https:\/\/langemaa.ee\/de\/toode\/glogi-gift\/","title":{"rendered":"LANGEMAA GL\u00d6GI Geschenkset"},"content":{"rendered":"\t\t<div data-elementor-type=\"product-post\" data-elementor-id=\"995170\" class=\"elementor elementor-995170 elementor-6559\" data-elementor-post-type=\"product\">\n\t\t\t\t\t\t<section class=\"elementor-section elementor-top-section elementor-element elementor-element-7bf615c elementor-section-boxed elementor-section-height-default elementor-section-height-default\" data-id=\"7bf615c\" data-element_type=\"section\">\n\t\t\t\t\t\t<div class=\"elementor-container elementor-column-gap-default\">\n\t\t\t\t\t<div class=\"elementor-column elementor-col-100 elementor-top-column elementor-element elementor-element-ad3121e\" data-id=\"ad3121e\" data-element_type=\"column\">\n\t\t\t<div class=\"elementor-widget-wrap elementor-element-populated\">\n\t\t\t\t\t\t<div class=\"elementor-element elementor-element-2f297df elementor-widget elementor-widget-heading\" data-id=\"2f297df\" data-element_type=\"widget\" data-widget_type=\"heading.default\">\n\t\t\t\t<div class=\"elementor-widget-container\">\n\t\t\t\t\t<h5 class=\"elementor-heading-title elementor-size-default\">Zus\u00e4tzliche Informationen<\/h5>\t\t\t\t<\/div>\n\t\t\t\t<\/div>\n\t\t\t\t<div class=\"elementor-element elementor-element-7da7ddf elementor-widget elementor-widget-text-editor\" data-id=\"7da7ddf\" data-element_type=\"widget\" data-widget_type=\"text-editor.default\">\n\t\t\t\t<div class=\"elementor-widget-container\">\n\t\t\t\t\t\t\t\t\t<p>Im <strong>LANGEMAA GL\u00d6GI Geschenkset<\/strong> befindet sich der GL\u00d6GI Gl\u00fchwein \u2013 ein Produkt eines estnischen Kleinproduzenten.<br \/>\nMit der Wahl dieses Sets zeigst du nicht nur Wertsch\u00e4tzung gegen\u00fcber dem Beschenkten, sondern unterst\u00fctzt auch die heimische Kleinproduktion und die estnische Wirtschaft.<\/p>\n<p><strong>Ma\u00dfe der Geschenkbox:<\/strong> 20 x 34 x 10 cm<\/p>\n<p>Das <strong>GL\u00d6GI Geschenkset<\/strong> ist eine einfache und geschmackvolle Art, Dankbarkeit auszudr\u00fccken und besondere Momente zu feiern.<\/p>\n\t\t\t\t\t\t\t\t<\/div>\n\t\t\t\t<\/div>\n\t\t\t\t<div class=\"elementor-element elementor-element-9c81441 elementor-widget elementor-widget-heading\" data-id=\"9c81441\" data-element_type=\"widget\" data-widget_type=\"heading.default\">\n\t\t\t\t<div class=\"elementor-widget-container\">\n\t\t\t\t\t<h5 class=\"elementor-heading-title elementor-size-default\"><strong>Auszeichnungen<\/strong><\/h5>\t\t\t\t<\/div>\n\t\t\t\t<\/div>\n\t\t\t\t<section class=\"elementor-section elementor-inner-section elementor-element elementor-element-42d6736 elementor-section-boxed elementor-section-height-default elementor-section-height-default\" data-id=\"42d6736\" data-element_type=\"section\">\n\t\t\t\t\t\t<div class=\"elementor-container elementor-column-gap-default\">\n\t\t\t\t\t<div class=\"elementor-column elementor-col-33 elementor-inner-column elementor-element elementor-element-bcaa846\" data-id=\"bcaa846\" data-element_type=\"column\">\n\t\t\t<div class=\"elementor-widget-wrap elementor-element-populated\">\n\t\t\t\t\t\t<div class=\"elementor-element elementor-element-98eee2c elementor-headline--style-highlight elementor-widget elementor-widget-vamtam-animated-headline\" data-id=\"98eee2c\" data-element_type=\"widget\" data-settings=\"{&quot;marker&quot;:&quot;curly&quot;,&quot;highlighted_text&quot;:&quot;PRONKS&quot;,&quot;headline_style&quot;:&quot;highlight&quot;,&quot;loop&quot;:&quot;yes&quot;,&quot;highlight_animation_duration&quot;:1200,&quot;highlight_iteration_delay&quot;:8000}\" data-widget_type=\"vamtam-animated-headline.default\">\n\t\t\t\t<div class=\"elementor-widget-container\">\n\t\t\t\t\t\t\t\t\t<h5 class=\"elementor-headline\">\n\t\t\t\t\t\t\t\t\t\t\t\t\t\t\t\t\t\t<span class=\"elementor-headline-plain-text elementor-headline-text-wrapper\">Parimad eesti Joogid\u200b: <br><\/span>\n\t\t\t\t\t\t\t\t\t\t\t\t<span class=\"elementor-headline-dynamic-wrapper elementor-headline-text-wrapper\">\n\t\t\t\t\t\t\t\t\t\t\t\t\t<span class=\"elementor-headline-dynamic-text elementor-headline-text-active\">PRONKS<\/span>\n\t\t\t\t\t\t\t\t\t\t\t\t<\/span>\n\t\t\t\t\t\t\t\t\t\t\t\t\t<span class=\"elementor-headline-plain-text elementor-headline-text-wrapper\">2024<\/span>\n\t\t\t\t\t\t\t\t\t\t\t\t\t\t\t\t<\/h5>\n\t\t\t\t\t\t\t\t<\/div>\n\t\t\t\t<\/div>\n\t\t\t\t<div class=\"elementor-element elementor-element-4252334 elementor-widget elementor-widget-image\" data-id=\"4252334\" data-element_type=\"widget\" data-widget_type=\"image.default\">\n\t\t\t\t<div class=\"elementor-widget-container\">\n\t\t\t\t\t\t\t\t\t<div class=\"elementor-image\">\n\t\t\t\t\t\t\t\t\t\t\t\t\t\t\t\t\t\t\t\t\t<img fetchpriority=\"high\" decoding=\"async\" width=\"1000\" height=\"1000\" src=\"https:\/\/langemaa.ee\/wp-content\/uploads\/2020\/04\/EAS-parimad-eesti-joogid-2024-PRONKS.webp\" class=\"attachment-large size-large wp-image-994787\" alt=\"\" srcset=\"https:\/\/langemaa.ee\/wp-content\/uploads\/2020\/04\/EAS-parimad-eesti-joogid-2024-PRONKS.webp 1000w, https:\/\/langemaa.ee\/wp-content\/uploads\/2020\/04\/EAS-parimad-eesti-joogid-2024-PRONKS-252x252.webp 252w, https:\/\/langemaa.ee\/wp-content\/uploads\/2020\/04\/EAS-parimad-eesti-joogid-2024-PRONKS-315x315.webp 315w, https:\/\/langemaa.ee\/wp-content\/uploads\/2020\/04\/EAS-parimad-eesti-joogid-2024-PRONKS-630x630.png 630w, https:\/\/langemaa.ee\/wp-content\/uploads\/2020\/04\/EAS-parimad-eesti-joogid-2024-PRONKS-300x300.png 300w, https:\/\/langemaa.ee\/wp-content\/uploads\/2020\/04\/EAS-parimad-eesti-joogid-2024-PRONKS-150x150.png 150w, https:\/\/langemaa.ee\/wp-content\/uploads\/2020\/04\/EAS-parimad-eesti-joogid-2024-PRONKS-768x768.png 768w\" sizes=\"(max-width: 1000px) 100vw, 1000px\" \/>\t\t\t\t\t\t\t\t\t\t\t\t\t\t\t\t\t\t\t\t\t\t\t\t<\/div>\n\t\t\t\t\t\t\t\t<\/div>\n\t\t\t\t<\/div>\n\t\t\t\t\t<\/div>\n\t\t<\/div>\n\t\t\t\t<div class=\"elementor-column elementor-col-33 elementor-inner-column elementor-element elementor-element-dd4837f\" data-id=\"dd4837f\" data-element_type=\"column\">\n\t\t\t<div class=\"elementor-widget-wrap\">\n\t\t\t\t\t\t\t<\/div>\n\t\t<\/div>\n\t\t\t\t<div class=\"elementor-column elementor-col-33 elementor-inner-column elementor-element elementor-element-ce980ec\" data-id=\"ce980ec\" data-element_type=\"column\">\n\t\t\t<div class=\"elementor-widget-wrap\">\n\t\t\t\t\t\t\t<\/div>\n\t\t<\/div>\n\t\t\t\t\t<\/div>\n\t\t<\/section>\n\t\t\t\t<section class=\"elementor-section elementor-inner-section elementor-element elementor-element-46bdb04 elementor-section-boxed elementor-section-height-default elementor-section-height-default\" data-id=\"46bdb04\" data-element_type=\"section\">\n\t\t\t\t\t\t<div class=\"elementor-container elementor-column-gap-default\">\n\t\t\t\t\t<div class=\"elementor-column elementor-col-100 elementor-inner-column elementor-element elementor-element-9baed9e\" data-id=\"9baed9e\" data-element_type=\"column\">\n\t\t\t<div class=\"elementor-widget-wrap elementor-element-populated\">\n\t\t\t\t\t\t\t<\/div>\n\t\t<\/div>\n\t\t\t\t\t<\/div>\n\t\t<\/section>\n\t\t\t\t\t<\/div>\n\t\t<\/div>\n\t\t\t\t\t<\/div>\n\t\t<\/section>\n\t\t\t\t<\/div>\n\t\t","protected":false},"excerpt":{"rendered":"<p>Das <strong>Langemaa GL\u00d6GI Geschenkset<\/strong> ist ein unvergessliches Pr\u00e4sent f\u00fcr Gesch\u00e4ftspartner.<\/p>\n<p>Es enth\u00e4lt 0,75\u202fL nat\u00fcrlichen Gl\u00fchwein, hergestellt auf Basis des trockenen Rotweins <strong>MIINA MAI<\/strong> und verfeinert mit nat\u00fcrlichen Gl\u00fchweingew\u00fcrzen.<br \/>\nZum Set geh\u00f6ren au\u00dferdem ein Wein\u00f6ffner mit Holzgriff sowie eine stilvolle Servierplatte aus einer recycelten Weinflasche.<\/p>\n<p>Alles ist elegant in einer Geschenkbox verpackt \u2013 f\u00fcr ein exklusives und geschmackvolles Geschenkerlebnis.<\/p>\n","protected":false},"featured_media":994811,"template":"","meta":{"om_disable_all_campaigns":false,"_uf_show_specific_survey":0,"_uf_disable_surveys":false},"product_brand":[],"product_cat":[180,175],"product_tag":[],"class_list":{"0":"post-995170","1":"product","2":"type-product","3":"status-publish","4":"has-post-thumbnail","6":"product_cat-geschenke","7":"product_cat-weine","9":"first","10":"instock","11":"taxable","12":"shipping-taxable","13":"purchasable","14":"product-type-simple"},"aioseo_notices":[],"_links":{"self":[{"href":"https:\/\/langemaa.ee\/de\/wp-json\/wp\/v2\/product\/995170","targetHints":{"allow":["GET"]}}],"collection":[{"href":"https:\/\/langemaa.ee\/de\/wp-json\/wp\/v2\/product"}],"about":[{"href":"https:\/\/langemaa.ee\/de\/wp-json\/wp\/v2\/types\/product"}],"version-history":[{"count":2,"href":"https:\/\/langemaa.ee\/de\/wp-json\/wp\/v2\/product\/995170\/revisions"}],"predecessor-version":[{"id":995512,"href":"https:\/\/langemaa.ee\/de\/wp-json\/wp\/v2\/product\/995170\/revisions\/995512"}],"wp:featuredmedia":[{"embeddable":true,"href":"https:\/\/langemaa.ee\/de\/wp-json\/wp\/v2\/media\/994811"}],"wp:attachment":[{"href":"https:\/\/langemaa.ee\/de\/wp-json\/wp\/v2\/media?parent=995170"}],"wp:term":[{"taxonomy":"product_brand","embeddable":true,"href":"https:\/\/langemaa.ee\/de\/wp-json\/wp\/v2\/product_brand?post=995170"},{"taxonomy":"product_cat","embeddable":true,"href":"https:\/\/langemaa.ee\/de\/wp-json\/wp\/v2\/product_cat?post=995170"},{"taxonomy":"product_tag","embeddable":true,"href":"https:\/\/langemaa.ee\/de\/wp-json\/wp\/v2\/product_tag?post=995170"}],"curies":[{"name":"wp","href":"https:\/\/api.w.org\/{rel}","templated":true}]}}