{"id":995131,"date":"2020-04-11T23:21:22","date_gmt":"2020-04-11T23:21:22","guid":{"rendered":"https:\/\/langemaa.ee\/toode\/rosa-lii\/"},"modified":"2025-06-16T15:58:42","modified_gmt":"2025-06-16T12:58:42","slug":"rosa-lii","status":"publish","type":"product","link":"https:\/\/langemaa.ee\/de\/toode\/rosa-lii\/","title":{"rendered":"LANGEMAA ROSA LII Scheinquittenwein"},"content":{"rendered":"\t\t<div data-elementor-type=\"product-post\" data-elementor-id=\"995131\" class=\"elementor elementor-995131 elementor-1826\" data-elementor-post-type=\"product\">\n\t\t\t\t\t\t<section class=\"elementor-section elementor-top-section elementor-element elementor-element-f2d73c8 elementor-section-boxed elementor-section-height-default elementor-section-height-default\" data-id=\"f2d73c8\" data-element_type=\"section\">\n\t\t\t\t\t\t<div class=\"elementor-container elementor-column-gap-default\">\n\t\t\t\t\t<div class=\"elementor-column elementor-col-100 elementor-top-column elementor-element elementor-element-30d198e\" data-id=\"30d198e\" data-element_type=\"column\">\n\t\t\t<div class=\"elementor-widget-wrap elementor-element-populated\">\n\t\t\t\t\t\t<div class=\"elementor-element elementor-element-64535b4 elementor-widget elementor-widget-heading\" data-id=\"64535b4\" data-element_type=\"widget\" data-widget_type=\"heading.default\">\n\t\t\t\t<div class=\"elementor-widget-container\">\n\t\t\t\t\t<h5 class=\"elementor-heading-title elementor-size-default\">Produktinformationen<\/h5>\t\t\t\t<\/div>\n\t\t\t\t<\/div>\n\t\t\t\t<div class=\"elementor-element elementor-element-ffe2195 elementor-widget elementor-widget-text-editor\" data-id=\"ffe2195\" data-element_type=\"widget\" data-widget_type=\"text-editor.default\">\n\t\t\t\t<div class=\"elementor-widget-container\">\n\t\t\t\t\t\t\t\t\t<p><strong>Erntezeit:<\/strong> September<br \/>\n<strong>Ausbau:<\/strong> Lagerung im Edelstahltank<br \/>\n<strong>Weinbeeren:<\/strong> Japanische Scheinquitte, Sauerkirsche<br \/>\n<strong>Enth\u00e4lt Sulfite<\/strong><br \/>\n<strong>Alkoholgehalt:<\/strong> 9,5 % vol<br \/>\n<strong>Inhalt:<\/strong> 750 ml<\/p>\n\t\t\t\t\t\t\t\t<\/div>\n\t\t\t\t<\/div>\n\t\t\t\t<div class=\"elementor-element elementor-element-162f9d1 elementor-widget elementor-widget-heading\" data-id=\"162f9d1\" data-element_type=\"widget\" data-widget_type=\"heading.default\">\n\t\t\t\t<div class=\"elementor-widget-container\">\n\t\t\t\t\t<h5 class=\"elementor-heading-title elementor-size-default\">Zus\u00e4tzliche Informationen<\/h5>\t\t\t\t<\/div>\n\t\t\t\t<\/div>\n\t\t\t\t<div class=\"elementor-element elementor-element-9b664ae elementor-widget elementor-widget-text-editor\" data-id=\"9b664ae\" data-element_type=\"widget\" data-widget_type=\"text-editor.default\">\n\t\t\t\t<div class=\"elementor-widget-container\">\n\t\t\t\t\t\t\t\t\t<p>Langemaa ROSA LII ist ein rosafarbener, trockener Wein, der mit dem ausgewogenen Zusammenspiel zweier Beeren begeistert: Die S\u00e4ure der Scheinquitte wird durch die Fruchtigkeit der Kirschen gemildert.<\/p>\n<p>Der Wein reifte in Edelstahltanks, um die Frische der Scheinquitte und die F\u00fclle der Kirscharomen zu bewahren.<\/p>\n<p>ROSA LII eignet sich hervorragend als erfrischender Aperitif sowie zu Salaten oder Hauptgerichten mit H\u00e4hnchenfleisch.<\/p>\n<p>Am besten gut gek\u00fchlt bei 9\u201311\u202f\u00b0C servieren, damit sich Geschmack und Aroma voll entfalten.<\/p>\n<p>Tipp: Auch als Cocktail mit Eisw\u00fcrfeln und Sprudelwasser ein Genuss!<\/p>\n\t\t\t\t\t\t\t\t<\/div>\n\t\t\t\t<\/div>\n\t\t\t\t<section class=\"elementor-section elementor-inner-section elementor-element elementor-element-aafa77a elementor-section-boxed elementor-section-height-default elementor-section-height-default\" data-id=\"aafa77a\" data-element_type=\"section\">\n\t\t\t\t\t\t<div class=\"elementor-container elementor-column-gap-default\">\n\t\t\t\t\t<div class=\"elementor-column elementor-col-100 elementor-inner-column elementor-element elementor-element-f3e04b3\" data-id=\"f3e04b3\" data-element_type=\"column\">\n\t\t\t<div class=\"elementor-widget-wrap elementor-element-populated\">\n\t\t\t\t\t\t<div class=\"elementor-element elementor-element-056f9ab elementor-widget__width-initial elementor-widget-mobile__width-initial elementor-fixed elementor-hidden-tablet elementor-hidden-mobile elementor-widget elementor-widget-image\" data-id=\"056f9ab\" data-element_type=\"widget\" data-settings=\"{&quot;_position&quot;:&quot;fixed&quot;}\" data-widget_type=\"image.default\">\n\t\t\t\t<div class=\"elementor-widget-container\">\n\t\t\t\t\t\t\t\t\t<div class=\"elementor-image\">\n\t\t\t\t\t\t\t\t\t\t\t\t\t\t\t\t\t\t\t\t\t<img fetchpriority=\"high\" decoding=\"async\" width=\"308\" height=\"444\" src=\"https:\/\/langemaa.ee\/wp-content\/uploads\/2024\/07\/kirss-ebak_308x444px.webp\" class=\"attachment-large size-large wp-image-994572\" alt=\"\" srcset=\"https:\/\/langemaa.ee\/wp-content\/uploads\/2024\/07\/kirss-ebak_308x444px.webp 308w, https:\/\/langemaa.ee\/wp-content\/uploads\/2024\/07\/kirss-ebak_308x444px-252x363.webp 252w, https:\/\/langemaa.ee\/wp-content\/uploads\/2024\/07\/kirss-ebak_308x444px-208x300.webp 208w\" sizes=\"(max-width: 308px) 100vw, 308px\" \/>\t\t\t\t\t\t\t\t\t\t\t\t\t\t\t\t\t\t\t\t\t\t\t\t<\/div>\n\t\t\t\t\t\t\t\t<\/div>\n\t\t\t\t<\/div>\n\t\t\t\t\t<\/div>\n\t\t<\/div>\n\t\t\t\t\t<\/div>\n\t\t<\/section>\n\t\t\t\t\t<\/div>\n\t\t<\/div>\n\t\t\t\t\t<\/div>\n\t\t<\/section>\n\t\t\t\t<\/div>\n\t\t","protected":false},"excerpt":{"rendered":"<p>Ein naturbelassener handgefertigter Wein, hergestellt aus Scheinquitten und Kirschen, die auf unseren Feldern in S\u00fcdestland angebaut werden.<br \/>\nEin trockener Ros\u00e9wein mit spritziger S\u00e4ure, der sich hervorragend als Aperitif und zu Gerichten mit H\u00e4hnchenfleisch eignet.<\/p>\n","protected":false},"featured_media":994583,"template":"","meta":{"om_disable_all_campaigns":false,"_uf_show_specific_survey":0,"_uf_disable_surveys":false},"product_brand":[],"product_cat":[175],"product_tag":[193,190,192],"class_list":{"0":"post-995131","1":"product","2":"type-product","3":"status-publish","4":"has-post-thumbnail","6":"product_cat-weine","7":"product_tag-kirss-de","8":"product_tag-mustsostar-de","9":"product_tag-poolkuiv-de","10":"product_shipping_class-alkohol-de","12":"first","13":"outofstock","14":"taxable","15":"shipping-taxable","16":"purchasable","17":"product-type-simple"},"aioseo_notices":[],"_links":{"self":[{"href":"https:\/\/langemaa.ee\/de\/wp-json\/wp\/v2\/product\/995131","targetHints":{"allow":["GET"]}}],"collection":[{"href":"https:\/\/langemaa.ee\/de\/wp-json\/wp\/v2\/product"}],"about":[{"href":"https:\/\/langemaa.ee\/de\/wp-json\/wp\/v2\/types\/product"}],"version-history":[{"count":3,"href":"https:\/\/langemaa.ee\/de\/wp-json\/wp\/v2\/product\/995131\/revisions"}],"predecessor-version":[{"id":995534,"href":"https:\/\/langemaa.ee\/de\/wp-json\/wp\/v2\/product\/995131\/revisions\/995534"}],"wp:featuredmedia":[{"embeddable":true,"href":"https:\/\/langemaa.ee\/de\/wp-json\/wp\/v2\/media\/994583"}],"wp:attachment":[{"href":"https:\/\/langemaa.ee\/de\/wp-json\/wp\/v2\/media?parent=995131"}],"wp:term":[{"taxonomy":"product_brand","embeddable":true,"href":"https:\/\/langemaa.ee\/de\/wp-json\/wp\/v2\/product_brand?post=995131"},{"taxonomy":"product_cat","embeddable":true,"href":"https:\/\/langemaa.ee\/de\/wp-json\/wp\/v2\/product_cat?post=995131"},{"taxonomy":"product_tag","embeddable":true,"href":"https:\/\/langemaa.ee\/de\/wp-json\/wp\/v2\/product_tag?post=995131"}],"curies":[{"name":"wp","href":"https:\/\/api.w.org\/{rel}","templated":true}]}}