{"id":995130,"date":"2020-04-11T23:50:32","date_gmt":"2020-04-11T23:50:32","guid":{"rendered":"https:\/\/langemaa.ee\/toode\/eve-marie\/"},"modified":"2025-06-16T15:59:55","modified_gmt":"2025-06-16T12:59:55","slug":"eve-marie","status":"publish","type":"product","link":"https:\/\/langemaa.ee\/de\/toode\/eve-marie\/","title":{"rendered":"LANGEMAA EVE MARIE Scheinquittenwein"},"content":{"rendered":"\t\t<div data-elementor-type=\"product-post\" data-elementor-id=\"995130\" class=\"elementor elementor-995130 elementor-1828\" data-elementor-post-type=\"product\">\n\t\t\t\t\t\t<section class=\"elementor-section elementor-top-section elementor-element elementor-element-59a7628 elementor-section-boxed elementor-section-height-default elementor-section-height-default\" data-id=\"59a7628\" data-element_type=\"section\">\n\t\t\t\t\t\t<div class=\"elementor-container elementor-column-gap-default\">\n\t\t\t\t\t<div class=\"elementor-column elementor-col-100 elementor-top-column elementor-element elementor-element-3acd56c\" data-id=\"3acd56c\" data-element_type=\"column\">\n\t\t\t<div class=\"elementor-widget-wrap elementor-element-populated\">\n\t\t\t\t\t\t<div class=\"elementor-element elementor-element-0c5a88d elementor-widget elementor-widget-heading\" data-id=\"0c5a88d\" data-element_type=\"widget\" data-widget_type=\"heading.default\">\n\t\t\t\t<div class=\"elementor-widget-container\">\n\t\t\t\t\t<h5 class=\"elementor-heading-title elementor-size-default\">Produktinformationen<\/h5>\t\t\t\t<\/div>\n\t\t\t\t<\/div>\n\t\t\t\t<div class=\"elementor-element elementor-element-b898f51 elementor-widget elementor-widget-text-editor\" data-id=\"b898f51\" data-element_type=\"widget\" data-widget_type=\"text-editor.default\">\n\t\t\t\t<div class=\"elementor-widget-container\">\n\t\t\t\t\t\t\t\t\t<p><strong>Erntezeit:<\/strong> September<br \/>\n<strong>Ausbau:<\/strong> Lagerung im Edelstahltank<br \/>\n<strong>Weinbeeren:<\/strong> Japanische Scheinquitte<br \/>\n<strong>Enth\u00e4lt Sulfite<\/strong><br \/>\n<strong>Alkoholgehalt:<\/strong> 9 % vol<br \/>\n<strong>Inhalt:<\/strong> 750 ml<\/p>\n\t\t\t\t\t\t\t\t<\/div>\n\t\t\t\t<\/div>\n\t\t\t\t<div class=\"elementor-element elementor-element-3951a71 elementor-widget elementor-widget-heading\" data-id=\"3951a71\" data-element_type=\"widget\" data-widget_type=\"heading.default\">\n\t\t\t\t<div class=\"elementor-widget-container\">\n\t\t\t\t\t<h5 class=\"elementor-heading-title elementor-size-default\">Zus\u00e4tzliche Informationen<\/h5>\t\t\t\t<\/div>\n\t\t\t\t<\/div>\n\t\t\t\t<div class=\"elementor-element elementor-element-522eada elementor-widget elementor-widget-text-editor\" data-id=\"522eada\" data-element_type=\"widget\" data-widget_type=\"text-editor.default\">\n\t\t\t\t<div class=\"elementor-widget-container\">\n\t\t\t\t\t\t\t\t\t<p>Langemaa EVE MARIE ist ein trockener Wei\u00dfwein mit sonnigem goldgelbton, der mit seiner angenehmen S\u00e4ure und Frische begeistert.<\/p>\n<p>Der Wein reifte in Edelstahltanks, um die Kombination von zitrusartigen Aromen zu bewahren.<\/p>\n<p>EVE MARIE eignet sich hervorragend als erfrischender Aperitif sowie als Begleiter zu Pasta- oder Meeresfr\u00fcchtegerichten.<\/p>\n<p>Am besten gut gek\u00fchlt bei 9\u201311 \u00b0C servieren, damit sich Geschmack und Aroma optimal entfalten.<\/p>\n<p>Tipp: Auch als Cocktail mit Eisw\u00fcrfeln und Sprudelwasser ein Genuss!<\/p>\n\t\t\t\t\t\t\t\t<\/div>\n\t\t\t\t<\/div>\n\t\t\t\t<section class=\"elementor-section elementor-inner-section elementor-element elementor-element-ba1920a elementor-section-boxed elementor-section-height-default elementor-section-height-default\" data-id=\"ba1920a\" data-element_type=\"section\">\n\t\t\t\t\t\t<div class=\"elementor-container elementor-column-gap-default\">\n\t\t\t\t\t<div class=\"elementor-column elementor-col-100 elementor-inner-column elementor-element elementor-element-44e4097\" data-id=\"44e4097\" data-element_type=\"column\">\n\t\t\t<div class=\"elementor-widget-wrap elementor-element-populated\">\n\t\t\t\t\t\t<div class=\"elementor-element elementor-element-c8b2e86 elementor-widget__width-initial elementor-widget-mobile__width-initial elementor-fixed elementor-hidden-tablet elementor-hidden-mobile elementor-widget elementor-widget-image\" data-id=\"c8b2e86\" data-element_type=\"widget\" data-settings=\"{&quot;_position&quot;:&quot;fixed&quot;}\" data-widget_type=\"image.default\">\n\t\t\t\t<div class=\"elementor-widget-container\">\n\t\t\t\t\t\t\t\t\t<div class=\"elementor-image\">\n\t\t\t\t\t\t\t\t\t\t\t\t\t\t\t\t\t\t\t\t\t<img fetchpriority=\"high\" decoding=\"async\" width=\"308\" height=\"444\" src=\"https:\/\/langemaa.ee\/wp-content\/uploads\/2024\/07\/ebakudoonia_308x444px.webp\" class=\"attachment-large size-large wp-image-994563\" alt=\"\" srcset=\"https:\/\/langemaa.ee\/wp-content\/uploads\/2024\/07\/ebakudoonia_308x444px.webp 308w, https:\/\/langemaa.ee\/wp-content\/uploads\/2024\/07\/ebakudoonia_308x444px-252x363.webp 252w, https:\/\/langemaa.ee\/wp-content\/uploads\/2024\/07\/ebakudoonia_308x444px-208x300.webp 208w\" sizes=\"(max-width: 308px) 100vw, 308px\" \/>\t\t\t\t\t\t\t\t\t\t\t\t\t\t\t\t\t\t\t\t\t\t\t\t<\/div>\n\t\t\t\t\t\t\t\t<\/div>\n\t\t\t\t<\/div>\n\t\t\t\t\t<\/div>\n\t\t<\/div>\n\t\t\t\t\t<\/div>\n\t\t<\/section>\n\t\t\t\t\t<\/div>\n\t\t<\/div>\n\t\t\t\t\t<\/div>\n\t\t<\/section>\n\t\t\t\t<\/div>\n\t\t","protected":false},"excerpt":{"rendered":"<p>Ein naturbelassener handgefertigter Wein, hergestellt aus Scheinquitten, die auf unseren Feldern in S\u00fcdestland angebaut werden.<br \/>\nEin trockener Wei\u00dfwein mit angenehmer S\u00e4ure, der sich hervorragend zu Pasta und Meeresfr\u00fcchten eignet.<\/p>\n","protected":false},"featured_media":994560,"template":"","meta":{"om_disable_all_campaigns":false,"_uf_show_specific_survey":0,"_uf_disable_surveys":false},"product_brand":[],"product_cat":[175],"product_tag":[183,179,192,187],"class_list":{"0":"post-995130","1":"product","2":"type-product","3":"status-publish","4":"has-post-thumbnail","6":"product_cat-weine","7":"product_tag-2023-de","8":"product_tag-ebakudoonia-de","9":"product_tag-poolkuiv-de","10":"product_tag-valge-de","11":"product_shipping_class-alkohol-de","13":"first","14":"outofstock","15":"taxable","16":"shipping-taxable","17":"purchasable","18":"product-type-simple"},"aioseo_notices":[],"_links":{"self":[{"href":"https:\/\/langemaa.ee\/de\/wp-json\/wp\/v2\/product\/995130","targetHints":{"allow":["GET"]}}],"collection":[{"href":"https:\/\/langemaa.ee\/de\/wp-json\/wp\/v2\/product"}],"about":[{"href":"https:\/\/langemaa.ee\/de\/wp-json\/wp\/v2\/types\/product"}],"version-history":[{"count":5,"href":"https:\/\/langemaa.ee\/de\/wp-json\/wp\/v2\/product\/995130\/revisions"}],"predecessor-version":[{"id":995536,"href":"https:\/\/langemaa.ee\/de\/wp-json\/wp\/v2\/product\/995130\/revisions\/995536"}],"wp:featuredmedia":[{"embeddable":true,"href":"https:\/\/langemaa.ee\/de\/wp-json\/wp\/v2\/media\/994560"}],"wp:attachment":[{"href":"https:\/\/langemaa.ee\/de\/wp-json\/wp\/v2\/media?parent=995130"}],"wp:term":[{"taxonomy":"product_brand","embeddable":true,"href":"https:\/\/langemaa.ee\/de\/wp-json\/wp\/v2\/product_brand?post=995130"},{"taxonomy":"product_cat","embeddable":true,"href":"https:\/\/langemaa.ee\/de\/wp-json\/wp\/v2\/product_cat?post=995130"},{"taxonomy":"product_tag","embeddable":true,"href":"https:\/\/langemaa.ee\/de\/wp-json\/wp\/v2\/product_tag?post=995130"}],"curies":[{"name":"wp","href":"https:\/\/api.w.org\/{rel}","templated":true}]}}