{"id":995129,"date":"2020-04-11T23:54:27","date_gmt":"2020-04-11T23:54:27","guid":{"rendered":"https:\/\/langemaa.ee\/toode\/miina-mai\/"},"modified":"2025-11-20T15:53:31","modified_gmt":"2025-11-20T13:53:31","slug":"miina-mai","status":"publish","type":"product","link":"https:\/\/langemaa.ee\/de\/toode\/miina-mai\/","title":{"rendered":"Langemaa MIINA MAI Schwarze-Johannisbeer-Aroniawein"},"content":{"rendered":"\t\t<div data-elementor-type=\"product-post\" data-elementor-id=\"995129\" class=\"elementor elementor-995129 elementor-1834\" data-elementor-post-type=\"product\">\n\t\t\t\t\t\t<section class=\"elementor-section elementor-top-section elementor-element elementor-element-8002465 elementor-section-boxed elementor-section-height-default elementor-section-height-default\" data-id=\"8002465\" data-element_type=\"section\">\n\t\t\t\t\t\t<div class=\"elementor-container elementor-column-gap-default\">\n\t\t\t\t\t<div class=\"elementor-column elementor-col-100 elementor-top-column elementor-element elementor-element-f7667c8\" data-id=\"f7667c8\" data-element_type=\"column\">\n\t\t\t<div class=\"elementor-widget-wrap elementor-element-populated\">\n\t\t\t\t\t\t<div class=\"elementor-element elementor-element-c9101d7 elementor-widget elementor-widget-heading\" data-id=\"c9101d7\" data-element_type=\"widget\" data-widget_type=\"heading.default\">\n\t\t\t\t<div class=\"elementor-widget-container\">\n\t\t\t\t\t<h5 class=\"elementor-heading-title elementor-size-default\">Produktinformationen<\/h5>\t\t\t\t<\/div>\n\t\t\t\t<\/div>\n\t\t\t\t<div class=\"elementor-element elementor-element-8aef916 elementor-widget elementor-widget-text-editor\" data-id=\"8aef916\" data-element_type=\"widget\" data-widget_type=\"text-editor.default\">\n\t\t\t\t<div class=\"elementor-widget-container\">\n\t\t\t\t\t\t\t\t\t<p><strong>Erntezeit:<\/strong> August\u2013September<br \/>\n<strong>Ausbau:<\/strong> Reifung im Edelstahltank und Eichenfass<br \/>\n<strong>Beeren:<\/strong> Schwarze Johannisbeere, Schwarze Apfelbeere (Aronia), Kultur-Eberesche<br \/>\n<strong>Allergene:<\/strong> Enth\u00e4lt Sulfite<br \/>\n<strong>Alkoholgehalt:<\/strong> 12,5 % vol<br \/>\n<strong>Inhalt:<\/strong> 750 ml<\/p>\n\t\t\t\t\t\t\t\t<\/div>\n\t\t\t\t<\/div>\n\t\t\t\t<div class=\"elementor-element elementor-element-7c7ade7 elementor-widget elementor-widget-heading\" data-id=\"7c7ade7\" data-element_type=\"widget\" data-widget_type=\"heading.default\">\n\t\t\t\t<div class=\"elementor-widget-container\">\n\t\t\t\t\t<h5 class=\"elementor-heading-title elementor-size-default\">Zus\u00e4tzliche Informationen<\/h5>\t\t\t\t<\/div>\n\t\t\t\t<\/div>\n\t\t\t\t<div class=\"elementor-element elementor-element-52a3234 elementor-widget elementor-widget-text-editor\" data-id=\"52a3234\" data-element_type=\"widget\" data-widget_type=\"text-editor.default\">\n\t\t\t\t<div class=\"elementor-widget-container\">\n\t\t\t\t\t\t\t\t\t<p><strong>Langemaa MIINA MAI<\/strong> ist ein ziegelrot gef\u00e4rbter, trockener Wein, der mit einer harmonischen Kombination aus drei Beeren begeistert: die Fruchtigkeit der schwarzen Johannisbeere mildert die Bitterkeit der Eberesche und rundet die Tannine der Aronia ab.<\/p>\n<p>Der Wein wurde in Edelstahltanks vergoren und anschlie\u00dfend in Eichenf\u00e4ssern gereift, um die F\u00fclle an Aromen und Geschmacksnoten hervorzuheben.<\/p>\n<p><strong>Miina Mai<\/strong> passt hervorragend zu BBQ-Fleischgerichten und tomatenbasierten Pastaspeisen.<\/p>\n<p>Am besten leicht gek\u00fchlt bei 14\u201315\u202f\u00b0C servieren, damit sich der Geschmack und das Aroma voll entfalten.<\/p>\n<p><strong>Tipp:<\/strong> Auch als erfrischender Cocktail mit Eisw\u00fcrfeln und Sprudelwasser ein Genuss!<\/p>\n\t\t\t\t\t\t\t\t<\/div>\n\t\t\t\t<\/div>\n\t\t\t\t<div class=\"elementor-element elementor-element-7b8559cb elementor-widget elementor-widget-heading\" data-id=\"7b8559cb\" data-element_type=\"widget\" data-widget_type=\"heading.default\">\n\t\t\t\t<div class=\"elementor-widget-container\">\n\t\t\t\t\t<h5 class=\"elementor-heading-title elementor-size-default\"><strong>Auszeichnungen<\/strong><\/h5>\t\t\t\t<\/div>\n\t\t\t\t<\/div>\n\t\t\t\t<div class=\"elementor-element elementor-element-2e9b8543 elementor-widget elementor-widget-text-editor\" data-id=\"2e9b8543\" data-element_type=\"widget\" data-widget_type=\"text-editor.default\">\n\t\t\t\t<div class=\"elementor-widget-container\">\n\t\t\t\t\t\t\t\t\t<p>Kategorie: Trockene rote Beerenweine<\/p>\n\t\t\t\t\t\t\t\t<\/div>\n\t\t\t\t<\/div>\n\t\t\t\t<section class=\"elementor-section elementor-inner-section elementor-element elementor-element-54a20233 elementor-section-boxed elementor-section-height-default elementor-section-height-default\" data-id=\"54a20233\" data-element_type=\"section\">\n\t\t\t\t\t\t<div class=\"elementor-container elementor-column-gap-default\">\n\t\t\t\t\t<div class=\"elementor-column elementor-col-33 elementor-inner-column elementor-element elementor-element-1a2c6065\" data-id=\"1a2c6065\" data-element_type=\"column\">\n\t\t\t<div class=\"elementor-widget-wrap elementor-element-populated\">\n\t\t\t\t\t\t<div class=\"elementor-element elementor-element-58c57dee elementor-headline--style-highlight elementor-widget elementor-widget-vamtam-animated-headline\" data-id=\"58c57dee\" data-element_type=\"widget\" data-settings=\"{&quot;marker&quot;:&quot;curly&quot;,&quot;highlighted_text&quot;:&quot;H\\u00d5BE&quot;,&quot;headline_style&quot;:&quot;highlight&quot;,&quot;loop&quot;:&quot;yes&quot;,&quot;highlight_animation_duration&quot;:1200,&quot;highlight_iteration_delay&quot;:8000}\" data-widget_type=\"vamtam-animated-headline.default\">\n\t\t\t\t<div class=\"elementor-widget-container\">\n\t\t\t\t\t\t\t\t\t<h5 class=\"elementor-headline\">\n\t\t\t\t\t\t\t\t\t\t\t\t\t\t\t\t\t\t<span class=\"elementor-headline-plain-text elementor-headline-text-wrapper\">Baltic Cup\u200b: <br><\/span>\n\t\t\t\t\t\t\t\t\t\t\t\t<span class=\"elementor-headline-dynamic-wrapper elementor-headline-text-wrapper\">\n\t\t\t\t\t\t\t\t\t\t\t\t\t<span class=\"elementor-headline-dynamic-text elementor-headline-text-active\">H\u00d5BE<\/span>\n\t\t\t\t\t\t\t\t\t\t\t\t<\/span>\n\t\t\t\t\t\t\t\t\t\t\t\t\t<span class=\"elementor-headline-plain-text elementor-headline-text-wrapper\">2024<\/span>\n\t\t\t\t\t\t\t\t\t\t\t\t\t\t\t\t<\/h5>\n\t\t\t\t\t\t\t\t<\/div>\n\t\t\t\t<\/div>\n\t\t\t\t<div class=\"elementor-element elementor-element-a1c9fc elementor-widget elementor-widget-image\" data-id=\"a1c9fc\" data-element_type=\"widget\" data-widget_type=\"image.default\">\n\t\t\t\t<div class=\"elementor-widget-container\">\n\t\t\t\t\t\t\t\t\t<div class=\"elementor-image\">\n\t\t\t\t\t\t\t\t\t\t\t\t\t\t\t\t\t\t\t\t\t<img decoding=\"async\" width=\"150\" height=\"150\" src=\"https:\/\/langemaa.ee\/wp-content\/uploads\/2020\/04\/BALTIC-CUP-2024-KULD-1-150x150.png\" class=\"attachment-thumbnail size-thumbnail wp-image-994780\" alt=\"\" srcset=\"https:\/\/langemaa.ee\/wp-content\/uploads\/2020\/04\/BALTIC-CUP-2024-KULD-1-150x150.png 150w, https:\/\/langemaa.ee\/wp-content\/uploads\/2020\/04\/BALTIC-CUP-2024-KULD-1-252x252.webp 252w, https:\/\/langemaa.ee\/wp-content\/uploads\/2020\/04\/BALTIC-CUP-2024-KULD-1-315x315.webp 315w, https:\/\/langemaa.ee\/wp-content\/uploads\/2020\/04\/BALTIC-CUP-2024-KULD-1-630x630.png 630w, https:\/\/langemaa.ee\/wp-content\/uploads\/2020\/04\/BALTIC-CUP-2024-KULD-1-300x300.png 300w, https:\/\/langemaa.ee\/wp-content\/uploads\/2020\/04\/BALTIC-CUP-2024-KULD-1-768x768.png 768w, https:\/\/langemaa.ee\/wp-content\/uploads\/2020\/04\/BALTIC-CUP-2024-KULD-1.webp 1000w\" sizes=\"(max-width: 150px) 100vw, 150px\" \/>\t\t\t\t\t\t\t\t\t\t\t\t\t\t\t\t\t\t\t\t\t\t\t\t<\/div>\n\t\t\t\t\t\t\t\t<\/div>\n\t\t\t\t<\/div>\n\t\t\t\t\t<\/div>\n\t\t<\/div>\n\t\t\t\t<div class=\"elementor-column elementor-col-33 elementor-inner-column elementor-element elementor-element-6a9554fe\" data-id=\"6a9554fe\" data-element_type=\"column\">\n\t\t\t<div class=\"elementor-widget-wrap elementor-element-populated\">\n\t\t\t\t\t\t<div class=\"elementor-element elementor-element-1e838399 elementor-headline--style-highlight elementor-widget elementor-widget-vamtam-animated-headline\" data-id=\"1e838399\" data-element_type=\"widget\" data-settings=\"{&quot;marker&quot;:&quot;curly&quot;,&quot;highlighted_text&quot;:&quot;H\\u00d5BE&quot;,&quot;headline_style&quot;:&quot;highlight&quot;,&quot;loop&quot;:&quot;yes&quot;,&quot;highlight_animation_duration&quot;:1200,&quot;highlight_iteration_delay&quot;:8000}\" data-widget_type=\"vamtam-animated-headline.default\">\n\t\t\t\t<div class=\"elementor-widget-container\">\n\t\t\t\t\t\t\t\t\t<h5 class=\"elementor-headline\">\n\t\t\t\t\t\t\t\t\t\t\t\t\t\t\t\t\t\t<span class=\"elementor-headline-plain-text elementor-headline-text-wrapper\">Parimad Eesti Joogid: <br><\/span>\n\t\t\t\t\t\t\t\t\t\t\t\t<span class=\"elementor-headline-dynamic-wrapper elementor-headline-text-wrapper\">\n\t\t\t\t\t\t\t\t\t\t\t\t\t<span class=\"elementor-headline-dynamic-text elementor-headline-text-active\">H\u00d5BE<\/span>\n\t\t\t\t\t\t\t\t\t\t\t\t<\/span>\n\t\t\t\t\t\t\t\t\t\t\t\t\t<span class=\"elementor-headline-plain-text elementor-headline-text-wrapper\">2025<\/span>\n\t\t\t\t\t\t\t\t\t\t\t\t\t\t\t\t<\/h5>\n\t\t\t\t\t\t\t\t<\/div>\n\t\t\t\t<\/div>\n\t\t\t\t<div class=\"elementor-element elementor-element-4f9feffa elementor-widget elementor-widget-image\" data-id=\"4f9feffa\" data-element_type=\"widget\" data-widget_type=\"image.default\">\n\t\t\t\t<div class=\"elementor-widget-container\">\n\t\t\t\t\t\t\t\t\t<div class=\"elementor-image\">\n\t\t\t\t\t\t\t\t\t\t\t\t\t\t\t\t\t\t\t\t\t<img decoding=\"async\" width=\"150\" height=\"150\" src=\"https:\/\/langemaa.ee\/wp-content\/uploads\/2020\/09\/Parimad-Eesti-Joogid-HOBE-150x150.png\" class=\"attachment-thumbnail size-thumbnail wp-image-996752\" alt=\"Parimad Eesti Joogid H\u00d5BE\" srcset=\"https:\/\/langemaa.ee\/wp-content\/uploads\/2020\/09\/Parimad-Eesti-Joogid-HOBE-150x150.png 150w, https:\/\/langemaa.ee\/wp-content\/uploads\/2020\/09\/Parimad-Eesti-Joogid-HOBE-252x252.png 252w, https:\/\/langemaa.ee\/wp-content\/uploads\/2020\/09\/Parimad-Eesti-Joogid-HOBE.png 283w\" sizes=\"(max-width: 150px) 100vw, 150px\" \/>\t\t\t\t\t\t\t\t\t\t\t\t\t\t\t\t\t\t\t\t\t\t\t\t<\/div>\n\t\t\t\t\t\t\t\t<\/div>\n\t\t\t\t<\/div>\n\t\t\t\t\t<\/div>\n\t\t<\/div>\n\t\t\t\t<div class=\"elementor-column elementor-col-33 elementor-inner-column elementor-element elementor-element-36743b56\" data-id=\"36743b56\" data-element_type=\"column\">\n\t\t\t<div class=\"elementor-widget-wrap\">\n\t\t\t\t\t\t\t<\/div>\n\t\t<\/div>\n\t\t\t\t\t<\/div>\n\t\t<\/section>\n\t\t\t\t<section class=\"elementor-section elementor-inner-section elementor-element elementor-element-ab61aa6 elementor-section-boxed elementor-section-height-default elementor-section-height-default\" data-id=\"ab61aa6\" data-element_type=\"section\">\n\t\t\t\t\t\t<div class=\"elementor-container elementor-column-gap-default\">\n\t\t\t\t\t<div class=\"elementor-column elementor-col-100 elementor-inner-column elementor-element elementor-element-4ede224\" data-id=\"4ede224\" data-element_type=\"column\">\n\t\t\t<div class=\"elementor-widget-wrap elementor-element-populated\">\n\t\t\t\t\t\t<div class=\"elementor-element elementor-element-c409224 elementor-widget__width-initial elementor-widget-mobile__width-initial elementor-fixed elementor-hidden-tablet elementor-hidden-mobile elementor-widget elementor-widget-image\" data-id=\"c409224\" data-element_type=\"widget\" data-settings=\"{&quot;_position&quot;:&quot;fixed&quot;}\" data-widget_type=\"image.default\">\n\t\t\t\t<div class=\"elementor-widget-container\">\n\t\t\t\t\t\t\t\t\t<div class=\"elementor-image\">\n\t\t\t\t\t\t\t\t\t\t\t\t\t\t\t\t\t\t\t\t\t<img fetchpriority=\"high\" decoding=\"async\" width=\"308\" height=\"444\" src=\"https:\/\/langemaa.ee\/wp-content\/uploads\/2024\/09\/mustsostar-aroonia-1.webp\" class=\"attachment-large size-large wp-image-994713\" alt=\"\" srcset=\"https:\/\/langemaa.ee\/wp-content\/uploads\/2024\/09\/mustsostar-aroonia-1.webp 308w, https:\/\/langemaa.ee\/wp-content\/uploads\/2024\/09\/mustsostar-aroonia-1-252x363.webp 252w, https:\/\/langemaa.ee\/wp-content\/uploads\/2024\/09\/mustsostar-aroonia-1-208x300.webp 208w\" sizes=\"(max-width: 308px) 100vw, 308px\" \/>\t\t\t\t\t\t\t\t\t\t\t\t\t\t\t\t\t\t\t\t\t\t\t\t<\/div>\n\t\t\t\t\t\t\t\t<\/div>\n\t\t\t\t<\/div>\n\t\t\t\t\t<\/div>\n\t\t<\/div>\n\t\t\t\t\t<\/div>\n\t\t<\/section>\n\t\t\t\t\t<\/div>\n\t\t<\/div>\n\t\t\t\t\t<\/div>\n\t\t<\/section>\n\t\t\t\t<\/div>\n\t\t","protected":false},"excerpt":{"rendered":"<p>Ein naturbelassener handgemachter Wein, hergestellt aus schwarzen Johannisbeeren und Aroniabeeren, die auf unseren Feldern in S\u00fcdestland angebaut wurden.<\/p>\n<p>Dieser w\u00fcrzig-vollmundige Beerenwein hat in Eichenf\u00e4ssern nachgereift, was ihm einen sanften Abgang verleiht.<\/p>\n<p>Passt hervorragend zu gegrilltem Fleisch und Pastagerichten.<\/p>\n","protected":false},"featured_media":996762,"template":"","meta":{"om_disable_all_campaigns":false,"_uf_show_specific_survey":0,"_uf_disable_surveys":false},"product_brand":[],"product_cat":[175],"product_tag":[186,191,190],"class_list":{"0":"post-995129","1":"product","2":"type-product","3":"status-publish","4":"has-post-thumbnail","6":"product_cat-weine","7":"product_tag-aroonia-de","8":"product_tag-kuiv-de","9":"product_tag-mustsostar-de","10":"product_shipping_class-alkohol-de","12":"first","13":"instock","14":"taxable","15":"shipping-taxable","16":"purchasable","17":"product-type-simple"},"aioseo_notices":[],"_links":{"self":[{"href":"https:\/\/langemaa.ee\/de\/wp-json\/wp\/v2\/product\/995129","targetHints":{"allow":["GET"]}}],"collection":[{"href":"https:\/\/langemaa.ee\/de\/wp-json\/wp\/v2\/product"}],"about":[{"href":"https:\/\/langemaa.ee\/de\/wp-json\/wp\/v2\/types\/product"}],"version-history":[{"count":6,"href":"https:\/\/langemaa.ee\/de\/wp-json\/wp\/v2\/product\/995129\/revisions"}],"predecessor-version":[{"id":996757,"href":"https:\/\/langemaa.ee\/de\/wp-json\/wp\/v2\/product\/995129\/revisions\/996757"}],"wp:featuredmedia":[{"embeddable":true,"href":"https:\/\/langemaa.ee\/de\/wp-json\/wp\/v2\/media\/996762"}],"wp:attachment":[{"href":"https:\/\/langemaa.ee\/de\/wp-json\/wp\/v2\/media?parent=995129"}],"wp:term":[{"taxonomy":"product_brand","embeddable":true,"href":"https:\/\/langemaa.ee\/de\/wp-json\/wp\/v2\/product_brand?post=995129"},{"taxonomy":"product_cat","embeddable":true,"href":"https:\/\/langemaa.ee\/de\/wp-json\/wp\/v2\/product_cat?post=995129"},{"taxonomy":"product_tag","embeddable":true,"href":"https:\/\/langemaa.ee\/de\/wp-json\/wp\/v2\/product_tag?post=995129"}],"curies":[{"name":"wp","href":"https:\/\/api.w.org\/{rel}","templated":true}]}}