{"id":995128,"date":"2020-04-24T11:42:03","date_gmt":"2020-04-24T11:42:03","guid":{"rendered":"https:\/\/langemaa.ee\/toode\/luna\/"},"modified":"2025-09-10T11:44:38","modified_gmt":"2025-09-10T08:44:38","slug":"luna","status":"publish","type":"product","link":"https:\/\/langemaa.ee\/de\/toode\/luna\/","title":{"rendered":"LANGEMAA LUNA Quittenlik\u00f6r"},"content":{"rendered":"\t\t<div data-elementor-type=\"product-post\" data-elementor-id=\"995128\" class=\"elementor elementor-995128 elementor-2484\" data-elementor-post-type=\"product\">\n\t\t\t\t\t\t<section class=\"elementor-section elementor-top-section elementor-element elementor-element-5b78d48 elementor-section-boxed elementor-section-height-default elementor-section-height-default\" data-id=\"5b78d48\" data-element_type=\"section\">\n\t\t\t\t\t\t<div class=\"elementor-container elementor-column-gap-default\">\n\t\t\t\t\t<div class=\"elementor-column elementor-col-100 elementor-top-column elementor-element elementor-element-c5e4f5c\" data-id=\"c5e4f5c\" data-element_type=\"column\">\n\t\t\t<div class=\"elementor-widget-wrap elementor-element-populated\">\n\t\t\t\t\t\t<div class=\"elementor-element elementor-element-c60d28b elementor-widget elementor-widget-heading\" data-id=\"c60d28b\" data-element_type=\"widget\" data-widget_type=\"heading.default\">\n\t\t\t\t<div class=\"elementor-widget-container\">\n\t\t\t\t\t<h5 class=\"elementor-heading-title elementor-size-default\">Produktinformationen<\/h5>\t\t\t\t<\/div>\n\t\t\t\t<\/div>\n\t\t\t\t<div class=\"elementor-element elementor-element-38ccf47 elementor-widget elementor-widget-text-editor\" data-id=\"38ccf47\" data-element_type=\"widget\" data-widget_type=\"text-editor.default\">\n\t\t\t\t<div class=\"elementor-widget-container\">\n\t\t\t\t\t\t\t\t\t<p><strong>Erntezeit:<\/strong> September<br \/>\n<strong>Sorte:<\/strong> Japanische Scheinquitte (<em>Chaenomeles cathayensis<\/em>)<br \/>\n<strong>Fermentation:<\/strong> 12 Monate im Edelstahltank<br \/>\n<strong>Alkoholgehalt:<\/strong> 34 % vol<br \/>\n<strong>Inhalt:<\/strong> 500 mL<\/p>\n\t\t\t\t\t\t\t\t<\/div>\n\t\t\t\t<\/div>\n\t\t\t\t<div class=\"elementor-element elementor-element-7c7bf90 elementor-widget elementor-widget-heading\" data-id=\"7c7bf90\" data-element_type=\"widget\" data-widget_type=\"heading.default\">\n\t\t\t\t<div class=\"elementor-widget-container\">\n\t\t\t\t\t<h5 class=\"elementor-heading-title elementor-size-default\">Zus\u00e4tzliche Informationen<\/h5>\t\t\t\t<\/div>\n\t\t\t\t<\/div>\n\t\t\t\t<div class=\"elementor-element elementor-element-8edf2f9 elementor-widget elementor-widget-text-editor\" data-id=\"8edf2f9\" data-element_type=\"widget\" data-widget_type=\"text-editor.default\">\n\t\t\t\t<div class=\"elementor-widget-container\">\n\t\t\t\t\t\t\t\t\t<p>Der tiefgoldene Scheinquittenlik\u00f6r vom Langemaa Weingut ist ein Favorit unserer Kundinnen und Kunden.<\/p>\n<p>Sorgf\u00e4ltig ausgew\u00e4hlte Scheinquitten entfalten ein Aroma, das zitronige S\u00e4ure mit einem Hauch von Honigs\u00fc\u00dfe vereint. Im Geschmack zeigt sich eine feine Bitterkeit von Zitronenschale, ausgewogen durch eine leichte marmeladige Note \u2013 ein vollendetes Geschmackserlebnis.<\/p>\n<p>Ein idealer Abschluss f\u00fcr ein Abendessen oder ein erfrischender Gesellschaftsdrink \u2013 am besten auf Eis serviert.<\/p>\n\t\t\t\t\t\t\t\t<\/div>\n\t\t\t\t<\/div>\n\t\t\t\t<section class=\"elementor-section elementor-inner-section elementor-element elementor-element-0736960 elementor-section-boxed elementor-section-height-default elementor-section-height-default\" data-id=\"0736960\" data-element_type=\"section\">\n\t\t\t\t\t\t<div class=\"elementor-container elementor-column-gap-default\">\n\t\t\t\t\t<div class=\"elementor-column elementor-col-100 elementor-inner-column elementor-element elementor-element-b542b7f\" data-id=\"b542b7f\" data-element_type=\"column\">\n\t\t\t<div class=\"elementor-widget-wrap elementor-element-populated\">\n\t\t\t\t\t\t<div class=\"elementor-element elementor-element-7ca77b9 elementor-widget__width-initial elementor-widget-mobile__width-initial elementor-fixed elementor-hidden-tablet elementor-hidden-mobile elementor-widget elementor-widget-image\" data-id=\"7ca77b9\" data-element_type=\"widget\" data-settings=\"{&quot;_position&quot;:&quot;fixed&quot;}\" data-widget_type=\"image.default\">\n\t\t\t\t<div class=\"elementor-widget-container\">\n\t\t\t\t\t\t\t\t\t<div class=\"elementor-image\">\n\t\t\t\t\t\t\t\t\t\t\t\t\t\t\t\t\t\t\t\t\t<img fetchpriority=\"high\" decoding=\"async\" width=\"308\" height=\"444\" src=\"https:\/\/langemaa.ee\/wp-content\/uploads\/2024\/07\/ebakudoonia_308x444px.webp\" class=\"attachment-large size-large wp-image-994563\" alt=\"\" srcset=\"https:\/\/langemaa.ee\/wp-content\/uploads\/2024\/07\/ebakudoonia_308x444px.webp 308w, https:\/\/langemaa.ee\/wp-content\/uploads\/2024\/07\/ebakudoonia_308x444px-252x363.webp 252w, https:\/\/langemaa.ee\/wp-content\/uploads\/2024\/07\/ebakudoonia_308x444px-208x300.webp 208w\" sizes=\"(max-width: 308px) 100vw, 308px\" \/>\t\t\t\t\t\t\t\t\t\t\t\t\t\t\t\t\t\t\t\t\t\t\t\t<\/div>\n\t\t\t\t\t\t\t\t<\/div>\n\t\t\t\t<\/div>\n\t\t\t\t\t<\/div>\n\t\t<\/div>\n\t\t\t\t\t<\/div>\n\t\t<\/section>\n\t\t\t\t\t<\/div>\n\t\t<\/div>\n\t\t\t\t\t<\/div>\n\t\t<\/section>\n\t\t\t\t<\/div>\n\t\t","protected":false},"excerpt":{"rendered":"<p>Ein naturbelassener handgemachter Lik\u00f6r, hergestellt aus den auf unseren Feldern in S\u00fcdestland angebauten Scheinquittenfr\u00fcchten.<br \/>\nIm Geschmack verbindet sich die milde S\u00e4ure der Scheinquitte harmonisch mit einer angenehmen Honigs\u00fc\u00dfe.<\/p>\n<p>Perfekt als Abschluss eines Abendessens oder als erfrischender Drink auf Eis zu genie\u00dfen.<\/p>\n","protected":false},"featured_media":994601,"template":"","meta":{"om_disable_all_campaigns":false,"_uf_show_specific_survey":0,"_uf_disable_surveys":false},"product_brand":[],"product_cat":[181,182],"product_tag":[],"class_list":{"0":"post-995128","1":"product","2":"type-product","3":"status-publish","4":"has-post-thumbnail","6":"product_cat-spirituosen","7":"product_cat-likore","8":"product_shipping_class-alkohol-de","10":"first","11":"outofstock","12":"taxable","13":"shipping-taxable","14":"purchasable","15":"product-type-simple"},"aioseo_notices":[],"_links":{"self":[{"href":"https:\/\/langemaa.ee\/de\/wp-json\/wp\/v2\/product\/995128","targetHints":{"allow":["GET"]}}],"collection":[{"href":"https:\/\/langemaa.ee\/de\/wp-json\/wp\/v2\/product"}],"about":[{"href":"https:\/\/langemaa.ee\/de\/wp-json\/wp\/v2\/types\/product"}],"version-history":[{"count":4,"href":"https:\/\/langemaa.ee\/de\/wp-json\/wp\/v2\/product\/995128\/revisions"}],"predecessor-version":[{"id":996078,"href":"https:\/\/langemaa.ee\/de\/wp-json\/wp\/v2\/product\/995128\/revisions\/996078"}],"wp:featuredmedia":[{"embeddable":true,"href":"https:\/\/langemaa.ee\/de\/wp-json\/wp\/v2\/media\/994601"}],"wp:attachment":[{"href":"https:\/\/langemaa.ee\/de\/wp-json\/wp\/v2\/media?parent=995128"}],"wp:term":[{"taxonomy":"product_brand","embeddable":true,"href":"https:\/\/langemaa.ee\/de\/wp-json\/wp\/v2\/product_brand?post=995128"},{"taxonomy":"product_cat","embeddable":true,"href":"https:\/\/langemaa.ee\/de\/wp-json\/wp\/v2\/product_cat?post=995128"},{"taxonomy":"product_tag","embeddable":true,"href":"https:\/\/langemaa.ee\/de\/wp-json\/wp\/v2\/product_tag?post=995128"}],"curies":[{"name":"wp","href":"https:\/\/api.w.org\/{rel}","templated":true}]}}