{"id":995126,"date":"2020-08-11T13:06:47","date_gmt":"2020-08-11T13:06:47","guid":{"rendered":"https:\/\/langemaa.ee\/toode\/ebakudooniamahl-1l\/"},"modified":"2025-06-17T12:28:42","modified_gmt":"2025-06-17T09:28:42","slug":"ebakudooniamahl-1l","status":"publish","type":"product","link":"https:\/\/langemaa.ee\/de\/toode\/ebakudooniamahl-1l\/","title":{"rendered":"LANGEMAA Scheinquittensaft 1\u202fL"},"content":{"rendered":"\t\t<div data-elementor-type=\"product-post\" data-elementor-id=\"995126\" class=\"elementor elementor-995126 elementor-6539\" data-elementor-post-type=\"product\">\n\t\t\t\t\t\t<section class=\"elementor-section elementor-top-section elementor-element elementor-element-f291410 elementor-section-boxed elementor-section-height-default elementor-section-height-default\" data-id=\"f291410\" data-element_type=\"section\">\n\t\t\t\t\t\t<div class=\"elementor-container elementor-column-gap-default\">\n\t\t\t\t\t<div class=\"elementor-column elementor-col-100 elementor-top-column elementor-element elementor-element-0b58c7a\" data-id=\"0b58c7a\" data-element_type=\"column\">\n\t\t\t<div class=\"elementor-widget-wrap elementor-element-populated\">\n\t\t\t\t\t\t<div class=\"elementor-element elementor-element-3130b59 elementor-widget elementor-widget-heading\" data-id=\"3130b59\" data-element_type=\"widget\" data-widget_type=\"heading.default\">\n\t\t\t\t<div class=\"elementor-widget-container\">\n\t\t\t\t\t<h5 class=\"elementor-heading-title elementor-size-default\">Produktinformationen<\/h5>\t\t\t\t<\/div>\n\t\t\t\t<\/div>\n\t\t\t\t<div class=\"elementor-element elementor-element-1181845 elementor-widget elementor-widget-text-editor\" data-id=\"1181845\" data-element_type=\"widget\" data-widget_type=\"text-editor.default\">\n\t\t\t\t<div class=\"elementor-widget-container\">\n\t\t\t\t\t\t\t\t\t<p><strong>Erntezeit:<\/strong> September<br \/>\n<strong>Sorte:<\/strong> Japanische Scheinquitte (<em>Chaenomeles cathayensis<\/em>)<\/p>\n<p><strong>Herstellungsverfahren:<\/strong> Kaltpressung, schonende Pasteurisierung<\/p>\n<p><strong>N\u00e4hrwertangaben pro 100\u202fg:<\/strong><br \/>\nEnergie: 91\u202fkJ \/ 21\u202fkcal<br \/>\nKohlenhydrate (davon Zucker): 2,4\u202fg (1,2\u202fg)<br \/>\nFett: 0,2\u202fg<br \/>\nEiwei\u00df: 0,1\u202fg<br \/>\nSalz: 0,005\u202fg<br \/>\nAscorbins\u00e4ure (Vitamin C): 0,3\u202fg<\/p>\n\t\t\t\t\t\t\t\t<\/div>\n\t\t\t\t<\/div>\n\t\t\t\t<div class=\"elementor-element elementor-element-b216d32 elementor-widget elementor-widget-heading\" data-id=\"b216d32\" data-element_type=\"widget\" data-widget_type=\"heading.default\">\n\t\t\t\t<div class=\"elementor-widget-container\">\n\t\t\t\t\t<h5 class=\"elementor-heading-title elementor-size-default\">Zus\u00e4tzliche Informationen<\/h5>\t\t\t\t<\/div>\n\t\t\t\t<\/div>\n\t\t\t\t<div class=\"elementor-element elementor-element-9d08e07 elementor-widget elementor-widget-text-editor\" data-id=\"9d08e07\" data-element_type=\"widget\" data-widget_type=\"text-editor.default\">\n\t\t\t\t<div class=\"elementor-widget-container\">\n\t\t\t\t\t\t\t\t\t<p><strong>Langemaa Scheinquittensaft<\/strong> wird aus den apfelartigen Fr\u00fcchten der japanischen Scheinquitte hergestellt, die in unserem sonnenverw\u00f6hnten S\u00fcdestland \u00f6kologisch angebaut werden.<\/p>\n<p>Aufgrund ihres hohen Vitamin-C-Gehalts, der s\u00e4uerlichen Note und ihrer leuchtend gelben Farbe werden die Fr\u00fcchte im Volksmund auch als \u201eZitrone des Nordens\u201c bezeichnet.<\/p>\n<p>Scheinquittensaft ist eine gesunde und erfrischende Wahl \u2013 er unterst\u00fctzt das Immunsystem, die Verdauung, die Herzgesundheit und die Hautpflege. Mit seinem niedrigen Kaloriengehalt kann er die Gewichtsregulation und den Stoffwechsel f\u00f6rdern.<\/p>\n<p>Wir verwenden das Kaltpressverfahren, um den nat\u00fcrlichen Geschmack und die wertvollen Enzyme der Fr\u00fcchte zu erhalten. F\u00fcr eine l\u00e4ngere Haltbarkeit wird der Saft schonend bei niedriger Temperatur pasteurisiert, wodurch sch\u00e4dliche Mikroorganismen entfernt und gleichzeitig m\u00f6glichst viele Vitamine und Mineralstoffe erhalten bleiben.<\/p>\n<p><strong>Verwendungsm\u00f6glichkeiten von Scheinquittensaft in Speisen und Getr\u00e4nken:<\/strong><\/p>\n<ul>\n<li><strong>Cocktails &amp; Mocktails:<\/strong> Verleiht Getr\u00e4nken eine frische, zitrusartige Note.<\/li>\n<li><strong>Aromatisiertes Wasser:<\/strong> Mit Wasser verd\u00fcnnt \u2013 ein erfrischender, gesunder Durstl\u00f6scher.<\/li>\n<li><strong>Gefrorene Eisw\u00fcrfel:<\/strong> Eingefroren als Eisw\u00fcrfel f\u00fcr ein fruchtig-s\u00e4uerliches Aroma im Drink.<\/li>\n<li><strong>Hei\u00dfgetr\u00e4nk:<\/strong> Mit hei\u00dfem Wasser, Honig und Ingwer gemischt \u2013 ideal bei Erk\u00e4ltungen.<\/li>\n<li><strong>Marinaden:<\/strong> F\u00fcr Fleisch, Fisch oder Gem\u00fcse \u2013 bringt Frische und Tiefe ins Gericht.<\/li>\n<li><strong>Backen:<\/strong> F\u00fcr Muffins, Kuchen oder andere Backwaren \u2013 bringt Balance in den Geschmack.<\/li>\n<li><strong>Hauskosmetik:<\/strong> In Gesichtsmasken oder Tonics \u2013 f\u00fcr antioxidative und belebende Pflege.<\/li>\n<\/ul>\n<p><strong>Probieren Sie neue Rezepte aus und lassen Sie Ihrer Kreativit\u00e4t freien Lauf!<\/strong><\/p>\n\t\t\t\t\t\t\t\t<\/div>\n\t\t\t\t<\/div>\n\t\t\t\t\t<\/div>\n\t\t<\/div>\n\t\t\t\t\t<\/div>\n\t\t<\/section>\n\t\t\t\t<\/div>\n\t\t","protected":false},"excerpt":{"rendered":"<p>Langemaa Scheinquittensaft ist ein 100\u202f% Direktsaft \u2013 ganz ohne zugesetzten Zucker oder Konservierungsstoffe.<br \/>\nDas Kaltpressverfahren bewahrt den hohen Gehalt an Vitamin C sowie die nat\u00fcrlichen Mineralstoffe des Saftes.<\/p>\n<p><strong>Verpackung:<\/strong> 1\u202fL Saftbeutel mit Zapfhahn, luftdicht wiederverschlie\u00dfbar.<\/p>\n","protected":false},"featured_media":994639,"template":"","meta":{"om_disable_all_campaigns":false,"_uf_show_specific_survey":0,"_uf_disable_surveys":false},"product_brand":[],"product_cat":[178],"product_tag":[183,179],"class_list":{"0":"post-995126","1":"product","2":"type-product","3":"status-publish","4":"has-post-thumbnail","6":"product_cat-safte","7":"product_tag-2023-de","8":"product_tag-ebakudoonia-de","10":"first","11":"instock","12":"taxable","13":"shipping-taxable","14":"purchasable","15":"product-type-simple"},"aioseo_notices":[],"_links":{"self":[{"href":"https:\/\/langemaa.ee\/de\/wp-json\/wp\/v2\/product\/995126","targetHints":{"allow":["GET"]}}],"collection":[{"href":"https:\/\/langemaa.ee\/de\/wp-json\/wp\/v2\/product"}],"about":[{"href":"https:\/\/langemaa.ee\/de\/wp-json\/wp\/v2\/types\/product"}],"version-history":[{"count":3,"href":"https:\/\/langemaa.ee\/de\/wp-json\/wp\/v2\/product\/995126\/revisions"}],"predecessor-version":[{"id":995661,"href":"https:\/\/langemaa.ee\/de\/wp-json\/wp\/v2\/product\/995126\/revisions\/995661"}],"wp:featuredmedia":[{"embeddable":true,"href":"https:\/\/langemaa.ee\/de\/wp-json\/wp\/v2\/media\/994639"}],"wp:attachment":[{"href":"https:\/\/langemaa.ee\/de\/wp-json\/wp\/v2\/media?parent=995126"}],"wp:term":[{"taxonomy":"product_brand","embeddable":true,"href":"https:\/\/langemaa.ee\/de\/wp-json\/wp\/v2\/product_brand?post=995126"},{"taxonomy":"product_cat","embeddable":true,"href":"https:\/\/langemaa.ee\/de\/wp-json\/wp\/v2\/product_cat?post=995126"},{"taxonomy":"product_tag","embeddable":true,"href":"https:\/\/langemaa.ee\/de\/wp-json\/wp\/v2\/product_tag?post=995126"}],"curies":[{"name":"wp","href":"https:\/\/api.w.org\/{rel}","templated":true}]}}