{"id":995125,"date":"2020-08-11T13:20:25","date_gmt":"2020-08-11T13:20:25","guid":{"rendered":"https:\/\/langemaa.ee\/toode\/gin-navy-gift\/"},"modified":"2025-11-24T21:04:06","modified_gmt":"2025-11-24T19:04:06","slug":"gin-navy-gift","status":"publish","type":"product","link":"https:\/\/langemaa.ee\/de\/toode\/gin-navy-gift\/","title":{"rendered":"Langemaa GIN Navy Geschenkset"},"content":{"rendered":"\t\t<div data-elementor-type=\"product-post\" data-elementor-id=\"995125\" class=\"elementor elementor-995125 elementor-6554\" data-elementor-post-type=\"product\">\n\t\t\t\t\t\t<section class=\"elementor-section elementor-top-section elementor-element elementor-element-3531a6f elementor-section-boxed elementor-section-height-default elementor-section-height-default\" data-id=\"3531a6f\" data-element_type=\"section\">\n\t\t\t\t\t\t<div class=\"elementor-container elementor-column-gap-default\">\n\t\t\t\t\t<div class=\"elementor-column elementor-col-100 elementor-top-column elementor-element elementor-element-34bd5f1\" data-id=\"34bd5f1\" data-element_type=\"column\">\n\t\t\t<div class=\"elementor-widget-wrap elementor-element-populated\">\n\t\t\t\t\t\t<div class=\"elementor-element elementor-element-30258a6 elementor-widget elementor-widget-heading\" data-id=\"30258a6\" data-element_type=\"widget\" data-widget_type=\"heading.default\">\n\t\t\t\t<div class=\"elementor-widget-container\">\n\t\t\t\t\t<h5 class=\"elementor-heading-title elementor-size-default\">Zus\u00e4tzliche Informationen<\/h5>\t\t\t\t<\/div>\n\t\t\t\t<\/div>\n\t\t\t\t<div class=\"elementor-element elementor-element-5a6e7eb elementor-widget elementor-widget-text-editor\" data-id=\"5a6e7eb\" data-element_type=\"widget\" data-widget_type=\"text-editor.default\">\n\t\t\t\t<div class=\"elementor-widget-container\">\n\t\t\t\t\t\t\t\t\t<p>Im <strong>LANGEMAA GIN NAVY Geschenkset<\/strong> befindet sich der handgemachte LANGEMAA Navy Gin \u2013 ein Produkt eines estnischen Kleinproduzenten.<br \/>\nMit der Wahl dieses Sets zeigst du nicht nur Wertsch\u00e4tzung gegen\u00fcber dem Beschenkten, sondern unterst\u00fctzt auch die heimische Kleinproduktion und die Wirtschaft Estlands.<\/p>\n<p><strong>Ma\u00dfe der Geschenkbox:<\/strong> 20 x 34 x 10 cm<\/p>\n<p>Das <strong>GIN NAVY Geschenkset<\/strong> ist eine stilvolle und unkomplizierte M\u00f6glichkeit, Dankbarkeit auszudr\u00fccken und besondere Momente zu feiern.<\/p>\n\t\t\t\t\t\t\t\t<\/div>\n\t\t\t\t<\/div>\n\t\t\t\t\t<\/div>\n\t\t<\/div>\n\t\t\t\t\t<\/div>\n\t\t<\/section>\n\t\t\t\t<\/div>\n\t\t","protected":false},"excerpt":{"rendered":"<p>Das <strong>Langemaa GIN NAVY Geschenkset<\/strong> ist ein besonderes Pr\u00e4sent f\u00fcr Gesch\u00e4ftspartner.<\/p>\n<p>Es enth\u00e4lt eine 0,5-Liter-Flasche handgemachten Gin mit einem Alkoholgehalt von 59\u202f% vol, hergestellt aus in S\u00fcdestland angebauten Scheinquitten und estnischen Wacholderbeeren, sowie zwei stilvolle Schnapsgl\u00e4ser.<\/p>\n<p>Alles ist elegant in einer Geschenkbox verpackt \u2013 f\u00fcr ein unvergessliches Geschenkerlebnis.<\/p>\n","protected":false},"featured_media":994815,"template":"","meta":{"om_disable_all_campaigns":false,"_uf_show_specific_survey":0,"_uf_disable_surveys":false},"product_brand":[],"product_cat":[180,181],"product_tag":[],"class_list":{"0":"post-995125","1":"product","2":"type-product","3":"status-publish","4":"has-post-thumbnail","6":"product_cat-geschenke","7":"product_cat-spirituosen","9":"first","10":"instock","11":"taxable","12":"shipping-taxable","13":"purchasable","14":"product-type-simple"},"aioseo_notices":[],"_links":{"self":[{"href":"https:\/\/langemaa.ee\/de\/wp-json\/wp\/v2\/product\/995125","targetHints":{"allow":["GET"]}}],"collection":[{"href":"https:\/\/langemaa.ee\/de\/wp-json\/wp\/v2\/product"}],"about":[{"href":"https:\/\/langemaa.ee\/de\/wp-json\/wp\/v2\/types\/product"}],"version-history":[{"count":6,"href":"https:\/\/langemaa.ee\/de\/wp-json\/wp\/v2\/product\/995125\/revisions"}],"predecessor-version":[{"id":996155,"href":"https:\/\/langemaa.ee\/de\/wp-json\/wp\/v2\/product\/995125\/revisions\/996155"}],"wp:featuredmedia":[{"embeddable":true,"href":"https:\/\/langemaa.ee\/de\/wp-json\/wp\/v2\/media\/994815"}],"wp:attachment":[{"href":"https:\/\/langemaa.ee\/de\/wp-json\/wp\/v2\/media?parent=995125"}],"wp:term":[{"taxonomy":"product_brand","embeddable":true,"href":"https:\/\/langemaa.ee\/de\/wp-json\/wp\/v2\/product_brand?post=995125"},{"taxonomy":"product_cat","embeddable":true,"href":"https:\/\/langemaa.ee\/de\/wp-json\/wp\/v2\/product_cat?post=995125"},{"taxonomy":"product_tag","embeddable":true,"href":"https:\/\/langemaa.ee\/de\/wp-json\/wp\/v2\/product_tag?post=995125"}],"curies":[{"name":"wp","href":"https:\/\/api.w.org\/{rel}","templated":true}]}}