{"id":995124,"date":"2020-08-11T13:21:14","date_gmt":"2020-08-11T13:21:14","guid":{"rendered":"https:\/\/langemaa.ee\/toode\/gin-gift\/"},"modified":"2025-11-24T21:00:56","modified_gmt":"2025-11-24T19:00:56","slug":"gin-gift","status":"publish","type":"product","link":"https:\/\/langemaa.ee\/de\/toode\/gin-gift\/","title":{"rendered":"Langemaa GIN Geschenkset"},"content":{"rendered":"\t\t<div data-elementor-type=\"product-post\" data-elementor-id=\"995124\" class=\"elementor elementor-995124 elementor-6556\" data-elementor-post-type=\"product\">\n\t\t\t\t\t\t<section class=\"elementor-section elementor-top-section elementor-element elementor-element-d240ba2 elementor-section-boxed elementor-section-height-default elementor-section-height-default\" data-id=\"d240ba2\" data-element_type=\"section\">\n\t\t\t\t\t\t<div class=\"elementor-container elementor-column-gap-default\">\n\t\t\t\t\t<div class=\"elementor-column elementor-col-100 elementor-top-column elementor-element elementor-element-7689df8\" data-id=\"7689df8\" data-element_type=\"column\">\n\t\t\t<div class=\"elementor-widget-wrap elementor-element-populated\">\n\t\t\t\t\t\t<div class=\"elementor-element elementor-element-9c26087 elementor-widget elementor-widget-heading\" data-id=\"9c26087\" data-element_type=\"widget\" data-widget_type=\"heading.default\">\n\t\t\t\t<div class=\"elementor-widget-container\">\n\t\t\t\t\t<h5 class=\"elementor-heading-title elementor-size-default\">Zus\u00e4tzliche Informationen<\/h5>\t\t\t\t<\/div>\n\t\t\t\t<\/div>\n\t\t\t\t<div class=\"elementor-element elementor-element-f7bf1c3 elementor-widget elementor-widget-text-editor\" data-id=\"f7bf1c3\" data-element_type=\"widget\" data-widget_type=\"text-editor.default\">\n\t\t\t\t<div class=\"elementor-widget-container\">\n\t\t\t\t\t\t\t\t\t<p>Im <strong>LANGEMAA GIN Geschenkset<\/strong> befindet sich der handgemachte LANGEMAA Gin \u2013 ein Produkt eines estnischen Kleinproduzenten.<br \/>\nMit der Wahl dieses Sets zeigst du nicht nur Wertsch\u00e4tzung gegen\u00fcber dem Beschenkten, sondern unterst\u00fctzt auch die heimische Kleinproduktion und die estnische Wirtschaft.<\/p>\n<p><strong>Ma\u00dfe der Geschenkbox:<\/strong> 20 x 34 x 10 cm<\/p>\n<p>Das <strong>GIN Geschenkset<\/strong> ist eine stilvolle und unkomplizierte M\u00f6glichkeit, Dankbarkeit auszudr\u00fccken und besondere Momente zu feiern.<\/p>\n\t\t\t\t\t\t\t\t<\/div>\n\t\t\t\t<\/div>\n\t\t\t\t<section class=\"elementor-section elementor-inner-section elementor-element elementor-element-33d65b2 elementor-section-boxed elementor-section-height-default elementor-section-height-default\" data-id=\"33d65b2\" data-element_type=\"section\">\n\t\t\t\t\t\t<div class=\"elementor-container elementor-column-gap-default\">\n\t\t\t\t\t<div class=\"elementor-column elementor-col-100 elementor-inner-column elementor-element elementor-element-71be8a0\" data-id=\"71be8a0\" data-element_type=\"column\">\n\t\t\t<div class=\"elementor-widget-wrap elementor-element-populated\">\n\t\t\t\t\t\t\t<\/div>\n\t\t<\/div>\n\t\t\t\t\t<\/div>\n\t\t<\/section>\n\t\t\t\t\t<\/div>\n\t\t<\/div>\n\t\t\t\t\t<\/div>\n\t\t<\/section>\n\t\t\t\t<\/div>\n\t\t","protected":false},"excerpt":{"rendered":"<p data-start=\"0\" data-end=\"83\">Das <strong data-start=\"4\" data-end=\"32\">Langemaa GIN Geschenkset<\/strong> ist ein besonderes Pr\u00e4sent f\u00fcr Gesch\u00e4ftspartner.<\/p>\n<p data-start=\"85\" data-end=\"294\">Das Set enth\u00e4lt eine 0,5-Liter-Flasche handgemachten Gin mit 45 % vol Alkoholgehalt, hergestellt aus in S\u00fcdestland angebauten Scheinquitten und estnischen Wacholderbeeren, sowie zwei stilvolle Schnapsgl\u00e4ser.<\/p>\n<p data-start=\"296\" data-end=\"389\" data-is-last-node=\"\" data-is-only-node=\"\">Alles ist in einer eleganten Geschenkbox verpackt \u2013 f\u00fcr ein unvergessliches Geschenkerlebnis.<\/p>\n","protected":false},"featured_media":994813,"template":"","meta":{"om_disable_all_campaigns":false,"_uf_show_specific_survey":0,"_uf_disable_surveys":false},"product_brand":[],"product_cat":[180,181],"product_tag":[],"class_list":{"0":"post-995124","1":"product","2":"type-product","3":"status-publish","4":"has-post-thumbnail","6":"product_cat-geschenke","7":"product_cat-spirituosen","9":"first","10":"instock","11":"taxable","12":"shipping-taxable","13":"purchasable","14":"product-type-simple"},"aioseo_notices":[],"_links":{"self":[{"href":"https:\/\/langemaa.ee\/de\/wp-json\/wp\/v2\/product\/995124","targetHints":{"allow":["GET"]}}],"collection":[{"href":"https:\/\/langemaa.ee\/de\/wp-json\/wp\/v2\/product"}],"about":[{"href":"https:\/\/langemaa.ee\/de\/wp-json\/wp\/v2\/types\/product"}],"version-history":[{"count":5,"href":"https:\/\/langemaa.ee\/de\/wp-json\/wp\/v2\/product\/995124\/revisions"}],"predecessor-version":[{"id":996149,"href":"https:\/\/langemaa.ee\/de\/wp-json\/wp\/v2\/product\/995124\/revisions\/996149"}],"wp:featuredmedia":[{"embeddable":true,"href":"https:\/\/langemaa.ee\/de\/wp-json\/wp\/v2\/media\/994813"}],"wp:attachment":[{"href":"https:\/\/langemaa.ee\/de\/wp-json\/wp\/v2\/media?parent=995124"}],"wp:term":[{"taxonomy":"product_brand","embeddable":true,"href":"https:\/\/langemaa.ee\/de\/wp-json\/wp\/v2\/product_brand?post=995124"},{"taxonomy":"product_cat","embeddable":true,"href":"https:\/\/langemaa.ee\/de\/wp-json\/wp\/v2\/product_cat?post=995124"},{"taxonomy":"product_tag","embeddable":true,"href":"https:\/\/langemaa.ee\/de\/wp-json\/wp\/v2\/product_tag?post=995124"}],"curies":[{"name":"wp","href":"https:\/\/api.w.org\/{rel}","templated":true}]}}