{"id":995122,"date":"2020-08-11T13:24:07","date_gmt":"2020-08-11T13:24:07","guid":{"rendered":"https:\/\/langemaa.ee\/toode\/luna-gift\/"},"modified":"2025-06-16T14:50:54","modified_gmt":"2025-06-16T11:50:54","slug":"luna-gift","status":"publish","type":"product","link":"https:\/\/langemaa.ee\/de\/toode\/luna-gift\/","title":{"rendered":"LANGEMAA LUNA Geschenkset"},"content":{"rendered":"\t\t<div data-elementor-type=\"product-post\" data-elementor-id=\"995122\" class=\"elementor elementor-995122 elementor-6561\" data-elementor-post-type=\"product\">\n\t\t\t\t\t\t<section class=\"elementor-section elementor-top-section elementor-element elementor-element-b507314 elementor-section-boxed elementor-section-height-default elementor-section-height-default\" data-id=\"b507314\" data-element_type=\"section\">\n\t\t\t\t\t\t<div class=\"elementor-container elementor-column-gap-default\">\n\t\t\t\t\t<div class=\"elementor-column elementor-col-100 elementor-top-column elementor-element elementor-element-235ced1\" data-id=\"235ced1\" data-element_type=\"column\">\n\t\t\t<div class=\"elementor-widget-wrap elementor-element-populated\">\n\t\t\t\t\t\t<div class=\"elementor-element elementor-element-73ac71c elementor-widget elementor-widget-heading\" data-id=\"73ac71c\" data-element_type=\"widget\" data-widget_type=\"heading.default\">\n\t\t\t\t<div class=\"elementor-widget-container\">\n\t\t\t\t\t<h5 class=\"elementor-heading-title elementor-size-default\">Zus\u00e4tzliche Informationen<\/h5>\t\t\t\t<\/div>\n\t\t\t\t<\/div>\n\t\t\t\t<div class=\"elementor-element elementor-element-3f326ad elementor-widget elementor-widget-text-editor\" data-id=\"3f326ad\" data-element_type=\"widget\" data-widget_type=\"text-editor.default\">\n\t\t\t\t<div class=\"elementor-widget-container\">\n\t\t\t\t\t\t\t\t\t<p>Im <strong>LANGEMAA LUNA Geschenkset<\/strong> befindet sich der LUNA-Lik\u00f6r aus Scheinquitten \u2013 ein Produkt eines estnischen Kleinproduzenten.<br \/>\nMit der Wahl dieses Sets zeigst du nicht nur Wertsch\u00e4tzung gegen\u00fcber dem Beschenkten, sondern unterst\u00fctzt zugleich die heimische Kleinproduktion und die estnische Wirtschaft.<\/p>\n<p><strong>Ma\u00dfe der Geschenkbox:<\/strong> 20 x 34 x 10 cm<\/p>\n<p>Das <strong>LUNA Geschenkset<\/strong> ist eine einfache und geschmackvolle M\u00f6glichkeit, Dankbarkeit auszudr\u00fccken und besondere Momente stilvoll zu feiern.<\/p>\n\t\t\t\t\t\t\t\t<\/div>\n\t\t\t\t<\/div>\n\t\t\t\t<section class=\"elementor-section elementor-inner-section elementor-element elementor-element-6625631 elementor-section-boxed elementor-section-height-default elementor-section-height-default\" data-id=\"6625631\" data-element_type=\"section\">\n\t\t\t\t\t\t<div class=\"elementor-container elementor-column-gap-default\">\n\t\t\t\t\t<div class=\"elementor-column elementor-col-100 elementor-inner-column elementor-element elementor-element-55c8970\" data-id=\"55c8970\" data-element_type=\"column\">\n\t\t\t<div class=\"elementor-widget-wrap elementor-element-populated\">\n\t\t\t\t\t\t\t<\/div>\n\t\t<\/div>\n\t\t\t\t\t<\/div>\n\t\t<\/section>\n\t\t\t\t\t<\/div>\n\t\t<\/div>\n\t\t\t\t\t<\/div>\n\t\t<\/section>\n\t\t\t\t<\/div>\n\t\t","protected":false},"excerpt":{"rendered":"<p>Das <strong>Langemaa LUNA Geschenkset mit Scheinquittenlik\u00f6r<\/strong> ist ein besonderes Pr\u00e4sent f\u00fcr Gesch\u00e4ftspartner und Unternehmen.<\/p>\n<p>Das Set enth\u00e4lt eine 0,5-Liter-Flasche nat\u00fcrlichen handgemachten Lik\u00f6rs, hergestellt aus in S\u00fcdestland angebauten Scheinquitten, sowie zwei stilvolle Schnapsgl\u00e4ser.<\/p>\n<p>Alles ist in einer eleganten Geschenkbox verpackt \u2013 f\u00fcr ein unvergessliches Geschenkerlebnis.<\/p>\n","protected":false},"featured_media":994809,"template":"","meta":{"om_disable_all_campaigns":false,"_uf_show_specific_survey":0,"_uf_disable_surveys":false},"product_brand":[],"product_cat":[180,181,182],"product_tag":[],"class_list":{"0":"post-995122","1":"product","2":"type-product","3":"status-publish","4":"has-post-thumbnail","6":"product_cat-geschenke","7":"product_cat-spirituosen","8":"product_cat-likore","10":"first","11":"outofstock","12":"taxable","13":"shipping-taxable","14":"purchasable","15":"product-type-simple"},"aioseo_notices":[],"_links":{"self":[{"href":"https:\/\/langemaa.ee\/de\/wp-json\/wp\/v2\/product\/995122","targetHints":{"allow":["GET"]}}],"collection":[{"href":"https:\/\/langemaa.ee\/de\/wp-json\/wp\/v2\/product"}],"about":[{"href":"https:\/\/langemaa.ee\/de\/wp-json\/wp\/v2\/types\/product"}],"version-history":[{"count":4,"href":"https:\/\/langemaa.ee\/de\/wp-json\/wp\/v2\/product\/995122\/revisions"}],"predecessor-version":[{"id":995510,"href":"https:\/\/langemaa.ee\/de\/wp-json\/wp\/v2\/product\/995122\/revisions\/995510"}],"wp:featuredmedia":[{"embeddable":true,"href":"https:\/\/langemaa.ee\/de\/wp-json\/wp\/v2\/media\/994809"}],"wp:attachment":[{"href":"https:\/\/langemaa.ee\/de\/wp-json\/wp\/v2\/media?parent=995122"}],"wp:term":[{"taxonomy":"product_brand","embeddable":true,"href":"https:\/\/langemaa.ee\/de\/wp-json\/wp\/v2\/product_brand?post=995122"},{"taxonomy":"product_cat","embeddable":true,"href":"https:\/\/langemaa.ee\/de\/wp-json\/wp\/v2\/product_cat?post=995122"},{"taxonomy":"product_tag","embeddable":true,"href":"https:\/\/langemaa.ee\/de\/wp-json\/wp\/v2\/product_tag?post=995122"}],"curies":[{"name":"wp","href":"https:\/\/api.w.org\/{rel}","templated":true}]}}