{"id":995121,"date":"2020-08-11T13:26:26","date_gmt":"2020-08-11T13:26:26","guid":{"rendered":"https:\/\/langemaa.ee\/toode\/gin-navy\/"},"modified":"2025-11-24T20:58:17","modified_gmt":"2025-11-24T18:58:17","slug":"gin-navy","status":"publish","type":"product","link":"https:\/\/langemaa.ee\/de\/toode\/gin-navy\/","title":{"rendered":"Langemaa GIN Navy"},"content":{"rendered":"\t\t<div data-elementor-type=\"product-post\" data-elementor-id=\"995121\" class=\"elementor elementor-995121 elementor-6564\" data-elementor-post-type=\"product\">\n\t\t\t\t\t\t<section class=\"elementor-section elementor-top-section elementor-element elementor-element-ae6c777 elementor-section-boxed elementor-section-height-default elementor-section-height-default\" data-id=\"ae6c777\" data-element_type=\"section\">\n\t\t\t\t\t\t<div class=\"elementor-container elementor-column-gap-default\">\n\t\t\t\t\t<div class=\"elementor-column elementor-col-100 elementor-top-column elementor-element elementor-element-0056d50\" data-id=\"0056d50\" data-element_type=\"column\">\n\t\t\t<div class=\"elementor-widget-wrap elementor-element-populated\">\n\t\t\t\t\t\t<div class=\"elementor-element elementor-element-58e723e elementor-widget elementor-widget-heading\" data-id=\"58e723e\" data-element_type=\"widget\" data-widget_type=\"heading.default\">\n\t\t\t\t<div class=\"elementor-widget-container\">\n\t\t\t\t\t<h5 class=\"elementor-heading-title elementor-size-default\">Produktinformationen<\/h5>\t\t\t\t<\/div>\n\t\t\t\t<\/div>\n\t\t\t\t<div class=\"elementor-element elementor-element-95d9cf9 elementor-widget elementor-widget-text-editor\" data-id=\"95d9cf9\" data-element_type=\"widget\" data-widget_type=\"text-editor.default\">\n\t\t\t\t<div class=\"elementor-widget-container\">\n\t\t\t\t\t\t\t\t\t<p><strong>Alkoholgehalt:<\/strong> 59 % vol<br \/>\n<strong>Inhalt:<\/strong> 500 mL<\/p>\n\t\t\t\t\t\t\t\t<\/div>\n\t\t\t\t<\/div>\n\t\t\t\t<div class=\"elementor-element elementor-element-2656c3d elementor-widget elementor-widget-heading\" data-id=\"2656c3d\" data-element_type=\"widget\" data-widget_type=\"heading.default\">\n\t\t\t\t<div class=\"elementor-widget-container\">\n\t\t\t\t\t<h5 class=\"elementor-heading-title elementor-size-default\">Zus\u00e4tzliche Informationen<\/h5>\t\t\t\t<\/div>\n\t\t\t\t<\/div>\n\t\t\t\t<div class=\"elementor-element elementor-element-1cd7b15 elementor-widget elementor-widget-text-editor\" data-id=\"1cd7b15\" data-element_type=\"widget\" data-widget_type=\"text-editor.default\">\n\t\t\t\t<div class=\"elementor-widget-container\">\n\t\t\t\t\t\t\t\t\t<p><strong>Langemaa Gin Navy<\/strong> ist ein einzigartiger, hochprozentiger handgemachter Gin, der lokales Erbe, h\u00f6chste Qualit\u00e4t und einen perfekt ausbalancierten Geschmack vereint.<\/p>\n<p>Das destillierte Basisalkohol stammt aus Scheinquitten, die auf Langemaa angebaut wurden. Die tiefe Geschmacksbasis bilden Wacholderbeeren aus der estnischen Natur sowie sorgf\u00e4ltig ausgew\u00e4hlte Kr\u00e4uter.<\/p>\n<p><strong>Langemaa Gin Navy<\/strong> ist mehr als nur ein Getr\u00e4nk \u2013 er ist eine Hommage an die estnische Natur, an Tradition und Handwerkskunst.<\/p>\n<p><strong>Langemaa Gin Navy<\/strong> \u2013 ein Geschmack, der in Erinnerung bleibt, und eine Geschichte, die man gern weitergibt.<\/p>\n\t\t\t\t\t\t\t\t<\/div>\n\t\t\t\t<\/div>\n\t\t\t\t<section class=\"elementor-section elementor-inner-section elementor-element elementor-element-9a65d95 elementor-section-boxed elementor-section-height-default elementor-section-height-default\" data-id=\"9a65d95\" data-element_type=\"section\">\n\t\t\t\t\t\t<div class=\"elementor-container elementor-column-gap-default\">\n\t\t\t\t\t<div class=\"elementor-column elementor-col-100 elementor-inner-column elementor-element elementor-element-f8b2141\" data-id=\"f8b2141\" data-element_type=\"column\">\n\t\t\t<div class=\"elementor-widget-wrap elementor-element-populated\">\n\t\t\t\t\t\t<div class=\"elementor-element elementor-element-3ac13ab elementor-widget__width-initial elementor-widget-mobile__width-initial elementor-fixed elementor-hidden-tablet elementor-hidden-mobile elementor-widget elementor-widget-image\" data-id=\"3ac13ab\" data-element_type=\"widget\" data-settings=\"{&quot;_position&quot;:&quot;fixed&quot;}\" data-widget_type=\"image.default\">\n\t\t\t\t<div class=\"elementor-widget-container\">\n\t\t\t\t\t\t\t\t\t<div class=\"elementor-image\">\n\t\t\t\t\t\t\t\t\t\t\t\t\t\t\t\t\t\t\t\t\t<img fetchpriority=\"high\" decoding=\"async\" width=\"308\" height=\"444\" src=\"https:\/\/langemaa.ee\/wp-content\/uploads\/2020\/08\/juniper.webp\" class=\"attachment-large size-large wp-image-994774\" alt=\"\" srcset=\"https:\/\/langemaa.ee\/wp-content\/uploads\/2020\/08\/juniper.webp 308w, https:\/\/langemaa.ee\/wp-content\/uploads\/2020\/08\/juniper-252x363.webp 252w, https:\/\/langemaa.ee\/wp-content\/uploads\/2020\/08\/juniper-208x300.png 208w\" sizes=\"(max-width: 308px) 100vw, 308px\" \/>\t\t\t\t\t\t\t\t\t\t\t\t\t\t\t\t\t\t\t\t\t\t\t\t<\/div>\n\t\t\t\t\t\t\t\t<\/div>\n\t\t\t\t<\/div>\n\t\t\t\t\t<\/div>\n\t\t<\/div>\n\t\t\t\t\t<\/div>\n\t\t<\/section>\n\t\t\t\t\t<\/div>\n\t\t<\/div>\n\t\t\t\t\t<\/div>\n\t\t<\/section>\n\t\t\t\t<\/div>\n\t\t","protected":false},"excerpt":{"rendered":"<p><strong>Langemaa Gin Navy<\/strong> ist ein in Estland hergestellter handgefertigter Gin, der in kleinen Chargen produziert wird \u2013 unter Verwendung von Weindestillat aus unserem Weingut, estnischen Wacholderbeeren und lokalen Kr\u00e4utern.<\/p>\n<p>Sein kr\u00e4ftiger, wacholderbetonter und zugleich erfrischender Geschmack wird durch feine Zitrusnoten abgerundet.\u00a0Genie\u00dfe ihn verantwortungsvoll \u2013 pur auf Eis, gemixt mit Tonic oder als Teil deines Lieblingscocktails.<\/p>\n","protected":false},"featured_media":996808,"template":"","meta":{"om_disable_all_campaigns":false,"_uf_show_specific_survey":0,"_uf_disable_surveys":false},"product_brand":[],"product_cat":[181],"product_tag":[183,184,185],"class_list":{"0":"post-995121","1":"product","2":"type-product","3":"status-publish","4":"has-post-thumbnail","6":"product_cat-spirituosen","7":"product_tag-2023-de","8":"product_tag-magus-de","9":"product_tag-roosa-de","11":"first","12":"instock","13":"taxable","14":"shipping-taxable","15":"purchasable","16":"product-type-simple"},"aioseo_notices":[],"_links":{"self":[{"href":"https:\/\/langemaa.ee\/de\/wp-json\/wp\/v2\/product\/995121","targetHints":{"allow":["GET"]}}],"collection":[{"href":"https:\/\/langemaa.ee\/de\/wp-json\/wp\/v2\/product"}],"about":[{"href":"https:\/\/langemaa.ee\/de\/wp-json\/wp\/v2\/types\/product"}],"version-history":[{"count":6,"href":"https:\/\/langemaa.ee\/de\/wp-json\/wp\/v2\/product\/995121\/revisions"}],"predecessor-version":[{"id":996142,"href":"https:\/\/langemaa.ee\/de\/wp-json\/wp\/v2\/product\/995121\/revisions\/996142"}],"wp:featuredmedia":[{"embeddable":true,"href":"https:\/\/langemaa.ee\/de\/wp-json\/wp\/v2\/media\/996808"}],"wp:attachment":[{"href":"https:\/\/langemaa.ee\/de\/wp-json\/wp\/v2\/media?parent=995121"}],"wp:term":[{"taxonomy":"product_brand","embeddable":true,"href":"https:\/\/langemaa.ee\/de\/wp-json\/wp\/v2\/product_brand?post=995121"},{"taxonomy":"product_cat","embeddable":true,"href":"https:\/\/langemaa.ee\/de\/wp-json\/wp\/v2\/product_cat?post=995121"},{"taxonomy":"product_tag","embeddable":true,"href":"https:\/\/langemaa.ee\/de\/wp-json\/wp\/v2\/product_tag?post=995121"}],"curies":[{"name":"wp","href":"https:\/\/api.w.org\/{rel}","templated":true}]}}