{"id":995102,"date":"2020-08-11T14:07:05","date_gmt":"2020-08-11T14:07:05","guid":{"rendered":"https:\/\/langemaa.ee\/toode\/ounamahl-3x3l\/"},"modified":"2025-06-17T12:19:57","modified_gmt":"2025-06-17T09:19:57","slug":"ounamahl-3x3l","status":"publish","type":"product","link":"https:\/\/langemaa.ee\/de\/toode\/ounamahl-3x3l\/","title":{"rendered":"LANGEMAA Apfelsaft 3 x 3\u202fL"},"content":{"rendered":"\t\t<div data-elementor-type=\"product-post\" data-elementor-id=\"995102\" class=\"elementor elementor-995102 elementor-6574\" data-elementor-post-type=\"product\">\n\t\t\t\t\t\t<section class=\"elementor-section elementor-top-section elementor-element elementor-element-60dbbf3 elementor-section-boxed elementor-section-height-default elementor-section-height-default\" data-id=\"60dbbf3\" data-element_type=\"section\">\n\t\t\t\t\t\t<div class=\"elementor-container elementor-column-gap-default\">\n\t\t\t\t\t<div class=\"elementor-column elementor-col-100 elementor-top-column elementor-element elementor-element-2fe543f\" data-id=\"2fe543f\" data-element_type=\"column\">\n\t\t\t<div class=\"elementor-widget-wrap elementor-element-populated\">\n\t\t\t\t\t\t<div class=\"elementor-element elementor-element-b37671f elementor-widget elementor-widget-heading\" data-id=\"b37671f\" data-element_type=\"widget\" data-widget_type=\"heading.default\">\n\t\t\t\t<div class=\"elementor-widget-container\">\n\t\t\t\t\t<h5 class=\"elementor-heading-title elementor-size-default\">Produktinformationen<\/h5>\t\t\t\t<\/div>\n\t\t\t\t<\/div>\n\t\t\t\t<div class=\"elementor-element elementor-element-055ecd3 elementor-widget elementor-widget-text-editor\" data-id=\"055ecd3\" data-element_type=\"widget\" data-widget_type=\"text-editor.default\">\n\t\t\t\t<div class=\"elementor-widget-container\">\n\t\t\t\t\t\t\t\t\t<p><strong>Erntezeit der \u00c4pfel:<\/strong> September\u2013Oktober<br \/>\n<strong>Apfelsorten:<\/strong> S\u00fcgisdessert, Talvenauding, Tiina, Liivika, Kuku<\/p>\n<p><strong>Herstellungsverfahren:<\/strong> Kaltpressung, schonende Pasteurisierung<\/p>\n<p><strong>N\u00e4hrwertangaben pro 100\u202fg:<\/strong><br \/>\nEnergie: 116\u202fkJ \/ 39\u202fkcal<br \/>\nKohlenhydrate (davon Zucker): 9,2\u202fg (9,2\u202fg)<br \/>\nFett: 0,1\u202fg<br \/>\nEiwei\u00df: 0,1\u202fg<\/p>\n\t\t\t\t\t\t\t\t<\/div>\n\t\t\t\t<\/div>\n\t\t\t\t<div class=\"elementor-element elementor-element-b36cd20 elementor-widget elementor-widget-heading\" data-id=\"b36cd20\" data-element_type=\"widget\" data-widget_type=\"heading.default\">\n\t\t\t\t<div class=\"elementor-widget-container\">\n\t\t\t\t\t<h5 class=\"elementor-heading-title elementor-size-default\">Zus\u00e4tzliche Informationen<\/h5>\t\t\t\t<\/div>\n\t\t\t\t<\/div>\n\t\t\t\t<div class=\"elementor-element elementor-element-4c9f59f elementor-widget elementor-widget-text-editor\" data-id=\"4c9f59f\" data-element_type=\"widget\" data-widget_type=\"text-editor.default\">\n\t\t\t\t<div class=\"elementor-widget-container\">\n\t\t\t\t\t\t\t\t\t<p>Langemaa Apfelsaft wird aus den besten estnischen Apfelsorten hergestellt, die in unserem sonnenverw\u00f6hnten Obstgarten naturnah angebaut werden. Alles beginnt mit der sorgf\u00e4ltigen Handernte der \u00c4pfel, um h\u00f6chste Qualit\u00e4t zu gew\u00e4hrleisten \u2013 nur reife, gesunde und makellose Fr\u00fcchte kommen in die Presse.<\/p>\n<p>Wir verwenden die Kaltpressmethode, um den nat\u00fcrlichen Geschmack und die wertvollen Enzyme der \u00c4pfel zu erhalten. F\u00fcr eine l\u00e4ngere Haltbarkeit wird der Saft schonend bei niedriger Temperatur pasteurisiert \u2013 so werden sch\u00e4dliche Mikroorganismen entfernt, w\u00e4hrend ein Maximum an nat\u00fcrlichen Vitaminen und Mineralstoffen bewahrt bleibt.<\/p>\n<p>Langemaa Apfelsaft ist ideal f\u00fcr den t\u00e4glichen Genuss ebenso wie f\u00fcr festliche Anl\u00e4sse. Bieten Sie Ihrer Familie und Ihren G\u00e4sten eine gesunde Alternative voller nat\u00fcrlicher Frische.<\/p>\n<p>Probieren Sie Langemaa Apfelsaft \u2013 und schmecken Sie den Unterschied!<\/p>\n\t\t\t\t\t\t\t\t<\/div>\n\t\t\t\t<\/div>\n\t\t\t\t<section class=\"elementor-section elementor-inner-section elementor-element elementor-element-5395a83 elementor-section-boxed elementor-section-height-default elementor-section-height-default\" data-id=\"5395a83\" data-element_type=\"section\">\n\t\t\t\t\t\t<div class=\"elementor-container elementor-column-gap-default\">\n\t\t\t\t\t<div class=\"elementor-column elementor-col-100 elementor-inner-column elementor-element elementor-element-16c07fe\" data-id=\"16c07fe\" data-element_type=\"column\">\n\t\t\t<div class=\"elementor-widget-wrap elementor-element-populated\">\n\t\t\t\t\t\t\t<\/div>\n\t\t<\/div>\n\t\t\t\t\t<\/div>\n\t\t<\/section>\n\t\t\t\t\t<\/div>\n\t\t<\/div>\n\t\t\t\t\t<\/div>\n\t\t<\/section>\n\t\t\t\t<\/div>\n\t\t","protected":false},"excerpt":{"rendered":"<p>Langemaa Apfelsaft ist ein 100\u202f% Direktsaft \u2013 ohne zugesetzten Zucker oder Konservierungsstoffe.<br \/>\nDas Kaltpressverfahren bewahrt s\u00e4mtliche nat\u00fcrlichen Vitamine, Mineralstoffe und Antioxidantien der \u00c4pfel.<\/p>\n<p><strong>Verpackung:<\/strong> Bag-in-Box mit Zapfhahn, 3\u202fL<br \/>\n<strong>Kartoninhalt:<\/strong> 3 \u00d7 3\u202fL Packungen<\/p>\n<p>ta. K\u00fclmpressimise meetod s\u00e4ilitab k\u00f5ik \u00f5unte looduslikud vitamiinid, mineraalid ja antioks\u00fcdandid.\u00a0Pakend: Bag in Box kraaniga mahlakott 3L. <strong>Kastis 3x3L pakendit.<\/strong><\/p>\n","protected":false},"featured_media":996321,"template":"","meta":{"om_disable_all_campaigns":false,"_uf_show_specific_survey":0,"_uf_disable_surveys":false},"product_brand":[],"product_cat":[178],"product_tag":[183,184],"class_list":{"0":"post-995102","1":"product","2":"type-product","3":"status-publish","4":"has-post-thumbnail","6":"product_cat-safte","7":"product_tag-2023-de","8":"product_tag-magus-de","10":"first","11":"outofstock","12":"taxable","13":"shipping-taxable","14":"purchasable","15":"product-type-simple"},"aioseo_notices":[],"_links":{"self":[{"href":"https:\/\/langemaa.ee\/de\/wp-json\/wp\/v2\/product\/995102","targetHints":{"allow":["GET"]}}],"collection":[{"href":"https:\/\/langemaa.ee\/de\/wp-json\/wp\/v2\/product"}],"about":[{"href":"https:\/\/langemaa.ee\/de\/wp-json\/wp\/v2\/types\/product"}],"version-history":[{"count":2,"href":"https:\/\/langemaa.ee\/de\/wp-json\/wp\/v2\/product\/995102\/revisions"}],"predecessor-version":[{"id":995659,"href":"https:\/\/langemaa.ee\/de\/wp-json\/wp\/v2\/product\/995102\/revisions\/995659"}],"wp:featuredmedia":[{"embeddable":true,"href":"https:\/\/langemaa.ee\/de\/wp-json\/wp\/v2\/media\/996321"}],"wp:attachment":[{"href":"https:\/\/langemaa.ee\/de\/wp-json\/wp\/v2\/media?parent=995102"}],"wp:term":[{"taxonomy":"product_brand","embeddable":true,"href":"https:\/\/langemaa.ee\/de\/wp-json\/wp\/v2\/product_brand?post=995102"},{"taxonomy":"product_cat","embeddable":true,"href":"https:\/\/langemaa.ee\/de\/wp-json\/wp\/v2\/product_cat?post=995102"},{"taxonomy":"product_tag","embeddable":true,"href":"https:\/\/langemaa.ee\/de\/wp-json\/wp\/v2\/product_tag?post=995102"}],"curies":[{"name":"wp","href":"https:\/\/api.w.org\/{rel}","templated":true}]}}