{"id":995071,"date":"2020-08-11T14:16:21","date_gmt":"2020-08-11T14:16:21","guid":{"rendered":"https:\/\/langemaa.ee\/toode\/hindrich\/"},"modified":"2025-09-19T11:29:10","modified_gmt":"2025-09-19T08:29:10","slug":"hindrich","status":"publish","type":"product","link":"https:\/\/langemaa.ee\/de\/toode\/hindrich\/","title":{"rendered":"Langemaa HINDRICH Aroniawein"},"content":{"rendered":"\t\t<div data-elementor-type=\"product-post\" data-elementor-id=\"995071\" class=\"elementor elementor-995071 elementor-6591\" data-elementor-post-type=\"product\">\n\t\t\t\t\t\t<section class=\"elementor-section elementor-top-section elementor-element elementor-element-a1bbab8 elementor-section-boxed elementor-section-height-default elementor-section-height-default\" data-id=\"a1bbab8\" data-element_type=\"section\">\n\t\t\t\t\t\t<div class=\"elementor-container elementor-column-gap-default\">\n\t\t\t\t\t<div class=\"elementor-column elementor-col-100 elementor-top-column elementor-element elementor-element-768461d\" data-id=\"768461d\" data-element_type=\"column\">\n\t\t\t<div class=\"elementor-widget-wrap elementor-element-populated\">\n\t\t\t\t\t\t<div class=\"elementor-element elementor-element-bc21abe elementor-widget elementor-widget-heading\" data-id=\"bc21abe\" data-element_type=\"widget\" data-widget_type=\"heading.default\">\n\t\t\t\t<div class=\"elementor-widget-container\">\n\t\t\t\t\t<h5 class=\"elementor-heading-title elementor-size-default\">Produktinformationen<\/h5>\t\t\t\t<\/div>\n\t\t\t\t<\/div>\n\t\t\t\t<div class=\"elementor-element elementor-element-c34c874 elementor-widget elementor-widget-text-editor\" data-id=\"c34c874\" data-element_type=\"widget\" data-widget_type=\"text-editor.default\">\n\t\t\t\t<div class=\"elementor-widget-container\">\n\t\t\t\t\t\t\t\t\t<p><strong data-start=\"136\" data-end=\"152\">Traubenlese:<\/strong> September<br data-start=\"162\" data-end=\"165\" \/><strong data-start=\"165\" data-end=\"176\">Ausbau:<\/strong> Reifung im Edelstahltank und Eichenfass<br data-start=\"216\" data-end=\"219\" \/><strong data-start=\"219\" data-end=\"232\" data-is-only-node=\"\">Rebsorte:<\/strong> Schwarze Aronia \u2013 Sorte <em data-start=\"257\" data-end=\"282\">Sorbaronia mitschurinii<\/em><br data-start=\"282\" data-end=\"285\" \/><strong data-start=\"285\" data-end=\"303\">Alkoholgehalt:<\/strong> 12 % vol<br data-start=\"312\" data-end=\"315\" \/><strong data-start=\"315\" data-end=\"334\">Flascheninhalt:<\/strong> 750 ml<br data-start=\"341\" data-end=\"344\" \/><strong data-start=\"344\" data-end=\"358\">Allergene:<\/strong> Enth\u00e4lt Sulfite<\/p>\n\t\t\t\t\t\t\t\t<\/div>\n\t\t\t\t<\/div>\n\t\t\t\t<div class=\"elementor-element elementor-element-d44e41d elementor-widget elementor-widget-heading\" data-id=\"d44e41d\" data-element_type=\"widget\" data-widget_type=\"heading.default\">\n\t\t\t\t<div class=\"elementor-widget-container\">\n\t\t\t\t\t<h5 class=\"elementor-heading-title elementor-size-default\">Zus\u00e4tzliche Informationen<\/h5>\t\t\t\t<\/div>\n\t\t\t\t<\/div>\n\t\t\t\t<div class=\"elementor-element elementor-element-a9236d1 elementor-widget elementor-widget-text-editor\" data-id=\"a9236d1\" data-element_type=\"widget\" data-widget_type=\"text-editor.default\">\n\t\t\t\t<div class=\"elementor-widget-container\">\n\t\t\t\t\t\t\t\t\t<p><strong>Langemaa HINDRICH<\/strong> ist ein ziegelrot gef\u00e4rbter, trockener Rotwein mit vollem, beerigem K\u00f6rper. Im Geschmacksbukett sind dunkle Beeren wie Blaubeeren und Kirschen erkennbar, der Abgang ist leicht w\u00fcrzig.<\/p>\n<p>Der Wein wurde in Edelstahltanks vergoren und anschlie\u00dfend in Eichenf\u00e4ssern gereift, um dem Geschmack zus\u00e4tzliche Reife und F\u00fclle zu verleihen.<\/p>\n<p><strong>HINDRICH<\/strong> passt hervorragend zu Eint\u00f6pfen sowie zu gegrilltem oder BBQ-Fleisch.<\/p>\n<p>Am besten leicht gek\u00fchlt bei 14\u201316 \u00b0C servieren, damit sich Geschmack und Aromen optimal entfalten.<\/p>\n<p><strong>Tipp:<\/strong> Auch als Cocktail mit Eisw\u00fcrfeln und Sprudelwasser ein Genuss!<\/p>\n\t\t\t\t\t\t\t\t<\/div>\n\t\t\t\t<\/div>\n\t\t\t\t\t<\/div>\n\t\t<\/div>\n\t\t\t\t\t<\/div>\n\t\t<\/section>\n\t\t\t\t<section class=\"elementor-section elementor-top-section elementor-element elementor-element-74396b17 elementor-section-boxed elementor-section-height-default elementor-section-height-default\" data-id=\"74396b17\" data-element_type=\"section\">\n\t\t\t\t\t\t<div class=\"elementor-container elementor-column-gap-default\">\n\t\t\t\t\t<div class=\"elementor-column elementor-col-100 elementor-top-column elementor-element elementor-element-b91284a\" data-id=\"b91284a\" data-element_type=\"column\">\n\t\t\t<div class=\"elementor-widget-wrap elementor-element-populated\">\n\t\t\t\t\t\t<div class=\"elementor-element elementor-element-3586df69 elementor-widget elementor-widget-heading\" data-id=\"3586df69\" data-element_type=\"widget\" data-widget_type=\"heading.default\">\n\t\t\t\t<div class=\"elementor-widget-container\">\n\t\t\t\t\t<h5 class=\"elementor-heading-title elementor-size-default\"><strong>Auszeichnungen<\/strong><\/h5>\t\t\t\t<\/div>\n\t\t\t\t<\/div>\n\t\t\t\t<div class=\"elementor-element elementor-element-c2999e9 elementor-widget elementor-widget-text-editor\" data-id=\"c2999e9\" data-element_type=\"widget\" data-widget_type=\"text-editor.default\">\n\t\t\t\t<div class=\"elementor-widget-container\">\n\t\t\t\t\t\t\t\t\t<p>Kategorie: Trockene rote Beerenweine<\/p>\n\t\t\t\t\t\t\t\t<\/div>\n\t\t\t\t<\/div>\n\t\t\t\t<section class=\"elementor-section elementor-inner-section elementor-element elementor-element-1ba8daeb elementor-section-boxed elementor-section-height-default elementor-section-height-default\" data-id=\"1ba8daeb\" data-element_type=\"section\">\n\t\t\t\t\t\t<div class=\"elementor-container elementor-column-gap-default\">\n\t\t\t\t\t<div class=\"elementor-column elementor-col-33 elementor-inner-column elementor-element elementor-element-6e0d2fab\" data-id=\"6e0d2fab\" data-element_type=\"column\">\n\t\t\t<div class=\"elementor-widget-wrap elementor-element-populated\">\n\t\t\t\t\t\t<div class=\"elementor-element elementor-element-7ed15df5 elementor-headline--style-highlight elementor-widget elementor-widget-vamtam-animated-headline\" data-id=\"7ed15df5\" data-element_type=\"widget\" data-settings=\"{&quot;marker&quot;:&quot;curly&quot;,&quot;highlighted_text&quot;:&quot;PRONKS&quot;,&quot;headline_style&quot;:&quot;highlight&quot;,&quot;loop&quot;:&quot;yes&quot;,&quot;highlight_animation_duration&quot;:1200,&quot;highlight_iteration_delay&quot;:8000}\" data-widget_type=\"vamtam-animated-headline.default\">\n\t\t\t\t<div class=\"elementor-widget-container\">\n\t\t\t\t\t\t\t\t\t<h5 class=\"elementor-headline\">\n\t\t\t\t\t\t\t\t\t\t\t\t\t\t\t\t\t\t<span class=\"elementor-headline-plain-text elementor-headline-text-wrapper\">Baltic Cup\u200b: <br><\/span>\n\t\t\t\t\t\t\t\t\t\t\t\t<span class=\"elementor-headline-dynamic-wrapper elementor-headline-text-wrapper\">\n\t\t\t\t\t\t\t\t\t\t\t\t\t<span class=\"elementor-headline-dynamic-text elementor-headline-text-active\">PRONKS<\/span>\n\t\t\t\t\t\t\t\t\t\t\t\t<\/span>\n\t\t\t\t\t\t\t\t\t\t\t\t\t<span class=\"elementor-headline-plain-text elementor-headline-text-wrapper\">2024<\/span>\n\t\t\t\t\t\t\t\t\t\t\t\t\t\t\t\t<\/h5>\n\t\t\t\t\t\t\t\t<\/div>\n\t\t\t\t<\/div>\n\t\t\t\t<div class=\"elementor-element elementor-element-75e814b5 elementor-widget elementor-widget-image\" data-id=\"75e814b5\" data-element_type=\"widget\" data-widget_type=\"image.default\">\n\t\t\t\t<div class=\"elementor-widget-container\">\n\t\t\t\t\t\t\t\t\t<div class=\"elementor-image\">\n\t\t\t\t\t\t\t\t\t\t\t\t\t\t\t\t\t\t\t\t\t<img decoding=\"async\" width=\"150\" height=\"150\" src=\"https:\/\/langemaa.ee\/wp-content\/uploads\/2020\/08\/BALTIC-CUP-2024-PRONKS-150x150.png\" class=\"attachment-thumbnail size-thumbnail wp-image-994785\" alt=\"\" srcset=\"https:\/\/langemaa.ee\/wp-content\/uploads\/2020\/08\/BALTIC-CUP-2024-PRONKS-150x150.png 150w, https:\/\/langemaa.ee\/wp-content\/uploads\/2020\/08\/BALTIC-CUP-2024-PRONKS-252x252.webp 252w, https:\/\/langemaa.ee\/wp-content\/uploads\/2020\/08\/BALTIC-CUP-2024-PRONKS-315x315.webp 315w, https:\/\/langemaa.ee\/wp-content\/uploads\/2020\/08\/BALTIC-CUP-2024-PRONKS-630x630.png 630w, https:\/\/langemaa.ee\/wp-content\/uploads\/2020\/08\/BALTIC-CUP-2024-PRONKS-300x300.png 300w, https:\/\/langemaa.ee\/wp-content\/uploads\/2020\/08\/BALTIC-CUP-2024-PRONKS-768x768.png 768w, https:\/\/langemaa.ee\/wp-content\/uploads\/2020\/08\/BALTIC-CUP-2024-PRONKS.webp 1000w\" sizes=\"(max-width: 150px) 100vw, 150px\" \/>\t\t\t\t\t\t\t\t\t\t\t\t\t\t\t\t\t\t\t\t\t\t\t\t<\/div>\n\t\t\t\t\t\t\t\t<\/div>\n\t\t\t\t<\/div>\n\t\t\t\t\t<\/div>\n\t\t<\/div>\n\t\t\t\t<div class=\"elementor-column elementor-col-33 elementor-inner-column elementor-element elementor-element-7ab3ae3c\" data-id=\"7ab3ae3c\" data-element_type=\"column\">\n\t\t\t<div class=\"elementor-widget-wrap elementor-element-populated\">\n\t\t\t\t\t\t<div class=\"elementor-element elementor-element-2925ee91 elementor-headline--style-highlight elementor-widget elementor-widget-vamtam-animated-headline\" data-id=\"2925ee91\" data-element_type=\"widget\" data-settings=\"{&quot;marker&quot;:&quot;curly&quot;,&quot;highlighted_text&quot;:&quot;PRONKS&quot;,&quot;headline_style&quot;:&quot;highlight&quot;,&quot;loop&quot;:&quot;yes&quot;,&quot;highlight_animation_duration&quot;:1200,&quot;highlight_iteration_delay&quot;:8000}\" data-widget_type=\"vamtam-animated-headline.default\">\n\t\t\t\t<div class=\"elementor-widget-container\">\n\t\t\t\t\t\t\t\t\t<h5 class=\"elementor-headline\">\n\t\t\t\t\t\t\t\t\t\t\t\t\t\t\t\t\t\t<span class=\"elementor-headline-plain-text elementor-headline-text-wrapper\">Parimad Eesti Joogid: <br><\/span>\n\t\t\t\t\t\t\t\t\t\t\t\t<span class=\"elementor-headline-dynamic-wrapper elementor-headline-text-wrapper\">\n\t\t\t\t\t\t\t\t\t\t\t\t\t<span class=\"elementor-headline-dynamic-text elementor-headline-text-active\">PRONKS<\/span>\n\t\t\t\t\t\t\t\t\t\t\t\t<\/span>\n\t\t\t\t\t\t\t\t\t\t\t\t\t<span class=\"elementor-headline-plain-text elementor-headline-text-wrapper\">2024<\/span>\n\t\t\t\t\t\t\t\t\t\t\t\t\t\t\t\t<\/h5>\n\t\t\t\t\t\t\t\t<\/div>\n\t\t\t\t<\/div>\n\t\t\t\t<div class=\"elementor-element elementor-element-256beaed elementor-widget elementor-widget-image\" data-id=\"256beaed\" data-element_type=\"widget\" data-widget_type=\"image.default\">\n\t\t\t\t<div class=\"elementor-widget-container\">\n\t\t\t\t\t\t\t\t\t<div class=\"elementor-image\">\n\t\t\t\t\t\t\t\t\t\t\t\t\t\t\t\t\t\t\t\t\t<img decoding=\"async\" width=\"150\" height=\"150\" src=\"https:\/\/langemaa.ee\/wp-content\/uploads\/2020\/04\/EAS-parimad-eesti-joogid-2024-PRONKS-150x150.png\" class=\"attachment-thumbnail size-thumbnail wp-image-994787\" alt=\"\" srcset=\"https:\/\/langemaa.ee\/wp-content\/uploads\/2020\/04\/EAS-parimad-eesti-joogid-2024-PRONKS-150x150.png 150w, https:\/\/langemaa.ee\/wp-content\/uploads\/2020\/04\/EAS-parimad-eesti-joogid-2024-PRONKS-252x252.webp 252w, https:\/\/langemaa.ee\/wp-content\/uploads\/2020\/04\/EAS-parimad-eesti-joogid-2024-PRONKS-315x315.webp 315w, https:\/\/langemaa.ee\/wp-content\/uploads\/2020\/04\/EAS-parimad-eesti-joogid-2024-PRONKS-630x630.png 630w, https:\/\/langemaa.ee\/wp-content\/uploads\/2020\/04\/EAS-parimad-eesti-joogid-2024-PRONKS-300x300.png 300w, https:\/\/langemaa.ee\/wp-content\/uploads\/2020\/04\/EAS-parimad-eesti-joogid-2024-PRONKS-768x768.png 768w, https:\/\/langemaa.ee\/wp-content\/uploads\/2020\/04\/EAS-parimad-eesti-joogid-2024-PRONKS.webp 1000w\" sizes=\"(max-width: 150px) 100vw, 150px\" \/>\t\t\t\t\t\t\t\t\t\t\t\t\t\t\t\t\t\t\t\t\t\t\t\t<\/div>\n\t\t\t\t\t\t\t\t<\/div>\n\t\t\t\t<\/div>\n\t\t\t\t\t<\/div>\n\t\t<\/div>\n\t\t\t\t<div class=\"elementor-column elementor-col-33 elementor-inner-column elementor-element elementor-element-36e7b6e8\" data-id=\"36e7b6e8\" data-element_type=\"column\">\n\t\t\t<div class=\"elementor-widget-wrap\">\n\t\t\t\t\t\t\t<\/div>\n\t\t<\/div>\n\t\t\t\t\t<\/div>\n\t\t<\/section>\n\t\t\t\t<section class=\"elementor-section elementor-inner-section elementor-element elementor-element-58608fe5 elementor-section-boxed elementor-section-height-default elementor-section-height-default\" data-id=\"58608fe5\" data-element_type=\"section\">\n\t\t\t\t\t\t<div class=\"elementor-container elementor-column-gap-default\">\n\t\t\t\t\t<div class=\"elementor-column elementor-col-100 elementor-inner-column elementor-element elementor-element-7deedb7b\" data-id=\"7deedb7b\" data-element_type=\"column\">\n\t\t\t<div class=\"elementor-widget-wrap\">\n\t\t\t\t\t\t\t<\/div>\n\t\t<\/div>\n\t\t\t\t\t<\/div>\n\t\t<\/section>\n\t\t\t\t\t<\/div>\n\t\t<\/div>\n\t\t\t\t\t<\/div>\n\t\t<\/section>\n\t\t\t\t<\/div>\n\t\t","protected":false},"excerpt":{"rendered":"<p>Ein naturbelassener handgemachter Wein, hergestellt aus Aroniabeeren, die auf unseren Feldern in S\u00fcdestland angebaut wurden.<br \/>\nDieser vollmundige und geschmackreiche Beerenwein hat zus\u00e4tzlich in Eichenf\u00e4ssern nachgereift, was ihm einen sanften Abgang verleiht.<br \/>\nPasst hervorragend zu geschmorten Eint\u00f6pfen und gegrilltem Fleisch.<\/p>\n","protected":false},"featured_media":994797,"template":"","meta":{"om_disable_all_campaigns":false,"_uf_show_specific_survey":0,"_uf_disable_surveys":false},"product_brand":[],"product_cat":[175],"product_tag":[176],"class_list":{"0":"post-995071","1":"product","2":"type-product","3":"status-publish","4":"has-post-thumbnail","6":"product_cat-weine","7":"product_tag-punane-de","9":"first","10":"instock","11":"taxable","12":"shipping-taxable","13":"purchasable","14":"product-type-simple"},"aioseo_notices":[],"_links":{"self":[{"href":"https:\/\/langemaa.ee\/de\/wp-json\/wp\/v2\/product\/995071","targetHints":{"allow":["GET"]}}],"collection":[{"href":"https:\/\/langemaa.ee\/de\/wp-json\/wp\/v2\/product"}],"about":[{"href":"https:\/\/langemaa.ee\/de\/wp-json\/wp\/v2\/types\/product"}],"version-history":[{"count":8,"href":"https:\/\/langemaa.ee\/de\/wp-json\/wp\/v2\/product\/995071\/revisions"}],"predecessor-version":[{"id":996118,"href":"https:\/\/langemaa.ee\/de\/wp-json\/wp\/v2\/product\/995071\/revisions\/996118"}],"wp:featuredmedia":[{"embeddable":true,"href":"https:\/\/langemaa.ee\/de\/wp-json\/wp\/v2\/media\/994797"}],"wp:attachment":[{"href":"https:\/\/langemaa.ee\/de\/wp-json\/wp\/v2\/media?parent=995071"}],"wp:term":[{"taxonomy":"product_brand","embeddable":true,"href":"https:\/\/langemaa.ee\/de\/wp-json\/wp\/v2\/product_brand?post=995071"},{"taxonomy":"product_cat","embeddable":true,"href":"https:\/\/langemaa.ee\/de\/wp-json\/wp\/v2\/product_cat?post=995071"},{"taxonomy":"product_tag","embeddable":true,"href":"https:\/\/langemaa.ee\/de\/wp-json\/wp\/v2\/product_tag?post=995071"}],"curies":[{"name":"wp","href":"https:\/\/api.w.org\/{rel}","templated":true}]}}