{"id":995070,"date":"2020-08-11T14:17:01","date_gmt":"2020-08-11T14:17:01","guid":{"rendered":"https:\/\/langemaa.ee\/toode\/veiniavaja\/"},"modified":"2025-06-16T12:44:34","modified_gmt":"2025-06-16T09:44:34","slug":"veiniavaja","status":"publish","type":"product","link":"https:\/\/langemaa.ee\/de\/toode\/veiniavaja\/","title":{"rendered":"LANGEMAA Korkenzieher"},"content":{"rendered":"\t\t<div data-elementor-type=\"product-post\" data-elementor-id=\"995070\" class=\"elementor elementor-995070 elementor-6593\" data-elementor-post-type=\"product\">\n\t\t\t\t<div class=\"elementor-element elementor-element-4b8a0744 e-flex e-con-boxed e-con e-parent\" data-id=\"4b8a0744\" data-element_type=\"container\">\n\t\t\t\t\t<div class=\"e-con-inner\">\n\t\t\t\t<div class=\"elementor-element elementor-element-4cbeca0e elementor-widget elementor-widget-text-editor\" data-id=\"4cbeca0e\" data-element_type=\"widget\" data-widget_type=\"text-editor.default\">\n\t\t\t\t<div class=\"elementor-widget-container\">\n\t\t\t\t\t\t\t\t\t<p>Zus\u00e4tzliche Informationen:<\/p>\n<p><strong>Ma\u00dfe des Korkenziehers:<\/strong> 1,5 x 3 x 12 cm<br \/>\n<strong>Ma\u00dfe der Geschenkbox<\/strong>: 2,5 x 6 x 15 cm<br \/>\n<strong>Material<\/strong>: Edelstahl, Eichenholz<\/p>\n\t\t\t\t\t\t\t\t<\/div>\n\t\t\t\t<\/div>\n\t\t\t\t\t<\/div>\n\t\t\t\t<\/div>\n\t\t\t\t<\/div>\n\t\t","protected":false},"excerpt":{"rendered":"<p>Der Wein\u00f6ffner \/ Korkenzieher mit dem Langemaa-Logo ist ein stilvoller und langlebiger \u00d6ffner mit einem Griff aus Eichenholz, der einfach zu benutzen ist. Er verf\u00fcgt \u00fcber drei Funktionen: Flaschen\u00f6ffner, Korkenzieher und Folienschneider. Der Wein\u00f6ffner wird in einer Geschenkbox geliefert.<\/p>\n","protected":false},"featured_media":994613,"template":"","meta":{"om_disable_all_campaigns":false,"_uf_show_specific_survey":0,"_uf_disable_surveys":false},"product_brand":[],"product_cat":[180,175],"product_tag":[],"class_list":{"0":"post-995070","1":"product","2":"type-product","3":"status-publish","4":"has-post-thumbnail","6":"product_cat-geschenke","7":"product_cat-weine","9":"first","10":"instock","11":"taxable","12":"shipping-taxable","13":"purchasable","14":"product-type-simple"},"aioseo_notices":[],"_links":{"self":[{"href":"https:\/\/langemaa.ee\/de\/wp-json\/wp\/v2\/product\/995070","targetHints":{"allow":["GET"]}}],"collection":[{"href":"https:\/\/langemaa.ee\/de\/wp-json\/wp\/v2\/product"}],"about":[{"href":"https:\/\/langemaa.ee\/de\/wp-json\/wp\/v2\/types\/product"}],"version-history":[{"count":3,"href":"https:\/\/langemaa.ee\/de\/wp-json\/wp\/v2\/product\/995070\/revisions"}],"predecessor-version":[{"id":995492,"href":"https:\/\/langemaa.ee\/de\/wp-json\/wp\/v2\/product\/995070\/revisions\/995492"}],"wp:featuredmedia":[{"embeddable":true,"href":"https:\/\/langemaa.ee\/de\/wp-json\/wp\/v2\/media\/994613"}],"wp:attachment":[{"href":"https:\/\/langemaa.ee\/de\/wp-json\/wp\/v2\/media?parent=995070"}],"wp:term":[{"taxonomy":"product_brand","embeddable":true,"href":"https:\/\/langemaa.ee\/de\/wp-json\/wp\/v2\/product_brand?post=995070"},{"taxonomy":"product_cat","embeddable":true,"href":"https:\/\/langemaa.ee\/de\/wp-json\/wp\/v2\/product_cat?post=995070"},{"taxonomy":"product_tag","embeddable":true,"href":"https:\/\/langemaa.ee\/de\/wp-json\/wp\/v2\/product_tag?post=995070"}],"curies":[{"name":"wp","href":"https:\/\/api.w.org\/{rel}","templated":true}]}}