{"id":995042,"date":"2020-08-11T14:14:21","date_gmt":"2020-08-11T14:14:21","guid":{"rendered":"https:\/\/langemaa.ee\/?post_type=product&#038;p=995042"},"modified":"2025-12-26T17:25:02","modified_gmt":"2025-12-26T15:25:02","slug":"mona-likoor","status":"publish","type":"product","link":"https:\/\/langemaa.ee\/de\/toode\/mona-likoor\/","title":{"rendered":"Langemaa MONA Schwarzer-Johannisbeerlik\u00f6r"},"content":{"rendered":"\t\t<div data-elementor-type=\"product-post\" data-elementor-id=\"995042\" class=\"elementor elementor-995042 elementor-6588\" data-elementor-post-type=\"product\">\n\t\t\t\t\t\t<section class=\"elementor-section elementor-top-section elementor-element elementor-element-4a724e9 elementor-section-boxed elementor-section-height-default elementor-section-height-default\" data-id=\"4a724e9\" data-element_type=\"section\">\n\t\t\t\t\t\t<div class=\"elementor-container elementor-column-gap-default\">\n\t\t\t\t\t<div class=\"elementor-column elementor-col-100 elementor-top-column elementor-element elementor-element-47444e8\" data-id=\"47444e8\" data-element_type=\"column\">\n\t\t\t<div class=\"elementor-widget-wrap elementor-element-populated\">\n\t\t\t\t\t\t<div class=\"elementor-element elementor-element-a41be55 elementor-widget elementor-widget-heading\" data-id=\"a41be55\" data-element_type=\"widget\" data-widget_type=\"heading.default\">\n\t\t\t\t<div class=\"elementor-widget-container\">\n\t\t\t\t\t<h5 class=\"elementor-heading-title elementor-size-default\">Produktinformationen<\/h5>\t\t\t\t<\/div>\n\t\t\t\t<\/div>\n\t\t\t\t<div class=\"elementor-element elementor-element-b683a2a elementor-widget elementor-widget-text-editor\" data-id=\"b683a2a\" data-element_type=\"widget\" data-widget_type=\"text-editor.default\">\n\t\t\t\t<div class=\"elementor-widget-container\">\n\t\t\t\t\t\t\t\t\t<p><strong>Erntezeit:<\/strong> August<br \/>\n<strong>Schwarze Johannisbeersorte:<\/strong> <em>Ribes nigrum<\/em><br \/>\n<strong>Fermentation:<\/strong> 12 Monate in einem Edelstahltank<br \/>\n<strong>Alkoholgehalt:<\/strong> 34 % vol<br \/>\n<strong>Inhalt:<\/strong> 500 mL<\/p>\n\t\t\t\t\t\t\t\t<\/div>\n\t\t\t\t<\/div>\n\t\t\t\t<div class=\"elementor-element elementor-element-e06087e elementor-widget elementor-widget-heading\" data-id=\"e06087e\" data-element_type=\"widget\" data-widget_type=\"heading.default\">\n\t\t\t\t<div class=\"elementor-widget-container\">\n\t\t\t\t\t<h5 class=\"elementor-heading-title elementor-size-default\">Zus\u00e4tzliche Informationen<\/h5>\t\t\t\t<\/div>\n\t\t\t\t<\/div>\n\t\t\t\t<div class=\"elementor-element elementor-element-17cc2e8 elementor-widget elementor-widget-text-editor\" data-id=\"17cc2e8\" data-element_type=\"widget\" data-widget_type=\"text-editor.default\">\n\t\t\t\t<div class=\"elementor-widget-container\">\n\t\t\t\t\t\t\t\t\t<p>Der Schwarze-Johannisbeerlik\u00f6r vom Weingut Langemaa ist bekannt f\u00fcr seinen intensiven und tiefgr\u00fcndigen Geschmack.<\/p>\n<p>Sorgf\u00e4ltig ausgew\u00e4hlte schwarze Johannisbeeren verleihen ihm eine angenehme S\u00fc\u00dfe und eine feine S\u00e4ure. Zarte bittere und w\u00fcrzige Noten sorgen f\u00fcr zus\u00e4tzliche Tiefe und Komplexit\u00e4t.<\/p>\n<p>Ein idealer Abschluss f\u00fcr ein Abendessen oder ein erfrischender Gesellschaftsdrink \u2013 besonders k\u00f6stlich auf Eis serviert.<\/p>\n\t\t\t\t\t\t\t\t<\/div>\n\t\t\t\t<\/div>\n\t\t\t\t<section class=\"elementor-section elementor-inner-section elementor-element elementor-element-e5c4d81 elementor-section-boxed elementor-section-height-default elementor-section-height-default\" data-id=\"e5c4d81\" data-element_type=\"section\">\n\t\t\t\t\t\t<div class=\"elementor-container elementor-column-gap-default\">\n\t\t\t\t\t<div class=\"elementor-column elementor-col-33 elementor-inner-column elementor-element elementor-element-5f197c0\" data-id=\"5f197c0\" data-element_type=\"column\">\n\t\t\t<div class=\"elementor-widget-wrap\">\n\t\t\t\t\t\t\t<\/div>\n\t\t<\/div>\n\t\t\t\t<div class=\"elementor-column elementor-col-33 elementor-inner-column elementor-element elementor-element-b99595d\" data-id=\"b99595d\" data-element_type=\"column\">\n\t\t\t<div class=\"elementor-widget-wrap\">\n\t\t\t\t\t\t\t<\/div>\n\t\t<\/div>\n\t\t\t\t<div class=\"elementor-column elementor-col-33 elementor-inner-column elementor-element elementor-element-a65dc47\" data-id=\"a65dc47\" data-element_type=\"column\">\n\t\t\t<div class=\"elementor-widget-wrap\">\n\t\t\t\t\t\t\t<\/div>\n\t\t<\/div>\n\t\t\t\t\t<\/div>\n\t\t<\/section>\n\t\t\t\t<section class=\"elementor-section elementor-inner-section elementor-element elementor-element-074212b elementor-section-boxed elementor-section-height-default elementor-section-height-default\" data-id=\"074212b\" data-element_type=\"section\">\n\t\t\t\t\t\t<div class=\"elementor-container elementor-column-gap-default\">\n\t\t\t\t\t<div class=\"elementor-column elementor-col-100 elementor-inner-column elementor-element elementor-element-4bac080\" data-id=\"4bac080\" data-element_type=\"column\">\n\t\t\t<div class=\"elementor-widget-wrap elementor-element-populated\">\n\t\t\t\t\t\t<div class=\"elementor-element elementor-element-d5abab3 elementor-widget__width-initial elementor-widget-mobile__width-initial elementor-fixed elementor-hidden-tablet elementor-hidden-mobile elementor-widget elementor-widget-image\" data-id=\"d5abab3\" data-element_type=\"widget\" data-settings=\"{&quot;_position&quot;:&quot;fixed&quot;}\" data-widget_type=\"image.default\">\n\t\t\t\t<div class=\"elementor-widget-container\">\n\t\t\t\t\t\t\t\t\t<div class=\"elementor-image\">\n\t\t\t\t\t\t\t\t\t\t\t\t\t\t\t\t\t\t\t\t\t<img fetchpriority=\"high\" decoding=\"async\" width=\"308\" height=\"444\" src=\"https:\/\/langemaa.ee\/wp-content\/uploads\/2020\/08\/mustsostar.webp\" class=\"attachment-large size-large wp-image-994620\" alt=\"\" srcset=\"https:\/\/langemaa.ee\/wp-content\/uploads\/2020\/08\/mustsostar.webp 308w, https:\/\/langemaa.ee\/wp-content\/uploads\/2020\/08\/mustsostar-252x363.webp 252w, https:\/\/langemaa.ee\/wp-content\/uploads\/2020\/08\/mustsostar-208x300.webp 208w\" sizes=\"(max-width: 308px) 100vw, 308px\" \/>\t\t\t\t\t\t\t\t\t\t\t\t\t\t\t\t\t\t\t\t\t\t\t\t<\/div>\n\t\t\t\t\t\t\t\t<\/div>\n\t\t\t\t<\/div>\n\t\t\t\t\t<\/div>\n\t\t<\/div>\n\t\t\t\t\t<\/div>\n\t\t<\/section>\n\t\t\t\t\t<\/div>\n\t\t<\/div>\n\t\t\t\t\t<\/div>\n\t\t<\/section>\n\t\t\t\t<\/div>\n\t\t","protected":false},"excerpt":{"rendered":"<p>Ein naturbelassener handgemachter Lik\u00f6r, hergestellt aus schwarzen Johannisbeeren, die auf unseren Feldern in S\u00fcdestland angebaut wurden.<br \/>\nDer Geschmack wird durch feine S\u00fc\u00dfe und eine leichte S\u00e4ure erg\u00e4nzt \u2013 beides typisch f\u00fcr diese Beere.<br \/>\nPasst hervorragend zu Desserts mit dunkler Schokolade oder cremigem Kern.<br \/>\nEmpfohlen, gut gek\u00fchlt mit Eis zu genie\u00dfen.<\/p>\n","protected":false},"featured_media":994617,"template":"","meta":{"om_disable_all_campaigns":false,"_uf_show_specific_survey":0,"_uf_disable_surveys":false},"product_brand":[],"product_cat":[181,182],"product_tag":[183,184,185],"class_list":{"0":"post-995042","1":"product","2":"type-product","3":"status-publish","4":"has-post-thumbnail","6":"product_cat-spirituosen","7":"product_cat-likore","8":"product_tag-2023-de","9":"product_tag-magus-de","10":"product_tag-roosa-de","12":"first","13":"outofstock","14":"taxable","15":"shipping-taxable","16":"purchasable","17":"product-type-simple"},"aioseo_notices":[],"_links":{"self":[{"href":"https:\/\/langemaa.ee\/de\/wp-json\/wp\/v2\/product\/995042","targetHints":{"allow":["GET"]}}],"collection":[{"href":"https:\/\/langemaa.ee\/de\/wp-json\/wp\/v2\/product"}],"about":[{"href":"https:\/\/langemaa.ee\/de\/wp-json\/wp\/v2\/types\/product"}],"version-history":[{"count":6,"href":"https:\/\/langemaa.ee\/de\/wp-json\/wp\/v2\/product\/995042\/revisions"}],"predecessor-version":[{"id":996111,"href":"https:\/\/langemaa.ee\/de\/wp-json\/wp\/v2\/product\/995042\/revisions\/996111"}],"wp:featuredmedia":[{"embeddable":true,"href":"https:\/\/langemaa.ee\/de\/wp-json\/wp\/v2\/media\/994617"}],"wp:attachment":[{"href":"https:\/\/langemaa.ee\/de\/wp-json\/wp\/v2\/media?parent=995042"}],"wp:term":[{"taxonomy":"product_brand","embeddable":true,"href":"https:\/\/langemaa.ee\/de\/wp-json\/wp\/v2\/product_brand?post=995042"},{"taxonomy":"product_cat","embeddable":true,"href":"https:\/\/langemaa.ee\/de\/wp-json\/wp\/v2\/product_cat?post=995042"},{"taxonomy":"product_tag","embeddable":true,"href":"https:\/\/langemaa.ee\/de\/wp-json\/wp\/v2\/product_tag?post=995042"}],"curies":[{"name":"wp","href":"https:\/\/api.w.org\/{rel}","templated":true}]}}