{"id":987771,"date":"2020-08-11T13:17:24","date_gmt":"2020-08-11T13:17:24","guid":{"rendered":"https:\/\/langemaa.ee\/toode\/2018-camarcanda-vistamare-toscana-2\/"},"modified":"2025-11-17T16:39:53","modified_gmt":"2025-11-17T14:39:53","slug":"kokteiliklaas","status":"publish","type":"product","link":"https:\/\/langemaa.ee\/de\/toode\/kokteiliklaas\/","title":{"rendered":"LANGEMAA kokteiliklaas"},"content":{"rendered":"\t\t<div data-elementor-type=\"product-post\" data-elementor-id=\"987771\" class=\"elementor elementor-987771\" data-elementor-post-type=\"product\">\n\t\t\t\t\t\t<section class=\"elementor-section elementor-top-section elementor-element elementor-element-b90cc4d elementor-section-boxed elementor-section-height-default elementor-section-height-default\" data-id=\"b90cc4d\" data-element_type=\"section\">\n\t\t\t\t\t\t<div class=\"elementor-container elementor-column-gap-default\">\n\t\t\t\t\t<div class=\"elementor-column elementor-col-100 elementor-top-column elementor-element elementor-element-1015c9a\" data-id=\"1015c9a\" data-element_type=\"column\">\n\t\t\t<div class=\"elementor-widget-wrap elementor-element-populated\">\n\t\t\t\t\t\t<div class=\"elementor-element elementor-element-34c3473 elementor-widget elementor-widget-heading\" data-id=\"34c3473\" data-element_type=\"widget\" data-widget_type=\"heading.default\">\n\t\t\t\t<div class=\"elementor-widget-container\">\n\t\t\t\t\t<h5 class=\"elementor-heading-title elementor-size-default\">Lisainfo:<\/h5>\t\t\t\t<\/div>\n\t\t\t\t<\/div>\n\t\t\t\t<div class=\"elementor-element elementor-element-6d2a109 elementor-widget elementor-widget-text-editor\" data-id=\"6d2a109\" data-element_type=\"widget\" data-widget_type=\"text-editor.default\">\n\t\t\t\t<div class=\"elementor-widget-container\">\n\t\t\t\t\t\t\t\t\t<p><strong>Kokteiliklaasi mahutavus:<\/strong> 450ml<br \/><strong>Kokteiliklaasi m\u00f5\u00f5dud: <\/strong>D8.5cm x H12cm<\/p><p><strong>Materjal:<\/strong>\u00a0kvaliteetne klaas<\/p>\t\t\t\t\t\t\t\t<\/div>\n\t\t\t\t<\/div>\n\t\t\t\t<section class=\"elementor-section elementor-inner-section elementor-element elementor-element-499b0a1 elementor-section-boxed elementor-section-height-default elementor-section-height-default\" data-id=\"499b0a1\" data-element_type=\"section\">\n\t\t\t\t\t\t<div class=\"elementor-container elementor-column-gap-default\">\n\t\t\t\t\t<div class=\"elementor-column elementor-col-100 elementor-inner-column elementor-element elementor-element-53a3c2d\" data-id=\"53a3c2d\" data-element_type=\"column\">\n\t\t\t<div class=\"elementor-widget-wrap elementor-element-populated\">\n\t\t\t\t\t\t\t<\/div>\n\t\t<\/div>\n\t\t\t\t\t<\/div>\n\t\t<\/section>\n\t\t\t\t\t<\/div>\n\t\t<\/div>\n\t\t\t\t\t<\/div>\n\t\t<\/section>\n\t\t\t\t<\/div>\n\t\t","protected":false},"excerpt":{"rendered":"<p>Elegantne kokteiliklaas sobib nii kokteilide kui ka mokteilide nautimiseks. Klaasi esik\u00fcljele on peenelt graveeritud Langemaa veinimaja logo, mis lisab klaasile isikup\u00e4ra ja s\u00fcmboliseerib Langemaa kvaliteeti, p\u00fchendumust ning peretraditsioonidega veinimaja lugu.<\/p>\n","protected":false},"featured_media":996673,"template":"","meta":{"om_disable_all_campaigns":false,"_uf_show_specific_survey":0,"_uf_disable_surveys":false},"product_brand":[],"product_cat":[103],"product_tag":[],"class_list":{"0":"post-987771","1":"product","2":"type-product","3":"status-publish","4":"has-post-thumbnail","6":"product_cat-kingitused","8":"first","9":"instock","10":"taxable","11":"shipping-taxable","12":"purchasable","13":"product-type-simple"},"aioseo_notices":[],"_links":{"self":[{"href":"https:\/\/langemaa.ee\/de\/wp-json\/wp\/v2\/product\/987771","targetHints":{"allow":["GET"]}}],"collection":[{"href":"https:\/\/langemaa.ee\/de\/wp-json\/wp\/v2\/product"}],"about":[{"href":"https:\/\/langemaa.ee\/de\/wp-json\/wp\/v2\/types\/product"}],"version-history":[{"count":13,"href":"https:\/\/langemaa.ee\/de\/wp-json\/wp\/v2\/product\/987771\/revisions"}],"predecessor-version":[{"id":996689,"href":"https:\/\/langemaa.ee\/de\/wp-json\/wp\/v2\/product\/987771\/revisions\/996689"}],"wp:featuredmedia":[{"embeddable":true,"href":"https:\/\/langemaa.ee\/de\/wp-json\/wp\/v2\/media\/996673"}],"wp:attachment":[{"href":"https:\/\/langemaa.ee\/de\/wp-json\/wp\/v2\/media?parent=987771"}],"wp:term":[{"taxonomy":"product_brand","embeddable":true,"href":"https:\/\/langemaa.ee\/de\/wp-json\/wp\/v2\/product_brand?post=987771"},{"taxonomy":"product_cat","embeddable":true,"href":"https:\/\/langemaa.ee\/de\/wp-json\/wp\/v2\/product_cat?post=987771"},{"taxonomy":"product_tag","embeddable":true,"href":"https:\/\/langemaa.ee\/de\/wp-json\/wp\/v2\/product_tag?post=987771"}],"curies":[{"name":"wp","href":"https:\/\/api.w.org\/{rel}","templated":true}]}}