{"id":995013,"date":"2025-05-20T11:51:57","date_gmt":"2025-05-20T08:51:57","guid":{"rendered":"https:\/\/langemaa.ee\/?page_id=995013"},"modified":"2025-07-01T15:33:42","modified_gmt":"2025-07-01T12:33:42","slug":"verkaufsbedingungen","status":"publish","type":"page","link":"https:\/\/langemaa.ee\/de\/verkaufsbedingungen\/","title":{"rendered":"Verkaufsbedingungen"},"content":{"rendered":"\t\t<div data-elementor-type=\"wp-page\" data-elementor-id=\"995013\" class=\"elementor elementor-995013 elementor-988697\" data-elementor-post-type=\"page\">\n\t\t\t\t<div class=\"elementor-element elementor-element-59b2fd8d e-flex e-con-boxed e-con e-parent\" data-id=\"59b2fd8d\" data-element_type=\"container\">\n\t\t\t\t\t<div class=\"e-con-inner\">\n\t\t\t\t<div class=\"elementor-element elementor-element-40408e88 elementor-widget elementor-widget-text-editor\" data-id=\"40408e88\" data-element_type=\"widget\" data-widget_type=\"text-editor.default\">\n\t\t\t\t<div class=\"elementor-widget-container\">\n\t\t\t\t\t\t\t\t\t<h2 data-start=\"200\" data-end=\"234\">Allgemeine Gesch\u00e4ftsbedingungen<\/h2><h3 data-start=\"236\" data-end=\"258\">1. Geltungsbereich<\/h3><p data-start=\"259\" data-end=\"473\">Diese Verkaufsbedingungen gelten f\u00fcr den Kauf von Waren und Dienstleistungen (im Folgenden \u201eWare\u201c) im Online-Shop <a class=\"\" href=\"http:\/\/www.langemaa.ee\" target=\"_new\" rel=\"noopener\" data-start=\"373\" data-end=\"388\">www.langemaa.ee<\/a> durch den K\u00e4ufer (nachfolgend \u201eK\u00e4ufer\u201c) und Langemaa O\u00dc (nachfolgend \u201eOnline-Shop\u201c).<\/p><p data-start=\"475\" data-end=\"731\">Zus\u00e4tzlich zu diesen Bedingungen regeln das estnische Obligationenrecht (V\u00f5la\u00f5igusseadus), das Verbraucherrecht (Tarbijakaitseseadus) und weitere geltende Rechtsvorschriften im Estnischen Recht die Rechtsbeziehung bei K\u00e4ufen im Online-Shop <a class=\"\" href=\"http:\/\/www.langemaa.ee\" target=\"_new\" rel=\"noopener\" data-start=\"715\" data-end=\"730\">www.langemaa.ee<\/a>.<\/p><p data-start=\"733\" data-end=\"875\">Der Online-Shop beh\u00e4lt sich das Recht vor, diese Bedingungen zu \u00e4ndern. \u00c4nderungen werden im Online-Shop unter <a class=\"\" href=\"http:\/\/www.langemaa.ee\" target=\"_new\" rel=\"noopener\" data-start=\"844\" data-end=\"859\">www.langemaa.ee<\/a> ver\u00f6ffentlicht.<\/p><h3 data-start=\"882\" data-end=\"901\">2. Preisangaben<\/h3><p data-start=\"902\" data-end=\"1103\">Alle im Online-Shop <a class=\"\" href=\"http:\/\/www.langemaa.ee\" target=\"_new\" rel=\"noopener\" data-start=\"922\" data-end=\"937\">www.langemaa.ee<\/a> angegebenen Preise beinhalten die estnische Mehrwertsteuer von 24\u202f%.<br data-start=\"1006\" data-end=\"1009\" \/>Versandkosten gehen zu Lasten des K\u00e4ufers und werden bei der Auswahl der Versandart angezeigt.<\/p><p data-start=\"1105\" data-end=\"1302\">Wurde die Bestellung vor \u00c4nderungen dieser Verkaufsbedingungen oder Preis\u00e4nderungen abgegeben, gelten die zum Zeitpunkt der Bestellung geltenden Bedingungen zwischen dem K\u00e4ufer und dem Online-Shop.<\/p><p data-start=\"1304\" data-end=\"1456\">Der Online-Shop beh\u00e4lt sich das Recht vor, Preis- sowie Verkaufsbedingungen zu \u00e4ndern. Derartige \u00c4nderungen werden unter <a class=\"\" href=\"http:\/\/www.langemaa.ee\" target=\"_new\" rel=\"noopener\" data-start=\"1425\" data-end=\"1440\">www.langemaa.ee<\/a> ver\u00f6ffentlicht.<\/p><h3 data-start=\"1463\" data-end=\"1484\">3. Bestellvorgang<\/h3><p data-start=\"1485\" data-end=\"1865\">F\u00fcgen Sie die gew\u00fcnschten Waren in den Warenkorb. Klicken Sie im Warenkorb auf \u201eZur Kasse\u201c.<br data-start=\"1576\" data-end=\"1579\" \/>Auf der Bestellseite f\u00fcllen Sie die erforderlichen Felder aus und w\u00e4hlen eine Versandmethode. Anschlie\u00dfend wird Ihnen eine Rechnung angezeigt, die Sie bequem per Banklink bezahlen k\u00f6nnen. Alle Zahlungsinformationen inklusive Steuern werden in der Best\u00e4tigung auf der Rechnung angezeigt.<\/p><p data-start=\"1867\" data-end=\"2032\">Bitte pr\u00fcfen Sie die Angaben sorgf\u00e4ltig. Die Richtigkeit der Daten ist Voraussetzung f\u00fcr eine schnelle Lieferung und zur Vermeidung von Problemen oder Reklamationen.<\/p><p data-start=\"2034\" data-end=\"2192\">Bestellungen werden werktags (Mo\u2013Fr, 08:00\u201317:00 Uhr) bearbeitet.<br data-start=\"2099\" data-end=\"2102\" \/>Bestellungen, die freitags nach 14:00 Uhr eingehen, werden am folgenden Montag bearbeitet.<\/p><h3 data-start=\"2199\" data-end=\"2219\">4. Zahlungsarten<\/h3><p data-start=\"2220\" data-end=\"2659\">Zahlungen erfolgen in Euro, sowohl im Shop als auch auf dem Kundenkonto.<br data-start=\"2292\" data-end=\"2295\" \/>Akzeptierte Zahlungsmethoden: Swedbank, SEB, LHV, Luminor, Coop, Citadele und Revolut (Banklink-Zahlung); Visa und Mastercard (Kredit-\/Debitkarte); Google Pay und Apple Pay.<br data-start=\"2468\" data-end=\"2471\" \/>Zahlungen werden \u00fcber Maksekeskus AS abgewickelt \u2013 sicher au\u00dferhalb des Online-Shops im Bank- oder Kartenzahlungsumfeld. Der Online-Shop hat keinen Zugriff auf Ihre Bank- oder Kartendaten.<\/p><h3 data-start=\"2666\" data-end=\"2704\">5. Zustandekommen des Kaufvertrags<\/h3><p data-start=\"2705\" data-end=\"2827\">Mit dem Zahlungseingang auf dem Bankkonto von Langemaa O\u00dc ist der Kaufvertrag \u00fcber die Ware erfolgreich zustande gekommen.<\/p><h3 data-start=\"2834\" data-end=\"2850\">6. Lieferung<\/h3><p data-start=\"2851\" data-end=\"3016\">Die Lieferung erfolgt innerhalb von 5 Werktagen nach Zahlungseingang.<br data-start=\"2920\" data-end=\"2923\" \/>Nach Zahlungseingang wird die Bestellung kommissioniert und an die Logistikpartner \u00fcbergeben.<\/p><p data-start=\"3018\" data-end=\"3169\">Die angegebenen Lieferfristen gelten ab Zahlungseingang an Werktagen.<br data-start=\"3087\" data-end=\"3090\" \/>Der K\u00e4ufer ist verpflichtet, bei der Bestellung korrekte Lieferdaten anzugeben.<\/p><p data-start=\"3171\" data-end=\"3337\">Der Online-Shop haftet nicht f\u00fcr Lieferverz\u00f6gerungen, die au\u00dferhalb seines Einflussbereichs liegen, sofern die Ware fristgem\u00e4\u00df an den Logistikpartner \u00fcbergeben wurde.<\/p><h3 data-start=\"3344\" data-end=\"3365\">7. Widerrufsrecht<\/h3><p data-start=\"3366\" data-end=\"3517\">Der K\u00e4ufer kann den Kaufvertrag innerhalb von 14 Tagen nach Erhalt der Ware ohne Angabe von Gr\u00fcnden widerrufen \u2013 es gelten jedoch folgende Ausnahmen:<\/p><ul data-start=\"3518\" data-end=\"3591\"><li data-start=\"3518\" data-end=\"3567\"><p data-start=\"3520\" data-end=\"3567\">Ma\u00dfgeschneiderte oder personalisierte Artikel<\/p><\/li><li data-start=\"3568\" data-end=\"3591\"><p data-start=\"3570\" data-end=\"3591\">Alkoholische Getr\u00e4nke<\/p><\/li><\/ul><p data-start=\"3593\" data-end=\"3712\">Die Ware muss unbenutzt, unbesch\u00e4digt, in Originalverpackung und mit allen Etiketten und Beilagen zur\u00fcckgegeben werden.<\/p><p data-start=\"3714\" data-end=\"4005\">Der Widerruf erfolgt schriftlich \u00fcber das R\u00fccktrittsformular auf <a class=\"\" href=\"http:\/\/www.langemaa.ee\" target=\"_new\" rel=\"noopener\" data-start=\"3779\" data-end=\"3794\">www.langemaa.ee<\/a> und ist zu senden an:<br data-start=\"3816\" data-end=\"3819\" \/><strong data-start=\"3819\" data-end=\"3851\"><a class=\"cursor-pointer\" rel=\"noopener\" data-start=\"3821\" data-end=\"3849\">kaija@langemaa.ee<\/a><\/strong> innerhalb von 14 Tagen nach Erhalt der Ware.<br data-start=\"3896\" data-end=\"3899\" \/>Der K\u00e4ufer verpflichtet sich, die Ware innerhalb von 14 Tagen nach Absenden des Widerrufs zu retournieren.<\/p><p data-start=\"4007\" data-end=\"4268\">Nach Erhalt und Pr\u00fcfung der Ware erstattet der Online-Shop den gezahlten Betrag innerhalb von 14 Tagen \u2013 vorausgesetzt, die Ware befindet sich im Zustand gem\u00e4\u00df AGB \u00a76. Die R\u00fccksendekosten tr\u00e4gt der K\u00e4ufer. Das Widerrufsrecht gilt nicht f\u00fcr juristische Personen.<\/p><p data-start=\"4270\" data-end=\"4399\">Der Online-Shop beh\u00e4lt sich vor, bei versehentlichen Preisfehlstellungen vom Vertrag zur\u00fcckzutreten und die Ware zur\u00fcckzufordern.<\/p><h3 data-start=\"4406\" data-end=\"4426\">8. H\u00f6here Gewalt<\/h3><p data-start=\"4427\" data-end=\"4629\">Der Online-Shop haftet nicht f\u00fcr Sch\u00e4den oder Lieferverz\u00f6gerungen, die durch unvorhersehbare, nicht beeinflussbare Umst\u00e4nde verursacht werden \u2013 z.\u202fB. Streiks, Naturkatastrophen, beh\u00f6rdliche Anordnungen.<\/p><h3 data-start=\"4636\" data-end=\"4654\">9. Datenschutz<\/h3><p data-start=\"4655\" data-end=\"4893\">Mit Eingabe personenbezogener Daten r\u00e4umt der K\u00e4ufer dem Online-Shop die Erlaubnis ein, diese zur Vertragsabwicklung, Kontaktaufnahme, Statistik, gesetzlicher Pflicht und an Dritte (z.\u202fB. Logistik und Zahlungsdienstleister) weiterzugeben.<\/p><p data-start=\"4895\" data-end=\"5207\">Die Datenverarbeitung erfolgt vertraulich und beschr\u00e4nkt auf befugte Personen. Daten werden nur solange gespeichert, wie es f\u00fcr die jeweiligen Zwecke erforderlich ist.<br data-start=\"5062\" data-end=\"5065\" \/>Cookies werden verwendet; durch Browsereinstellungen k\u00f6nnen diese blockiert werden, jedoch kann die Nutzung der Seite dann eingeschr\u00e4nkt sein.<\/p><h3 data-start=\"5214\" data-end=\"5242\">10. Garantie und Haftung<\/h3><p data-start=\"5243\" data-end=\"5508\">F\u00fcr M\u00e4ngel haftet der Online-Shop f\u00fcr zwei Jahre ab Erhalt der Ware.<br data-start=\"5311\" data-end=\"5314\" \/>Im M\u00e4ngelfall kann der K\u00e4ufer den Mangel dokumentiert zur\u00fcckgeben. Der Online-Shop bietet Nachbesserung oder Ersatzlieferung an. Ist beides nicht m\u00f6glich, erfolgt R\u00fcckerstattung des Kaufpreises.<\/p><p data-start=\"5510\" data-end=\"5812\">Besch\u00e4digungen durch unsachgem\u00e4\u00dfe Nutzung oder normaler Verschlei\u00df sind von der Haftung ausgeschlossen.<br data-start=\"5613\" data-end=\"5616\" \/>M\u00e4ngel sind sp\u00e4testens zwei Monate nach Entdeckung schriftlich per E-Mail an <strong data-start=\"5693\" data-end=\"5725\"><a class=\"cursor-pointer\" rel=\"noopener\" data-start=\"5695\" data-end=\"5723\">kaija@langemaa.ee<\/a><\/strong> anzugeben.<br data-start=\"5736\" data-end=\"5739\" \/>Der Online-Shop pr\u00fcft R\u00fcckmeldungen und antwortet innerhalb von 14 Tagen.<\/p><p data-start=\"5814\" data-end=\"5985\">Kommt keine Einigung zustande, kann der K\u00e4ufer den Fall zivilrechtlich vor der Estnischen Streitbeilegungsstelle oder dem Kreisgericht Harju (Harju Maakoht) kl\u00e4ren lassen.<\/p><h3 data-start=\"5992\" data-end=\"6007\">11. Versand<\/h3><p data-start=\"6008\" data-end=\"6095\">Langemaa O\u00dc versendet in alle EU-Mitgliedsstaaten und weitere L\u00e4nder nach Vereinbarung.<\/p><p data-start=\"6097\" data-end=\"6129\"><strong data-start=\"6097\" data-end=\"6127\">Versandarten und Hinweise:<\/strong><\/p><ul data-start=\"6130\" data-end=\"6659\"><li data-start=\"6130\" data-end=\"6293\"><p data-start=\"6132\" data-end=\"6293\"><strong data-start=\"6132\" data-end=\"6154\">Omniva Pakiautomat<\/strong> \u2013 praktische Standorte, lange \u00d6ffnungszeiten, kurze Warteschlangen. Nach Zustellung erhalten Sie einen SMS mit Abholort und Zugangscode.<\/p><\/li><li data-start=\"6294\" data-end=\"6372\"><p data-start=\"6296\" data-end=\"6372\"><strong data-start=\"6296\" data-end=\"6316\">Itella SmartPOST<\/strong> \u2013 \u00e4hnlich wie Omniva, inklusive SMS-Benachrichtigung.<\/p><\/li><li data-start=\"6373\" data-end=\"6459\"><p data-start=\"6375\" data-end=\"6459\"><strong data-start=\"6375\" data-end=\"6389\">OSC-Kurier<\/strong> \u2013 Lieferung zur Haust\u00fcr; Sie k\u00f6nnen Lieferadresse und -zeit \u00e4ndern.<\/p><\/li><li data-start=\"6460\" data-end=\"6659\"><p data-start=\"6462\" data-end=\"6659\"><strong data-start=\"6462\" data-end=\"6480\">Selbstabholung<\/strong> \u2013 kostenlos im Lager in Luige (Luige Keskus, M\u00e4nni tn., Kiili vald, Harjumaa 75404, Estland) nach Terminvereinbarung via <strong data-start=\"6602\" data-end=\"6635\"><a class=\"cursor-pointer\" rel=\"noopener\" data-start=\"6604\" data-end=\"6633\">margus@langemaa.ee<\/a><\/strong> oder <strong data-start=\"6641\" data-end=\"6658\">+372\u00a05022\u00a0854<\/strong>.<\/p><\/li><\/ul><h3 data-start=\"6666\" data-end=\"6698\">12. Zoll- und Einfuhrabgaben<\/h3><p data-start=\"6699\" data-end=\"6876\">Bei Lieferung au\u00dferhalb der EU k\u00f6nnen Z\u00f6lle und Einfuhrsteuern erhoben werden. Diese sind vom Empf\u00e4nger zu tragen. Informationen hierzu erhalten Sie bei den jeweiligen Beh\u00f6rden.<\/p><p data-start=\"6878\" data-end=\"7050\">Bestellungen werden innerhalb von 5 Werktagen nach Zahlungseingang versandt. Lieferzeiten k\u00f6nnen sich in Ferienzeiten verl\u00e4ngern \u2013 wir informieren Sie gegebenenfalls vorab.<\/p>\t\t\t\t\t\t\t\t<\/div>\n\t\t\t\t<\/div>\n\t\t\t\t\t<\/div>\n\t\t\t\t<\/div>\n\t\t\t\t<\/div>\n\t\t","protected":false},"excerpt":{"rendered":"<p>Allgemeine Gesch\u00e4ftsbedingungen 1. Geltungsbereich Diese Verkaufsbedingungen gelten f\u00fcr den Kauf von Waren und Dienstleistungen (im Folgenden \u201eWare\u201c) im Online-Shop www.langemaa.ee durch den K\u00e4ufer (nachfolgend \u201eK\u00e4ufer\u201c) und Langemaa O\u00dc (nachfolgend \u201eOnline-Shop\u201c). Zus\u00e4tzlich zu diesen Bedingungen regeln das estnische Obligationenrecht (V\u00f5la\u00f5igusseadus), das Verbraucherrecht (Tarbijakaitseseadus) und weitere geltende Rechtsvorschriften im Estnischen Recht die Rechtsbeziehung bei K\u00e4ufen im Online-Shop&#8230;<\/p>\n","protected":false},"author":3,"featured_media":0,"parent":0,"menu_order":0,"comment_status":"closed","ping_status":"closed","template":"","meta":{"om_disable_all_campaigns":false,"_uf_show_specific_survey":0,"_uf_disable_surveys":false,"footnotes":""},"class_list":["post-995013","page","type-page","status-publish","hentry"],"aioseo_notices":[],"_links":{"self":[{"href":"https:\/\/langemaa.ee\/de\/wp-json\/wp\/v2\/pages\/995013","targetHints":{"allow":["GET"]}}],"collection":[{"href":"https:\/\/langemaa.ee\/de\/wp-json\/wp\/v2\/pages"}],"about":[{"href":"https:\/\/langemaa.ee\/de\/wp-json\/wp\/v2\/types\/page"}],"author":[{"embeddable":true,"href":"https:\/\/langemaa.ee\/de\/wp-json\/wp\/v2\/users\/3"}],"replies":[{"embeddable":true,"href":"https:\/\/langemaa.ee\/de\/wp-json\/wp\/v2\/comments?post=995013"}],"version-history":[{"count":10,"href":"https:\/\/langemaa.ee\/de\/wp-json\/wp\/v2\/pages\/995013\/revisions"}],"predecessor-version":[{"id":995913,"href":"https:\/\/langemaa.ee\/de\/wp-json\/wp\/v2\/pages\/995013\/revisions\/995913"}],"wp:attachment":[{"href":"https:\/\/langemaa.ee\/de\/wp-json\/wp\/v2\/media?parent=995013"}],"curies":[{"name":"wp","href":"https:\/\/api.w.org\/{rel}","templated":true}]}}